{"id":9443,"date":"2022-07-25T11:12:48","date_gmt":"2022-07-25T09:12:48","guid":{"rendered":"https:\/\/wkv.idnty.de\/?page_id=9443"},"modified":"2022-10-20T14:33:07","modified_gmt":"2022-10-20T12:33:07","slug":"forschung-und-entwicklung","status":"publish","type":"page","link":"https:\/\/www.wkv-ag.com\/es\/forschung-und-entwicklung\/","title":{"rendered":"INVESTIGACI\u00d3N Y DESARROLLO"},"content":{"rendered":"<section class=\"l-section wpb_row height_auto width_full color_alternate\"><div class=\"l-section-h i-cf\"><div class=\"g-cols vc_row via_grid cols_2-3 laptops-cols_inherit tablets-cols_inherit mobiles-cols_1 valign_middle type_default reversed stacking_default\"><div class=\"wpb_column vc_column_container us_custom_37bacb63\"><div class=\"vc_column-inner\"><h1 style=\"font-size: 45px;text-align: left\" class=\"vc_custom_heading vc_do_custom_heading us_custom_201bf81d\" >INVESTIGACI\u00d3N Y DESARROLLO<\/h1><div class=\"wpb_text_column\"><div class=\"wpb_wrapper\"><p>Seit Jahren baut WKV sowohl projektspezifisch als auch projektunabh\u00e4ngig auf kontinuierliche Forschung und Entwicklung. Zusammen mit jahrzehntelagen Erfahrung bietet uns dies die notwendige Sicherheit, zuverl\u00e4ssig Spitzenwirkungsgrade garantieren zu k\u00f6nnen.<\/p>\n<\/div><\/div><\/div><\/div><div class=\"wpb_column vc_column_container us_custom_c5b37147 has_bg_color\"><div class=\"vc_column-inner\"><\/div><\/div><\/div><\/div><\/section><section class=\"l-section wpb_row height_large\"><div class=\"l-section-h i-cf\"><div class=\"g-cols vc_row via_grid cols_2-1 laptops-cols_inherit tablets-cols_inherit mobiles-cols_1 valign_bottom type_default stacking_default\"><div class=\"wpb_column vc_column_container\"><div class=\"vc_column-inner\"><h2 style=\"text-align: left\" class=\"vc_custom_heading vc_do_custom_heading us_custom_cda6f729\" >INVESTIGACI\u00d3N Y DESARROLLO<\/h2><div class=\"w-separator size_small\"><\/div><div class=\"wpb_text_column\"><div class=\"wpb_wrapper\"><p>Desde que se fund\u00f3 WKV, una gran parte de nuestras ganancias ha sido destinada a investigaci\u00f3n y desarrollo. Como resultado, hoy estamos entre los mejores en nuestro campo a nivel mundial.<\/p>\n<p class=\"translation-block\">Las turbinas de WKV se encuentran en un permanente desarrollo, trabajo que se realiza en un propio banco de pruebas. En base a estas pruebas - modelo podemos garantizar seriamente un alto grado de rendimiento.<\/p>\n<p class=\"translation-block\">A trav\u00e9s de este <strong>continuo trabajo de investigaci\u00f3n<\/strong>, mantenemos nuestro liderazgo tecnol\u00f3gico. Tambi\u00e9n nuestros componentes electr\u00f3nicos, teniendo en cuenta la experiencia pr\u00e1ctica, mejoran continuamente.<\/p>\n<p class=\"translation-block\">Todas las modificaciones en nuestros reguladores, para simplificar trabajos de servicio o sustituci\u00f3n, si se diera el caso, son en general de aplicaci\u00f3n compatible con versiones anteriores, esto garantiza el servicio de reparaciones durante toda la vida \u00fatil de la planta.<\/p>\n<\/div><\/div><\/div><\/div><div class=\"wpb_column vc_column_container us_custom_47474b22 us_animate_this\"><div class=\"vc_column-inner\"><div class=\"w-image align_none\"><div class=\"w-image-h\"><img decoding=\"async\" width=\"1032\" height=\"688\" src=\"https:\/\/www.wkv-ag.com\/wp-content\/uploads\/2022\/08\/Kompetenz-ES.jpg\" class=\"attachment-us_1536_1536 size-us_1536_1536\" alt=\"\" loading=\"lazy\" srcset=\"https:\/\/www.wkv-ag.com\/wp-content\/uploads\/2022\/08\/Kompetenz-ES.jpg 2063w, https:\/\/www.wkv-ag.com\/wp-content\/uploads\/2022\/08\/Kompetenz-ES-300x200.jpg 300w, https:\/\/www.wkv-ag.com\/wp-content\/uploads\/2022\/08\/Kompetenz-ES-1024x683.jpg 1024w, https:\/\/www.wkv-ag.com\/wp-content\/uploads\/2022\/08\/Kompetenz-ES-18x12.jpg 18w, https:\/\/www.wkv-ag.com\/wp-content\/uploads\/2022\/08\/Kompetenz-ES-1536x1024.jpg 1536w\" sizes=\"auto, (max-width: 1032px) 100vw, 1032px\" \/><\/div><\/div><\/div><\/div><\/div><\/div><\/section><section class=\"l-section wpb_row height_medium color_alternate\"><div class=\"l-section-h i-cf\"><div class=\"g-cols vc_row via_grid cols_2 laptops-cols_inherit tablets-cols_inherit mobiles-cols_1 valign_middle type_default stacking_default\"><div class=\"wpb_column vc_column_container us_custom_7e20fa79 us_animate_this\"><div class=\"vc_column-inner\"><h2 style=\"text-align: left\" class=\"vc_custom_heading vc_do_custom_heading us_custom_99260837\" >TURBINA FRANCIS<\/h2><div class=\"wpb_text_column\"><div class=\"wpb_wrapper\"><p>Un amplio rango de funcionamiento con altas eficiencias y dimensionamiento confiable para una central en funcionamiento por siglos. Una turbina WKV-Francis tiene que cumplir muchos requisitos. La simulaci\u00f3n de flujo extendida, FEM, la cual es un an\u00e1lisis de todos los componentes principales de la turbina, junto con una amplia experiencia en modelos y prototipos, garantiza el alto nivel t\u00e9cnico de una turbina WKV-Francis.<\/p>\n<\/div><\/div><\/div><\/div><div class=\"wpb_column vc_column_container us_custom_47474b22 us_animate_this\"><div class=\"vc_column-inner\"><div class=\"w-slider style_none fit_scaledown nav_none count_8\"><div class=\"w-slider-h\"><div class=\"royalSlider\"><div class=\"rsContent\"><a class=\"rsImg\" data-rsw=\"1024\" data-rsh=\"682\" href=\"https:\/\/www.wkv-ag.com\/wp-content\/uploads\/2022\/08\/WKV_TAN_Fertigung-066-1024x682.jpg\"><span data-alt=\"\"><\/span><\/a><\/div><div class=\"rsContent\"><a class=\"rsImg\" data-rsw=\"1024\" data-rsh=\"614\" href=\"https:\/\/www.wkv-ag.com\/wp-content\/uploads\/2022\/07\/Francis-scaled-e1658741790659-1024x614.jpg\"><span data-alt=\"\"><\/span><\/a><\/div><div class=\"rsContent\"><a class=\"rsImg\" data-rsw=\"1024\" data-rsh=\"551\" href=\"https:\/\/www.wkv-ag.com\/wp-content\/uploads\/2022\/08\/CFD_TanMy2_StreamlinesVelocity-1024x879_1-1024x551.jpg\"><span data-alt=\"\"><\/span><\/a><\/div><div class=\"rsContent\"><a class=\"rsImg\" data-rsw=\"1024\" data-rsh=\"554\" href=\"https:\/\/www.wkv-ag.com\/wp-content\/uploads\/2022\/08\/CFD_TanMy2_WallPressure-1024x886_1-1024x554.jpg\"><span data-alt=\"\"><\/span><\/a><\/div><div class=\"rsContent\"><a class=\"rsImg\" data-rsw=\"1024\" data-rsh=\"667\" href=\"https:\/\/www.wkv-ag.com\/wp-content\/uploads\/2022\/08\/FS_GEH_FEM-1024x667.jpg\"><span data-alt=\"\"><\/span><\/a><\/div><div class=\"rsContent\"><a class=\"rsImg\" data-rsw=\"1024\" data-rsh=\"768\" href=\"https:\/\/www.wkv-ag.com\/wp-content\/uploads\/2022\/08\/SAM_2381-1024x768.jpg\"><span data-alt=\"\"><\/span><\/a><\/div><div class=\"rsContent\"><a class=\"rsImg\" data-rsw=\"1024\" data-rsh=\"682\" href=\"https:\/\/www.wkv-ag.com\/wp-content\/uploads\/2022\/08\/EXP_Kenali_Versuch_02-1024x682.jpg\"><span data-alt=\"\"><\/span><\/a><\/div><div class=\"rsContent\"><a class=\"rsImg\" data-rsw=\"1024\" data-rsh=\"682\" href=\"https:\/\/www.wkv-ag.com\/wp-content\/uploads\/2022\/08\/DSC04915-1024x682.jpg\"><span data-alt=\"\"><\/span><\/a><\/div><\/div><img decoding=\"async\" src=\"https:\/\/www.wkv-ag.com\/wp-content\/uploads\/2022\/08\/WKV_TAN_Fertigung-066-1024x682.jpg\" width=\"1024\" height=\"682\" alt loading=\"lazy\"><\/div><div class=\"w-slider-json\" onclick='return {&quot;autoScaleSlider&quot;:true,&quot;addActiveClass&quot;:true,&quot;loop&quot;:true,&quot;fadeInLoadedSlide&quot;:false,&quot;slidesSpacing&quot;:0,&quot;imageScalePadding&quot;:0,&quot;numImagesToPreload&quot;:2,&quot;arrowsNav&quot;:true,&quot;arrowsNavAutoHide&quot;:false,&quot;transitionType&quot;:&quot;move&quot;,&quot;transitionSpeed&quot;:250,&quot;block&quot;:{&quot;moveEffect&quot;:&quot;none&quot;,&quot;speed&quot;:300},&quot;thumbs&quot;:{&quot;fitInViewport&quot;:false,&quot;firstMargin&quot;:false,&quot;spacing&quot;:4},&quot;controlNavigation&quot;:&quot;none&quot;,&quot;autoScaleSliderWidth&quot;:1024,&quot;autoScaleSliderHeight&quot;:682}'><\/div><\/div><\/div><\/div><\/div><\/div><\/section><section class=\"l-section wpb_row height_medium\"><div class=\"l-section-h i-cf\"><div class=\"g-cols vc_row via_grid cols_2-1 laptops-cols_inherit tablets-cols_inherit mobiles-cols_1 valign_middle type_default reversed stacking_default\"><div class=\"wpb_column vc_column_container\"><div class=\"vc_column-inner\"><h2 style=\"text-align: left\" class=\"vc_custom_heading vc_do_custom_heading us_custom_99260837\" >TURBINAS DE CHORRO<br>(TURBINA HIDR\u00c1ULICA DE IMPULSO)<\/h2><div class=\"wpb_text_column\"><div class=\"wpb_wrapper\"><p>La caracter\u00edstica de flujo altamente transitorio de las turbinas Pelton y Turgo exige precisi\u00f3n en el desarrollo y la construcci\u00f3n de los componentes hidr\u00e1ulicos individuales. WKV se centra desde hace a\u00f1os en herramientas de software modernas para adaptar los componentes hidr\u00e1ulicos de la mejor manera a los requisitos espec\u00edficos del proyecto. En el caso de la turbina, un completamente param\u00e9trico modelo CAD del rodete garantiza la m\u00e1xima precisi\u00f3n en la construcci\u00f3n, el flujo y desde el an\u00e1lisis FEM hasta el mecanizado CNC.<\/p>\n<\/div><\/div><\/div><\/div><div class=\"wpb_column vc_column_container\"><div class=\"vc_column-inner\"><\/div><\/div><\/div><\/div><\/section><section class=\"l-section wpb_row height_medium\"><div class=\"l-section-h i-cf\"><div class=\"g-cols vc_row via_grid cols_2 laptops-cols_inherit tablets-cols_inherit mobiles-cols_1 valign_middle type_default reversed stacking_default\"><div class=\"wpb_column vc_column_container us_custom_7e20fa79 us_animate_this\"><div class=\"vc_column-inner\"><h3 style=\"text-align: left\" class=\"vc_custom_heading vc_do_custom_heading us_custom_cda6f729\" >TURBINA PELTON<\/h3><div class=\"w-slider style_none fit_cover nav_none count_6\"><div class=\"w-slider-h\"><div class=\"royalSlider\"><div class=\"rsContent\"><a class=\"rsImg\" data-rsw=\"1024\" data-rsh=\"682\" href=\"https:\/\/www.wkv-ag.com\/wp-content\/uploads\/2022\/07\/FuE_Pruefstand_Pelton_2-1024x682.jpg\"><span data-alt=\"\"><\/span><\/a><\/div><div class=\"rsContent\"><a class=\"rsImg\" data-rsw=\"1024\" data-rsh=\"791\" href=\"https:\/\/www.wkv-ag.com\/wp-content\/uploads\/2022\/08\/cad__02-1024x791.jpg\"><span data-alt=\"\"><\/span><\/a><\/div><div class=\"rsContent\"><a class=\"rsImg\" data-rsw=\"1024\" data-rsh=\"678\" href=\"https:\/\/www.wkv-ag.com\/wp-content\/uploads\/2022\/08\/FEM-1024x678.jpg\"><span data-alt=\"\"><\/span><\/a><\/div><div class=\"rsContent\"><a class=\"rsImg\" data-rsw=\"1024\" data-rsh=\"682\" href=\"https:\/\/www.wkv-ag.com\/wp-content\/uploads\/2022\/07\/FuE_Pruefstand_Pelton_3_-1024x682.jpg\"><span data-alt=\"\"><\/span><\/a><\/div><div class=\"rsContent\"><a class=\"rsImg\" data-rsw=\"773\" data-rsh=\"571\" href=\"https:\/\/www.wkv-ag.com\/wp-content\/uploads\/2022\/08\/Zeichnung.jpg\"><span data-alt=\"\"><\/span><\/a><\/div><div class=\"rsContent\"><a class=\"rsImg\" data-rsw=\"1024\" data-rsh=\"768\" href=\"https:\/\/www.wkv-ag.com\/wp-content\/uploads\/2022\/08\/FuE_CFD_Duese-1024x768.jpg\"><span data-alt=\"\"><\/span><\/a><\/div><\/div><img decoding=\"async\" src=\"https:\/\/www.wkv-ag.com\/wp-content\/uploads\/2022\/07\/FuE_Pruefstand_Pelton_2-1024x682.jpg\" width=\"1024\" height=\"682\" alt loading=\"lazy\"><\/div><div class=\"w-slider-json\" onclick='return {&quot;autoScaleSlider&quot;:true,&quot;addActiveClass&quot;:true,&quot;loop&quot;:true,&quot;fadeInLoadedSlide&quot;:false,&quot;slidesSpacing&quot;:0,&quot;imageScalePadding&quot;:0,&quot;numImagesToPreload&quot;:2,&quot;arrowsNav&quot;:true,&quot;arrowsNavAutoHide&quot;:false,&quot;transitionType&quot;:&quot;move&quot;,&quot;transitionSpeed&quot;:250,&quot;block&quot;:{&quot;moveEffect&quot;:&quot;none&quot;,&quot;speed&quot;:300},&quot;thumbs&quot;:{&quot;fitInViewport&quot;:false,&quot;firstMargin&quot;:false,&quot;spacing&quot;:4},&quot;controlNavigation&quot;:&quot;none&quot;,&quot;autoScaleSliderWidth&quot;:1024,&quot;autoScaleSliderHeight&quot;:682}'><\/div><\/div><\/div><\/div><div class=\"wpb_column vc_column_container us_custom_47474b22 us_animate_this\"><div class=\"vc_column-inner\"><h3 style=\"text-align: left\" class=\"vc_custom_heading vc_do_custom_heading us_custom_cda6f729\" >TURBINA TURGO<\/h3><div class=\"w-slider style_none fit_cover nav_none count_4\"><div class=\"w-slider-h\"><div class=\"royalSlider\"><div class=\"rsContent\"><a class=\"rsImg\" data-rsw=\"1024\" data-rsh=\"685\" href=\"https:\/\/www.wkv-ag.com\/wp-content\/uploads\/2022\/08\/tt_FEM-877x1024_neu-1024x685.jpg\"><span data-alt=\"\"><\/span><\/a><\/div><div class=\"rsContent\"><a class=\"rsImg\" data-rsw=\"1024\" data-rsh=\"682\" href=\"https:\/\/www.wkv-ag.com\/wp-content\/uploads\/2022\/08\/Versuchsstand_FuE_2017-127-1024x682.jpg\"><span data-alt=\"\"><\/span><\/a><\/div><div class=\"rsContent\"><a class=\"rsImg\" data-rsw=\"1024\" data-rsh=\"685\" href=\"https:\/\/www.wkv-ag.com\/wp-content\/uploads\/2022\/08\/tt_01-1024x791_neu-1024x685.jpg\"><span data-alt=\"\"><\/span><\/a><\/div><div class=\"rsContent\"><a class=\"rsImg\" data-rsw=\"1024\" data-rsh=\"768\" href=\"https:\/\/www.wkv-ag.com\/wp-content\/uploads\/2022\/08\/FuE_3_07_A-036-1024x768.jpg\"><span data-alt=\"\"><\/span><\/a><\/div><\/div><img decoding=\"async\" src=\"https:\/\/www.wkv-ag.com\/wp-content\/uploads\/2022\/08\/tt_FEM-877x1024_neu-1024x685.jpg\" width=\"1024\" height=\"685\" alt loading=\"lazy\"><\/div><div class=\"w-slider-json\" onclick='return {&quot;autoScaleSlider&quot;:true,&quot;addActiveClass&quot;:true,&quot;loop&quot;:true,&quot;fadeInLoadedSlide&quot;:false,&quot;slidesSpacing&quot;:0,&quot;imageScalePadding&quot;:0,&quot;numImagesToPreload&quot;:2,&quot;arrowsNav&quot;:true,&quot;arrowsNavAutoHide&quot;:false,&quot;transitionType&quot;:&quot;move&quot;,&quot;transitionSpeed&quot;:250,&quot;block&quot;:{&quot;moveEffect&quot;:&quot;none&quot;,&quot;speed&quot;:300},&quot;thumbs&quot;:{&quot;fitInViewport&quot;:false,&quot;firstMargin&quot;:false,&quot;spacing&quot;:4},&quot;controlNavigation&quot;:&quot;none&quot;,&quot;autoScaleSliderWidth&quot;:1024,&quot;autoScaleSliderHeight&quot;:685}'><\/div><\/div><\/div><\/div><\/div><\/div><\/section><section class=\"l-section wpb_row height_medium color_alternate\"><div class=\"l-section-h i-cf\"><div class=\"g-cols vc_row via_grid cols_2 laptops-cols_inherit tablets-cols_inherit mobiles-cols_1 valign_middle type_default stacking_default\"><div class=\"wpb_column vc_column_container us_custom_7e20fa79 us_animate_this\"><div class=\"vc_column-inner\"><h2 style=\"text-align: left\" class=\"vc_custom_heading vc_do_custom_heading us_custom_99260837\" >TURBINA DE FLUJO CRUZADO<\/h2><div class=\"wpb_text_column\"><div class=\"wpb_wrapper\"><p>La soluci\u00f3n compacta para turbinas de hasta 3 MW tambi\u00e9n se beneficia de los innovadores pasos logrados en los \u00faltimos a\u00f1os. Simulaci\u00f3n de flujo transitorio, as\u00ed como FEM, un an\u00e1lisis que utiliza un enfoque de carga c\u00edclica inestable, por supuesto, tambi\u00e9n probado y optimizado en nuestro laboratorio.<\/p>\n<\/div><\/div><\/div><\/div><div class=\"wpb_column vc_column_container us_custom_47474b22 us_animate_this\"><div class=\"vc_column-inner\"><div class=\"w-slider style_none fit_scaledown nav_none count_2\"><div class=\"w-slider-h\"><div class=\"royalSlider\"><div class=\"rsContent\"><a class=\"rsImg\" data-rsw=\"1024\" data-rsh=\"721\" href=\"https:\/\/www.wkv-ag.com\/wp-content\/uploads\/2022\/08\/WKV_TD-Versuchsstand12617a-1024x721.jpg\"><span data-alt=\"\"><\/span><\/a><\/div><div class=\"rsContent\"><a class=\"rsImg\" data-rsw=\"1024\" data-rsh=\"735\" href=\"https:\/\/www.wkv-ag.com\/wp-content\/uploads\/2022\/08\/FEM-1-1024x735_neu-1024x735.jpg\"><span data-alt=\"\"><\/span><\/a><\/div><\/div><img decoding=\"async\" src=\"https:\/\/www.wkv-ag.com\/wp-content\/uploads\/2022\/08\/WKV_TD-Versuchsstand12617a-1024x721.jpg\" width=\"1024\" height=\"721\" alt loading=\"lazy\"><\/div><div class=\"w-slider-json\" onclick='return {&quot;autoScaleSlider&quot;:true,&quot;addActiveClass&quot;:true,&quot;loop&quot;:true,&quot;fadeInLoadedSlide&quot;:false,&quot;slidesSpacing&quot;:0,&quot;imageScalePadding&quot;:0,&quot;numImagesToPreload&quot;:2,&quot;arrowsNav&quot;:true,&quot;arrowsNavAutoHide&quot;:false,&quot;transitionType&quot;:&quot;move&quot;,&quot;transitionSpeed&quot;:250,&quot;block&quot;:{&quot;moveEffect&quot;:&quot;none&quot;,&quot;speed&quot;:300},&quot;thumbs&quot;:{&quot;fitInViewport&quot;:false,&quot;firstMargin&quot;:false,&quot;spacing&quot;:4},&quot;controlNavigation&quot;:&quot;none&quot;,&quot;autoScaleSliderWidth&quot;:1024,&quot;autoScaleSliderHeight&quot;:721}'><\/div><\/div><\/div><\/div><\/div><\/div><\/section>","protected":false},"excerpt":{"rendered":"FORSCHUNG UND ENTWICKLUNGSeit Jahren baut WKV sowohl projektspezifisch als auch projektunabh\u00e4ngig auf kontinuierliche Forschung und Entwicklung. Zusammen mit jahrzehntelagen Erfahrung bietet uns dies die notwendige Sicherheit, zuverl\u00e4ssig Spitzenwirkungsgrade garantieren zu k\u00f6nnen. FORSCHUNG UND ENTWICKLUNGSeit der Gr\u00fcndung der Firma WKV flie\u00dft ein gro\u00dfer Teil unserer Gewinne in Forschung und Entwicklung. Dadurch z\u00e4hlen wir heute weltweit zur...","protected":false},"author":1,"featured_media":0,"parent":0,"menu_order":0,"comment_status":"closed","ping_status":"closed","template":"","meta":{"_acf_changed":false,"inline_featured_image":false,"footnotes":""},"class_list":["post-9443","page","type-page","status-publish","hentry"],"acf":[],"_links":{"self":[{"href":"https:\/\/www.wkv-ag.com\/es\/wp-json\/wp\/v2\/pages\/9443","targetHints":{"allow":["GET"]}}],"collection":[{"href":"https:\/\/www.wkv-ag.com\/es\/wp-json\/wp\/v2\/pages"}],"about":[{"href":"https:\/\/www.wkv-ag.com\/es\/wp-json\/wp\/v2\/types\/page"}],"author":[{"embeddable":true,"href":"https:\/\/www.wkv-ag.com\/es\/wp-json\/wp\/v2\/users\/1"}],"replies":[{"embeddable":true,"href":"https:\/\/www.wkv-ag.com\/es\/wp-json\/wp\/v2\/comments?post=9443"}],"version-history":[{"count":52,"href":"https:\/\/www.wkv-ag.com\/es\/wp-json\/wp\/v2\/pages\/9443\/revisions"}],"predecessor-version":[{"id":10059,"href":"https:\/\/www.wkv-ag.com\/es\/wp-json\/wp\/v2\/pages\/9443\/revisions\/10059"}],"wp:attachment":[{"href":"https:\/\/www.wkv-ag.com\/es\/wp-json\/wp\/v2\/media?parent=9443"}],"curies":[{"name":"wp","href":"https:\/\/api.w.org\/{rel}","templated":true}]}}