{"id":9006,"date":"2022-07-12T15:09:57","date_gmt":"2022-07-12T13:09:57","guid":{"rendered":"https:\/\/wkv.idnty.de\/?page_id=9006"},"modified":"2023-12-08T12:36:58","modified_gmt":"2023-12-08T11:36:58","slug":"zubehoer","status":"publish","type":"page","link":"https:\/\/www.wkv-ag.com\/es\/zubehoer\/","title":{"rendered":"ACCESORIOS"},"content":{"rendered":"<section class=\"l-section wpb_row height_auto width_full color_alternate\"><div class=\"l-section-h i-cf\"><div class=\"g-cols vc_row via_grid cols_2-3 laptops-cols_inherit tablets-cols_inherit mobiles-cols_1 valign_middle type_default reversed stacking_default\"><div class=\"wpb_column vc_column_container us_custom_8a9093a3\"><div class=\"vc_column-inner\"><h1 style=\"font-size: 45px;text-align: left\" class=\"vc_custom_heading vc_do_custom_heading us_custom_201bf81d\" >ACCESORIOS<\/h1><div class=\"wpb_text_column\"><div class=\"wpb_wrapper\"><p>Suministramos mucho m\u00e1s de lo que necesita para su central hidroel\u00e9ctrica.<\/p>\n<\/div><\/div><\/div><\/div><div class=\"wpb_column vc_column_container us_custom_12aebc88 has_bg_color\"><div class=\"vc_column-inner\"><\/div><\/div><\/div><\/div><\/section><section class=\"l-section wpb_row height_large\"><div class=\"l-section-h i-cf\"><div class=\"g-cols vc_row via_grid cols_2 laptops-cols_inherit tablets-cols_inherit mobiles-cols_1 valign_middle type_default stacking_default\"><div class=\"wpb_column vc_column_container us_custom_7e20fa79 us_animate_this\"><div class=\"vc_column-inner\"><h4 style=\"text-align: left\" class=\"vc_custom_heading vc_do_custom_heading us_custom_cda6f729\" >GR\u00daAS-PUENTE PARA LA CASA DE M\u00c1QUINAS<\/h4><div class=\"wpb_text_column\"><div class=\"wpb_wrapper\"><p>Para una descarga segura y un montaje sin problemas, WKV tambi\u00e9n le proporciona la gr\u00faa para su casa de m\u00e1quinas.<\/p>\n<\/div><\/div><\/div><\/div><div class=\"wpb_column vc_column_container us_custom_47474b22 us_animate_this\"><div class=\"vc_column-inner\"><div class=\"w-image has_ratio align_none\"><div class=\"w-image-h\"><div style=\"padding-bottom:56.25%\"><\/div><img decoding=\"async\" width=\"1024\" height=\"819\" src=\"https:\/\/www.wkv-ag.com\/wp-content\/uploads\/2022\/07\/Kran-1024x819.jpg\" class=\"attachment-large size-large\" alt=\"\" loading=\"lazy\" \/><\/div><\/div><\/div><\/div><\/div><\/div><\/section><section class=\"l-section wpb_row height_large color_primary\"><div class=\"l-section-h i-cf\"><div class=\"g-cols vc_row via_grid cols_2 laptops-cols_inherit tablets-cols_inherit mobiles-cols_1 valign_middle type_default reversed stacking_default\"><div class=\"wpb_column vc_column_container us_custom_7e20fa79 us_animate_this\"><div class=\"vc_column-inner\"><div class=\"w-image has_ratio align_none\"><div class=\"w-image-h\"><div style=\"padding-bottom:56.25%\"><\/div><img decoding=\"async\" width=\"580\" height=\"431\" src=\"https:\/\/www.wkv-ag.com\/wp-content\/uploads\/2022\/07\/Diesel.jpg\" class=\"attachment-large size-large\" alt=\"\" loading=\"lazy\" \/><\/div><\/div><\/div><\/div><div class=\"wpb_column vc_column_container us_custom_47474b22 us_animate_this\"><div class=\"vc_column-inner\"><h4 style=\"text-align: left\" class=\"vc_custom_heading vc_do_custom_heading us_custom_cda6f729\" >GENERADORES DIESEL PARA SUMINISTRO DE ENERG\u00cdA DE EMERGENCIA<\/h4><div class=\"wpb_text_column\"><div class=\"wpb_wrapper\"><p>Bien preparado para posibles cortes de electricidad\/fallos en la red. Con este suministro de energ\u00eda de emergencia, la casa de m\u00e1quinas puede ser energizada y realizar un nuevo arranque de la turbina.<\/p>\n<\/div><\/div><\/div><\/div><\/div><\/div><\/section><section class=\"l-section wpb_row height_large\"><div class=\"l-section-h i-cf\"><div class=\"g-cols vc_row via_grid cols_2 laptops-cols_inherit tablets-cols_inherit mobiles-cols_1 valign_middle type_default stacking_default\"><div class=\"wpb_column vc_column_container us_custom_7e20fa79 us_animate_this\"><div class=\"vc_column-inner\"><h4 style=\"text-align: left\" class=\"vc_custom_heading vc_do_custom_heading us_custom_cda6f729\" >V\u00c1LVULA DE SEGURIDAD DE LA TUBER\u00cdA DE PRESI\u00d3N<\/h4><div class=\"wpb_text_column\"><div class=\"wpb_wrapper\"><p>La ruptura de una tuber\u00eda de presi\u00f3n es un evento raro, pero si sucediese, puede tener consecuencias catastr\u00f3ficas. Las inundaciones y los deslizamientos de tierra se pueden prevenir con una v\u00e1lvula de seguridad de la tuber\u00eda de presi\u00f3n. Si la velocidad del flujo en la tuber\u00eda aumenta debido a la ruptura de la tuber\u00eda, la v\u00e1lvula de seguridad en la entrada de la tuber\u00eda se cerrar\u00e1 autom\u00e1ticamente.<\/p>\n<\/div><\/div><\/div><\/div><div class=\"wpb_column vc_column_container us_custom_47474b22 us_animate_this\"><div class=\"vc_column-inner\"><div class=\"w-image has_ratio align_none\"><div class=\"w-image-h\"><div style=\"padding-bottom:56.25%\"><\/div><img decoding=\"async\" width=\"1024\" height=\"794\" src=\"https:\/\/www.wkv-ag.com\/wp-content\/uploads\/2022\/07\/Rohrbruchklappe6-1024x794.jpg\" class=\"attachment-large size-large\" alt=\"\" loading=\"lazy\" \/><\/div><\/div><\/div><\/div><\/div><\/div><\/section><section class=\"l-section wpb_row height_large color_alternate\"><div class=\"l-section-h i-cf\"><div class=\"g-cols vc_row via_grid cols_2 laptops-cols_inherit tablets-cols_inherit mobiles-cols_1 valign_middle type_default reversed stacking_default\"><div class=\"wpb_column vc_column_container us_custom_7e20fa79 us_animate_this\"><div class=\"vc_column-inner\"><div class=\"w-image has_ratio align_none\"><div class=\"w-image-h\"><div style=\"padding-bottom:56.25%\"><\/div><img decoding=\"async\" width=\"1024\" height=\"580\" src=\"https:\/\/www.wkv-ag.com\/wp-content\/uploads\/2022\/07\/Krafthaus-Bypass-1024x580.jpg\" class=\"attachment-large size-large\" alt=\"\" loading=\"lazy\" \/><\/div><\/div><\/div><\/div><div class=\"wpb_column vc_column_container us_custom_47474b22 us_animate_this\"><div class=\"vc_column-inner\"><h4 style=\"text-align: left\" class=\"vc_custom_heading vc_do_custom_heading us_custom_cda6f729\" >V\u00c1LVULAS DE BAIP\u00c1S RESPECTIVAMENTE, SISTEMAS PARA CENTRALES EL\u00c9CTRICAS<\/h4><div class=\"wpb_text_column\"><div class=\"wpb_wrapper\"><p>La salida de una central el\u00e9ctrica suele ser la entrada de la siguiente. La l\u00ednea de derivaci\u00f3n comienza frente a la casa de m\u00e1quinas y termina en el canal del agua de desfogue. La v\u00e1lvula de derivaci\u00f3n se abre (generalmente autom\u00e1ticamente) para que, en caso de mantenimiento o mal funcionamiento, las centrales de energ\u00eda aguas abajo puedan recibir agua.<\/p>\n<\/div><\/div><\/div><\/div><\/div><\/div><\/section><section class=\"l-section wpb_row height_large\"><div class=\"l-section-h i-cf\"><div class=\"g-cols vc_row via_grid cols_2 laptops-cols_inherit tablets-cols_inherit mobiles-cols_1 valign_middle type_default stacking_default\"><div class=\"wpb_column vc_column_container us_custom_7e20fa79 us_animate_this\"><div class=\"vc_column-inner\"><h4 style=\"text-align: left\" class=\"vc_custom_heading vc_do_custom_heading us_custom_cda6f729\" >PIEZAS DE TUBER\u00cdA<\/h4><div class=\"wpb_text_column\"><div class=\"wpb_wrapper\"><p>El ramal de tuber\u00eda frente a la casa de m\u00e1quinas est\u00e1 sujeto a fuerzas considerables. Construimos y le suministramos tuber\u00edas individuales para esta secci\u00f3n compleja.<\/p>\n<\/div><\/div><\/div><\/div><div class=\"wpb_column vc_column_container us_custom_47474b22 us_animate_this\"><div class=\"vc_column-inner\"><div class=\"w-image has_ratio align_none\"><div class=\"w-image-h\"><div style=\"padding-bottom:56.25%\"><\/div><img decoding=\"async\" width=\"1024\" height=\"768\" src=\"https:\/\/www.wkv-ag.com\/wp-content\/uploads\/2022\/07\/Hosenrohr-beim-schweissen-1024x768.jpg\" class=\"attachment-large size-large\" alt=\"\" loading=\"lazy\" \/><\/div><\/div><\/div><\/div><\/div><\/div><\/section><section class=\"l-section wpb_row height_large color_alternate\"><div class=\"l-section-h i-cf\"><div class=\"g-cols vc_row via_grid cols_2 laptops-cols_inherit tablets-cols_inherit mobiles-cols_1 valign_middle type_default reversed stacking_default\"><div class=\"wpb_column vc_column_container us_custom_7e20fa79 us_animate_this\"><div class=\"vc_column-inner\"><div class=\"w-image has_ratio align_none\"><div class=\"w-image-h\"><div style=\"padding-bottom:56.25%\"><\/div><img decoding=\"async\" width=\"1024\" height=\"734\" src=\"https:\/\/www.wkv-ag.com\/wp-content\/uploads\/2022\/07\/Werkzeugbrett_ALLES-1024x734.jpg\" class=\"attachment-large size-large\" alt=\"\" loading=\"lazy\" \/><\/div><\/div><\/div><\/div><div class=\"wpb_column vc_column_container us_custom_47474b22 us_animate_this\"><div class=\"vc_column-inner\"><h4 style=\"text-align: left\" class=\"vc_custom_heading vc_do_custom_heading us_custom_cda6f729\" >HERRAMIENTAS<\/h4><div class=\"wpb_text_column\"><div class=\"wpb_wrapper\"><p>Las buenas herramientas son elementales para nosotros, no solo en la f\u00e1brica, sino tambi\u00e9n en sitios de construcci\u00f3n remotos. Para el montaje llegamos con nuestras herramientas especiales, y las dejamos en su casa de m\u00e1quinas para el equipo electromec\u00e1nico.<\/p>\n<\/div><\/div><\/div><\/div><\/div><\/div><\/section><section class=\"l-section wpb_row height_large\"><div class=\"l-section-h i-cf\"><div class=\"g-cols vc_row via_grid cols_2-1 laptops-cols_inherit tablets-cols_inherit mobiles-cols_1 valign_top type_default stacking_default\"><div class=\"wpb_column vc_column_container\"><div class=\"vc_column-inner\"><h2 style=\"text-align: left\" class=\"vc_custom_heading vc_do_custom_heading us_custom_cda6f729\" >REGULADORES JAHNS Y RE-ADAPTACI\u00d3N DE REGULADORES<\/h2><div class=\"wpb_text_column\"><div class=\"wpb_wrapper\"><div class=\"csc-textpic-text\">\n<p class=\"bodytext translation-block\">Despu\u00e9s de a\u00f1os de trabajo los <b>reguladores de velocidad JAHNS<\/b> ser\u00e1n rehabilitados en los talleres de WKV para los pr\u00f3ximos decenios destinados nuevamente a realizar un trabajo exigente.<\/p>\n<p class=\"bodytext translation-block\">Para esto se utilizar\u00e1n planos y repuestos originales. La tecnolog\u00eda robusta y duradera del controlador de velocidades JAHNS funciona completamente sin corriente el\u00e9ctrica y es ideal para peque\u00f1as instalaciones, las que funcionar\u00e1n en forma independiente de la red de energ\u00eda como soluci\u00f3n aislada de suministro.<\/p>\n<p class=\"bodytext translation-block\">Por supuesto, tambi\u00e9n suministramos el regulador nuevo Original<\/b> \u2013 Jahns, bajo petici\u00f3n. <b><\/p>\n<p>En nuestra f\u00e1brica tambi\u00e9n es posible la reparaci\u00f3n de antiguos reguladores de otros fabricantes. Si es necesario, por favor cons\u00faltenos.<\/p>\n<\/div>\n<\/div><\/div><\/div><\/div><div class=\"wpb_column vc_column_container\"><div class=\"vc_column-inner\"><\/div><\/div><\/div><\/div><\/section><section class=\"l-section wpb_row height_large color_alternate\"><div class=\"l-section-overlay\" style=\"background:var(--color-content-border)\"><\/div><div class=\"l-section-h i-cf\"><div class=\"g-cols vc_row via_grid cols_1 laptops-cols_inherit tablets-cols_inherit mobiles-cols_1 valign_top type_default stacking_default\"><div class=\"wpb_column vc_column_container\"><div class=\"vc_column-inner\"><h4 style=\"text-align: left\" class=\"vc_custom_heading vc_do_custom_heading us_custom_8b3d6790\" >OBTENER M\u00c1S INFORMACI\u00d3N Y OBTENER ASESORAMIENTO<\/h4><div class=\"w-separator size_small\"><\/div><div class=\"w-btn-wrapper align_left\"><a class=\"w-btn us-btn-style_17\" title=\"DESCARGA DE DOCUMENTOS\" target=\"_blank\" rel=\"nofollow\" href=\"https:\/\/www.wkv-ag.com\/es\/downloads\/\"><span class=\"w-btn-label\">FORMULARIO DE COTIZACI\u00d3N ACCESORIOS<\/span><\/a><\/div><\/div><\/div><\/div><\/div><\/section>","protected":false},"excerpt":{"rendered":"ZUBEH\u00d6RWir liefern noch vieles mehr das Sie f\u00fcr Ihr Kraftwerk brauchen, von A wie Absperrorgan bis Z wie Zulaufrohr. BR\u00dcCKENKR\u00c4NE F\u00dcR KRAFTHAUSF\u00fcr ein sicheres Entladen und eine reibungslose Montage, liefert WKV Ihnen auch den Krafthauskran. DIESELAGGREGATE ZUR NOTSTROMVERSORGUNGF\u00fcr eventuelle Netzausf\u00e4lle bestens gewappnet: Mit dieser Notstromversorgung kann das Krafthaus versorgt und die Turbine neu gestartet werden....","protected":false},"author":1,"featured_media":0,"parent":0,"menu_order":0,"comment_status":"closed","ping_status":"closed","template":"","meta":{"_acf_changed":false,"inline_featured_image":false,"footnotes":""},"class_list":["post-9006","page","type-page","status-publish","hentry"],"acf":[],"_links":{"self":[{"href":"https:\/\/www.wkv-ag.com\/es\/wp-json\/wp\/v2\/pages\/9006","targetHints":{"allow":["GET"]}}],"collection":[{"href":"https:\/\/www.wkv-ag.com\/es\/wp-json\/wp\/v2\/pages"}],"about":[{"href":"https:\/\/www.wkv-ag.com\/es\/wp-json\/wp\/v2\/types\/page"}],"author":[{"embeddable":true,"href":"https:\/\/www.wkv-ag.com\/es\/wp-json\/wp\/v2\/users\/1"}],"replies":[{"embeddable":true,"href":"https:\/\/www.wkv-ag.com\/es\/wp-json\/wp\/v2\/comments?post=9006"}],"version-history":[{"count":31,"href":"https:\/\/www.wkv-ag.com\/es\/wp-json\/wp\/v2\/pages\/9006\/revisions"}],"predecessor-version":[{"id":10328,"href":"https:\/\/www.wkv-ag.com\/es\/wp-json\/wp\/v2\/pages\/9006\/revisions\/10328"}],"wp:attachment":[{"href":"https:\/\/www.wkv-ag.com\/es\/wp-json\/wp\/v2\/media?parent=9006"}],"curies":[{"name":"wp","href":"https:\/\/api.w.org\/{rel}","templated":true}]}}