{"id":8944,"date":"2022-07-12T09:57:03","date_gmt":"2022-07-12T07:57:03","guid":{"rendered":"https:\/\/wkv.idnty.de\/?page_id=8944"},"modified":"2024-03-11T09:55:55","modified_gmt":"2024-03-11T08:55:55","slug":"downloads","status":"publish","type":"page","link":"https:\/\/www.wkv-ag.com\/es\/downloads\/","title":{"rendered":"DESCARGA DE DOCUMENTOS"},"content":{"rendered":"<section class=\"l-section wpb_row us_custom_f93bbfea height_auto width_full color_primary\"><div class=\"l-section-h i-cf\"><div class=\"g-cols vc_row via_grid cols_2-3 laptops-cols_inherit tablets-cols_inherit mobiles-cols_1 valign_middle type_boxes reversed stacking_default\"><div class=\"wpb_column vc_column_container us_custom_37bacb63\"><div class=\"vc_column-inner\"><h1 style=\"font-size: 45px;text-align: left\" class=\"vc_custom_heading vc_do_custom_heading us_custom_2a56bc38\" >DESCARGA DE DOCUMENTOS<\/h1><\/div><\/div><div class=\"wpb_column vc_column_container us_custom_8de6b057 has_bg_color\"><div class=\"vc_column-inner\"><\/div><\/div><\/div><\/div><\/section><section class=\"l-section wpb_row height_auto\"><div class=\"l-section-h i-cf\"><div class=\"g-cols vc_row via_grid cols_1 laptops-cols_inherit tablets-cols_inherit mobiles-cols_1 valign_top type_default stacking_default\"><div class=\"wpb_column vc_column_container\"><div class=\"vc_column-inner\"><div class=\"w-separator size_large\"><\/div><div class=\"wpb_text_column us_custom_e28183d5\"><div class=\"wpb_wrapper\"><div id=\"contenttext\">\n<div id=\"content\">\n<div id=\"c234\" class=\"csc-default\">\n<div class=\"csc-header csc-header-n1\"><\/div>\n<\/div>\n<div id=\"c330\" class=\"csc-default\">\n<div class=\"csc-header csc-header-n3\">\n<h3>Folletos WKV<\/h3>\n<\/div>\n<\/div>\n<\/div>\n<\/div>\n<\/div><\/div><div class=\"w-separator size_small\"><\/div><\/div><\/div><\/div><\/div><\/section><section class=\"l-section wpb_row height_auto\"><div class=\"l-section-h i-cf\"><div class=\"g-cols vc_row via_grid cols_2-1 laptops-cols_inherit tablets-cols_inherit mobiles-cols_1 valign_top type_default stacking_default\"><div class=\"wpb_column vc_column_container\"><div class=\"vc_column-inner\"><form class=\"w-form  us-field-style_1 layout_ver show_message_after_sending for_cform us_form_1\" action=\"https:\/\/www.wkv-ag.com\/es\/es\/wp-json\/wp\/v2\/pages\/8944\" method=\"post\" data-trp-original-action=\"https:\/\/www.wkv-ag.com\/es\/es\/wp-json\/wp\/v2\/pages\/8944\"><div class=\"w-form-h\"><div class=\"w-form-row for_checkboxes has_label required\">\r\n\t\t\t<div class=\"w-form-row-label\">\r\n\t\t\t<span>Obtener m\u00e1s informaci\u00f3n y obtener asesoramiento <span class=\"required\">*<\/span><\/span>\r\n\t\t<\/div>\r\n\t\t<div class=\"w-form-row-field\">\r\n\t\t\t\t\t<label>\r\n\t\t\t\t<input type=\"checkbox\" name=\"us_form_1_checkboxes_1[]\" data-required=\"true\" value=\"Turbinen\"\/>\r\n\t\t\t\t<span>Turbinas<\/span>\r\n\t\t\t<\/label>\r\n\t\t\t\t\t\t<label>\r\n\t\t\t\t<input type=\"checkbox\" name=\"us_form_1_checkboxes_1[]\" data-required=\"true\" value=\"Generatoren\"\/>\r\n\t\t\t\t<span>Generadores<\/span>\r\n\t\t\t<\/label>\r\n\t\t\t\t<\/div>\r\n\t\t<div class=\"w-form-row-state\">Selecciona una opci\u00f3n<\/div>\r\n<\/div>\r\n<div class=\"w-form-row for_text required\">\r\n\t\t<div class=\"w-form-row-field\">\r\n\t\t\t\t\t\t<input aria-label=\"Compa\u00f1ia\" type=\"text\" name=\"us_form_1_text_1\" value placeholder=\"Compa\u00f1ia\" data-required=\"true\" aria-required=\"true\"\/>\r\n\t\t\t<\/div>\r\n\t\t<div class=\"w-form-row-state\">Rellena este campo<\/div>\r\n<\/div>\r\n<div class=\"w-form-row for_select required\">\r\n\t\t<div class=\"w-form-row-field\">\r\n\t\t\t\t\t\t<select aria-label=\"Name\" data-required=\"true\" aria-required=\"true\" name=\"us_form_1_select_1\">\r\n\t\t\t<option value=\"Frau\">Se\u00f1ora<\/option><option value=\"Herr\">Se\u00f1or<\/option>\t\t<\/select>\r\n\t\t\t<\/div>\r\n\t\t<div class=\"w-form-row-state\">Selecciona una opci\u00f3n<\/div>\r\n<\/div>\r\n<div class=\"w-form-row for_text required\">\r\n\t\t<div class=\"w-form-row-field\">\r\n\t\t\t\t\t\t<input aria-label=\"Nombre *\" type=\"text\" name=\"us_form_1_text_2\" value placeholder=\"Nombre *\" data-required=\"true\" aria-required=\"true\"\/>\r\n\t\t\t<\/div>\r\n\t\t<div class=\"w-form-row-state\">Rellena este campo<\/div>\r\n<\/div>\r\n<div class=\"w-form-row for_text required\">\r\n\t\t<div class=\"w-form-row-field\">\r\n\t\t\t\t\t\t<input aria-label=\"Apellido *\" type=\"text\" name=\"us_form_1_text_3\" value placeholder=\"Apellido *\" data-required=\"true\" aria-required=\"true\"\/>\r\n\t\t\t<\/div>\r\n\t\t<div class=\"w-form-row-state\">Rellena este campo<\/div>\r\n<\/div>\r\n<div class=\"w-form-row for_text required\">\r\n\t\t<div class=\"w-form-row-field\">\r\n\t\t\t\t\t\t<input aria-label=\"Adresse\" type=\"text\" name=\"us_form_1_text_4\" value placeholder=\"Calle *\" data-required=\"true\" aria-required=\"true\"\/>\r\n\t\t\t<\/div>\r\n\t\t<div class=\"w-form-row-state\">Rellena este campo<\/div>\r\n<\/div>\r\n<div class=\"w-form-row for_text required\">\r\n\t\t<div class=\"w-form-row-field\">\r\n\t\t\t\t\t\t<input aria-label=\"PLZ\" type=\"text\" name=\"us_form_1_text_5\" value placeholder=\"C\u00f3digo postal *\" data-required=\"true\" aria-required=\"true\"\/>\r\n\t\t\t<\/div>\r\n\t\t<div class=\"w-form-row-state\">Rellena este campo<\/div>\r\n<\/div>\r\n<div class=\"w-form-row for_text required\">\r\n\t\t<div class=\"w-form-row-field\">\r\n\t\t\t\t\t\t<input aria-label=\"Ort\" type=\"text\" name=\"us_form_1_text_6\" value placeholder=\"lugar *\" data-required=\"true\" aria-required=\"true\"\/>\r\n\t\t\t<\/div>\r\n\t\t<div class=\"w-form-row-state\">Rellena este campo<\/div>\r\n<\/div>\r\n<div class=\"w-form-row for_text required\">\r\n\t\t<div class=\"w-form-row-field\">\r\n\t\t\t\t\t\t<input aria-label=\"Land\" type=\"text\" name=\"us_form_1_text_7\" value placeholder=\"Pa\u00eds *\" data-required=\"true\" aria-required=\"true\"\/>\r\n\t\t\t<\/div>\r\n\t\t<div class=\"w-form-row-state\">Rellena este campo<\/div>\r\n<\/div>\r\n<div class=\"w-form-row for_text required\">\r\n\t\t<div class=\"w-form-row-field\">\r\n\t\t\t\t\t\t<input aria-label=\"Telefon\" inputmode=\"numeric\" type=\"text\" name=\"us_form_1_text_8\" value placeholder=\"Telefono *\" data-required=\"true\" aria-required=\"true\"\/>\r\n\t\t\t<\/div>\r\n\t\t<div class=\"w-form-row-state\">Rellena este campo<\/div>\r\n<\/div>\r\n<div class=\"w-form-row for_email required\">\r\n\t\t<div class=\"w-form-row-field\">\r\n\t\t\t\t\t\t<input aria-label=\"E-Mail\" type=\"email\" name=\"us_form_1_email_1\" value placeholder=\"Correo electr\u00f3nico:\" data-required=\"true\" aria-required=\"true\"\/>\r\n\t\t\t<\/div>\r\n\t\t<div class=\"w-form-row-state\">Por favor, introduce una direcci\u00f3n de correo electr\u00f3nico v\u00e1lida.<\/div>\r\n<\/div>\r\n<input type=\"hidden\" name=\"action\" value=\"us_ajax_cform\" \/>\r\n<input type=\"hidden\" name=\"post_id\" value=\"0\" \/>\r\n<input type=\"hidden\" name=\"form_index\" value=\"1\" \/>\r\n<div class=\"w-form-row for_submit align_none\">\r\n\t<button class=\"w-btn  us-btn-style_17\" aria-label=\"Enviar folleto\" type=\"submit\">\r\n\t\t<span class=\"g-preloader type_1\"><\/span>\r\n\t\t\t\t<span class=\"w-btn-label\">Enviar folleto<\/span>\r\n\t\t\t<\/button>\r\n\t<\/div>\r\n<\/div><div class=\"w-form-message\"><\/div><div class=\"w-form-json hidden\" onclick='return {&quot;ajaxurl&quot;:&quot;https:\\\/\\\/www.wkv-ag.com\\\/wp-admin\\\/admin-ajax.php&quot;,&quot;messages&quot;:{&quot;err_empty&quot;:&quot;Rellena este campo&quot;,&quot;err_size&quot;:&quot;El tama\\u00f1o del archivo no puede exceder %s MB&quot;,&quot;err_extension&quot;:&quot;El tipo de archivo %s no est\\u00e1 permitido&quot;,&quot;err_recaptcha_keys&quot;:&quot;Las claves de reCAPTCHA son incorrectas&quot;}}'><\/div><input type=\"hidden\" name=\"trp-form-language\" value=\"es\"\/><\/form><div class=\"w-separator size_small\"><\/div><div class=\"wpb_text_column\"><div class=\"wpb_wrapper\"><p><em>Celdas con * obligaci\u00f3n de ser llenadas!<\/em><\/p>\n<\/div><\/div><\/div><\/div><div class=\"wpb_column vc_column_container\"><div class=\"vc_column-inner\"><\/div><\/div><\/div><\/div><\/section><section class=\"l-section wpb_row height_medium\"><div class=\"l-section-h i-cf\"><div class=\"g-cols vc_row via_grid cols_1 laptops-cols_inherit tablets-cols_inherit mobiles-cols_1 valign_top type_default stacking_default\"><div class=\"wpb_column vc_column_container\"><div class=\"vc_column-inner\"><div class=\"wpb_text_column us_custom_e28183d5\"><div class=\"wpb_wrapper\"><div id=\"contenttext\">\n<div id=\"content\">\n<div id=\"c234\" class=\"csc-default\">\n<div class=\"csc-header csc-header-n1\"><\/div>\n<\/div>\n<div id=\"c330\" class=\"csc-default\">\n<div class=\"csc-header csc-header-n3\">\n<h3>Formularios de cotizaci\u00f3n para centrales hidroel\u00e9ctricas WKV<\/h3>\n<\/div>\n<\/div>\n<\/div>\n<\/div>\n<\/div><\/div><div class=\"w-separator size_medium\"><\/div><div class=\"g-cols wpb_row via_grid cols_4 laptops-cols_inherit tablets-cols_inherit mobiles-cols_1 valign_top type_default stacking_default\" style=\"--columns-gap:3rem;\"><div class=\"wpb_column vc_column_container\"><div class=\"vc_column-inner\"><div class=\"w-iconbox iconpos_top style_default color_primary align_center no_text\"><a target=\"_blank\" rel=\"nofollow\" href=\"https:\/\/www.wkv-ag.com\/wp-content\/uploads\/2024\/03\/Fragebogen_WKV_EN-Geno-Auslegungsdaten-fuer-Wasserturbinen-Antriebe-2024-1.docx\" class=\"w-iconbox-link\" aria-label=\"Microsoft Word\"><div class=\"w-iconbox-icon\" style=\"font-size:2rem;\"><i class=\"fal fa-file-word\"><\/i><\/div><\/a><div class=\"w-iconbox-meta\"><h6 class=\"w-iconbox-title\"><a target=\"_blank\" rel=\"nofollow\" href=\"https:\/\/www.wkv-ag.com\/wp-content\/uploads\/2024\/03\/Fragebogen_WKV_EN-Geno-Auslegungsdaten-fuer-Wasserturbinen-Antriebe-2024-1.docx\" class=\"w-iconbox-link\" aria-label=\"Microsoft Word\">Microsoft Word<\/a><\/h6><\/div><\/div><\/div><\/div><div class=\"wpb_column vc_column_container\"><div class=\"vc_column-inner\"><div class=\"w-iconbox iconpos_top style_default color_primary align_center no_text\"><a target=\"_blank\" rel=\"nofollow\" href=\"https:\/\/www.wkv-ag.com\/wp-content\/uploads\/2024\/03\/Fragebogen_WKV_EN-Geno-Auslegungsdaten-fuer-Wasserturbinen-Antriebe-2024.pdf\" class=\"w-iconbox-link\" aria-label=\"PDF\"><div class=\"w-iconbox-icon\" style=\"font-size:2rem;\"><i class=\"fal fa-file-pdf\"><\/i><\/div><\/a><div class=\"w-iconbox-meta\"><h6 class=\"w-iconbox-title\"><a target=\"_blank\" rel=\"nofollow\" href=\"https:\/\/www.wkv-ag.com\/wp-content\/uploads\/2024\/03\/Fragebogen_WKV_EN-Geno-Auslegungsdaten-fuer-Wasserturbinen-Antriebe-2024.pdf\" class=\"w-iconbox-link\" aria-label=\"PDF\">PDF<\/a><\/h6><\/div><\/div><\/div><\/div><div class=\"wpb_column vc_column_container\"><div class=\"vc_column-inner\"><\/div><\/div><div class=\"wpb_column vc_column_container\"><div class=\"vc_column-inner\"><\/div><\/div><\/div><\/div><\/div><\/div><\/div><\/section><section class=\"l-section wpb_row height_medium\"><div class=\"l-section-h i-cf\"><div class=\"g-cols vc_row via_grid cols_1 laptops-cols_inherit tablets-cols_inherit mobiles-cols_1 valign_top type_default stacking_default\"><div class=\"wpb_column vc_column_container\"><div class=\"vc_column-inner\"><div class=\"wpb_text_column us_custom_e28183d5\"><div class=\"wpb_wrapper\"><div id=\"contenttext\">\n<div id=\"content\">\n<div id=\"c234\" class=\"csc-default\">\n<div class=\"csc-header csc-header-n1\"><\/div>\n<\/div>\n<div id=\"c330\" class=\"csc-default\">\n<div class=\"csc-header csc-header-n3\">\n<h3>Formularios de cotizaci\u00f3n para generadores WKV<\/h3>\n<\/div>\n<\/div>\n<\/div>\n<\/div>\n<\/div><\/div><div class=\"w-separator size_small\"><\/div><div class=\"wpb_text_column us_custom_e28183d5\"><div class=\"wpb_wrapper\"><div id=\"contenttext\">\n<div id=\"content\">\n<div id=\"c234\" class=\"csc-default\">\n<p class=\"csc-header csc-header-n1\">\n<\/div>\n<div id=\"c330\" class=\"csc-default\">\n<div class=\"csc-header csc-header-n3\">\n<p><strong>Generadores s\u00edncronos<\/strong><\/p>\n<\/div>\n<\/div>\n<\/div>\n<\/div>\n<\/div><\/div><div class=\"w-separator size_medium\"><\/div><div class=\"g-cols wpb_row via_grid cols_4 laptops-cols_inherit tablets-cols_inherit mobiles-cols_1 valign_top type_default stacking_default\" style=\"--columns-gap:3rem;\"><div class=\"wpb_column vc_column_container\"><div class=\"vc_column-inner\"><div class=\"w-iconbox iconpos_top style_default color_primary align_center no_text\"><a target=\"_blank\" rel=\"nofollow\" href=\"https:\/\/www.wkv-ag.com\/wp-content\/uploads\/2024\/03\/Fragebogen_WKV_DE-Geno-Auslegungsdaten-fuer-Allgemeine-Antriebe-2024.docx\" class=\"w-iconbox-link\" aria-label=\"Microsoft Word\"><div class=\"w-iconbox-icon\" style=\"font-size:2rem;\"><i class=\"fal fa-file-word\"><\/i><\/div><\/a><div class=\"w-iconbox-meta\"><h6 class=\"w-iconbox-title\"><a target=\"_blank\" rel=\"nofollow\" href=\"https:\/\/www.wkv-ag.com\/wp-content\/uploads\/2024\/03\/Fragebogen_WKV_DE-Geno-Auslegungsdaten-fuer-Allgemeine-Antriebe-2024.docx\" class=\"w-iconbox-link\" aria-label=\"Microsoft Word\">Microsoft Word<\/a><\/h6><\/div><\/div><\/div><\/div><div class=\"wpb_column vc_column_container\"><div class=\"vc_column-inner\"><div class=\"w-iconbox iconpos_top style_default color_primary align_center no_text\"><a target=\"_blank\" rel=\"nofollow\" href=\"https:\/\/www.wkv-ag.com\/wp-content\/uploads\/2024\/03\/Fragebogen_WKV_DE-Geno-Auslegungsdaten-fuer-Allgemeine-Antriebe-2024.pdf\" class=\"w-iconbox-link\" aria-label=\"PDF\"><div class=\"w-iconbox-icon\" style=\"font-size:2rem;\"><i class=\"fal fa-file-pdf\"><\/i><\/div><\/a><div class=\"w-iconbox-meta\"><h6 class=\"w-iconbox-title\"><a target=\"_blank\" rel=\"nofollow\" href=\"https:\/\/www.wkv-ag.com\/wp-content\/uploads\/2024\/03\/Fragebogen_WKV_DE-Geno-Auslegungsdaten-fuer-Allgemeine-Antriebe-2024.pdf\" class=\"w-iconbox-link\" aria-label=\"PDF\">PDF<\/a><\/h6><\/div><\/div><\/div><\/div><div class=\"wpb_column vc_column_container\"><div class=\"vc_column-inner\"><\/div><\/div><\/div><div class=\"w-separator size_medium\"><\/div><div class=\"wpb_text_column us_custom_e28183d5\"><div class=\"wpb_wrapper\"><div id=\"contenttext\">\n<div id=\"content\">\n<div id=\"c234\" class=\"csc-default\">\n<p class=\"csc-header csc-header-n1\">\n<\/div>\n<div id=\"c330\" class=\"csc-default\">\n<div class=\"csc-header csc-header-n3\">\n<p><strong>Generadores para aplicaciones hidroel\u00e9ctricas<\/strong><\/p>\n<\/div>\n<\/div>\n<\/div>\n<\/div>\n<\/div><\/div><div class=\"w-separator size_medium\"><\/div><div class=\"g-cols wpb_row via_grid cols_4 laptops-cols_inherit tablets-cols_inherit mobiles-cols_1 valign_top type_default stacking_default\" style=\"--columns-gap:3rem;\"><div class=\"wpb_column vc_column_container\"><div class=\"vc_column-inner\"><div class=\"w-iconbox iconpos_top style_default color_primary align_center no_text\"><a target=\"_blank\" rel=\"nofollow\" href=\"https:\/\/www.wkv-ag.com\/wp-content\/uploads\/2024\/03\/Fragebogen_WKV_DE-Geno-Auslegungsdaten-fuer-Wasserturbinen-Antriebe-2024.docx\" class=\"w-iconbox-link\" aria-label=\"Microsoft Word\"><div class=\"w-iconbox-icon\" style=\"font-size:2rem;\"><i class=\"fal fa-file-word\"><\/i><\/div><\/a><div class=\"w-iconbox-meta\"><h6 class=\"w-iconbox-title\"><a target=\"_blank\" rel=\"nofollow\" href=\"https:\/\/www.wkv-ag.com\/wp-content\/uploads\/2024\/03\/Fragebogen_WKV_DE-Geno-Auslegungsdaten-fuer-Wasserturbinen-Antriebe-2024.docx\" class=\"w-iconbox-link\" aria-label=\"Microsoft Word\">Microsoft Word<\/a><\/h6><\/div><\/div><\/div><\/div><div class=\"wpb_column vc_column_container\"><div class=\"vc_column-inner\"><div class=\"w-iconbox iconpos_top style_default color_primary align_center no_text\"><a target=\"_blank\" rel=\"nofollow\" href=\"https:\/\/www.wkv-ag.com\/wp-content\/uploads\/2024\/03\/Fragebogen_WKV_DE-Geno-Auslegungsdaten-fuer-Wasserturbinen-Antriebe-2024.pdf\" class=\"w-iconbox-link\" aria-label=\"PDF\"><div class=\"w-iconbox-icon\" style=\"font-size:2rem;\"><i class=\"fal fa-file-pdf\"><\/i><\/div><\/a><div class=\"w-iconbox-meta\"><h6 class=\"w-iconbox-title\"><a target=\"_blank\" rel=\"nofollow\" href=\"https:\/\/www.wkv-ag.com\/wp-content\/uploads\/2024\/03\/Fragebogen_WKV_DE-Geno-Auslegungsdaten-fuer-Wasserturbinen-Antriebe-2024.pdf\" class=\"w-iconbox-link\" aria-label=\"PDF\">PDF<\/a><\/h6><\/div><\/div><\/div><\/div><div class=\"wpb_column vc_column_container\"><div class=\"vc_column-inner\"><\/div><\/div><div class=\"wpb_column vc_column_container\"><div class=\"vc_column-inner\"><\/div><\/div><\/div><\/div><\/div><\/div><\/div><\/section><section class=\"l-section wpb_row height_medium\"><div class=\"l-section-h i-cf\"><div class=\"g-cols vc_row via_grid cols_1 laptops-cols_inherit tablets-cols_inherit mobiles-cols_1 valign_top type_default stacking_default\"><div class=\"wpb_column vc_column_container\"><div class=\"vc_column-inner\"><div class=\"wpb_text_column us_custom_e28183d5\"><div class=\"wpb_wrapper\"><div id=\"contenttext\">\n<div id=\"content\">\n<div id=\"c234\" class=\"csc-default\">\n<div class=\"csc-header csc-header-n1\"><\/div>\n<\/div>\n<div id=\"c330\" class=\"csc-default\">\n<div class=\"csc-header csc-header-n3\">\n<h3>Controlador de turbina de agua JAHNS<\/h3>\n<\/div>\n<\/div>\n<\/div>\n<\/div>\n<\/div><\/div><div class=\"w-separator size_small\"><\/div><div class=\"g-cols wpb_row via_grid cols_4 laptops-cols_inherit tablets-cols_inherit mobiles-cols_1 valign_top type_default stacking_default\" style=\"--columns-gap:3rem;\"><div class=\"wpb_column vc_column_container\"><div class=\"vc_column-inner\"><div class=\"w-iconbox iconpos_top style_default color_primary align_center no_text\"><a target=\"_blank\" rel=\"nofollow\" href=\"https:\/\/www.wkv-ag.com\/wp-content\/uploads\/2022\/08\/JAHNS_Prospekt_EN.pdf\" class=\"w-iconbox-link\" aria-label=\"PDF\"><div class=\"w-iconbox-icon\" style=\"font-size:2rem;\"><i class=\"fal fa-file-pdf\"><\/i><\/div><\/a><div class=\"w-iconbox-meta\"><h6 class=\"w-iconbox-title\"><a target=\"_blank\" rel=\"nofollow\" href=\"https:\/\/www.wkv-ag.com\/wp-content\/uploads\/2022\/08\/JAHNS_Prospekt_EN.pdf\" class=\"w-iconbox-link\" aria-label=\"PDF\">PDF<\/a><\/h6><\/div><\/div><\/div><\/div><div class=\"wpb_column vc_column_container\"><div class=\"vc_column-inner\"><div class=\"w-iconbox iconpos_top style_default color_primary align_center no_text\"><a target=\"_blank\" rel=\"nofollow\" href=\"https:\/\/www.wkv-ag.com\/wp-content\/uploads\/2022\/08\/JAHNS_Montage_Figuren_ES.pdf\" class=\"w-iconbox-link\" aria-label=\"Figuras de la Asamblea\"><div class=\"w-iconbox-icon\" style=\"font-size:2rem;\"><i class=\"fal fa-file-pdf\"><\/i><\/div><\/a><div class=\"w-iconbox-meta\"><h6 class=\"w-iconbox-title\"><a target=\"_blank\" rel=\"nofollow\" href=\"https:\/\/www.wkv-ag.com\/wp-content\/uploads\/2022\/08\/JAHNS_Montage_Figuren_ES.pdf\" class=\"w-iconbox-link\" aria-label=\"Figuras de la Asamblea\">Figuras de la Asamblea<\/a><\/h6><\/div><\/div><\/div><\/div><div class=\"wpb_column vc_column_container\"><div class=\"vc_column-inner\"><\/div><\/div><div class=\"wpb_column vc_column_container\"><div class=\"vc_column-inner\"><\/div><\/div><\/div><\/div><\/div><\/div><\/div><\/section><section class=\"l-section wpb_row height_medium\"><div class=\"l-section-h i-cf\"><div class=\"g-cols vc_row via_grid cols_1 laptops-cols_inherit tablets-cols_inherit mobiles-cols_1 valign_top type_default stacking_default\"><div class=\"wpb_column vc_column_container\"><div class=\"vc_column-inner\"><div class=\"wpb_text_column us_custom_e28183d5\"><div class=\"wpb_wrapper\"><div id=\"contenttext\">\n<div id=\"content\">\n<div id=\"c234\" class=\"csc-default\">\n<div class=\"csc-header csc-header-n1\"><\/div>\n<\/div>\n<div id=\"c330\" class=\"csc-default\">\n<div class=\"csc-header csc-header-n3\">\n<h3>Informaci\u00f3n interesante sobre la energ\u00eda hidroel\u00e9ctrica<\/h3>\n<\/div>\n<\/div>\n<\/div>\n<\/div>\n<\/div><\/div><div class=\"w-separator size_small\"><\/div><div class=\"g-cols wpb_row via_grid cols_4 laptops-cols_inherit tablets-cols_inherit mobiles-cols_1 valign_top type_default stacking_default\" style=\"--columns-gap:3rem;\"><div class=\"wpb_column vc_column_container\"><div class=\"vc_column-inner\"><div class=\"w-iconbox iconpos_top style_default color_primary align_center no_text\"><a target=\"_blank\" rel=\"nofollow\" href=\"https:\/\/www.wkv-ag.com\/wp-content\/uploads\/2022\/07\/10GruendeWasserkraft.pdf\" class=\"w-iconbox-link\" aria-label=\"10 Gr\u00fcnde f\u00fcr kleine Wasserkraftwerke PDF\"><div class=\"w-iconbox-icon\" style=\"font-size:2rem;\"><i class=\"fal fa-file-pdf\"><\/i><\/div><\/a><div class=\"w-iconbox-meta\"><h6 class=\"w-iconbox-title\"><a target=\"_blank\" rel=\"nofollow\" href=\"https:\/\/www.wkv-ag.com\/wp-content\/uploads\/2022\/07\/10GruendeWasserkraft.pdf\" class=\"w-iconbox-link\" aria-label=\"10 Gr\u00fcnde f\u00fcr kleine Wasserkraftwerke PDF\">10 Gr\u00fcnde f\u00fcr kleine Wasserkraftwerke PDF<\/a><\/h6><\/div><\/div><\/div><\/div><div class=\"wpb_column vc_column_container\"><div class=\"vc_column-inner\"><div class=\"w-iconbox iconpos_top style_default color_primary align_center no_text\"><a target=\"_blank\" rel=\"nofollow\" href=\"https:\/\/www.wkv-ag.com\/wp-content\/uploads\/2022\/07\/wasserkraft-dbr.pdf\" class=\"w-iconbox-link\" aria-label=\"Wasserkraft in Europa PDF\"><div class=\"w-iconbox-icon\" style=\"font-size:2rem;\"><i class=\"fal fa-file-pdf\"><\/i><\/div><\/a><div class=\"w-iconbox-meta\"><h6 class=\"w-iconbox-title\"><a target=\"_blank\" rel=\"nofollow\" href=\"https:\/\/www.wkv-ag.com\/wp-content\/uploads\/2022\/07\/wasserkraft-dbr.pdf\" class=\"w-iconbox-link\" aria-label=\"Wasserkraft in Europa PDF\">Wasserkraft in Europa PDF<\/a><\/h6><\/div><\/div><\/div><\/div><div class=\"wpb_column vc_column_container\"><div class=\"vc_column-inner\"><div class=\"w-iconbox iconpos_top style_default color_primary align_center no_text\"><a target=\"_blank\" rel=\"nofollow\" href=\"https:\/\/www.wkv-ag.com\/wp-content\/uploads\/2022\/07\/add-it-up-the-cost-of-renewable-energy.pdf\" class=\"w-iconbox-link\" aria-label=\"Kosten der erneuerbaren Energie\"><div class=\"w-iconbox-icon\" style=\"font-size:2rem;\"><i class=\"fal fa-file-pdf\"><\/i><\/div><\/a><div class=\"w-iconbox-meta\"><h6 class=\"w-iconbox-title\"><a target=\"_blank\" rel=\"nofollow\" href=\"https:\/\/www.wkv-ag.com\/wp-content\/uploads\/2022\/07\/add-it-up-the-cost-of-renewable-energy.pdf\" class=\"w-iconbox-link\" aria-label=\"Kosten der erneuerbaren Energie\">Kosten der erneuerbaren Energie<\/a><\/h6><\/div><\/div><\/div><\/div><div class=\"wpb_column vc_column_container\"><div class=\"vc_column-inner\"><\/div><\/div><\/div><\/div><\/div><\/div><\/div><\/section><section class=\"l-section wpb_row height_medium\"><div class=\"l-section-h i-cf\"><div class=\"g-cols vc_row via_grid cols_1 laptops-cols_inherit tablets-cols_inherit mobiles-cols_1 valign_top type_default stacking_default\"><div class=\"wpb_column vc_column_container\"><div class=\"vc_column-inner\"><div class=\"wpb_text_column us_custom_e28183d5\"><div class=\"wpb_wrapper\"><div id=\"contenttext\">\n<div id=\"content\">\n<div id=\"c234\" class=\"csc-default\">\n<div class=\"csc-header csc-header-n1\"><\/div>\n<\/div>\n<div id=\"c330\" class=\"csc-default\">\n<div class=\"csc-header csc-header-n3\">\n<h3>WKV Aktuell<\/h3>\n<\/div>\n<\/div>\n<\/div>\n<\/div>\n<\/div><\/div><div class=\"w-separator size_small\"><\/div><div class=\"g-cols wpb_row via_grid cols_4 laptops-cols_inherit tablets-cols_inherit mobiles-cols_1 valign_top type_default stacking_default\" style=\"--columns-gap:3rem;\"><div class=\"wpb_column vc_column_container\"><div class=\"vc_column-inner\"><div class=\"w-iconbox iconpos_top style_default color_primary align_center no_text\"><a target=\"_blank\" rel=\"nofollow\" href=\"https:\/\/www.wkv-ag.com\/wp-content\/uploads\/2024\/03\/WKV_Aktuell_01-24_WEB.pdf\" class=\"w-iconbox-link\" aria-label=\"PDF\"><div class=\"w-iconbox-icon\" style=\"font-size:2rem;\"><i class=\"fal fa-file-pdf\"><\/i><\/div><\/a><div class=\"w-iconbox-meta\"><h6 class=\"w-iconbox-title\"><a target=\"_blank\" rel=\"nofollow\" href=\"https:\/\/www.wkv-ag.com\/wp-content\/uploads\/2024\/03\/WKV_Aktuell_01-24_WEB.pdf\" class=\"w-iconbox-link\" aria-label=\"PDF\">PDF<\/a><\/h6><\/div><\/div><\/div><\/div><div class=\"wpb_column vc_column_container\"><div class=\"vc_column-inner\"><\/div><\/div><div class=\"wpb_column vc_column_container\"><div class=\"vc_column-inner\"><\/div><\/div><div class=\"wpb_column vc_column_container\"><div class=\"vc_column-inner\"><\/div><\/div><\/div><\/div><\/div><\/div><\/div><\/section>","protected":false},"excerpt":{"rendered":"DOWNLOADS WKV Brosch\u00fcren Holen sie sich mehr Infos und lassen Sie sich beraten * Turbinen Generatoren Selecciona una opci\u00f3n Rellena este campo FrauHerr Selecciona una opci\u00f3n Rellena este campo Rellena este campo Rellena este campo Rellena este campo Rellena este campo Rellena este campo Rellena este campo Por favor, introduce una direcci\u00f3n de correo electr\u00f3nico...","protected":false},"author":1,"featured_media":0,"parent":0,"menu_order":0,"comment_status":"closed","ping_status":"closed","template":"","meta":{"_acf_changed":false,"inline_featured_image":false,"footnotes":""},"class_list":["post-8944","page","type-page","status-publish","hentry"],"acf":[],"_links":{"self":[{"href":"https:\/\/www.wkv-ag.com\/es\/wp-json\/wp\/v2\/pages\/8944","targetHints":{"allow":["GET"]}}],"collection":[{"href":"https:\/\/www.wkv-ag.com\/es\/wp-json\/wp\/v2\/pages"}],"about":[{"href":"https:\/\/www.wkv-ag.com\/es\/wp-json\/wp\/v2\/types\/page"}],"author":[{"embeddable":true,"href":"https:\/\/www.wkv-ag.com\/es\/wp-json\/wp\/v2\/users\/1"}],"replies":[{"embeddable":true,"href":"https:\/\/www.wkv-ag.com\/es\/wp-json\/wp\/v2\/comments?post=8944"}],"version-history":[{"count":44,"href":"https:\/\/www.wkv-ag.com\/es\/wp-json\/wp\/v2\/pages\/8944\/revisions"}],"predecessor-version":[{"id":10367,"href":"https:\/\/www.wkv-ag.com\/es\/wp-json\/wp\/v2\/pages\/8944\/revisions\/10367"}],"wp:attachment":[{"href":"https:\/\/www.wkv-ag.com\/es\/wp-json\/wp\/v2\/media?parent=8944"}],"curies":[{"name":"wp","href":"https:\/\/api.w.org\/{rel}","templated":true}]}}