{"id":8669,"date":"2022-07-01T10:19:12","date_gmt":"2022-07-01T08:19:12","guid":{"rendered":"https:\/\/wkv.idnty.de\/?page_id=8669"},"modified":"2023-01-09T10:47:47","modified_gmt":"2023-01-09T09:47:47","slug":"investor-relations","status":"publish","type":"page","link":"https:\/\/www.wkv-ag.com\/es\/investor-relations\/","title":{"rendered":"RELACIONES CON INVERSIONISTAS"},"content":{"rendered":"<section class=\"l-section wpb_row height_auto width_full color_alternate\"><div class=\"l-section-h i-cf\"><div class=\"g-cols vc_row via_grid cols_2-3 laptops-cols_inherit tablets-cols_inherit mobiles-cols_1 valign_middle type_default reversed stacking_default\"><div class=\"wpb_column vc_column_container us_custom_37bacb63\"><div class=\"vc_column-inner\"><h1 style=\"font-size: 45px;text-align: left\" class=\"vc_custom_heading vc_do_custom_heading us_custom_2a56bc38\" >RELACIONES CON INVERSIONISTAS<\/h1><div class=\"wpb_text_column\"><div class=\"wpb_wrapper\"><p>Bienvenido a la familia WKV. Financieramente independiente, flexible y rentable.<\/p>\n<\/div><\/div><\/div><\/div><div class=\"wpb_column vc_column_container us_custom_a11e0706 has_bg_color\"><div class=\"vc_column-inner\"><\/div><\/div><\/div><\/div><\/section><section class=\"l-section wpb_row height_large\"><div class=\"l-section-h i-cf\"><div class=\"g-cols vc_row via_grid cols_2-1 laptops-cols_inherit tablets-cols_inherit mobiles-cols_1 valign_top type_default stacking_default\"><div class=\"wpb_column vc_column_container\"><div class=\"vc_column-inner\"><h2 style=\"text-align: left\" class=\"vc_custom_heading vc_do_custom_heading us_custom_cda6f729 translation-block\" >INDEPENDIENTE Y DE VALOR ESTABLE<\/h2><div class=\"wpb_text_column\"><div class=\"wpb_wrapper\"><p>Funciona sin decir que invertir en tecnolog\u00eda para hidroelectricidad es algo bueno. Tambi\u00e9n que WKV es la primera opci\u00f3n. Nuestra empresa ha sido dirigida y administrada por la familia desde 1979, y se mantendr\u00e1 as\u00ed. Wasserkraft Volk AG es financieramente independiente y tiene un know-how actualizado a lo largo de toda cadena de valor. Nuestro alto nivel de integraci\u00f3n vertical nos permite integrar tendencias e innovaciones r\u00e1pidamente a nuestras soluciones. Y esto tambi\u00e9n se vuelve rentable a largo plazo para nuestros inversionistas.<\/p>\n<\/div><\/div><\/div><\/div><div class=\"wpb_column vc_column_container\"><div class=\"vc_column-inner\"><\/div><\/div><\/div><\/div><\/section><section class=\"l-section wpb_row height_large color_alternate\"><div class=\"l-section-h i-cf\"><div class=\"g-cols vc_row via_grid cols_2 laptops-cols_inherit tablets-cols_inherit mobiles-cols_1 valign_top type_default stacking_default\"><div class=\"wpb_column vc_column_container us_custom_7e20fa79 us_animate_this\"><div class=\"vc_column-inner\"><h2 style=\"text-align: left\" class=\"vc_custom_heading vc_do_custom_heading us_custom_cda6f729 translation-block\" >CHIP VERDE PARA SU MALET\u00cdN<\/h2><div class=\"wpb_text_column\"><div class=\"wpb_wrapper\"><p>La hidroelectricidad es la m\u00e1s vieja y mejor utilizada fuente de energ\u00eda renovable en el mundo. Con una central hidroel\u00e9ctrica usted est\u00e1 invirtiendo en un futuro limpio para nuestro planeta porque:<\/p>\n<ul>\n<li class=\"translation-block\">La hidroelectricidad ya suministra energ\u00eda el\u00e9ctrica a m\u00e1s de 1 mill\u00f3n de personas en Alemania.<\/li>\n<li class=\"translation-block\">La hidroelectricidad es la \u00fanica energ\u00eda renovable que puede ser utilizada como carga base.<\/li>\n<li class=\"translation-block\">La hidroelectricidad es la \u00fanica energ\u00eda renovable que compensa las fluctuaciones de otras energ\u00edas renovables.<\/li>\n<li class=\"translation-block\">De todas las energ\u00edas renovables, la hidroelectricidad tienen el mayor factor de cosecha energ\u00e9tica (relaci\u00f3n entre energ\u00eda utilizada y energ\u00eda generada), el cual puede ser de hasta 200 (fotovoltaico aproximadamente 3).<\/li>\n<li class=\"translation-block\">Las centrales hidroel\u00e9ctricas tienen la m\u00e1s alta eficiencia, mayor a 90 %.<\/li>\n<li class=\"translation-block\">Las centrales hidroel\u00e9ctricas tienen la m\u00e1s larga vida \u00fatil, mayor a 80 a\u00f1os, y por ende, particularmente sostenible y protectora de recursos.<\/li>\n<li class=\"translation-block\">La hidroelectricidad tiene el mayor tiempo de producci\u00f3n, entre 5,500 y 6,500 horas por a\u00f1o. Una central fotovoltaica tendr\u00eda de suministrar de 5.5 a 6.5 veces su capacidad de potencia para lograr la capacidad de una hidroel\u00e9ctrica; una e\u00f3lica 2.75 a 3.25 veces su capacidad.<\/li>\n<li class=\"translation-block\">Las centrales hidroel\u00e9ctricas limpian las aguas con sus sistemas de limpieza por medio de rejillas. Los escombros recolectados son desechados a expensas del operador, una importante contribuci\u00f3n a la protecci\u00f3n ambiental para todos<\/li>\n<\/ul>\n<\/div><\/div><\/div><\/div><div class=\"wpb_column vc_column_container us_custom_47474b22 us_animate_this\"><div class=\"vc_column-inner\"><div class=\"wpb_text_column\"><div class=\"wpb_wrapper\"><ul>\n<li class=\"translation-block\">La hidroelectricidad ha tenido la m\u00e1s alta aceptaci\u00f3n por parte de las poblaciones durante siglos.<\/li>\n<li class=\"translation-block\">Las cuencas y obras de captaci\u00f3n\/represas son protecciones activas contra inundaciones.<\/li>\n<li class=\"translation-block\">Las centrales hidroel\u00e9ctricas elevan el nivel de agua subterr\u00e1nea en el \u00e1rea de la obra de captaci\u00f3n.<\/li>\n<li class=\"translation-block\">La hidroelectricidad ayuda a la sobrevivencia de muchas especies de animales, en el \u00e1rea de la obra de captaci\u00f3n y tambi\u00e9n los tramos de r\u00edos con menores cantidades de agua (reproducci\u00f3n y \u00e1reas de animales tiernos).<\/li>\n<li class=\"translation-block\">Seg\u00fan las estimaciones, la expansi\u00f3n de peque\u00f1as centrales hidroel\u00e9ctricas en Alemania podr\u00eda reemplazar la potencia de 2 estaciones nucleares. Por ejemplo, la t\u00edpica \u201cBlack Forest Power Station\u201d, con 40 kW, genera entre 220,000 kWh y 260,000 kWh; electricidad para 55 a 65 residencias.<\/li>\n<\/ul>\n<\/div><\/div><div class=\"w-separator size_medium\"><\/div><div class=\"w-image has_ratio align_none\"><div class=\"w-image-h\"><div style=\"padding-bottom:56.25%\"><\/div><img decoding=\"async\" width=\"1024\" height=\"768\" src=\"https:\/\/www.wkv-ag.com\/wp-content\/uploads\/2022\/08\/P7100408-1024x768.jpg\" class=\"attachment-large size-large\" alt=\"\" loading=\"lazy\" \/><\/div><\/div><\/div><\/div><\/div><\/div><\/section><section class=\"l-section wpb_row height_large\"><div class=\"l-section-h i-cf\"><div class=\"g-cols vc_row via_grid cols_2 laptops-cols_inherit tablets-cols_inherit mobiles-cols_1 valign_middle type_default stacking_default\"><div class=\"wpb_column vc_column_container us_custom_7e20fa79 us_animate_this\"><div class=\"vc_column-inner\"><h2 style=\"text-align: left\" class=\"vc_custom_heading vc_do_custom_heading us_custom_cda6f729\" >RETORNO EN LUGAR DE RIESGO<\/h2><div class=\"wpb_text_column\"><div class=\"wpb_wrapper\"><p>Las acciones de Wasserkraft Volk AG son acciones flotantes y no son intercambiadas en cualquier bolsa de valores. Como resultado, est\u00e1n dif\u00edcilmente sujetas a las fluctuaciones de los mercados a nivel mundial. La junta de accionistas tambi\u00e9n las protege contra posibles adquisiciones hostiles.<\/p>\n<p>Nosotros utilizamos su inversi\u00f3n en acciones de WKV directamente para crear trabajos calificados en Alemania y para expandir energ\u00edas renovables a nivel mundial. Usted como inversionista de beneficia de esto, como tambi\u00e9n los empleados, la sociedad y el medio ambiente. De acuerdo a los estatutos, Wasserkraft Volk AG distribuye 5 % de las ganancias generadas a proyectos ecol\u00f3gicos y sociales cada a\u00f1o.<\/p>\n<\/div><\/div><\/div><\/div><div class=\"wpb_column vc_column_container us_custom_47474b22 us_animate_this\"><div class=\"vc_column-inner\"><div class=\"w-image has_ratio align_none\"><div class=\"w-image-h\"><div style=\"padding-bottom:56.25%\"><\/div><img decoding=\"async\" width=\"1024\" height=\"683\" src=\"https:\/\/www.wkv-ag.com\/wp-content\/uploads\/2022\/08\/DSCF1567-1024x683.jpg\" class=\"attachment-large size-large\" alt=\"\" loading=\"lazy\" \/><\/div><\/div><\/div><\/div><\/div><\/div><\/section>","protected":false},"excerpt":{"rendered":"INVESTOR RELATIONSWillkommen in der WKV-Familie. Finanziell unabh\u00e4ngig, flexibel und profitabel. UNABH\u00c4NGIG UND WERTBEST\u00c4NDIGDass Investieren in Wasserkraft-Technologie eine gute Sache ist, liegt auf der Hand. Dass WKV dabei erste Wahl ist, auch: Unser Unternehmen ist seit 1979 familiengef\u00fchrt und bleibt es auch. Die Wasserkraft Volk AG ist finanziell unabh\u00e4ngig und verf\u00fcgt \u00fcber aktuelles Know-how entlang der...","protected":false},"author":1,"featured_media":0,"parent":0,"menu_order":0,"comment_status":"closed","ping_status":"closed","template":"","meta":{"_acf_changed":false,"inline_featured_image":false,"footnotes":""},"class_list":["post-8669","page","type-page","status-publish","hentry"],"acf":[],"_links":{"self":[{"href":"https:\/\/www.wkv-ag.com\/es\/wp-json\/wp\/v2\/pages\/8669","targetHints":{"allow":["GET"]}}],"collection":[{"href":"https:\/\/www.wkv-ag.com\/es\/wp-json\/wp\/v2\/pages"}],"about":[{"href":"https:\/\/www.wkv-ag.com\/es\/wp-json\/wp\/v2\/types\/page"}],"author":[{"embeddable":true,"href":"https:\/\/www.wkv-ag.com\/es\/wp-json\/wp\/v2\/users\/1"}],"replies":[{"embeddable":true,"href":"https:\/\/www.wkv-ag.com\/es\/wp-json\/wp\/v2\/comments?post=8669"}],"version-history":[{"count":34,"href":"https:\/\/www.wkv-ag.com\/es\/wp-json\/wp\/v2\/pages\/8669\/revisions"}],"predecessor-version":[{"id":10136,"href":"https:\/\/www.wkv-ag.com\/es\/wp-json\/wp\/v2\/pages\/8669\/revisions\/10136"}],"wp:attachment":[{"href":"https:\/\/www.wkv-ag.com\/es\/wp-json\/wp\/v2\/media?parent=8669"}],"curies":[{"name":"wp","href":"https:\/\/api.w.org\/{rel}","templated":true}]}}