{"id":8643,"date":"2022-07-01T09:01:09","date_gmt":"2022-07-01T07:01:09","guid":{"rendered":"https:\/\/wkv.idnty.de\/?page_id=8643"},"modified":"2022-09-19T10:28:26","modified_gmt":"2022-09-19T08:28:26","slug":"nachhaltigkeit","status":"publish","type":"page","link":"https:\/\/www.wkv-ag.com\/es\/nachhaltigkeit\/","title":{"rendered":"SOSTENIBILIDAD"},"content":{"rendered":"<section class=\"l-section wpb_row height_auto width_full color_alternate\"><div class=\"l-section-h i-cf\"><div class=\"g-cols vc_row via_grid cols_2-3 laptops-cols_inherit tablets-cols_inherit mobiles-cols_1 valign_middle type_default reversed stacking_default\"><div class=\"wpb_column vc_column_container us_custom_37bacb63\"><div class=\"vc_column-inner\"><h1 style=\"font-size: 45px;text-align: left\" class=\"vc_custom_heading vc_do_custom_heading us_custom_201bf81d\" >SOSTENIBILIDAD<\/h1><div class=\"wpb_text_column\"><div class=\"wpb_wrapper\"><p>Acciones responsables y sostenibles has sido parte del ADN de WKV desde que la empresa fue fundada. Galardonada con el German Solar Prize 2003 como la primera f\u00e1brica de maquinaria pesada para generaci\u00f3n de electricidad libre de CO2 en Europa.<\/p>\n<\/div><\/div><\/div><\/div><div class=\"wpb_column vc_column_container us_custom_42f82d7d has_bg_color\"><div class=\"vc_column-inner\"><\/div><\/div><\/div><\/div><\/section><section class=\"l-section wpb_row height_large\"><div class=\"l-section-h i-cf\"><div class=\"g-cols vc_row via_grid cols_2-1 laptops-cols_inherit tablets-cols_inherit mobiles-cols_1 valign_middle type_default stacking_default\"><div class=\"wpb_column vc_column_container\"><div class=\"vc_column-inner\"><h2 style=\"text-align: left\" class=\"vc_custom_heading vc_do_custom_heading us_custom_cda6f729 translation-block\" >\u00daNICA EN EL MUNDO:<br>NUESTRA F\u00c1BRICA DEL FUTURO<\/h2><div class=\"wpb_text_column\"><div class=\"wpb_wrapper\"><p>Como uno de los primeros fabricantes de centrales hidroel\u00e9ctricas, la tradicional compa\u00f1\u00eda WKV se ha transformado a s\u00ed misma en una f\u00e1brica del futuro. Desde el a\u00f1o 2000, nuestra empresa, ubicada en Gutach, ha sido un ejemplo primordial de trabajo y construcci\u00f3n sostenible y protectora de recursos, hecho que ha recibido atenci\u00f3n a nivel mundial. Somos el \u00fanico fabricante en el mundo de centrales hidroel\u00e9ctricas amigables con el ambiente que genera su propia la electricidad para la producci\u00f3n de estas centrales, simplemente neutralidad de carbono. \u00bfAcaso no es esto sostenibilidad por excelencia?<br \/>\nIst das nicht Nachhaltigkeit par excellence?<\/p>\n<\/div><\/div><div class=\"w-separator size_medium\"><\/div><div class=\"wpb_text_column us_custom_7e20fa79 us_animate_this\"><div class=\"wpb_wrapper\"><ul>\n<li>Solamente madera de la localidad fue utilizada para la f\u00e1brica del futuro<\/li>\n<li>Generamos electricidad para nuestra producci\u00f3n con nuestra central hidroel\u00e9ctrica construida por nosotros mismos. Durante la construcci\u00f3n, un segmento del rio Elz fue acondicionado para la migraci\u00f3n de peces.<\/li>\n<li>La calefacci\u00f3n de los edificios es generada a trav\u00e9s de una estaci\u00f3n de calor residual, modernas bombas de calor y energ\u00eda solar.<\/li>\n<li>El edificio principal, construido en concordancia con est\u00e1ndares de bajo consumo de energ\u00eda, est\u00e1 \u00f3ptimamente orientado hacia el sol. Un techo verde asegura un microclima balanceado.<\/li>\n<li>Se colecta agua pluvial para el uso en los edificios. El excedente de agua es filtrado y retorna a su ciclo natural.<\/li>\n<\/ul>\n<\/div><\/div><\/div><\/div><div class=\"wpb_column vc_column_container us_custom_47474b22 us_animate_this\"><div class=\"vc_column-inner\"><div class=\"w-image has_ratio align_none\"><div class=\"w-image-h\"><div style=\"padding-bottom:100%\"><\/div><img decoding=\"async\" width=\"1024\" height=\"682\" src=\"https:\/\/www.wkv-ag.com\/wp-content\/uploads\/2022\/07\/IMG_4043-1024x682.jpg\" class=\"attachment-large size-large\" alt=\"\" loading=\"lazy\" \/><\/div><\/div><\/div><\/div><\/div><\/div><\/section><section class=\"l-section wpb_row height_large color_alternate\"><div class=\"l-section-h i-cf\"><div class=\"g-cols vc_row via_grid cols_1-2 laptops-cols_inherit tablets-cols_inherit mobiles-cols_1 valign_middle type_default stacking_default\"><div class=\"wpb_column vc_column_container us_custom_7e20fa79 us_animate_this\"><div class=\"vc_column-inner\"><div class=\"w-image align_none\"><div class=\"w-image-h\"><img decoding=\"async\" width=\"1024\" height=\"682\" src=\"https:\/\/www.wkv-ag.com\/wp-content\/uploads\/2022\/07\/WKV_11.2015_1840-1024x682.jpg\" class=\"attachment-large size-large\" alt=\"\" loading=\"lazy\" srcset=\"https:\/\/www.wkv-ag.com\/wp-content\/uploads\/2022\/07\/WKV_11.2015_1840-1024x682.jpg 1024w, https:\/\/www.wkv-ag.com\/wp-content\/uploads\/2022\/07\/WKV_11.2015_1840-300x200.jpg 300w, https:\/\/www.wkv-ag.com\/wp-content\/uploads\/2022\/07\/WKV_11.2015_1840-18x12.jpg 18w, https:\/\/www.wkv-ag.com\/wp-content\/uploads\/2022\/07\/WKV_11.2015_1840-1536x1024.jpg 1536w, https:\/\/www.wkv-ag.com\/wp-content\/uploads\/2022\/07\/WKV_11.2015_1840.jpg 2000w\" sizes=\"auto, (max-width: 1024px) 100vw, 1024px\" \/><\/div><\/div><\/div><\/div><div class=\"wpb_column vc_column_container\"><div class=\"vc_column-inner\"><h2 style=\"text-align: left\" class=\"vc_custom_heading vc_do_custom_heading us_custom_cda6f729 translation-block\" >NUESTROS VALORES \u2013<br>NUESTRO COMPROMISO<\/h2><div class=\"wpb_text_column\"><div class=\"wpb_wrapper\"><p>WKV est\u00e1 comprometida a la comunidad de Gutach y crea plazas laborales locales. Promovemos una econom\u00eda basada en neutralidad de carbono y brindamos soporte a la asociaci\u00f3n \"CO2 levy e. V.\u201d.\nDe acuerdo a los estatutos, 5 porciento de nuestras ganancias fluye cada a\u00f1o hacia proyectos econ\u00f3micos y sociales.<\/p>\n<p>Hemos sido galardonados en varias ocasiones con el Lea Mittelstandspreis por nuestro compromiso social, el m\u00e1s reciente en 2021. Tambi\u00e9n brindamos apoyo a los siguientes proyectos:<\/p>\n<\/div><\/div><\/div><\/div><\/div><\/div><\/section><section class=\"l-section wpb_row us_custom_0a2724a3 us_animate_this height_small\"><div class=\"l-section-h i-cf\"><div class=\"g-cols vc_row via_grid cols_4 laptops-cols_inherit tablets-cols_inherit mobiles-cols_1 valign_top type_default stacking_default\"><div class=\"wpb_column vc_column_container us_custom_057801f8 has_bg_color\"><div class=\"vc_column-inner\"><div class=\"wpb_text_column us_custom_df5f4c97 has_text_color\"><div class=\"wpb_wrapper\"><h5 style=\"text-align: center;\"><strong><a href=\"https:\/\/www.noma.de\/\" target=\"_blank\" rel=\"noopener\">Campa\u00f1a de salud Noma e.V.<\/a><\/strong><\/h5>\n<p style=\"text-align: center;\">Tratamiento de la enfermedad Noma en ni\u00f1os de pa\u00edses en v\u00edas de desarrollo.<\/p>\n<\/div><\/div><\/div><\/div><div class=\"wpb_column vc_column_container us_custom_057801f8 has_bg_color\"><div class=\"vc_column-inner\"><div class=\"wpb_text_column us_custom_df5f4c97 has_text_color\"><div class=\"wpb_wrapper\"><h5 style=\"text-align: center;\" class=\"translation-block\"><a href=\"https:\/\/little-stars.de\/en\/willkommen-english\/\" target=\"_blank\" rel=\"noopener\"><strong>Little Stars \u2013<\/strong><br>\n<strong>Kinder brauchen Zukunft e. V.<\/strong><\/a><\/h5>\n<p style=\"text-align: center;\">Mejoras de las condiciones de vida, especialmente para ni\u00f1os en Nepal.<\/p>\n<\/div><\/div><\/div><\/div><div class=\"wpb_column vc_column_container us_custom_057801f8 has_bg_color\"><div class=\"vc_column-inner\"><div class=\"wpb_text_column us_custom_df5f4c97 has_text_color\"><div class=\"wpb_wrapper\"><h5 style=\"text-align: center;\"><a href=\"https:\/\/www.naturefund.de\/\" target=\"_blank\" rel=\"noopener\"><strong>Naturefund e. V.<\/strong><\/a><\/h5>\n<p style=\"text-align: center;\">Compra de tierras y reforestaci\u00f3n de los bosques.<\/p>\n<\/div><\/div><\/div><\/div><div class=\"wpb_column vc_column_container us_custom_057801f8 has_bg_color\"><div class=\"vc_column-inner\"><div class=\"wpb_text_column us_custom_df5f4c97 has_text_color\"><div class=\"wpb_wrapper\"><h5 style=\"text-align: center;\"><a href=\"https:\/\/www.pro-regenwald.de\/\" target=\"_blank\" rel=\"noopener\"><strong>Pro Regenwald e. V.<\/strong><\/a><\/h5>\n<p style=\"text-align: center;\">Soporte para proyectos y personas que trabajan en la preservaci\u00f3n de bosques, especialmente en los tr\u00f3picos y en su diversidad natural.<\/p>\n<\/div><\/div><\/div><\/div><\/div><\/div><\/section><section class=\"l-section wpb_row us_custom_7e20fa79 us_animate_this height_auto\"><div class=\"l-section-h i-cf\"><div class=\"g-cols vc_row via_grid cols_4 laptops-cols_inherit tablets-cols_inherit mobiles-cols_1 valign_top type_default stacking_default\"><div class=\"wpb_column vc_column_container us_custom_057801f8 has_bg_color\"><div class=\"vc_column-inner\"><div class=\"wpb_text_column us_custom_df5f4c97 has_text_color\"><div class=\"wpb_wrapper\"><h5 style=\"text-align: center;\"><strong><a href=\"http:\/\/www.poema-deutschland.de\/\" target=\"_blank\" rel=\"noopener\">POEMA Alemania e.V.<\/a><\/strong><\/h5>\n<p style=\"text-align: center;\">Soporte para autoayuda en relaci\u00f3n a la protecci\u00f3n de la selva tropical y el mejoramiento de las condiciones de vida de las personas en la zona del Amazonas.<\/p>\n<\/div><\/div><\/div><\/div><div class=\"wpb_column vc_column_container us_custom_057801f8 has_bg_color\"><div class=\"vc_column-inner\"><div class=\"wpb_text_column us_custom_df5f4c97 has_text_color\"><div class=\"wpb_wrapper\"><h5 style=\"text-align: center;\"><a href=\"https:\/\/www.vanessa-school-mbeya.org\/index.php\/de\/\" target=\"_blank\" rel=\"noopener\"><strong>La escuela Vanessa<\/strong><\/a><\/h5>\n<p style=\"text-align: center;\">Escuela privada para personas j\u00f3venes en Tanzania, con frecuencia hu\u00e9rfanos de aldeas pobres. En la escuela estas personas recibir\u00e1n un certificado de educaci\u00f3n intermedia.<\/p>\n<\/div><\/div><\/div><\/div><div class=\"wpb_column vc_column_container us_custom_057801f8 has_bg_color\"><div class=\"vc_column-inner\"><div class=\"wpb_text_column us_custom_df5f4c97 has_text_color\"><div class=\"wpb_wrapper\"><h5 style=\"text-align: center;\"><a href=\"https:\/\/www.direkthilfe-freiburg.de\/projekte\/afrika\/wasser-fuer-kalima.html\" target=\"_blank\" rel=\"noopener\"><strong>Proyecto de agua potable Kalima<br \/>\nprojekt<\/strong><\/a><\/h5>\n<p style=\"text-align: center;\">DR Congo<\/p>\n<\/div><\/div><\/div><\/div><div class=\"wpb_column vc_column_container us_custom_057801f8 has_bg_color\"><div class=\"vc_column-inner\"><div class=\"wpb_text_column us_custom_df5f4c97 has_text_color\"><div class=\"wpb_wrapper\"><h5 style=\"text-align: center;\"><a href=\"https:\/\/www.wkv-ag.com\/es\/fileadmin\/user_upload\/WKV_Extra_Virunga.pdf\/\" target=\"_blank\" rel=\"noopener\"><strong>Virunga National Park, DR Congo<\/strong><\/a><\/h5>\n<p style=\"text-align: center;\">Establecimiento de centros de entrenamiento para educar residentes en temas t\u00e9cnicos y ambientales, entrenamiento de profesionales para proyectos hidroel\u00e9ctricos.<\/p>\n<\/div><\/div><\/div><\/div><\/div><\/div><\/section><section class=\"l-section wpb_row us_custom_7e20fa79 us_animate_this height_small\"><div class=\"l-section-h i-cf\"><div class=\"g-cols vc_row via_grid cols_4 laptops-cols_inherit tablets-cols_inherit mobiles-cols_1 valign_top type_default stacking_default\"><div class=\"wpb_column vc_column_container us_custom_057801f8 has_bg_color\"><div class=\"vc_column-inner\"><div class=\"wpb_text_column us_custom_df5f4c97 has_text_color\"><div class=\"wpb_wrapper\"><h5 style=\"text-align: center;\"><a href=\"https:\/\/www.bund-heidelberg.de\/umwelt-und-naturschutz\/heidelberger-waeldchen\/\" target=\"_blank\" rel=\"noopener\"><strong>Heidelberger W\u00e4ldchen<\/strong>n<\/a><\/h5>\n<p style=\"text-align: center;\">Proyecto de reforestaci\u00f3n en Brasil por medio del BUND-Kreisgruppe Heidelberg.<\/p>\n<\/div><\/div><\/div><\/div><div class=\"wpb_column vc_column_container us_custom_057801f8 has_bg_color\"><div class=\"vc_column-inner\"><div class=\"wpb_text_column us_custom_df5f4c97 has_text_color\"><div class=\"wpb_wrapper\"><h5 style=\"text-align: center;\"><a href=\"https:\/\/oekologiestationlahr.de\/\" target=\"_blank\" rel=\"noopener\"><strong>\u00d6kologie-<br \/>\nstation Lahr<\/strong><\/a><\/h5>\n<p style=\"text-align: center;\">Educaci\u00f3n internacional de la naturaleza y ambiental para ni\u00f1os y personas j\u00f3venes.<\/p>\n<\/div><\/div><\/div><\/div><div class=\"wpb_column vc_column_container us_custom_057801f8 has_bg_color\"><div class=\"vc_column-inner\"><div class=\"wpb_text_column us_custom_df5f4c97 has_text_color\"><div class=\"wpb_wrapper\"><h5 style=\"text-align: center;\"><a href=\"http:\/\/www.indienhilfe-wasser-ist-leben.de\/\" target=\"_blank\" rel=\"noopener\"><strong>India Aid Water is Life e. V.<\/strong><\/a><\/h5>\n<p style=\"text-align: center;\">Cuidado de la salud y educaci\u00f3n para las personas m\u00e1s pobres en India, especialmente ni\u00f1as y mujeres j\u00f3venes.<\/p>\n<\/div><\/div><\/div><\/div><div class=\"wpb_column vc_column_container us_custom_057801f8 has_bg_color\"><div class=\"vc_column-inner\"><div class=\"wpb_text_column us_custom_df5f4c97 has_text_color\"><div class=\"wpb_wrapper\"><h5 style=\"text-align: center;\"><a href=\"http:\/\/www.kono.be\/mazingira\/de.html\" target=\"_blank\" rel=\"noopener\"><strong>Mazingira, Tansania<\/strong><\/a><\/h5>\n<p style=\"text-align: center;\">Educaci\u00f3n, construcci\u00f3n de pozos, microcr\u00e9ditos para mujeres<\/p>\n<\/div><\/div><\/div><\/div><\/div><\/div><\/section><section class=\"l-section wpb_row us_custom_7e20fa79 us_animate_this height_auto\"><div class=\"l-section-h i-cf\"><div class=\"g-cols vc_row via_grid cols_4 laptops-cols_inherit tablets-cols_inherit mobiles-cols_1 valign_top type_default stacking_default\"><div class=\"wpb_column vc_column_container us_custom_057801f8 has_bg_color\"><div class=\"vc_column-inner\"><div class=\"wpb_text_column us_custom_df5f4c97 has_text_color\"><div class=\"wpb_wrapper\"><h5 style=\"text-align: center;\"><a href=\"http:\/\/www.seinlaedele.de\/aktionen.html\" target=\"_blank\" rel=\"noopener\"><strong>Ayuda Kiev<\/strong><\/a><\/h5>\n<p style=\"text-align: center;\">Ayuda para ni\u00f1os de la calle en Kiev a trav\u00e9s de S'Einl\u00e4dele Freiburg.<\/p>\n<\/div><\/div><\/div><\/div><div class=\"wpb_column vc_column_container us_custom_057801f8 has_bg_color\"><div class=\"vc_column-inner\"><div class=\"wpb_text_column us_custom_df5f4c97 has_text_color\"><div class=\"wpb_wrapper\"><h5 style=\"text-align: center;\"><strong><a href=\"http:\/\/www.spatz-ev.de\/index.php?ueber-uns\" target=\"_blank\" rel=\"noopener\">SPATZ<\/a><\/strong><\/h5>\n<p style=\"text-align: center;\">Autoayuda para ni\u00f1os con enfermedades cr\u00f3nico-metab\u00f3licas, hormonales o diabetes e. V. Freiburg im Breisgau.<\/p>\n<\/div><\/div><\/div><\/div><div class=\"wpb_column vc_column_container us_custom_057801f8 has_bg_color\"><div class=\"vc_column-inner\"><div class=\"wpb_text_column us_custom_df5f4c97 has_text_color\"><div class=\"wpb_wrapper\"><h5 style=\"text-align: center;\"><a href=\"http:\/\/eurist.info\/\" target=\"_blank\" rel=\"noopener\"><strong>EURIST e. V.<\/strong><\/a><\/h5>\n<p style=\"text-align: center;\">Instituto Europeo para Transporte Sostenible (bicicletas-ambulancia para \u00c1frica).<\/p>\n<\/div><\/div><\/div><\/div><div class=\"wpb_column vc_column_container us_custom_057801f8 has_bg_color\"><div class=\"vc_column-inner\"><div class=\"wpb_text_column us_custom_df5f4c97 has_text_color\"><div class=\"wpb_wrapper\"><h5 style=\"text-align: center;\"><strong><a href=\"http:\/\/www.regenwald.org\/\" target=\"_blank\" rel=\"noopener\">Rescatemos el bosque e. V.<\/a><\/strong><\/h5>\n<p style=\"text-align: center;\">Compromiso con las personas del bosque y sus h\u00e1bitats.<\/p>\n<\/div><\/div><\/div><\/div><\/div><\/div><\/section><section class=\"l-section wpb_row us_custom_7e20fa79 us_animate_this height_small\"><div class=\"l-section-h i-cf\"><div class=\"g-cols vc_row via_grid cols_4 laptops-cols_inherit tablets-cols_inherit mobiles-cols_1 valign_top type_default stacking_default\"><div class=\"wpb_column vc_column_container us_custom_057801f8 has_bg_color\"><div class=\"vc_column-inner\"><div class=\"wpb_text_column us_custom_df5f4c97 has_text_color\"><div class=\"wpb_wrapper\"><h5 style=\"text-align: center;\"><strong><a href=\"http:\/\/www.target-human-rights.com\/\" target=\"_blank\" rel=\"noopener\">TARGET e. V.<\/a><\/strong><\/h5>\n<p style=\"text-align: center;\">R\u00fcdiger Nehberg \u2013 Iniciativa contra la mutilaci\u00f3n genital femenina.<\/p>\n<\/div><\/div><\/div><\/div><div class=\"wpb_column vc_column_container us_custom_057801f8 has_bg_color\"><div class=\"vc_column-inner\"><div class=\"wpb_text_column us_custom_df5f4c97 has_text_color\"><div class=\"wpb_wrapper\"><h5 style=\"text-align: center;\"><a href=\"http:\/\/www.peru-aktion.de\/\" target=\"_blank\" rel=\"noopener\"><strong>Peru Action<\/strong><\/a><\/h5>\n<p style=\"text-align: center;\">Educaci\u00f3n pedag\u00f3gica \u00e9tnica y entrenamiento pr\u00e1ctico para personas j\u00f3venes con pocas oportunidades o sin recursos para estudiar en Prosoya, Peru.<\/p>\n<\/div><\/div><\/div><\/div><div class=\"wpb_column vc_column_container us_custom_057801f8 has_bg_color\"><div class=\"vc_column-inner\"><div class=\"wpb_text_column us_custom_df5f4c97 has_text_color\"><div class=\"wpb_wrapper\"><h5 style=\"text-align: center;\"><a href=\"http:\/\/www.plant-for-the-planet.org\/de\/\" target=\"_blank\" rel=\"noopener\"><strong>Plant-for-the-Planet<\/strong><\/a><\/h5>\n<p style=\"text-align: center;\">Iniciativa estudiantil, una actividad en la cual ni\u00f1os a nivel mundial siembran \u00e1rboles como una se\u00f1al de justicia clim\u00e1tica.<\/p>\n<\/div><\/div><\/div><\/div><div class=\"wpb_column vc_column_container us_custom_057801f8 has_bg_color\"><div class=\"vc_column-inner\"><div class=\"wpb_text_column us_custom_df5f4c97 has_text_color\"><div class=\"wpb_wrapper\"><h5 style=\"text-align: center;\"><strong><a href=\"http:\/\/www.oroverde.de\/\" target=\"_blank\" rel=\"noopener\">OroVerde<\/a><\/strong><\/h5>\n<p style=\"text-align: center;\">La Fundaci\u00f3n de Bosques Tropicales \u2013 Protecci\u00f3n de bosques tropicales.<\/p>\n<\/div><\/div><\/div><\/div><\/div><\/div><\/section><section class=\"l-section wpb_row us_custom_82ea0733 us_animate_this height_auto\"><div class=\"l-section-h i-cf\"><div class=\"g-cols vc_row via_grid cols_4 laptops-cols_inherit tablets-cols_inherit mobiles-cols_1 valign_top type_default stacking_default\"><div class=\"wpb_column vc_column_container us_custom_057801f8 has_bg_color\"><div class=\"vc_column-inner\"><div class=\"wpb_text_column us_custom_df5f4c97 has_text_color\"><div class=\"wpb_wrapper\"><h5 style=\"text-align: center;\"><a href=\"https:\/\/www.brudertheo.de\/de\/\" target=\"_blank\" rel=\"noopener\"><strong>Di\u00f3cesis de Kigoma, Kabanga, Tanzania<\/strong> <\/a><\/h5>\n<p style=\"text-align: center;\">Hermano Theo Call, misionario en \u00c1frica, ayudando a personas a ayudarse a s\u00ed mismas construyendo talleres de trabajo, escuelas, iglesias, un hospital, sembrando miles de \u00e1rboles y mucho m\u00e1s.<\/p>\n<\/div><\/div><\/div><\/div><div class=\"wpb_column vc_column_container us_custom_057801f8 has_bg_color\"><div class=\"vc_column-inner\"><div class=\"wpb_text_column us_custom_df5f4c97 has_text_color\"><div class=\"wpb_wrapper\"><h5 style=\"text-align: center;\"><a href=\"http:\/\/ii-ec.org\/\" target=\"_blank\" rel=\"noopener\"><strong>Immanuel-International e. V.<\/strong><\/a><\/h5>\n<p style=\"text-align: center;\">Proyecto para ni\u00f1os de la calle en Ecuador<\/p>\n<\/div><\/div><\/div><\/div><div class=\"wpb_column vc_column_container us_custom_057801f8 has_bg_color\"><div class=\"vc_column-inner\"><div class=\"wpb_text_column us_custom_df5f4c97 has_text_color\"><div class=\"wpb_wrapper\"><h5 style=\"text-align: center;\"><a href=\"http:\/\/www.tdh.de\/\" target=\"_blank\" rel=\"noopener\"><strong>Terre des hommes<\/strong><\/a><\/h5>\n<p style=\"text-align: center;\">Ayuda para ni\u00f1os con necesidades \/ proyecto de agua potable en Vietnam: Soporte a los residentes de Hoang Van Thu para mejorar el suministro de agua potable.<\/p>\n<\/div><\/div><\/div><\/div><div class=\"wpb_column vc_column_container\"><div class=\"vc_column-inner\"><\/div><\/div><\/div><\/div><\/section>","protected":false},"excerpt":{"rendered":"NACHHALTIGKEITVerantwortungsvolles und nachhaltiges Handeln geh\u00f6rt seit der Unternehmensgr\u00fcndung zur DNA von WKV \u2013 ausgezeichnet mit dem Deutschen Solarpreis 2003 als erste CO2-freie Plus-Energie Schwermaschinenfabrik in Europa! WELTWEIT EINZIGARTIG: UNSERE ZUKUNFTSFABRIKAls einer der ersten Anlagenbauer \u00fcberhaupt hat sich der Traditionsbetrieb WKV in eine \u00f6kologische Zukunftsfabrik verwandelt. Unser Firmenstandort in Gutach ist bereits seit dem Jahr 2000...","protected":false},"author":1,"featured_media":0,"parent":0,"menu_order":0,"comment_status":"closed","ping_status":"closed","template":"","meta":{"_acf_changed":false,"inline_featured_image":false,"footnotes":""},"class_list":["post-8643","page","type-page","status-publish","hentry"],"acf":[],"_links":{"self":[{"href":"https:\/\/www.wkv-ag.com\/es\/wp-json\/wp\/v2\/pages\/8643","targetHints":{"allow":["GET"]}}],"collection":[{"href":"https:\/\/www.wkv-ag.com\/es\/wp-json\/wp\/v2\/pages"}],"about":[{"href":"https:\/\/www.wkv-ag.com\/es\/wp-json\/wp\/v2\/types\/page"}],"author":[{"embeddable":true,"href":"https:\/\/www.wkv-ag.com\/es\/wp-json\/wp\/v2\/users\/1"}],"replies":[{"embeddable":true,"href":"https:\/\/www.wkv-ag.com\/es\/wp-json\/wp\/v2\/comments?post=8643"}],"version-history":[{"count":30,"href":"https:\/\/www.wkv-ag.com\/es\/wp-json\/wp\/v2\/pages\/8643\/revisions"}],"predecessor-version":[{"id":9893,"href":"https:\/\/www.wkv-ag.com\/es\/wp-json\/wp\/v2\/pages\/8643\/revisions\/9893"}],"wp:attachment":[{"href":"https:\/\/www.wkv-ag.com\/es\/wp-json\/wp\/v2\/media?parent=8643"}],"curies":[{"name":"wp","href":"https:\/\/api.w.org\/{rel}","templated":true}]}}