{"id":8413,"date":"2022-06-29T10:25:26","date_gmt":"2022-06-29T08:25:26","guid":{"rendered":"https:\/\/wkv.idnty.de\/?page_id=8413"},"modified":"2024-08-01T18:48:12","modified_gmt":"2024-08-01T16:48:12","slug":"datenschutz","status":"publish","type":"page","link":"https:\/\/www.wkv-ag.com\/es\/datenschutz\/","title":{"rendered":"DECLARACI\u00d3N DE PRIVACIDAD"},"content":{"rendered":"<section class=\"l-section wpb_row height_auto\"><div class=\"l-section-h i-cf\"><div class=\"g-cols vc_row via_grid cols_1 laptops-cols_inherit tablets-cols_inherit mobiles-cols_1 valign_top type_default stacking_default\"><div class=\"wpb_column vc_column_container\"><div class=\"vc_column-inner\"><div class=\"w-separator size_large\"><\/div><div class=\"wpb_text_column\"><div class=\"wpb_wrapper\"><h1><b>DECLARACI\u00d3N DE PRIVACIDAD<\/b><\/h1>\n<\/div><\/div><div class=\"w-separator size_small\"><\/div><\/div><\/div><\/div><\/div><\/section><section class=\"l-section wpb_row height_large\"><div class=\"l-section-h i-cf\"><div class=\"g-cols vc_row via_grid cols_2 laptops-cols_inherit tablets-cols_inherit mobiles-cols_1 valign_top type_default stacking_default\"><div class=\"wpb_column vc_column_container\"><div class=\"vc_column-inner\"><div class=\"wpb_text_column\"><div class=\"wpb_wrapper\"><h3><b>DECLARACI\u00d3N DE PRIVACIDAD<br \/>\n<\/b><\/h3>\n<p><b>Protecci\u00f3n de datos <\/b><\/p>\n<p class=\"bodytext\">Es posible acceder a nuestra p\u00e1gina virtual como regla general sin proporcionar datos personales. En cuanto a la inclusi\u00f3n de datos personales en nuestra Es posible acceder a nuestra p\u00e1gina virtual (por ejemplo, nombre, direcci\u00f3n de domicilio o de correo electr\u00f3nico) se realiza en lo posible de forma voluntaria. Estos datos no ser\u00e1n dados a conocer a terceras personas sin el consentimiento expreso de su persona. Le damos a conocer que la transmisi\u00f3n de datos a trav\u00e9s de internet (por ejemplo, la comunicaci\u00f3n por correo electr\u00f3nico) no siempre puede garantizar una seguridad al100%. Una protecci\u00f3n completa de datos contra el acceso por parte de terceros no es posible.<\/p>\n<p>Esta p\u00e1gina web utiliza Google Analytics, un servico web de an\u00e1lisis de Google Inc. (\"Google\"). Google Analytics utiliza las as\u00ed llamados \"cookies\", archivos de texto, los que ser\u00e1n grabados en su computadora para que a trav\u00e9s de ella se posibilite un an\u00e1lisis de utilizaci\u00f3nde la hoja web. La informaci\u00f3n creada a trav\u00e9s del cookie referida al uso de esta hoja web, por lo general es transferida y almacenada en un servidor de Google en los EE.UU. Es el caso de la activaci\u00f3n de la anonimizaci\u00f3n de la IP en esta hoja web, sin embargo su direcci\u00f3n de IP de Google ser\u00e1 reducida con anterioridad para el uso en el \u00e1rea de la Uni\u00f3n Europea o en otros pa\u00edses asociados m\u00e1s alli del \u00e1rea economica europea. Solamente en casos de excepci\u00f3n ser\u00e1 transferida la direcci\u00f3n IP completa a un servidor de Google en los EE.UU. y all\u00ed reducida. En nombre del operador de este sitio web, Google utilizar\u00e1 esta informaci\u00f3n, para que el uso de la hoja web pueda ser analizada y formular informes sobre las actividades de la hoja web y prestando otros servicios de actividades y del uso del internet relacionados con el operador de la hoja web. La direcci\u00f3n IP enviada por su navegador en el marco de Google Analytics, no ser\u00e1 unida con otros datos de Google. Usted puede rechazar el uso de cookies, mediante la selecci\u00f3n de la configuraci\u00f3n apropiada de su navegador; sin embargo se\u00f1alamos que no se podra utilizar completamentre, en este caso todas las funciones de esta hoja web. Usted tambi\u00e9n puede evitar que los datos generados por el cookie acerca del uso de la hoja web (incluido su direcci\u00f3n IP) en Google como tambi\u00e9n el procesamiento de estos datos por Google, a trav\u00e9s del bajado y la instalaci\u00f3n del siguiente Link disponible en el enlace \u2013 plugin: <a href=\"https:\/\/tools.google.com\/dlpage\/gaoptout\">tools.google.com\/dlpage\/gaoptout<\/a><\/p>\n<\/div><\/div><div class=\"w-separator size_small\"><\/div><div class=\"w-separator size_small\"><\/div><div class=\"w-separator size_small\"><\/div><div class=\"w-separator size_small\"><\/div><div class=\"w-separator size_small\"><\/div><div class=\"w-separator size_small\"><\/div><div class=\"w-separator size_small\"><\/div><div class=\"w-separator size_small\"><\/div><div class=\"w-separator size_small\"><\/div><div class=\"w-separator size_small\"><\/div><\/div><\/div><div class=\"wpb_column vc_column_container\"><div class=\"vc_column-inner\"><div class=\"w-separator size_small\"><\/div><div class=\"w-separator size_small\"><\/div><div class=\"w-separator size_small\"><\/div><div class=\"w-separator size_small\"><\/div><div class=\"w-separator size_small\"><\/div><div class=\"w-separator size_small\"><\/div><\/div><\/div><\/div><\/div><\/section>","protected":false},"excerpt":{"rendered":"DATENSCHUTZ DATENSCHUTZERKL\u00c4RUNG Allgemeines Die Nutzung unserer Website ist grunds\u00e4tzlich ohne jede Angabe personenbezogener Daten m\u00f6glich. Sofern Sie Dienstleistungen \u00fcber unsere Website in Anspruch nehmen m\u00f6chten, k\u00f6nnte jedoch eine Verarbeitung personenbezogener Daten erforderlich werden. Ihre Daten werden ferner dadurch erhoben, dass Sie uns diese mitteilen. Hierbei kann es sich z.B. um Daten handeln, die Sie in...","protected":false},"author":1,"featured_media":0,"parent":0,"menu_order":0,"comment_status":"closed","ping_status":"closed","template":"","meta":{"_acf_changed":false,"inline_featured_image":false,"footnotes":""},"class_list":["post-8413","page","type-page","status-publish","hentry"],"acf":[],"_links":{"self":[{"href":"https:\/\/www.wkv-ag.com\/es\/wp-json\/wp\/v2\/pages\/8413","targetHints":{"allow":["GET"]}}],"collection":[{"href":"https:\/\/www.wkv-ag.com\/es\/wp-json\/wp\/v2\/pages"}],"about":[{"href":"https:\/\/www.wkv-ag.com\/es\/wp-json\/wp\/v2\/types\/page"}],"author":[{"embeddable":true,"href":"https:\/\/www.wkv-ag.com\/es\/wp-json\/wp\/v2\/users\/1"}],"replies":[{"embeddable":true,"href":"https:\/\/www.wkv-ag.com\/es\/wp-json\/wp\/v2\/comments?post=8413"}],"version-history":[{"count":30,"href":"https:\/\/www.wkv-ag.com\/es\/wp-json\/wp\/v2\/pages\/8413\/revisions"}],"predecessor-version":[{"id":10382,"href":"https:\/\/www.wkv-ag.com\/es\/wp-json\/wp\/v2\/pages\/8413\/revisions\/10382"}],"wp:attachment":[{"href":"https:\/\/www.wkv-ag.com\/es\/wp-json\/wp\/v2\/media?parent=8413"}],"curies":[{"name":"wp","href":"https:\/\/api.w.org\/{rel}","templated":true}]}}