{"id":8228,"date":"2022-06-28T08:34:56","date_gmt":"2022-06-28T06:34:56","guid":{"rendered":"https:\/\/wkv.idnty.de\/?page_id=8228"},"modified":"2026-05-05T09:23:23","modified_gmt":"2026-05-05T07:23:23","slug":"karriere","status":"publish","type":"page","link":"https:\/\/www.wkv-ag.com\/es\/karriere\/","title":{"rendered":"TRAYECTORIA"},"content":{"rendered":"<section class=\"l-section wpb_row height_auto width_full color_alternate\"><div class=\"l-section-h i-cf\"><div class=\"g-cols vc_row via_grid cols_2-3 laptops-cols_inherit tablets-cols_inherit mobiles-cols_1 valign_middle type_default reversed stacking_default\"><div class=\"wpb_column vc_column_container us_custom_37bacb63\"><div class=\"vc_column-inner\"><h1 style=\"font-size: 45px;text-align: left\" class=\"vc_custom_heading vc_do_custom_heading us_custom_201bf81d\" >SU TRAYECTORIA EN WKV<\/h1><div class=\"wpb_text_column\"><div class=\"wpb_wrapper\"><p>Las energ\u00edas renovables tienen futuro. En Wasserkraft Volk AG usted puede ver a futuro emocionantes actividades y prospectos excelentes y profesionales en un muy especial negocio familiar.<\/p>\n<\/div><\/div><\/div><\/div><div class=\"wpb_column vc_column_container us_custom_98d60a44 has_bg_color\"><div class=\"vc_column-inner\"><\/div><\/div><\/div><\/div><\/section><section class=\"l-section wpb_row height_large\"><div class=\"l-section-h i-cf\"><div class=\"g-cols vc_row via_grid cols_2 laptops-cols_inherit tablets-cols_inherit mobiles-cols_1 valign_middle type_default stacking_default\"><div class=\"wpb_column vc_column_container us_custom_df5f4c97 has_text_color\"><div class=\"vc_column-inner\"><div class=\"w-separator size_medium\"><\/div><div class=\"w-image align_none\"><div class=\"w-image-h\"><img decoding=\"async\" width=\"1024\" height=\"682\" src=\"https:\/\/www.wkv-ag.com\/wp-content\/uploads\/2022\/07\/IMG_4022-1024x682.jpg\" class=\"attachment-large size-large\" alt=\"\" loading=\"lazy\" srcset=\"https:\/\/www.wkv-ag.com\/wp-content\/uploads\/2022\/07\/IMG_4022-1024x682.jpg 1024w, https:\/\/www.wkv-ag.com\/wp-content\/uploads\/2022\/07\/IMG_4022-300x200.jpg 300w, https:\/\/www.wkv-ag.com\/wp-content\/uploads\/2022\/07\/IMG_4022-18x12.jpg 18w, https:\/\/www.wkv-ag.com\/wp-content\/uploads\/2022\/07\/IMG_4022-1536x1024.jpg 1536w, https:\/\/www.wkv-ag.com\/wp-content\/uploads\/2022\/07\/IMG_4022.jpg 2000w\" sizes=\"auto, (max-width: 1024px) 100vw, 1024px\" \/><\/div><\/div><div class=\"w-separator size_medium\"><\/div><div class=\"w-btn-wrapper align_justify\"><a class=\"w-btn us-btn-style_15 us_custom_492179a4\" target=\"_blank\" rel=\"nofollow\" href=\"https:\/\/www.wkv-ag.com\/es\/bewerbung\/\"><span class=\"w-btn-label\">Jetzt in 30 Sekunden bewerben!<\/span><\/a><\/div><\/div><\/div><div class=\"wpb_column vc_column_container\"><div class=\"vc_column-inner\"><h2 style=\"text-align: left\" class=\"vc_custom_heading vc_do_custom_heading us_custom_8b3d6790 translation-block\" >JUNTOS PARA UN FUTURO QUE VALE LA PENA VIVIR<\/h2><div class=\"wpb_text_column us_custom_8b3d6790 has_text_color\"><div class=\"wpb_wrapper\"><p>Asegure el futuro de nuestro planeta con energ\u00eda limpia. Desarrollando y manufacturando productos de alta tecnolog\u00eda con mano de obra Alemana y trabajando por el bienestar de nuestro planeta. Convirtiendo ideas en acciones y aprendiendo diariamente. Viva la experiencia del trabajo en equipo en un moderno negocio familiar mientras disfruta del estilo de vida de Baden-W\u00fcrttemberg y la belleza de la Selva Negra. Todo esto en un ambiente estable, atractivo, flexible y profesional. \u00bfSuena bien? Entonces convi\u00e9rtase en parte del equipo de WKV ahora. Ya sea entrenamiento vocacional, formaci\u00f3n dual, semestre de pr\u00e1ctica, proyecto o tesis; iniciar una carrera o hacerlo el siguiente paso en su carrera. Estamos ansiosos de conocerle.<\/p>\n<\/div><\/div><\/div><\/div><\/div><\/div><\/section><section class=\"l-section wpb_row height_large color_alternate\"><div class=\"l-section-h i-cf\"><div class=\"g-cols vc_row via_grid cols_2 laptops-cols_inherit tablets-cols_inherit mobiles-cols_1 valign_middle type_default stacking_default\"><div class=\"wpb_column vc_column_container us_custom_d5323bf5 has_text_color us_animate_this\"><div class=\"vc_column-inner\"><h2 style=\"text-align: left\" class=\"vc_custom_heading vc_do_custom_heading us_custom_cda6f729 translation-block\" >Trabajar donde otros hacen vacaciones.<\/h2><div class=\"wpb_text_column\"><div class=\"wpb_wrapper\"><p>La artesan\u00eda tiene una larga tradici\u00f3n en nuestra regi\u00f3n. La idea de calidad ha sido vivida desde siempre y con gran amor por el detalle. Capacitaci\u00f3n a fondo y una s\u00f3lida educaci\u00f3n proporciona dem\u00e1s una cuota elevada de creatividad.Esto es extremadamente importante para cualquier tipo deconstrucci\u00f3n de m\u00e1quinas especiales.<\/p>\n<\/div><\/div><\/div><\/div><div class=\"wpb_column vc_column_container us_custom_47474b22 us_animate_this\"><div class=\"vc_column-inner\"><div class=\"w-image has_ratio align_none\"><div class=\"w-image-h\"><div style=\"padding-bottom:56.25%\"><\/div><img decoding=\"async\" width=\"1024\" height=\"682\" src=\"https:\/\/www.wkv-ag.com\/wp-content\/uploads\/2022\/07\/Guatemala-SRR19-12-1024x682.jpg\" class=\"attachment-large size-large\" alt=\"\" loading=\"lazy\" \/><\/div><\/div><\/div><\/div><\/div><\/div><\/section>","protected":false},"excerpt":{"rendered":"IHRE KARRIERE BEI WKVGr\u00fcne Energie hat Zukunft. Freuen Sie sich bei der Wasserkraft Volk AG auf spannende Aufgaben und hervorragende berufliche und pers\u00f6nliche Perspektiven in einem Familienbetrieb der besonderen Art. Jetzt in 30 Sekunden bewerben!GEMEINSAM F\u00dcR EINE LEBENSWERTE ZUKUNFTMit sauberer Energie die Zukunft unseres Planeten sichern. High-Tech Produkte mit deutscher Handwerkskunst entwickeln, fertigen und rund...","protected":false},"author":1,"featured_media":0,"parent":0,"menu_order":0,"comment_status":"closed","ping_status":"closed","template":"","meta":{"_acf_changed":false,"inline_featured_image":false,"footnotes":""},"class_list":["post-8228","page","type-page","status-publish","hentry"],"acf":[],"_links":{"self":[{"href":"https:\/\/www.wkv-ag.com\/es\/wp-json\/wp\/v2\/pages\/8228","targetHints":{"allow":["GET"]}}],"collection":[{"href":"https:\/\/www.wkv-ag.com\/es\/wp-json\/wp\/v2\/pages"}],"about":[{"href":"https:\/\/www.wkv-ag.com\/es\/wp-json\/wp\/v2\/types\/page"}],"author":[{"embeddable":true,"href":"https:\/\/www.wkv-ag.com\/es\/wp-json\/wp\/v2\/users\/1"}],"replies":[{"embeddable":true,"href":"https:\/\/www.wkv-ag.com\/es\/wp-json\/wp\/v2\/comments?post=8228"}],"version-history":[{"count":177,"href":"https:\/\/www.wkv-ag.com\/es\/wp-json\/wp\/v2\/pages\/8228\/revisions"}],"predecessor-version":[{"id":10609,"href":"https:\/\/www.wkv-ag.com\/es\/wp-json\/wp\/v2\/pages\/8228\/revisions\/10609"}],"wp:attachment":[{"href":"https:\/\/www.wkv-ag.com\/es\/wp-json\/wp\/v2\/media?parent=8228"}],"curies":[{"name":"wp","href":"https:\/\/api.w.org\/{rel}","templated":true}]}}