{"id":8218,"date":"2022-06-28T08:23:10","date_gmt":"2022-06-28T06:23:10","guid":{"rendered":"https:\/\/wkv.idnty.de\/?page_id=8218"},"modified":"2022-09-19T10:36:16","modified_gmt":"2022-09-19T08:36:16","slug":"spare-parts","status":"publish","type":"page","link":"https:\/\/www.wkv-ag.com\/es\/spare-parts\/","title":{"rendered":"SPARE PARTS"},"content":{"rendered":"<section class=\"l-section wpb_row height_auto width_full color_alternate\"><div class=\"l-section-h i-cf\"><div class=\"g-cols vc_row via_grid cols_2-3 laptops-cols_inherit tablets-cols_inherit mobiles-cols_1 valign_middle type_default reversed stacking_default\"><div class=\"wpb_column vc_column_container us_custom_a4c16193\"><div class=\"vc_column-inner\"><h1 style=\"font-size: 45px;text-align: left\" class=\"vc_custom_heading vc_do_custom_heading us_custom_201bf81d\" >SERVICIO DE REPUESTOS<\/h1><div class=\"wpb_text_column\"><div class=\"wpb_wrapper\"><p>Siempre en \u00f3ptimas condiciones: Ei servicio profesional de WKV tambi\u00e9n incluye un mantenimiento regular de su central hidroel\u00e9ctrica y el fiable suministro de repuestos originales de WKV. Ah\u00f3rrese las molestias de optar por repuestos de baja calidad. Porque con WKV no solo la calidad superior de WKV est\u00e1 incluida en el precio, tambi\u00e9n la consejer\u00eda y soporte durante el reemplazo de componentes.<\/p>\n<\/div><\/div><\/div><\/div><div class=\"wpb_column vc_column_container us_custom_42e88a5e has_bg_color\"><div class=\"vc_column-inner\"><\/div><\/div><\/div><\/div><\/section><section class=\"l-section wpb_row height_large\"><div class=\"l-section-h i-cf\"><div class=\"g-cols vc_row via_grid cols_2 laptops-cols_inherit tablets-cols_inherit mobiles-cols_1 valign_middle type_default reversed stacking_default\"><div class=\"wpb_column vc_column_container us_custom_7e20fa79 us_animate_this\"><div class=\"vc_column-inner\"><div class=\"w-image has_ratio align_none\"><div class=\"w-image-h\"><div style=\"padding-bottom:56.25%\"><\/div><img decoding=\"async\" width=\"1024\" height=\"682\" src=\"https:\/\/www.wkv-ag.com\/wp-content\/uploads\/2022\/07\/WKV_Werkstatt2017_4154-1024x682.jpg\" class=\"attachment-large size-large\" alt=\"\" loading=\"lazy\" \/><\/div><\/div><\/div><\/div><div class=\"wpb_column vc_column_container us_custom_47474b22 us_animate_this\"><div class=\"vc_column-inner\"><h2 style=\"text-align: left\" class=\"vc_custom_heading vc_do_custom_heading us_custom_f2c91da2 translation-block\" id=\"anker1\">MUCHO M\u00c1S QUE SOLO REEMPLAZO<\/h2><div class=\"wpb_text_column\"><div class=\"wpb_wrapper\"><p>En WKV, nos orgullecemos de la robustez y la larga duraci\u00f3n de nuestras centrales hidroel\u00e9ctricas. Sin embargo, es inevitable que ciertos componentes tengan que ser reemplazados de vez en cuando debido al funcionamiento continuo. Para esto, usted se puede fiar de nuestro ecu\u00e1nime servicio de repuestos. Con los repuestos de WKV, usted puede estar seguro que cada componente encaja exactamente e impresiona con desempe\u00f1o y durabilidad. Si usted tiene consultas, nuestros expertos le asistir\u00e1n con consejer\u00eda y acciones, sin importar si usted reemplaza los componentes usted mismo o si nosotros efectuamos el reemplazo in situ. A\u00fan si su central hidroel\u00e9ctrica tiene 80 a\u00f1os.<\/p>\n<\/div><\/div><\/div><\/div><\/div><\/div><\/section><section class=\"l-section wpb_row height_large color_alternate\"><div class=\"l-section-h i-cf\"><div class=\"g-cols vc_row via_grid cols_2 laptops-cols_inherit tablets-cols_inherit mobiles-cols_1 valign_middle type_default stacking_default\"><div class=\"wpb_column vc_column_container us_custom_7e20fa79 us_animate_this\"><div class=\"vc_column-inner\"><h2 style=\"text-align: left\" class=\"vc_custom_heading vc_do_custom_heading us_custom_f2c91da2 translation-block\" >SUMINISTRO ASEGURADO DURANTE D\u00c9CADAS<\/h2><div class=\"wpb_text_column\"><div class=\"wpb_wrapper\"><p>Solo tiene que darnos una llamada o enviarnos un mensaje y usted recibir\u00e1 el componente apropiado de calidad original de parte de WKV tan pronto como sea posible. Nosotros mismos manufacturamos muchos repuestos en nuestros departamentos de acero y maquinado de metales. Con respecto a componentes de terceros, nos fiamos solamente de marcas con certificados de calidad. Por ejemplo, los reguladores de velocidad WKV est\u00e1n dise\u00f1ados para ser compatibles con versiones anteriores. Incluso despu\u00e9s de d\u00e9cadas, el intercambio es f\u00e1cil y no costoso. La promesa de WKV a nuestros clientes: Completa disponibilidad de repuestos durante toda la vida \u00fatil de su central hidroel\u00e9ctrica.<\/p>\n<\/div><\/div><\/div><\/div><div class=\"wpb_column vc_column_container us_custom_47474b22 us_animate_this\"><div class=\"vc_column-inner\"><div class=\"w-image has_ratio align_none\"><div class=\"w-image-h\"><div style=\"padding-bottom:56.25%\"><\/div><img decoding=\"async\" width=\"1024\" height=\"682\" src=\"https:\/\/www.wkv-ag.com\/wp-content\/uploads\/2022\/07\/WKV_Werkstatt2017_4169-1024x682.jpg\" class=\"attachment-large size-large\" alt=\"\" loading=\"lazy\" \/><\/div><\/div><\/div><\/div><\/div><\/div><\/section><section class=\"l-section wpb_row height_large\"><div class=\"l-section-h i-cf\"><div class=\"g-cols vc_row via_grid cols_2 laptops-cols_inherit tablets-cols_inherit mobiles-cols_1 valign_middle type_default reversed stacking_default\"><div class=\"wpb_column vc_column_container us_custom_7e20fa79 us_animate_this\"><div class=\"vc_column-inner\"><div class=\"w-image has_ratio align_none\"><div class=\"w-image-h\"><div style=\"padding-bottom:56.25%\"><\/div><img decoding=\"async\" width=\"1024\" height=\"576\" src=\"https:\/\/www.wkv-ag.com\/wp-content\/uploads\/2022\/07\/DSC09102-1024x576.jpg\" class=\"attachment-large size-large\" alt=\"\" loading=\"lazy\" \/><\/div><\/div><\/div><\/div><div class=\"wpb_column vc_column_container us_custom_47474b22 us_animate_this\"><div class=\"vc_column-inner\"><h2 style=\"text-align: left\" class=\"vc_custom_heading vc_do_custom_heading us_custom_f2c91da2 translation-block\" >MANTENIMIENTO DE LA CENTRAL IN SITU<\/h2><div class=\"wpb_text_column\"><div class=\"wpb_wrapper\"><p>Mantenimiento regular de la central hidroel\u00e9ctrica realizado por nuestros equipos de t\u00e9cnicos entrenados asegura que los tiempos de inactividad de la central se reduzcan a un m\u00ednimo. Esto tambi\u00e9n incluye complejos trabajos de mantenimiento y actualizaciones, como tambi\u00e9n la restauraci\u00f3n de generadores s\u00edncronos en nuestra f\u00e1brica en Alemania.<\/p>\n<\/div><\/div><\/div><\/div><\/div><\/div><\/section><section class=\"l-section wpb_row height_large color_alternate\"><div class=\"l-section-h i-cf\"><div class=\"g-cols vc_row via_grid cols_2 laptops-cols_inherit tablets-cols_inherit mobiles-cols_1 valign_middle type_default reversed stacking_default\"><div class=\"wpb_column vc_column_container us_custom_7e20fa79 us_animate_this\"><div class=\"vc_column-inner\"><h2 style=\"text-align: left\" class=\"vc_custom_heading vc_do_custom_heading us_custom_f2c91da2 translation-block\" >WARTUNG VON GENERATOREN<br>\r\nIN GUTACH<\/h2><div class=\"wpb_text_column\"><div class=\"wpb_wrapper\"><p>Esto tambi\u00e9n incluye trabajos complejos de mantenimiento y actualizaciones, como la revisi\u00f3n de generadores s\u00edncronos en nuestra f\u00e1brica en Alemania.<\/p>\n<\/div><\/div><\/div><\/div><div class=\"wpb_column vc_column_container us_custom_47474b22 us_animate_this\"><div class=\"vc_column-inner\"><div class=\"w-image has_ratio align_none\"><div class=\"w-image-h\"><div style=\"padding-bottom:56.25%\"><\/div><img decoding=\"async\" width=\"1024\" height=\"682\" src=\"https:\/\/www.wkv-ag.com\/wp-content\/uploads\/2022\/07\/WKV_Werkstatt2017_4146-1024x682.jpg\" class=\"attachment-large size-large\" alt=\"\" loading=\"lazy\" \/><\/div><\/div><\/div><\/div><\/div><\/div><\/section>","protected":false},"excerpt":{"rendered":"ERSATZTEIL-SERVICEImmer in Bestform: Zum professionellen WKV Service geh\u00f6ren auch die regelm\u00e4\u00dfige Wartung Ihrer Wasserkraftanlage und die zuverl\u00e4ssige Versorgung mit originalen WKV-Ersatzteilen. Sparen Sie sich vorprogrammierten \u00c4rger mit minderwertigen Teilen. Denn bei WKV ist nicht nur \u00fcberlegene WKV-Qualit\u00e4t, sondern auch Beratung und Unterst\u00fctzung beim Austausch im Preis inbegriffen. VIEL MEHR ALS NUR ERSATZWir bei WKV sind...","protected":false},"author":1,"featured_media":0,"parent":0,"menu_order":0,"comment_status":"closed","ping_status":"closed","template":"","meta":{"_acf_changed":false,"inline_featured_image":false,"footnotes":""},"class_list":["post-8218","page","type-page","status-publish","hentry"],"acf":[],"_links":{"self":[{"href":"https:\/\/www.wkv-ag.com\/es\/wp-json\/wp\/v2\/pages\/8218","targetHints":{"allow":["GET"]}}],"collection":[{"href":"https:\/\/www.wkv-ag.com\/es\/wp-json\/wp\/v2\/pages"}],"about":[{"href":"https:\/\/www.wkv-ag.com\/es\/wp-json\/wp\/v2\/types\/page"}],"author":[{"embeddable":true,"href":"https:\/\/www.wkv-ag.com\/es\/wp-json\/wp\/v2\/users\/1"}],"replies":[{"embeddable":true,"href":"https:\/\/www.wkv-ag.com\/es\/wp-json\/wp\/v2\/comments?post=8218"}],"version-history":[{"count":19,"href":"https:\/\/www.wkv-ag.com\/es\/wp-json\/wp\/v2\/pages\/8218\/revisions"}],"predecessor-version":[{"id":9644,"href":"https:\/\/www.wkv-ag.com\/es\/wp-json\/wp\/v2\/pages\/8218\/revisions\/9644"}],"wp:attachment":[{"href":"https:\/\/www.wkv-ag.com\/es\/wp-json\/wp\/v2\/media?parent=8218"}],"curies":[{"name":"wp","href":"https:\/\/api.w.org\/{rel}","templated":true}]}}