{"id":8186,"date":"2022-06-27T11:56:14","date_gmt":"2022-06-27T09:56:14","guid":{"rendered":"https:\/\/wkv.idnty.de\/?page_id=8186"},"modified":"2023-08-30T08:45:57","modified_gmt":"2023-08-30T06:45:57","slug":"support","status":"publish","type":"page","link":"https:\/\/www.wkv-ag.com\/es\/support\/","title":{"rendered":"SOPORTE"},"content":{"rendered":"<section class=\"l-section wpb_row height_auto width_full color_alternate\"><div class=\"l-section-h i-cf\"><div class=\"g-cols vc_row via_grid cols_2-3 laptops-cols_inherit tablets-cols_inherit mobiles-cols_1 valign_middle type_default reversed stacking_default\"><div class=\"wpb_column vc_column_container us_custom_0a0b27bf\"><div class=\"vc_column-inner\"><h1 style=\"font-size: 45px;text-align: left\" class=\"vc_custom_heading vc_do_custom_heading us_custom_1c0b4cdd\" >SOPORTE<\/h1><div class=\"wpb_text_column\"><div class=\"wpb_wrapper\"><p class=\"translation-block\">Una central hidroel\u00e9ctrica solamente es rentable a largo plazo si la disponibilidad y el desempe\u00f1o est\u00e1n asegurados a lo largo de toda la vida \u00fatil de la central. Aqu\u00ed WKV acumula puntos con un <b>Servicio de Primera Clase a Nivel Mundial.<\/b><\/p>\n<\/div><\/div><\/div><\/div><div class=\"wpb_column vc_column_container us_custom_62389aae has_bg_color\"><div class=\"vc_column-inner\"><\/div><\/div><\/div><\/div><\/section><section class=\"l-section wpb_row height_large parallax_ver\" id=\"second\"><div class=\"l-section-overlay\" style=\"background:rgba(255,255,255,0.75)\"><\/div><div class=\"l-section-h i-cf\"><div class=\"g-cols vc_row via_grid cols_2-1 laptops-cols_inherit tablets-cols_inherit mobiles-cols_1 valign_top type_default stacking_default\"><div class=\"wpb_column vc_column_container\"><div class=\"vc_column-inner\"><h2 style=\"text-align: left\" class=\"vc_custom_heading vc_do_custom_heading us_custom_cda6f729\" id=\"anker1\">ESTAMOS SIEMPRE AQU\u00cd PARA USTED<\/h2><div class=\"wpb_text_column\"><div class=\"wpb_wrapper\"><p>En el momento en que su central hidroel\u00e9ctrica comience a producir los primeros kilowatts de potencia, un experimentado equipo de servicio en Wasserkraft Volk AG se hace cargo del soporte. Ya sea que usted tenga consultas respecto a un \u00f3ptimo control de demanda de potencia o problemas t\u00e9cnicos, la soluci\u00f3n nunca se encuentra m\u00e1s lejana que el tel\u00e9fono m\u00e1s cercano. \u00bfLe gustar\u00eda tener soporte 24\/7? Entonces nuestro Premium Support es la opci\u00f3n apropiada para usted. Incluye la muy pr\u00e1ctica WKV app con video-chat, diagn\u00f3stico remoto, transferencia de datos y mucho m\u00e1s.<\/p>\n<\/div><\/div><div class=\"w-separator size_small\"><\/div><\/div><\/div><div class=\"wpb_column vc_column_container\"><div class=\"vc_column-inner\"><\/div><\/div><\/div><\/div><\/section><section class=\"l-section wpb_row height_auto color_alternate\"><div class=\"l-section-h i-cf\"><div class=\"g-cols vc_row via_grid cols_2-1 laptops-cols_inherit tablets-cols_inherit mobiles-cols_1 valign_middle type_default reversed stacking_default\"><div class=\"wpb_column vc_column_container\"><div class=\"vc_column-inner\"><div class=\"w-separator size_large\"><\/div><h2 style=\"text-align: left\" class=\"vc_custom_heading vc_do_custom_heading us_custom_cda6f729 translation-block\" >DESCUBRA EL VERDADERO SOPORTE MULTI-NIVEL<\/h2><div class=\"w-separator size_small\"><\/div><div class=\"wpb_text_column\"><div class=\"wpb_wrapper\"><p>Usted ser\u00e1 atendido por un dedicado equipo de ingenier\u00eda que conoce las especificaciones de su equipo electromec\u00e1nico muy bien. Para que la energ\u00eda siempre pueda fluir fiablemente.<\/p>\n<\/div><\/div><div class=\"w-separator size_small\"><\/div><\/div><\/div><div class=\"wpb_column vc_column_container\"><div class=\"vc_column-inner\"><\/div><\/div><\/div><\/div><\/section><section class=\"l-section wpb_row height_large color_alternate\"><div class=\"l-section-h i-cf\"><div class=\"g-cols vc_row via_grid cols_2 laptops-cols_inherit tablets-cols_inherit mobiles-cols_1 valign_top type_default stacking_default\"><div class=\"wpb_column vc_column_container us_custom_7e20fa79 us_animate_this\"><div class=\"vc_column-inner\"><div class=\"w-image has_ratio align_none\"><div class=\"w-image-h\"><div style=\"padding-bottom:56.25%\"><\/div><img decoding=\"async\" width=\"1024\" height=\"768\" src=\"https:\/\/www.wkv-ag.com\/wp-content\/uploads\/2022\/07\/IMG_4682-1024x768.jpg\" class=\"attachment-large size-large\" alt=\"\" loading=\"lazy\" \/><\/div><\/div><\/div><\/div><div class=\"wpb_column vc_column_container us_custom_47474b22 us_animate_this\"><div class=\"vc_column-inner\"><h2 style=\"text-align: left\" class=\"vc_custom_heading vc_do_custom_heading us_custom_cda6f729 translation-block\" >SOPORTE B\u00c1SICO<br>(BASIC SUPPORT)<\/h2><div class=\"wpb_text_column\"><div class=\"wpb_wrapper\"><p>Incluso sin un acuerdo de servicio especial, nuestro soporte se encuentra a su lado con las instrucciones y acciones para mantener su central hidroel\u00e9ctrica en \u00f3ptimas condiciones:<\/p>\n<ul>\n<li class=\"translation-block\">Soporte est\u00e1ndar de WKV<b>para todos los clientes<\/b><\/li>\n<li>Disponibles de Lunes a Viernes desde las 8:00 am hasta las 4:00 pm CET\/CEST<\/li>\n<li>Soporte v\u00eda tel\u00e9fono y correo electr\u00f3nico<\/li>\n<\/ul>\n<\/div><\/div><\/div><\/div><\/div><\/div><\/section><section class=\"l-section wpb_row height_large color_alternate\"><div class=\"l-section-h i-cf\"><div class=\"g-cols vc_row via_grid cols_2 laptops-cols_inherit tablets-cols_inherit mobiles-cols_1 valign_top type_default stacking_default\"><div class=\"wpb_column vc_column_container us_custom_7e20fa79 us_animate_this\"><div class=\"vc_column-inner\"><h2 style=\"text-align: left\" class=\"vc_custom_heading vc_do_custom_heading us_custom_cda6f729 translation-block\" >SOPORTE PREMIUM<br>(PREMIUM SUPPORT)<\/h2><div class=\"wpb_text_column\"><div class=\"wpb_wrapper\"><p>El servicio extra que vale la pena: Opte por la ayuda competente a tiempo completo y por ende reducci\u00f3n en los tiempos de inactividad:<\/p>\n<ul>\n<li>El equipo de servicio de WKV est\u00e1 disponible para usted 24\/7<\/li>\n<li>Prioridad en procesar su requisici\u00f3n<\/li>\n<li>Soporte en l\u00ednea con la WKVliveguard App<\/li>\n<li>Acceso remoto a su sistema para una r\u00e1pida soluci\u00f3n de problemas<\/li>\n<li>De ser necesario, se parte de inmediato para trabajos in situ<\/li>\n<\/ul>\n<\/div><\/div><\/div><\/div><div class=\"wpb_column vc_column_container us_custom_47474b22 us_animate_this\"><div class=\"vc_column-inner\"><div class=\"w-image align_none\"><div class=\"w-image-h\"><img decoding=\"async\" width=\"800\" height=\"501\" src=\"https:\/\/www.wkv-ag.com\/wp-content\/uploads\/2023\/08\/2022-07-06_LOGO_WKV-Support-App_ohne_WKV-800x501.jpg\" class=\"attachment-us_800_800 size-us_800_800\" alt=\"\" loading=\"lazy\" srcset=\"https:\/\/www.wkv-ag.com\/wp-content\/uploads\/2023\/08\/2022-07-06_LOGO_WKV-Support-App_ohne_WKV-800x501.jpg 800w, https:\/\/www.wkv-ag.com\/wp-content\/uploads\/2023\/08\/2022-07-06_LOGO_WKV-Support-App_ohne_WKV-300x188.jpg 300w, https:\/\/www.wkv-ag.com\/wp-content\/uploads\/2023\/08\/2022-07-06_LOGO_WKV-Support-App_ohne_WKV-18x12.jpg 18w, https:\/\/www.wkv-ag.com\/wp-content\/uploads\/2023\/08\/2022-07-06_LOGO_WKV-Support-App_ohne_WKV-500x313.jpg 500w, https:\/\/www.wkv-ag.com\/wp-content\/uploads\/2023\/08\/2022-07-06_LOGO_WKV-Support-App_ohne_WKV-400x250.jpg 400w, https:\/\/www.wkv-ag.com\/wp-content\/uploads\/2023\/08\/2022-07-06_LOGO_WKV-Support-App_ohne_WKV-600x376.jpg 600w, https:\/\/www.wkv-ag.com\/wp-content\/uploads\/2023\/08\/2022-07-06_LOGO_WKV-Support-App_ohne_WKV-150x94.jpg 150w, https:\/\/www.wkv-ag.com\/wp-content\/uploads\/2023\/08\/2022-07-06_LOGO_WKV-Support-App_ohne_WKV-100x63.jpg 100w, https:\/\/www.wkv-ag.com\/wp-content\/uploads\/2023\/08\/2022-07-06_LOGO_WKV-Support-App_ohne_WKV-80x50.jpg 80w, https:\/\/www.wkv-ag.com\/wp-content\/uploads\/2023\/08\/2022-07-06_LOGO_WKV-Support-App_ohne_WKV-50x31.jpg 50w, https:\/\/www.wkv-ag.com\/wp-content\/uploads\/2023\/08\/2022-07-06_LOGO_WKV-Support-App_ohne_WKV.jpg 1024w\" sizes=\"auto, (max-width: 800px) 100vw, 800px\" \/><\/div><\/div><div class=\"w-separator size_medium\"><\/div><div class=\"w-image align_none\"><div class=\"w-image-h\"><img decoding=\"async\" width=\"2645\" height=\"384\" src=\"https:\/\/www.wkv-ag.com\/wp-content\/uploads\/2023\/08\/WKV_Liveguard_Logo_weiss_RGB.png\" class=\"attachment-full size-full\" alt=\"\" loading=\"lazy\" srcset=\"https:\/\/www.wkv-ag.com\/wp-content\/uploads\/2023\/08\/WKV_Liveguard_Logo_weiss_RGB.png 2645w, https:\/\/www.wkv-ag.com\/wp-content\/uploads\/2023\/08\/WKV_Liveguard_Logo_weiss_RGB-300x44.png 300w, https:\/\/www.wkv-ag.com\/wp-content\/uploads\/2023\/08\/WKV_Liveguard_Logo_weiss_RGB-1024x149.png 1024w, https:\/\/www.wkv-ag.com\/wp-content\/uploads\/2023\/08\/WKV_Liveguard_Logo_weiss_RGB-18x3.png 18w, https:\/\/www.wkv-ag.com\/wp-content\/uploads\/2023\/08\/WKV_Liveguard_Logo_weiss_RGB-1536x223.png 1536w, https:\/\/www.wkv-ag.com\/wp-content\/uploads\/2023\/08\/WKV_Liveguard_Logo_weiss_RGB-500x73.png 500w, https:\/\/www.wkv-ag.com\/wp-content\/uploads\/2023\/08\/WKV_Liveguard_Logo_weiss_RGB-400x58.png 400w, https:\/\/www.wkv-ag.com\/wp-content\/uploads\/2023\/08\/WKV_Liveguard_Logo_weiss_RGB-600x87.png 600w, https:\/\/www.wkv-ag.com\/wp-content\/uploads\/2023\/08\/WKV_Liveguard_Logo_weiss_RGB-800x116.png 800w, https:\/\/www.wkv-ag.com\/wp-content\/uploads\/2023\/08\/WKV_Liveguard_Logo_weiss_RGB-150x22.png 150w, https:\/\/www.wkv-ag.com\/wp-content\/uploads\/2023\/08\/WKV_Liveguard_Logo_weiss_RGB-100x15.png 100w, https:\/\/www.wkv-ag.com\/wp-content\/uploads\/2023\/08\/WKV_Liveguard_Logo_weiss_RGB-80x12.png 80w, https:\/\/www.wkv-ag.com\/wp-content\/uploads\/2023\/08\/WKV_Liveguard_Logo_weiss_RGB-50x7.png 50w\" sizes=\"auto, (max-width: 2645px) 100vw, 2645px\" \/><\/div><\/div><\/div><\/div><\/div><\/div><\/section><section class=\"l-section wpb_row height_large\" id=\"second\"><div class=\"l-section-h i-cf\"><div class=\"g-cols vc_row via_grid cols_1 laptops-cols_inherit tablets-cols_inherit mobiles-cols_1 valign_top type_default stacking_default\"><div class=\"wpb_column vc_column_container\"><div class=\"vc_column-inner\"><div class=\"w-image align_none\"><div class=\"w-image-h\"><img decoding=\"async\" width=\"800\" height=\"116\" src=\"https:\/\/www.wkv-ag.com\/wp-content\/uploads\/2023\/08\/WKV_Liveguard_Logo_blau_RGB-800x116.png\" class=\"attachment-us_800_800 size-us_800_800\" alt=\"\" loading=\"lazy\" srcset=\"https:\/\/www.wkv-ag.com\/wp-content\/uploads\/2023\/08\/WKV_Liveguard_Logo_blau_RGB-800x116.png 800w, https:\/\/www.wkv-ag.com\/wp-content\/uploads\/2023\/08\/WKV_Liveguard_Logo_blau_RGB-300x44.png 300w, https:\/\/www.wkv-ag.com\/wp-content\/uploads\/2023\/08\/WKV_Liveguard_Logo_blau_RGB-1024x149.png 1024w, https:\/\/www.wkv-ag.com\/wp-content\/uploads\/2023\/08\/WKV_Liveguard_Logo_blau_RGB-18x3.png 18w, https:\/\/www.wkv-ag.com\/wp-content\/uploads\/2023\/08\/WKV_Liveguard_Logo_blau_RGB-1536x223.png 1536w, https:\/\/www.wkv-ag.com\/wp-content\/uploads\/2023\/08\/WKV_Liveguard_Logo_blau_RGB-500x73.png 500w, https:\/\/www.wkv-ag.com\/wp-content\/uploads\/2023\/08\/WKV_Liveguard_Logo_blau_RGB-400x58.png 400w, https:\/\/www.wkv-ag.com\/wp-content\/uploads\/2023\/08\/WKV_Liveguard_Logo_blau_RGB-600x87.png 600w, https:\/\/www.wkv-ag.com\/wp-content\/uploads\/2023\/08\/WKV_Liveguard_Logo_blau_RGB-150x22.png 150w, https:\/\/www.wkv-ag.com\/wp-content\/uploads\/2023\/08\/WKV_Liveguard_Logo_blau_RGB-100x15.png 100w, https:\/\/www.wkv-ag.com\/wp-content\/uploads\/2023\/08\/WKV_Liveguard_Logo_blau_RGB-80x12.png 80w, https:\/\/www.wkv-ag.com\/wp-content\/uploads\/2023\/08\/WKV_Liveguard_Logo_blau_RGB-50x7.png 50w\" sizes=\"auto, (max-width: 800px) 100vw, 800px\" \/><\/div><\/div><div class=\"w-separator size_small\"><\/div><div class=\"wpb_text_column\"><div class=\"wpb_wrapper\"><p>Manual de instrucciones, herramienta para diagn\u00f3sticos y un empleado personal de servicio en su bolsillo: La WKVliveguard App facilita el poner en funcionamiento su central hidroel\u00e9ctrica de manera segura y econ\u00f3mica.<br \/>\nExclusivamente para clientes con PREMIUM SUPPORT.<\/p>\n<\/div><\/div><div class=\"w-separator size_small\"><\/div><div class=\"g-cols wpb_row via_grid cols_2 laptops-cols_inherit tablets-cols_inherit mobiles-cols_1 valign_top type_default stacking_default\" style=\"--columns-gap:3rem;\"><div class=\"wpb_column vc_column_container us_custom_7e20fa79 us_animate_this\"><div class=\"vc_column-inner\"><div class=\"w-image align_none\"><div class=\"w-image-h\"><img decoding=\"async\" width=\"1024\" height=\"586\" src=\"https:\/\/www.wkv-ag.com\/wp-content\/uploads\/2022\/07\/WKV-Support_Bild1-1024x586.jpg\" class=\"attachment-large size-large\" alt=\"\" loading=\"lazy\" srcset=\"https:\/\/www.wkv-ag.com\/wp-content\/uploads\/2022\/07\/WKV-Support_Bild1-1024x586.jpg 1024w, https:\/\/www.wkv-ag.com\/wp-content\/uploads\/2022\/07\/WKV-Support_Bild1-300x172.jpg 300w, https:\/\/www.wkv-ag.com\/wp-content\/uploads\/2022\/07\/WKV-Support_Bild1-1536x879.jpg 1536w, https:\/\/www.wkv-ag.com\/wp-content\/uploads\/2022\/07\/WKV-Support_Bild1.jpg 1951w\" sizes=\"auto, (max-width: 1024px) 100vw, 1024px\" \/><\/div><\/div><\/div><\/div><div class=\"wpb_column vc_column_container\"><div class=\"vc_column-inner\"><div class=\"w-image us_custom_47474b22 us_animate_this align_none\"><div class=\"w-image-h\"><img decoding=\"async\" width=\"1024\" height=\"724\" src=\"https:\/\/www.wkv-ag.com\/wp-content\/uploads\/2022\/07\/WKV-Support_Bild2-1024x724.jpg\" class=\"attachment-large size-large\" alt=\"\" loading=\"lazy\" srcset=\"https:\/\/www.wkv-ag.com\/wp-content\/uploads\/2022\/07\/WKV-Support_Bild2-1024x724.jpg 1024w, https:\/\/www.wkv-ag.com\/wp-content\/uploads\/2022\/07\/WKV-Support_Bild2-300x212.jpg 300w, https:\/\/www.wkv-ag.com\/wp-content\/uploads\/2022\/07\/WKV-Support_Bild2-1536x1086.jpg 1536w, https:\/\/www.wkv-ag.com\/wp-content\/uploads\/2022\/07\/WKV-Support_Bild2.jpg 1933w\" sizes=\"auto, (max-width: 1024px) 100vw, 1024px\" \/><\/div><\/div><\/div><\/div><\/div><\/div><\/div><\/div><\/div><\/section><section class=\"l-section wpb_row height_large color_alternate\"><div class=\"l-section-h i-cf\"><div class=\"g-cols vc_row via_grid cols_2 laptops-cols_inherit tablets-cols_inherit mobiles-cols_1 valign_middle type_default stacking_default\" style=\"--columns-gap:5rem;\"><div class=\"wpb_column vc_column_container us_custom_7e20fa79 us_animate_this\"><div class=\"vc_column-inner\"><h2 style=\"text-align: left\" class=\"vc_custom_heading vc_do_custom_heading us_custom_cda6f729 translation-block\" >PRODUCTO ENTRENAMIENTO PARA EL USUARIO<\/h2><div class=\"wpb_text_column\"><div class=\"wpb_wrapper\"><p>Los expertos de WKV entrenan a los operadores de la central hidroel\u00e9ctrica durante la puesta en marcha in situ y simulan un funcionamiento pr\u00e1ctico a detalle. Seguido de esto, el personal de la central hidroel\u00e9ctrica ser\u00e1 independientemente capaz de poner en funcionamiento la central y realizar trabajos de mantenimiento. Las centrales hidroel\u00e9ctricas WKV son monitoreadas y controladas de manera completamente autom\u00e1tica. Como resultado, una ligera intervenci\u00f3n manual ser\u00e1 ocasionalmente requerida. Adicionalmente, la central hidroel\u00e9ctrica est\u00e1 dise\u00f1ada para una larga vida \u00fatil y bajos requerimientos de mantenimiento. Si usted tiene consultas, el manual de instrucciones de WKV creado individualmente para su central o el equipo de soporte de WKV le asistir\u00e1.<\/p>\n<\/div><\/div><\/div><\/div><div class=\"wpb_column vc_column_container us_custom_47474b22 us_animate_this\"><div class=\"vc_column-inner\"><div class=\"w-image has_ratio align_none\"><div class=\"w-image-h\"><div style=\"padding-bottom:56.25%\"><\/div><img decoding=\"async\" width=\"1024\" height=\"690\" src=\"https:\/\/www.wkv-ag.com\/wp-content\/uploads\/2022\/08\/367-1024x690.jpg\" class=\"attachment-large size-large\" alt=\"\" loading=\"lazy\" \/><\/div><\/div><\/div><\/div><\/div><\/div><\/section>","protected":false},"excerpt":{"rendered":"SUPPORTEin Wasserkraftwerk ist erst dann dauerhaft rentabel, wenn Betriebsbereitschaft und Leistung \u00fcber den gesamten Anlagenlebenszyklus gesichert sind. Hier punktet WKV mit First Class Support weltweit. JEDERZEIT F\u00dcR SIE DASobald Ihre Anlage die ersten Kilowatt Leistung produziert, \u00fcbernimmt das erfahrene Service-Team der Wasserkraft Volk AG die Betreuung. Ob Fragen zur optimalen Laststeuerung oder technische Probleme, die...","protected":false},"author":1,"featured_media":0,"parent":0,"menu_order":0,"comment_status":"closed","ping_status":"closed","template":"","meta":{"_acf_changed":false,"inline_featured_image":false,"footnotes":""},"class_list":["post-8186","page","type-page","status-publish","hentry"],"acf":[],"_links":{"self":[{"href":"https:\/\/www.wkv-ag.com\/es\/wp-json\/wp\/v2\/pages\/8186","targetHints":{"allow":["GET"]}}],"collection":[{"href":"https:\/\/www.wkv-ag.com\/es\/wp-json\/wp\/v2\/pages"}],"about":[{"href":"https:\/\/www.wkv-ag.com\/es\/wp-json\/wp\/v2\/types\/page"}],"author":[{"embeddable":true,"href":"https:\/\/www.wkv-ag.com\/es\/wp-json\/wp\/v2\/users\/1"}],"replies":[{"embeddable":true,"href":"https:\/\/www.wkv-ag.com\/es\/wp-json\/wp\/v2\/comments?post=8186"}],"version-history":[{"count":72,"href":"https:\/\/www.wkv-ag.com\/es\/wp-json\/wp\/v2\/pages\/8186\/revisions"}],"predecessor-version":[{"id":10138,"href":"https:\/\/www.wkv-ag.com\/es\/wp-json\/wp\/v2\/pages\/8186\/revisions\/10138"}],"wp:attachment":[{"href":"https:\/\/www.wkv-ag.com\/es\/wp-json\/wp\/v2\/media?parent=8186"}],"curies":[{"name":"wp","href":"https:\/\/api.w.org\/{rel}","templated":true}]}}