{"id":8152,"date":"2022-06-24T14:52:28","date_gmt":"2022-06-24T12:52:28","guid":{"rendered":"https:\/\/wkv.idnty.de\/?page_id=8152"},"modified":"2022-09-19T10:33:35","modified_gmt":"2022-09-19T08:33:35","slug":"schaltanlagen-und-transformatoren","status":"publish","type":"page","link":"https:\/\/www.wkv-ag.com\/es\/schaltanlagen-und-transformatoren\/","title":{"rendered":"PANELES DE APARAMENTA Y TRANSFORMADORES"},"content":{"rendered":"<section class=\"l-section wpb_row height_auto width_full color_alternate\"><div class=\"l-section-h i-cf\"><div class=\"g-cols vc_row via_grid cols_2-3 laptops-cols_inherit tablets-cols_inherit mobiles-cols_1 valign_middle type_default reversed stacking_default\"><div class=\"wpb_column vc_column_container us_custom_37bacb63\"><div class=\"vc_column-inner\"><h1 style=\"font-size: 45px;text-align: left\" class=\"vc_custom_heading vc_do_custom_heading us_custom_a08b98be\" >PANELES DE APARAMENTA Y TRANSFORMADORES<\/h1><div class=\"wpb_text_column\"><div class=\"wpb_wrapper\"><p>Con\u00e9ctese a la red de distribuci\u00f3n de manera r\u00e1pida y segura utilizando los paneles de aparamenta de media tensi\u00f3n con tecnolog\u00eda de vanguardia.<\/p>\n<\/div><\/div><\/div><\/div><div class=\"wpb_column vc_column_container us_custom_c0fb760b has_bg_color\"><div class=\"vc_column-inner\"><\/div><\/div><\/div><\/div><\/section><section class=\"l-section wpb_row height_large\" id=\"second\"><div class=\"l-section-h i-cf\"><div class=\"g-cols vc_row via_grid cols_2-1 laptops-cols_inherit tablets-cols_inherit mobiles-cols_1 valign_top type_default stacking_default\"><div class=\"wpb_column vc_column_container\"><div class=\"vc_column-inner\"><h2 style=\"text-align: left\" class=\"vc_custom_heading vc_do_custom_heading us_custom_cda6f729\" >PERMANEZCA RELAJADO<\/h2><div class=\"w-separator size_small\"><\/div><div class=\"wpb_text_column\"><div class=\"wpb_wrapper\"><p class=\"translation-block\">Los \u201c\u00faltimos metros\u201d previo a llegar a la red de distribuci\u00f3n son usualmente los decisivos. Porque usted no puede comprometer el suministro de energ\u00eda aqu\u00ed, WKV AG manufactura en casa, por completo, la tecnolog\u00eda de control y manejo. Ya sean paneles de aparamenta de media tensi\u00f3n o una subestaci\u00f3n de alto voltaje con una arquitectura compleja: con nosotros usted est\u00e1 t\u00e9cnica y econ\u00f3micamente en el lado seguro.<\/p>\n<\/div><\/div><div class=\"w-separator size_small\"><\/div><\/div><\/div><div class=\"wpb_column vc_column_container\"><div class=\"vc_column-inner\"><\/div><\/div><\/div><\/div><\/section><section class=\"l-section wpb_row height_large color_alternate\"><div class=\"l-section-h i-cf\"><div class=\"g-cols vc_row via_grid cols_1 laptops-cols_inherit tablets-cols_inherit mobiles-cols_1 valign_middle type_default stacking_default\"><div class=\"wpb_column vc_column_container\"><div class=\"vc_column-inner\"><h2 style=\"text-align: left\" class=\"vc_custom_heading vc_do_custom_heading us_custom_d8cab424 translation-block\" >SOLUCIONES ALL-IN-ONE PARA<br> ALTA\/MEDIA\/BAJA TENSI\u00d3N<\/h2><div class=\"w-separator size_small\"><\/div><div class=\"g-cols wpb_row via_grid cols_2 laptops-cols_inherit tablets-cols_inherit mobiles-cols_1 valign_middle type_default reversed stacking_default\" style=\"--columns-gap:3rem;\"><div class=\"wpb_column vc_column_container us_custom_7e20fa79 us_animate_this\"><div class=\"vc_column-inner\"><div class=\"w-slider style_none fit_cover nav_none count_4\"><div class=\"w-slider-h\"><div class=\"royalSlider\"><div class=\"rsContent\"><a class=\"rsImg\" data-rsw=\"1024\" data-rsh=\"577\" href=\"https:\/\/www.wkv-ag.com\/wp-content\/uploads\/2022\/07\/Hochspannungsfeld-1024x577.jpg\"><span data-alt=\"\"><\/span><\/a><\/div><div class=\"rsContent\"><a class=\"rsImg\" data-rsw=\"1024\" data-rsh=\"576\" href=\"https:\/\/www.wkv-ag.com\/wp-content\/uploads\/2022\/07\/2019-06-07-17.30.20-1024x576.jpg\"><span data-alt=\"\"><\/span><\/a><\/div><div class=\"rsContent\"><a class=\"rsImg\" data-rsw=\"1024\" data-rsh=\"577\" href=\"https:\/\/www.wkv-ag.com\/wp-content\/uploads\/2022\/07\/DSC_0843-1024x577.jpg\"><span data-alt=\"\"><\/span><\/a><\/div><div class=\"rsContent\"><a class=\"rsImg\" data-rsw=\"1024\" data-rsh=\"768\" href=\"https:\/\/www.wkv-ag.com\/wp-content\/uploads\/2022\/07\/P1080946-1024x768.jpg\"><span data-alt=\"\"><\/span><\/a><\/div><\/div><img decoding=\"async\" src=\"https:\/\/www.wkv-ag.com\/wp-content\/uploads\/2022\/07\/Hochspannungsfeld-1024x577.jpg\" width=\"1024\" height=\"577\" alt loading=\"lazy\"><\/div><div class=\"w-slider-json\" onclick='return {&quot;autoScaleSlider&quot;:true,&quot;addActiveClass&quot;:true,&quot;loop&quot;:true,&quot;fadeInLoadedSlide&quot;:false,&quot;slidesSpacing&quot;:0,&quot;imageScalePadding&quot;:0,&quot;numImagesToPreload&quot;:2,&quot;arrowsNav&quot;:true,&quot;arrowsNavAutoHide&quot;:false,&quot;transitionType&quot;:&quot;move&quot;,&quot;transitionSpeed&quot;:250,&quot;block&quot;:{&quot;moveEffect&quot;:&quot;none&quot;,&quot;speed&quot;:300},&quot;thumbs&quot;:{&quot;fitInViewport&quot;:false,&quot;firstMargin&quot;:false,&quot;spacing&quot;:4},&quot;controlNavigation&quot;:&quot;none&quot;,&quot;autoScaleSliderWidth&quot;:1024,&quot;autoScaleSliderHeight&quot;:577}'><\/div><\/div><\/div><\/div><div class=\"wpb_column vc_column_container us_custom_47474b22 us_animate_this\"><div class=\"vc_column-inner\"><div class=\"wpb_text_column\"><div class=\"wpb_wrapper\"><ul>\n<li>Controles convencionales<\/li>\n<li>Tecnolog\u00eda con controladores l\u00f3gicos programables (PLC)<\/li>\n<li>Tecnolog\u00eda de telecontrol<\/li>\n<li>Visualizaci\u00f3n<\/li>\n<li>Instalaciones de bajo voltaje<\/li>\n<li>Paneles de aparamenta de media tensi\u00f3n de hasta 36 kV<\/li>\n<li>Sistemas de alto voltaje de hasta 245 kV<\/li>\n<li>Transformadores<\/li>\n<li>Cableado completo del equipo electromec\u00e1nico en la casa de m\u00e1quinas<\/li>\n<\/ul>\n<\/div><\/div><\/div><\/div><\/div><\/div><\/div><\/div><\/div><\/section><section class=\"l-section wpb_row height_large\"><div class=\"l-section-h i-cf\"><div class=\"g-cols vc_row via_grid cols_1 laptops-cols_inherit tablets-cols_inherit mobiles-cols_1 valign_top type_default stacking_default\"><div class=\"wpb_column vc_column_container\"><div class=\"vc_column-inner\"><h2 style=\"text-align: left\" class=\"vc_custom_heading vc_do_custom_heading us_custom_cda6f729\" >SUS BENEFICIOS<\/h2><div class=\"w-separator size_small\"><\/div><div class=\"g-cols wpb_row via_grid cols_3 laptops-cols_inherit tablets-cols_2 mobiles-cols_1 valign_middle type_default stacking_default\" style=\"--columns-gap:1.6rem;\"><div class=\"wpb_column vc_column_container us_custom_c87cb989 has_text_color us_animate_this has_bg_color\"><div class=\"vc_column-inner\"><div class=\"wpb_text_column\"><div class=\"wpb_wrapper\"><h6 style=\"text-align: center;\">Tecnolog\u00eda para el control y manejo completo de un solo proveedor<\/h6>\n<\/div><\/div><\/div><\/div><div class=\"wpb_column vc_column_container us_custom_f11b08d2 has_text_color us_animate_this has_bg_color\"><div class=\"vc_column-inner\"><div class=\"wpb_text_column\"><div class=\"wpb_wrapper\"><h6 style=\"text-align: center;\">Solamente se instalan componentes de primera calidad<\/h6>\n<\/div><\/div><\/div><\/div><div class=\"wpb_column vc_column_container\"><div class=\"vc_column-inner\"><\/div><\/div><\/div><div class=\"w-separator size_custom\" style=\"height:1,6rem\"><\/div><div class=\"g-cols wpb_row via_grid cols_3 laptops-cols_inherit tablets-cols_2 mobiles-cols_1 valign_middle type_default stacking_default\" style=\"--columns-gap:1.6rem;\"><div class=\"wpb_column vc_column_container us_custom_c87cb989 has_text_color us_animate_this has_bg_color\"><div class=\"vc_column-inner\"><div class=\"wpb_text_column\"><div class=\"wpb_wrapper\"><h6 style=\"text-align: center;\">Montaje y puesta en marcha por medio de personal entrenado de WKV<\/h6>\n<\/div><\/div><\/div><\/div><div class=\"wpb_column vc_column_container us_custom_f11b08d2 has_text_color us_animate_this has_bg_color\"><div class=\"vc_column-inner\"><div class=\"wpb_text_column\"><div class=\"wpb_wrapper\"><h6 style=\"text-align: center;\">Funcionabilidad con la m\u00e1s fiabilidad desde el inicio<\/h6>\n<\/div><\/div><\/div><\/div><div class=\"wpb_column vc_column_container\"><div class=\"vc_column-inner\"><\/div><\/div><\/div><\/div><\/div><\/div><\/div><\/section><section class=\"l-section wpb_row height_large color_alternate\"><div class=\"l-section-overlay\" style=\"background:var(--color-content-border)\"><\/div><div class=\"l-section-h i-cf\"><div class=\"g-cols vc_row via_grid cols_1 laptops-cols_inherit tablets-cols_inherit mobiles-cols_1 valign_top type_default stacking_default\"><div class=\"wpb_column vc_column_container\"><div class=\"vc_column-inner\"><h4 style=\"text-align: left\" class=\"vc_custom_heading vc_do_custom_heading us_custom_8b3d6790\" >OBTENER M\u00c1S INFORMACI\u00d3N Y OBTENER ASESORAMIENTO<\/h4><div class=\"w-separator size_small\"><\/div><div class=\"w-btn-wrapper align_left\"><a class=\"w-btn us-btn-style_17\" title=\"DESCARGA DE DOCUMENTOS\" target=\"_blank\" rel=\"nofollow\" href=\"https:\/\/www.wkv-ag.com\/es\/downloads\/\"><span class=\"w-btn-label\">Formulario de cotizaci\u00f3n controles<\/span><\/a><\/div><\/div><\/div><\/div><\/div><\/section>","protected":false},"excerpt":{"rendered":"SCHALTANLAGEN UND TRANSFORMATORENMit hochmodernen und ma\u00dfgefertigten Schaltanlagen schnell und sicher ans Netz. BLEIBEN SIE GANZ ENTSPANNTDie \u201eletzten Meter\u201c bis ins Versorgungsnetz sind oft die entscheidenden. Weil Sie gerade hier keine Kompromisse eingehen sollten, fertigt die WKV AG die komplette Steuerungs- und Leittechnik im eigenen Haus. Ob Mittelspannungsanlage oder Hochspannungsfeld mit komplexer Architektur: Mit uns sind...","protected":false},"author":1,"featured_media":0,"parent":0,"menu_order":0,"comment_status":"closed","ping_status":"closed","template":"","meta":{"_acf_changed":false,"inline_featured_image":false,"footnotes":""},"class_list":["post-8152","page","type-page","status-publish","hentry"],"acf":[],"_links":{"self":[{"href":"https:\/\/www.wkv-ag.com\/es\/wp-json\/wp\/v2\/pages\/8152","targetHints":{"allow":["GET"]}}],"collection":[{"href":"https:\/\/www.wkv-ag.com\/es\/wp-json\/wp\/v2\/pages"}],"about":[{"href":"https:\/\/www.wkv-ag.com\/es\/wp-json\/wp\/v2\/types\/page"}],"author":[{"embeddable":true,"href":"https:\/\/www.wkv-ag.com\/es\/wp-json\/wp\/v2\/users\/1"}],"replies":[{"embeddable":true,"href":"https:\/\/www.wkv-ag.com\/es\/wp-json\/wp\/v2\/comments?post=8152"}],"version-history":[{"count":48,"href":"https:\/\/www.wkv-ag.com\/es\/wp-json\/wp\/v2\/pages\/8152\/revisions"}],"predecessor-version":[{"id":9901,"href":"https:\/\/www.wkv-ag.com\/es\/wp-json\/wp\/v2\/pages\/8152\/revisions\/9901"}],"wp:attachment":[{"href":"https:\/\/www.wkv-ag.com\/es\/wp-json\/wp\/v2\/media?parent=8152"}],"curies":[{"name":"wp","href":"https:\/\/api.w.org\/{rel}","templated":true}]}}