{"id":8089,"date":"2022-06-24T11:54:26","date_gmt":"2022-06-24T09:54:26","guid":{"rendered":"https:\/\/wkv.idnty.de\/?page_id=8089"},"modified":"2023-06-23T09:50:27","modified_gmt":"2023-06-23T07:50:27","slug":"generatoren","status":"publish","type":"page","link":"https:\/\/www.wkv-ag.com\/es\/generatoren\/","title":{"rendered":"GENERADORES"},"content":{"rendered":"<section class=\"l-section wpb_row height_auto width_full color_alternate\"><div class=\"l-section-h i-cf\"><div class=\"g-cols vc_row via_grid cols_2-3 laptops-cols_inherit tablets-cols_inherit mobiles-cols_1 valign_middle type_default reversed stacking_default\"><div class=\"wpb_column vc_column_container us_custom_37bacb63\"><div class=\"vc_column-inner\"><h1 style=\"font-size: 45px;text-align: left\" class=\"vc_custom_heading vc_do_custom_heading us_custom_201bf81d\" >GENERADORES<\/h1><div class=\"wpb_text_column\"><div class=\"wpb_wrapper\"><p>Generadores s\u00edncronos de alta eficiencia fabricados por WKV. Dise\u00f1o indestructible y excelente eficiencia para un rendimiento energ\u00e9tico fiable.<\/p>\n<\/div><\/div><\/div><\/div><div class=\"wpb_column vc_column_container us_custom_dcbbefde has_bg_color\"><div class=\"vc_column-inner\"><\/div><\/div><\/div><\/div><\/section><section class=\"l-section wpb_row height_large with_img parallax_ver\"><div class=\"l-section-img\" role=\"img\" aria-label=\"Imagen\" data-img-width=\"7021\" data-img-height=\"4967\" style=\"background-image: url(https:\/\/www.wkv-ag.com\/wp-content\/uploads\/2022\/06\/G16V-GEN-00-000002-01.png);background-repeat: no-repeat;\"><\/div><div class=\"l-section-overlay\" style=\"background:rgba(255,255,255,0.75)\"><\/div><div class=\"l-section-h i-cf\"><div class=\"g-cols vc_row via_grid cols_2-1 laptops-cols_inherit tablets-cols_inherit mobiles-cols_1 valign_middle type_default stacking_default\"><div class=\"wpb_column vc_column_container\"><div class=\"vc_column-inner\"><h2 style=\"text-align: left\" class=\"vc_custom_heading vc_do_custom_heading us_custom_cda6f729\" >GENERADORES PARA GENERACIONES<\/h2><div class=\"wpb_text_column\"><div class=\"wpb_wrapper\"><p>La efectividad de un generador est\u00e1 determinada por la interacci\u00f3n entre el generador principal (m\u00e1quina de polos internos) y el generador excitatriz (m\u00e1quina de polos salientes). Ese es el principio. El secreto de nuestros generadores altamente eficientes reside en cada detalle de nuestros desarrollos en casa. La construcci\u00f3n completa est\u00e1 dise\u00f1ada para durabilidad y una m\u00e1xima resiliencia en funcionamiento continuo. Esto se puede observar con echar un simple vistazo a los masivos componentes y el cuidadoso procesamiento. Para que nuestros clientes puedan obtener energ\u00eda el\u00e9ctrica optimizada de cada gota de agua a trav\u00e9s de muchos a\u00f1os.<\/p>\n<\/div><\/div><\/div><\/div><div class=\"wpb_column vc_column_container\"><div class=\"vc_column-inner\"><\/div><\/div><\/div><\/div><\/section><section class=\"l-section wpb_row height_medium color_alternate\"><div class=\"l-section-h i-cf\"><div class=\"g-cols vc_row via_grid cols_2 laptops-cols_inherit tablets-cols_inherit mobiles-cols_1 valign_top type_default stacking_default\"><div class=\"wpb_column vc_column_container\"><div class=\"vc_column-inner\"><h2 style=\"text-align: left\" class=\"vc_custom_heading vc_do_custom_heading us_custom_cda6f729\" >RESUMEN DE CARACTER\u00cdSTICAS T\u00c9CNICAS<\/h2><div style=\"text-align: left\" class=\"vc_custom_heading vc_do_custom_heading us_custom_cda6f729\" >Ejecuci\u00f3n de acuerdo a: EN 60034-1, VDE 0530-1, IEC 34-1. Las siguientes tablas de rendimiento son v\u00e1lidas de acuerdo a VDE.<\/div><div class=\"w-separator size_medium\"><\/div><div class=\"w-image align_none\"><div class=\"w-image-h\"><img decoding=\"async\" width=\"1024\" height=\"333\" src=\"https:\/\/www.wkv-ag.com\/wp-content\/uploads\/2022\/08\/Tabelle_2_ES.jpg\" class=\"attachment-large size-large\" alt=\"\" loading=\"lazy\" srcset=\"https:\/\/www.wkv-ag.com\/wp-content\/uploads\/2022\/08\/Tabelle_2_ES.jpg 945w, https:\/\/www.wkv-ag.com\/wp-content\/uploads\/2022\/08\/Tabelle_2_ES-300x97.jpg 300w, https:\/\/www.wkv-ag.com\/wp-content\/uploads\/2022\/08\/Tabelle_2_ES-18x6.jpg 18w\" sizes=\"auto, (max-width: 1024px) 100vw, 1024px\" \/><\/div><\/div><\/div><\/div><div class=\"wpb_column vc_column_container us_custom_47474b22 us_animate_this\"><div class=\"vc_column-inner\"><div class=\"w-slider style_none fit_cover nav_none count_3\"><div class=\"w-slider-h\"><div class=\"royalSlider\"><div class=\"rsContent\"><a class=\"rsImg\" data-rsw=\"1024\" data-rsh=\"682\" href=\"https:\/\/www.wkv-ag.com\/wp-content\/uploads\/2022\/07\/Bugaba-16-1024x682.jpg\"><span data-alt=\"\"><\/span><\/a><\/div><div class=\"rsContent\"><a class=\"rsImg\" data-rsw=\"1024\" data-rsh=\"766\" href=\"https:\/\/www.wkv-ag.com\/wp-content\/uploads\/2022\/07\/IMG_20210309_144248-1024x766.jpg\"><span data-alt=\"\"><\/span><\/a><\/div><div class=\"rsContent\"><a class=\"rsImg\" data-rsw=\"1024\" data-rsh=\"663\" href=\"https:\/\/www.wkv-ag.com\/wp-content\/uploads\/2022\/08\/WKV-Generator-1024x663.jpg\"><span data-alt=\"\"><\/span><\/a><\/div><\/div><img decoding=\"async\" src=\"https:\/\/www.wkv-ag.com\/wp-content\/uploads\/2022\/07\/Bugaba-16-1024x682.jpg\" width=\"1024\" height=\"682\" alt loading=\"lazy\"><\/div><div class=\"w-slider-json\" onclick='return {&quot;autoScaleSlider&quot;:true,&quot;addActiveClass&quot;:true,&quot;loop&quot;:true,&quot;fadeInLoadedSlide&quot;:false,&quot;slidesSpacing&quot;:0,&quot;imageScalePadding&quot;:0,&quot;numImagesToPreload&quot;:2,&quot;arrowsNav&quot;:true,&quot;arrowsNavAutoHide&quot;:false,&quot;transitionType&quot;:&quot;move&quot;,&quot;transitionSpeed&quot;:250,&quot;block&quot;:{&quot;moveEffect&quot;:&quot;none&quot;,&quot;speed&quot;:300},&quot;thumbs&quot;:{&quot;fitInViewport&quot;:false,&quot;firstMargin&quot;:false,&quot;spacing&quot;:4},&quot;controlNavigation&quot;:&quot;none&quot;,&quot;autoScaleSliderWidth&quot;:1024,&quot;autoScaleSliderHeight&quot;:682}'><\/div><\/div><\/div><\/div><\/div><\/div><\/section><section class=\"l-section wpb_row height_large\"><div class=\"l-section-h i-cf\"><div class=\"g-cols vc_row via_grid cols_2 laptops-cols_inherit tablets-cols_inherit mobiles-cols_1 valign_top type_default stacking_default\"><div class=\"wpb_column vc_column_container us_custom_7e20fa79 us_animate_this\"><div class=\"vc_column-inner\"><h5 style=\"text-align: left\" class=\"vc_custom_heading vc_do_custom_heading us_custom_cda6f729\" >Generadores sincronos trif\u00e1sico \"High Efficiency\" sin escobillas - Serie HEG<\/h5><div class=\"w-image align_none\"><div class=\"w-image-h\"><img decoding=\"async\" width=\"1024\" height=\"796\" src=\"https:\/\/www.wkv-ag.com\/wp-content\/uploads\/2022\/08\/Tabelle_ES.jpg\" class=\"attachment-large size-large\" alt=\"\" loading=\"lazy\" srcset=\"https:\/\/www.wkv-ag.com\/wp-content\/uploads\/2022\/08\/Tabelle_ES.jpg 1548w, https:\/\/www.wkv-ag.com\/wp-content\/uploads\/2022\/08\/Tabelle_ES-300x233.jpg 300w, https:\/\/www.wkv-ag.com\/wp-content\/uploads\/2022\/08\/Tabelle_ES-1024x796.jpg 1024w, https:\/\/www.wkv-ag.com\/wp-content\/uploads\/2022\/08\/Tabelle_ES-15x12.jpg 15w, https:\/\/www.wkv-ag.com\/wp-content\/uploads\/2022\/08\/Tabelle_ES-1536x1195.jpg 1536w\" sizes=\"auto, (max-width: 1024px) 100vw, 1024px\" \/><\/div><\/div><\/div><\/div><div class=\"wpb_column vc_column_container us_custom_47474b22 us_animate_this\"><div class=\"vc_column-inner\"><div class=\"wpb_text_column\"><div class=\"wpb_wrapper\"><p><strong>Otras versiones, como generadores de alto n\u00famero de polos, por ejemplo unidades con turbinas Kaplan, se implementan bajo pedido.<\/strong><\/p>\n<\/div><\/div><div class=\"w-separator size_small\"><\/div><div class=\"wpb_text_column\"><div class=\"wpb_wrapper\"><p><strong>Tipos de protecci\u00f3n<\/strong><\/p>\n<p class=\"translation-block\">EN 60034-5 \/ VDE 0530-5<br>\nLa versi\u00f3n est\u00e1ndar es IP23. La utilizaci\u00f3n de filtros de protecci\u00f3n de polvo, como tambi\u00e9n tipos de alta protecci\u00f3n por ejemplo IP43, IPR 44, IPR 54, IP44 y IP54 ser\u00e1n ofertados de acuerdo a requerimiento.<\/p>\n<p>&nbsp;<\/p>\n<div class=\"csc-header csc-header-n6\">\n<p><strong>Tipos de enfriamiento<\/strong><\/p>\n<p class=\"translation-block\">EN 60034-6 \/ VDE 0530-6<br>\nVersiones est\u00e1ndar es IC01, ventilaci\u00f3n por corriente de aire. IC31 (Conexiones de canales de enfriamiento), IC0161 (con incoporaci\u00f3n de un Intercambiador de calor-Aire-Aire), IC8A1W7 (con inclusi\u00f3n de refrigeraci\u00f3n por agua) u otros, ser\u00e1n ofertados de acuerdo a requerimiento.<\/p>\n<\/div>\n<div class=\"csc-header csc-header-n7\">\n<p>&nbsp;<\/p>\n<p><strong>Tipos de construcciones<\/strong><\/p>\n<div class=\"csc-textpic-text\">\n<p class=\"bodytext translation-block\">EN 60034-7 \/ VDE 0530-7<br>\nLas formas de construcci\u00f3n b\u00e1sicas son IM1001 (B3) y IM1101 (B20) para posicionamiento horizontal como tambi\u00e9n IM 3011 (V1) para instalaciones verticales.<\/p>\n<p class=\"bodytext translation-block\">En principio para todos los generadores WKV vale lo siguiente: <b>Cualquier dise\u00f1o requerido es factible!<\/b><\/p>\n<\/div>\n<\/div>\n<\/div><\/div><\/div><\/div><\/div><\/div><\/section><section class=\"l-section wpb_row height_large color_alternate\"><div class=\"l-section-h i-cf\"><div class=\"g-cols vc_row via_grid cols_2-1 laptops-cols_inherit tablets-cols_inherit mobiles-cols_1 valign_top type_default stacking_default\"><div class=\"wpb_column vc_column_container us_custom_7e20fa79 us_animate_this\"><div class=\"vc_column-inner\"><h2 style=\"text-align: left\" class=\"vc_custom_heading vc_do_custom_heading us_custom_cda6f729\" >PROPIO LABORATORIO DE ENSAYOS<\/h2><div class=\"wpb_text_column\"><div class=\"wpb_wrapper\"><div class=\"csc-header csc-header-n2\">\n<h4>Pruebas de F\u00e1brica y Garantia de Calidad<\/h4>\n<\/div>\n<p class=\"bodytext\">El laboratorio de generadores de WKV AG en Gutach ofrece una capacidad total de potencia de 1.200 kW, lo \u00faltimo en tecnolog\u00eda de medici\u00f3n, un rinc\u00f3n acogedor con todas las comodidades para los visitantes y un muy motivado y bien entrenado equipo de especialistas, condiciones \u00f3ptimas tanto para las mediciones est\u00e1ndar como para las exigentes pruebas de aceptaci\u00f3n de los clientes.<\/p>\n<p class=\"bodytext translation-block\"><b>Cada generador WKV luego de la finalizaci\u00f3n de su fabricaci\u00f3n es sometido a minuciosos ensayos en nuestro muy moderno laboratorio.<\/b> Nuestros clientes recibir\u00e1n como parte de la documentaci\u00f3n de adquisici\u00f3n un informe de ensayos de lo m\u00e1s detallado. Los clientes son siempre bienvenidos a visitar las ejecuciones de prueba y observar lo que deseen, incluso durante todo el proceso de fabricaci\u00f3n, protocolos de medici\u00f3nes y de pruebas.<\/p>\n<p class=\"bodytext\">Por \u00faltimo, pero no menos importante: Disfrute Ud. de la hospitalidad de la \u201cSelva Negra\u201d durante una visita a las instalaciones vinculada con la realizaci\u00f3n de las pruebas \u201dde su\u201d m\u00e1quina!<\/p>\n<\/div><\/div><\/div><\/div><div class=\"wpb_column vc_column_container us_custom_47474b22 us_animate_this\"><div class=\"vc_column-inner\"><div class=\"w-separator size_large\"><\/div><div class=\"w-image align_none\"><div class=\"w-image-h\"><img decoding=\"async\" width=\"1024\" height=\"715\" src=\"https:\/\/www.wkv-ag.com\/wp-content\/uploads\/2022\/07\/WKV_5-14_516-1024x715.jpg\" class=\"attachment-large size-large\" alt=\"\" loading=\"lazy\" srcset=\"https:\/\/www.wkv-ag.com\/wp-content\/uploads\/2022\/07\/WKV_5-14_516-1024x715.jpg 1024w, https:\/\/www.wkv-ag.com\/wp-content\/uploads\/2022\/07\/WKV_5-14_516-300x209.jpg 300w, https:\/\/www.wkv-ag.com\/wp-content\/uploads\/2022\/07\/WKV_5-14_516-18x12.jpg 18w, https:\/\/www.wkv-ag.com\/wp-content\/uploads\/2022\/07\/WKV_5-14_516-1536x1072.jpg 1536w\" sizes=\"auto, (max-width: 1024px) 100vw, 1024px\" \/><\/div><\/div><\/div><\/div><\/div><\/div><\/section><section class=\"l-section wpb_row height_small color_alternate\"><div class=\"l-section-h i-cf\"><div class=\"g-cols vc_row via_grid cols_2-1 laptops-cols_inherit tablets-cols_inherit mobiles-cols_1 valign_top type_default stacking_default\"><div class=\"wpb_column vc_column_container\"><div class=\"vc_column-inner\"><h2 style=\"text-align: left\" class=\"vc_custom_heading vc_do_custom_heading us_custom_cda6f729\" >CALIDAD ES LA NORMA<\/h2><div class=\"wpb_text_column\"><div class=\"wpb_wrapper\"><p>Por supuesto, nuestros generadores cumplen con todas las normas internacionales tales como IEC 34-1, EN 60034-1, VDE 0530, BS 4999, IEEE, NEMA MG1 etc\u00e9tera.\nTambi\u00e9n ofrecemos sociedades de clasificaci\u00f3n mar\u00edtimas como ABS, BV, CCS, DNV, GL, LRS, MRS, RINa etc\u00e9tera. Nos alegra implementar dise\u00f1os especiales y proyectos especiales a petici\u00f3n.<\/p>\n<\/div><\/div><div class=\"w-separator size_large\"><\/div><\/div><\/div><div class=\"wpb_column vc_column_container\"><div class=\"vc_column-inner\"><\/div><\/div><\/div><\/div><\/section><section class=\"l-section wpb_row height_large\"><div class=\"l-section-h i-cf\"><div class=\"g-cols vc_row via_grid cols_1 laptops-cols_inherit tablets-cols_inherit mobiles-cols_1 valign_top type_default stacking_default\"><div class=\"wpb_column vc_column_container\"><div class=\"vc_column-inner\"><h2 style=\"text-align: left\" class=\"vc_custom_heading vc_do_custom_heading us_custom_cda6f729\" id=\"anker1\">LA EXCELENCIA IMPORTA<\/h2><div class=\"wpb_text_column\"><div class=\"wpb_wrapper\"><p class=\"translation-block\">Las condiciones iniciales son las mismas para todos los fabricantes de tecnolog\u00eda de generadores. Al final, lo que importa es lo que se obtiene de la f\u00edsica.<br>\nEn WKV AG, usted se beneficia de numerosas ventajas:<\/p>\n<\/div><\/div><div class=\"w-separator size_medium\"><\/div><div class=\"g-cols wpb_row via_grid cols_3 laptops-cols_inherit tablets-cols_inherit mobiles-cols_1 valign_middle type_default stacking_default\" style=\"--columns-gap:1rem;\"><div class=\"wpb_column vc_column_container us_custom_df1455f3 has_text_color us_animate_this has_bg_color\"><div class=\"vc_column-inner\"><div class=\"wpb_text_column\"><div class=\"wpb_wrapper\"><h6 style=\"text-align: center;\">Altamente calificado equipo de dise\u00f1adores, ingenieros y t\u00e9cnicos<\/h6>\n<\/div><\/div><\/div><\/div><div class=\"wpb_column vc_column_container us_custom_df1455f3 has_text_color us_animate_this has_bg_color\"><div class=\"vc_column-inner\"><div class=\"wpb_text_column\"><div class=\"wpb_wrapper\"><h6 style=\"text-align: center;\">M\u00e1xima eficiencia, medida y garantizada<\/h6>\n<\/div><\/div><\/div><\/div><div class=\"wpb_column vc_column_container us_custom_e673e4a8 has_text_color us_animate_this has_bg_color\"><div class=\"vc_column-inner\"><div class=\"wpb_text_column\"><div class=\"wpb_wrapper\"><h6 style=\"text-align: center;\">Flexiblemente adaptables a requerimientos in situ<\/h6>\n<\/div><\/div><\/div><\/div><div class=\"wpb_column vc_column_container us_custom_df1455f3 has_text_color us_animate_this has_bg_color\"><div class=\"vc_column-inner\"><div class=\"wpb_text_column\"><div class=\"wpb_wrapper\"><h6 style=\"text-align: center;\">Meticulosa mano de obra y precisi\u00f3n de las m\u00e1quinas<\/h6>\n<\/div><\/div><\/div><\/div><div class=\"wpb_column vc_column_container us_custom_df1455f3 has_text_color us_animate_this has_bg_color\"><div class=\"vc_column-inner\"><div class=\"wpb_text_column\"><div class=\"wpb_wrapper\"><h6 style=\"text-align: center;\">Aseguramos la calidad a trav\u00e9s de las pruebas en nuestro laboratorio de pruebas<\/h6>\n<\/div><\/div><\/div><\/div><div class=\"wpb_column vc_column_container us_custom_e673e4a8 has_text_color us_animate_this has_bg_color\"><div class=\"vc_column-inner\"><div class=\"wpb_text_column\"><div class=\"wpb_wrapper\"><h6 style=\"text-align: center;\">La m\u00e1s alta calidad de materiales para una larga vida \u00fatil<\/h6>\n<\/div><\/div><\/div><\/div><div class=\"wpb_column vc_column_container us_custom_df1455f3 has_text_color us_animate_this has_bg_color\"><div class=\"vc_column-inner\"><div class=\"wpb_text_column\"><div class=\"wpb_wrapper\"><h6 style=\"text-align: center;\">Dise\u00f1o conservador para la mejor longevidad, nada de \"calentadores\" al l\u00edmite.<\/h6>\n<\/div><\/div><\/div><\/div><div class=\"wpb_column vc_column_container us_custom_df1455f3 has_text_color us_animate_this has_bg_color\"><div class=\"vc_column-inner\"><div class=\"wpb_text_column\"><div class=\"wpb_wrapper\"><h6 style=\"text-align: center;\">Ingenier\u00eda, manufactura e implementaci\u00f3n, todo bajo un mismo techo<\/h6>\n<\/div><\/div><\/div><\/div><div class=\"wpb_column vc_column_container us_custom_e673e4a8 has_text_color us_animate_this has_bg_color\"><div class=\"vc_column-inner\"><div class=\"wpb_text_column\"><div class=\"wpb_wrapper\"><h6 style=\"text-align: center;\">Generadores optimizados, magn\u00e9ticos y electrodin\u00e1micos<\/h6>\n<\/div><\/div><\/div><\/div><\/div><\/div><\/div><\/div><\/div><\/section><section class=\"l-section wpb_row height_large color_alternate\"><div class=\"l-section-overlay\" style=\"background:var(--color-content-border)\"><\/div><div class=\"l-section-h i-cf\"><div class=\"g-cols vc_row via_grid cols_1 laptops-cols_inherit tablets-cols_inherit mobiles-cols_1 valign_top type_default stacking_default\"><div class=\"wpb_column vc_column_container\"><div class=\"vc_column-inner\"><h4 style=\"text-align: left\" class=\"vc_custom_heading vc_do_custom_heading us_custom_8b3d6790\" >OBTENER M\u00c1S INFORMACI\u00d3N Y OBTENER ASESORAMIENTO<\/h4><div class=\"w-separator size_small\"><\/div><div class=\"w-btn-wrapper align_left\"><a class=\"w-btn us-btn-style_17\" title=\"DESCARGA DE DOCUMENTOS\" target=\"_blank\" rel=\"nofollow\" href=\"https:\/\/www.wkv-ag.com\/es\/downloads\/\"><span class=\"w-btn-label\">Formulario de cotizaci\u00f3n generador<\/span><\/a><\/div><\/div><\/div><\/div><\/div><\/section>","protected":false},"excerpt":{"rendered":"GENERATORENHigh Efficiency Synchrongeneratoren made by WKV. Unverw\u00fcstliches Design und exzellente Wirkungsgrade f\u00fcr zuverl\u00e4ssige Energieausbeute. GENERATOREN F\u00dcR GENERATIONENDie Effektivit\u00e4t eines Generators wird bestimmt durch das Zusammenspiel von Hauptgenerator (Innenpolmaschine) und Erregergenerator (Au\u00dfenpolmaschine). Soweit das Prinzip. Das Geheimnis unserer Hochleistungs-Synchron-Generatoren steckt in jedem Detail unserer Eigenentwicklungen. Die gesamte Konstruktion ist auf Langlebigkeit und h\u00f6chste Belastbarkeit im Dauerbetrieb...","protected":false},"author":1,"featured_media":0,"parent":0,"menu_order":0,"comment_status":"closed","ping_status":"closed","template":"","meta":{"_acf_changed":false,"inline_featured_image":false,"footnotes":""},"class_list":["post-8089","page","type-page","status-publish","hentry"],"acf":[],"_links":{"self":[{"href":"https:\/\/www.wkv-ag.com\/es\/wp-json\/wp\/v2\/pages\/8089","targetHints":{"allow":["GET"]}}],"collection":[{"href":"https:\/\/www.wkv-ag.com\/es\/wp-json\/wp\/v2\/pages"}],"about":[{"href":"https:\/\/www.wkv-ag.com\/es\/wp-json\/wp\/v2\/types\/page"}],"author":[{"embeddable":true,"href":"https:\/\/www.wkv-ag.com\/es\/wp-json\/wp\/v2\/users\/1"}],"replies":[{"embeddable":true,"href":"https:\/\/www.wkv-ag.com\/es\/wp-json\/wp\/v2\/comments?post=8089"}],"version-history":[{"count":82,"href":"https:\/\/www.wkv-ag.com\/es\/wp-json\/wp\/v2\/pages\/8089\/revisions"}],"predecessor-version":[{"id":10200,"href":"https:\/\/www.wkv-ag.com\/es\/wp-json\/wp\/v2\/pages\/8089\/revisions\/10200"}],"wp:attachment":[{"href":"https:\/\/www.wkv-ag.com\/es\/wp-json\/wp\/v2\/media?parent=8089"}],"curies":[{"name":"wp","href":"https:\/\/api.w.org\/{rel}","templated":true}]}}