{"id":8034,"date":"2022-06-23T15:51:00","date_gmt":"2022-06-23T13:51:00","guid":{"rendered":"https:\/\/wkv.idnty.de\/?page_id=8034"},"modified":"2023-06-23T10:41:05","modified_gmt":"2023-06-23T08:41:05","slug":"turbinen","status":"publish","type":"page","link":"https:\/\/www.wkv-ag.com\/es\/turbinen\/","title":{"rendered":"TURBINAS"},"content":{"rendered":"<section class=\"l-section wpb_row height_auto width_full color_alternate\"><div class=\"l-section-h i-cf\"><div class=\"g-cols vc_row via_grid cols_2-3 laptops-cols_inherit tablets-cols_inherit mobiles-cols_1 valign_middle type_default reversed stacking_default\"><div class=\"wpb_column vc_column_container us_custom_37bacb63\"><div class=\"vc_column-inner\"><h1 style=\"font-size: 45px;text-align: left\" class=\"vc_custom_heading vc_do_custom_heading us_custom_201bf81d\" >TURBINAS<\/h1><div class=\"wpb_text_column\"><div class=\"wpb_wrapper\"><p>La WKV Turbinas. Altamente eficiente y fiable.<\/p>\n<\/div><\/div><\/div><\/div><div class=\"wpb_column vc_column_container us_custom_3a769360 has_bg_color\"><div class=\"vc_column-inner\"><\/div><\/div><\/div><\/div><\/section><section class=\"l-section wpb_row height_large with_img parallax_ver\"><div class=\"l-section-img\" role=\"img\" aria-label=\"Imagen\" data-img-width=\"2560\" data-img-height=\"1158\" style=\"background-image: url(https:\/\/www.wkv-ag.com\/wp-content\/uploads\/2022\/06\/Turbine_HG_Zeichenfla\u0308che-1-scaled-e1656507536926.jpg);background-repeat: no-repeat;\"><\/div><div class=\"l-section-overlay\" style=\"background:rgba(255,255,255,0.70)\"><\/div><div class=\"l-section-h i-cf\"><div class=\"g-cols vc_row via_grid cols_2-1 laptops-cols_inherit tablets-cols_inherit mobiles-cols_1 valign_top type_default stacking_default\"><div class=\"wpb_column vc_column_container\"><div class=\"vc_column-inner\"><h2 style=\"text-align: left\" class=\"vc_custom_heading vc_do_custom_heading us_custom_cda6f729 translation-block\" >RETORNO DESDE LA PRIMERA REVOLUCI\u00d3N<\/h2><div class=\"w-separator size_small\"><\/div><div class=\"wpb_text_column\"><div class=\"wpb_wrapper\"><p>Lo que hace la tecnolog\u00eda de las turbinas WKV tan \u00fanica es su flexibilidad. Podemos construir y entregar la soluci\u00f3n apropiada para casi cualquier terreno, para cualquier cantidad de agua y casi para cada ca\u00edda de agua. Aplicaciones especiales tambi\u00e9n son parte del quehacer cotidiano, ya sea para funcionamiento en modo isla con arranque aut\u00f3geno, momentos de inercia aumentaos con un volante de inercia y v\u00e1lvulas de baip\u00e1s sincronizadas con las turbinas, v\u00e1lvulas de baip\u00e1s de la casa de m\u00e1quinas o conceptos de transporte para hacer llegar tecnolog\u00eda pesada y robusta a lugares remotos. D\u00e9jenos simplemente la soluci\u00f3n a su desaf\u00edo. Para que usted pueda generar ganancias fiables con tecnolog\u00eda superior.<\/p>\n<\/div><\/div><\/div><\/div><div class=\"wpb_column vc_column_container\"><div class=\"vc_column-inner\"><\/div><\/div><\/div><\/div><\/section><section class=\"l-section wpb_row height_large color_alternate\" id=\"second\"><div class=\"l-section-h i-cf\"><div class=\"g-cols vc_row via_grid cols_1 laptops-cols_inherit tablets-cols_inherit mobiles-cols_1 valign_top type_default stacking_default\"><div class=\"wpb_column vc_column_container\"><div class=\"vc_column-inner\"><div class=\"g-cols wpb_row via_grid cols_2 laptops-cols_inherit tablets-cols_inherit mobiles-cols_1 valign_top type_default stacking_default\" style=\"--columns-gap:3rem;\"><div class=\"wpb_column vc_column_container\"><div class=\"vc_column-inner\"><h2 style=\"text-align: left\" class=\"vc_custom_heading vc_do_custom_heading us_custom_cda6f729 translation-block\" >USTED TIENE EL AGUA, WKV LA TURBINA APROPIADA<\/h2><div class=\"wpb_text_column\"><div class=\"wpb_wrapper\"><p>Tecnolog\u00eda es nuestra fuerza y nuestra pasi\u00f3n. Sin embrago, solo son los medios para un fin, para la generaci\u00f3n fiable de energ\u00eda limpia.<br \/>\nDependiendo de los requerimientos, nosotros analizamos, dise\u00f1amos y entregamos la soluci\u00f3n apropiada al seleccionar uno de los siguientes tipos de turbina:<\/p>\n<\/div><\/div><\/div><\/div><div class=\"wpb_column vc_column_container\"><div class=\"vc_column-inner\"><div class=\"w-image align_none\"><div class=\"w-image-h\"><img decoding=\"async\" width=\"1024\" height=\"744\" src=\"https:\/\/www.wkv-ag.com\/wp-content\/uploads\/2022\/12\/Turbinenportfolio-1024x744.png\" class=\"attachment-large size-large\" alt=\"\" loading=\"lazy\" srcset=\"https:\/\/www.wkv-ag.com\/wp-content\/uploads\/2022\/12\/Turbinenportfolio-1024x744.png 1024w, https:\/\/www.wkv-ag.com\/wp-content\/uploads\/2022\/12\/Turbinenportfolio-300x218.png 300w, https:\/\/www.wkv-ag.com\/wp-content\/uploads\/2022\/12\/Turbinenportfolio-18x12.png 18w, https:\/\/www.wkv-ag.com\/wp-content\/uploads\/2022\/12\/Turbinenportfolio-500x363.png 500w, https:\/\/www.wkv-ag.com\/wp-content\/uploads\/2022\/12\/Turbinenportfolio-400x290.png 400w, https:\/\/www.wkv-ag.com\/wp-content\/uploads\/2022\/12\/Turbinenportfolio-600x436.png 600w, https:\/\/www.wkv-ag.com\/wp-content\/uploads\/2022\/12\/Turbinenportfolio-800x581.png 800w, https:\/\/www.wkv-ag.com\/wp-content\/uploads\/2022\/12\/Turbinenportfolio.png 1026w\" sizes=\"auto, (max-width: 1024px) 100vw, 1024px\" \/><\/div><\/div><\/div><\/div><\/div><\/div><\/div><\/div><\/div><\/section><section class=\"l-section wpb_row height_large\"><div class=\"l-section-h i-cf\"><div class=\"g-cols vc_row via_grid cols_1 laptops-cols_inherit tablets-cols_inherit mobiles-cols_1 valign_top type_default stacking_default\"><div class=\"wpb_column vc_column_container\"><div class=\"vc_column-inner\"><div class=\"w-tabs layout_hor style_trendy switch_click has_scrolling\" style=\"--sections-title-size:1.2rem\"><div class=\"w-tabs-list items_5 align_justify\" style=\"font-family:var(--h1-font-family);text-transform:uppercase;\"><div class=\"w-tabs-list-h\"><button class=\"w-tabs-item active defined-active\" aria-controls=\"content-o57e\" aria-expanded=\"true\"><span class=\"w-tabs-item-title\">TURBINA PELTON<\/span><\/button><button class=\"w-tabs-item\" aria-controls=\"content-t448\" aria-expanded=\"false\"><span class=\"w-tabs-item-title\">TURBINA FRANCIS<\/span><\/button><button class=\"w-tabs-item\" aria-controls=\"content-d105\" aria-expanded=\"false\"><span class=\"w-tabs-item-title\">TURBINA TURGO<\/span><\/button><button class=\"w-tabs-item\" aria-controls=\"content-icb2\" aria-expanded=\"false\"><span class=\"w-tabs-item-title\">TURBINA DE FLUJO CRUZADO<\/span><\/button><button class=\"w-tabs-item\" aria-controls=\"content-q8dc\" aria-expanded=\"false\"><span class=\"w-tabs-item-title\">TURBINA KAPLAN<\/span><\/button><\/div><\/div><div class=\"w-tabs-sections titles-align_none icon_chevron cpos_right\"><div class=\"w-tabs-section active\" id=\"o57e\"><button class=\"w-tabs-section-header active\" aria-controls=\"content-o57e\" aria-expanded=\"true\"><h5 class=\"w-tabs-section-title\">TURBINA PELTON<\/h5><div class=\"w-tabs-section-control\"><\/div><\/button><div  class=\"w-tabs-section-content\" id=\"content-o57e\"><div class=\"w-tabs-section-content-h i-cf\"><div class=\"g-cols wpb_row via_grid cols_2 laptops-cols_inherit tablets-cols_inherit mobiles-cols_1 valign_middle type_default stacking_default\" style=\"--columns-gap:3rem;\"><div class=\"wpb_column vc_column_container\"><div class=\"vc_column-inner\"><div class=\"w-slider style_none fit_cover nav_none count_4\"><div class=\"w-slider-h\"><div class=\"royalSlider\"><div class=\"rsContent\"><a class=\"rsImg\" data-rsw=\"1024\" data-rsh=\"768\" href=\"https:\/\/www.wkv-ag.com\/wp-content\/uploads\/2022\/07\/20211011_163509_2-1024x768.jpg\"><span data-alt=\"\"><\/span><\/a><\/div><div class=\"rsContent\"><a class=\"rsImg\" data-rsw=\"1024\" data-rsh=\"768\" href=\"https:\/\/www.wkv-ag.com\/wp-content\/uploads\/2022\/07\/IMG_0515-1024x768.jpg\"><span data-alt=\"\"><\/span><\/a><\/div><div class=\"rsContent\"><a class=\"rsImg\" data-rsw=\"1024\" data-rsh=\"682\" href=\"https:\/\/www.wkv-ag.com\/wp-content\/uploads\/2022\/07\/P8220965-1024x682.jpg\"><span data-alt=\"\"><\/span><\/a><\/div><div class=\"rsContent\"><a class=\"rsImg\" data-rsw=\"1024\" data-rsh=\"682\" href=\"https:\/\/www.wkv-ag.com\/wp-content\/uploads\/2022\/07\/unbenannt-1-von-1-1024x682.jpg\"><span data-alt=\"\"><\/span><\/a><\/div><\/div><img decoding=\"async\" src=\"https:\/\/www.wkv-ag.com\/wp-content\/uploads\/2022\/07\/20211011_163509_2-1024x768.jpg\" width=\"1024\" height=\"768\" alt loading=\"lazy\"><\/div><div class=\"w-slider-json\" onclick='return {&quot;autoScaleSlider&quot;:true,&quot;addActiveClass&quot;:true,&quot;loop&quot;:true,&quot;fadeInLoadedSlide&quot;:false,&quot;slidesSpacing&quot;:0,&quot;imageScalePadding&quot;:0,&quot;numImagesToPreload&quot;:2,&quot;arrowsNav&quot;:true,&quot;arrowsNavAutoHide&quot;:false,&quot;transitionType&quot;:&quot;move&quot;,&quot;transitionSpeed&quot;:250,&quot;block&quot;:{&quot;moveEffect&quot;:&quot;none&quot;,&quot;speed&quot;:300},&quot;thumbs&quot;:{&quot;fitInViewport&quot;:false,&quot;firstMargin&quot;:false,&quot;spacing&quot;:4},&quot;controlNavigation&quot;:&quot;none&quot;,&quot;autoScaleSliderWidth&quot;:1024,&quot;autoScaleSliderHeight&quot;:768}'><\/div><\/div><\/div><\/div><div class=\"wpb_column vc_column_container\"><div class=\"vc_column-inner\"><h4 style=\"text-align: left\" class=\"vc_custom_heading vc_do_custom_heading us_custom_cda6f729\" >TURBINA PELTON<\/h4><div class=\"wpb_text_column\"><div class=\"wpb_wrapper\"><p>La robusta y casi indestructible soluci\u00f3n con muy buenas eficiencias a carga completa y a carga parcial para grandes ca\u00eddas de agua y flujos de agua muy variables, aun si el agua contiene abundancia de escombros flotantes. Para ca\u00eddas de agua entre 60 y 1,500 metros con potencias de hasta alrededor de 35 MW por unidad.<\/p>\n<\/div><\/div><\/div><\/div><\/div><\/div><\/div><\/div><div class=\"w-tabs-section\" id=\"t448\"><button class=\"w-tabs-section-header\" aria-controls=\"content-t448\" aria-expanded=\"false\"><h5 class=\"w-tabs-section-title\">TURBINA FRANCIS<\/h5><div class=\"w-tabs-section-control\"><\/div><\/button><div  class=\"w-tabs-section-content\" id=\"content-t448\"><div class=\"w-tabs-section-content-h i-cf\"><div class=\"g-cols wpb_row via_grid cols_2 laptops-cols_inherit tablets-cols_inherit mobiles-cols_1 valign_middle type_default stacking_default\" style=\"--columns-gap:3rem;\"><div class=\"wpb_column vc_column_container\"><div class=\"vc_column-inner\"><div class=\"w-slider style_none fit_cover nav_none count_4\"><div class=\"w-slider-h\"><div class=\"royalSlider\"><div class=\"rsContent\"><a class=\"rsImg\" data-rsw=\"1024\" data-rsh=\"684\" href=\"https:\/\/www.wkv-ag.com\/wp-content\/uploads\/2022\/07\/DSC9943_2-1024x684.jpg\"><span data-alt=\"\"><\/span><\/a><\/div><div class=\"rsContent\"><a class=\"rsImg\" data-rsw=\"1024\" data-rsh=\"684\" href=\"https:\/\/www.wkv-ag.com\/wp-content\/uploads\/2022\/07\/DSC9973-1024x684.jpg\"><span data-alt=\"\"><\/span><\/a><\/div><div class=\"rsContent\"><a class=\"rsImg\" data-rsw=\"1024\" data-rsh=\"768\" href=\"https:\/\/www.wkv-ag.com\/wp-content\/uploads\/2022\/07\/Francis_horizontal-2-1024x768.jpg\"><span data-alt=\"\"><\/span><\/a><\/div><div class=\"rsContent\"><a class=\"rsImg\" data-rsw=\"1024\" data-rsh=\"576\" href=\"https:\/\/www.wkv-ag.com\/wp-content\/uploads\/2022\/07\/2019-06-07-15.13.36-1024x576.jpg\"><span data-alt=\"\"><\/span><\/a><\/div><\/div><img decoding=\"async\" src=\"https:\/\/www.wkv-ag.com\/wp-content\/uploads\/2022\/07\/DSC9943_2-1024x684.jpg\" width=\"1024\" height=\"684\" alt loading=\"lazy\"><\/div><div class=\"w-slider-json\" onclick='return {&quot;autoScaleSlider&quot;:true,&quot;addActiveClass&quot;:true,&quot;loop&quot;:true,&quot;fadeInLoadedSlide&quot;:false,&quot;slidesSpacing&quot;:0,&quot;imageScalePadding&quot;:0,&quot;numImagesToPreload&quot;:2,&quot;arrowsNav&quot;:true,&quot;arrowsNavAutoHide&quot;:false,&quot;transitionType&quot;:&quot;move&quot;,&quot;transitionSpeed&quot;:250,&quot;block&quot;:{&quot;moveEffect&quot;:&quot;none&quot;,&quot;speed&quot;:300},&quot;thumbs&quot;:{&quot;fitInViewport&quot;:false,&quot;firstMargin&quot;:false,&quot;spacing&quot;:4},&quot;controlNavigation&quot;:&quot;none&quot;,&quot;autoScaleSliderWidth&quot;:1024,&quot;autoScaleSliderHeight&quot;:684}'><\/div><\/div><\/div><\/div><div class=\"wpb_column vc_column_container\"><div class=\"vc_column-inner\"><h4 style=\"text-align: left\" class=\"vc_custom_heading vc_do_custom_heading us_custom_cda6f729\" >TURBINA FRANCIS<\/h4><div class=\"wpb_text_column\"><div class=\"wpb_wrapper\"><p>Es muy improbable que los operadores puedan cometer un error cuando se tiene esta flexible turbina con la m\u00e1s alta eficiencia pico. Dise\u00f1ada para ca\u00eddas de agua de hasta aproximadamente 300 metros y potencias de hasta alrededor 35 MW por unidad.<\/p>\n<\/div><\/div><\/div><\/div><\/div><\/div><\/div><\/div><div class=\"w-tabs-section\" id=\"d105\"><button class=\"w-tabs-section-header\" aria-controls=\"content-d105\" aria-expanded=\"false\"><h5 class=\"w-tabs-section-title\">TURBINA TURGO<\/h5><div class=\"w-tabs-section-control\"><\/div><\/button><div  class=\"w-tabs-section-content\" id=\"content-d105\"><div class=\"w-tabs-section-content-h i-cf\"><div class=\"g-cols wpb_row via_grid cols_2 laptops-cols_inherit tablets-cols_inherit mobiles-cols_1 valign_middle type_default stacking_default\" style=\"--columns-gap:3rem;\"><div class=\"wpb_column vc_column_container\"><div class=\"vc_column-inner\"><div class=\"w-slider style_none fit_cover nav_none count_4\"><div class=\"w-slider-h\"><div class=\"royalSlider\"><div class=\"rsContent\"><a class=\"rsImg\" data-rsw=\"1024\" data-rsh=\"683\" href=\"https:\/\/www.wkv-ag.com\/wp-content\/uploads\/2022\/08\/BelihuhOya-2_2-1024x683.jpg\"><span data-alt=\"\"><\/span><\/a><\/div><div class=\"rsContent\"><a class=\"rsImg\" data-rsw=\"1024\" data-rsh=\"768\" href=\"https:\/\/www.wkv-ag.com\/wp-content\/uploads\/2022\/07\/4-3-2-Corazon.jpg\"><span data-alt=\"\"><\/span><\/a><\/div><div class=\"rsContent\"><a class=\"rsImg\" data-rsw=\"1024\" data-rsh=\"768\" href=\"https:\/\/www.wkv-ag.com\/wp-content\/uploads\/2022\/07\/P1120513-1024x768.jpg\"><span data-alt=\"\"><\/span><\/a><\/div><div class=\"rsContent\"><a class=\"rsImg\" data-rsw=\"1024\" data-rsh=\"746\" href=\"https:\/\/www.wkv-ag.com\/wp-content\/uploads\/2022\/07\/P3190040-1024x746.jpg\"><span data-alt=\"\"><\/span><\/a><\/div><\/div><img decoding=\"async\" src=\"https:\/\/www.wkv-ag.com\/wp-content\/uploads\/2022\/08\/BelihuhOya-2_2-1024x683.jpg\" width=\"1024\" height=\"683\" alt loading=\"lazy\"><\/div><div class=\"w-slider-json\" onclick='return {&quot;autoScaleSlider&quot;:true,&quot;addActiveClass&quot;:true,&quot;loop&quot;:true,&quot;fadeInLoadedSlide&quot;:false,&quot;slidesSpacing&quot;:0,&quot;imageScalePadding&quot;:0,&quot;numImagesToPreload&quot;:2,&quot;arrowsNav&quot;:true,&quot;arrowsNavAutoHide&quot;:false,&quot;transitionType&quot;:&quot;move&quot;,&quot;transitionSpeed&quot;:250,&quot;block&quot;:{&quot;moveEffect&quot;:&quot;none&quot;,&quot;speed&quot;:300},&quot;thumbs&quot;:{&quot;fitInViewport&quot;:false,&quot;firstMargin&quot;:false,&quot;spacing&quot;:4},&quot;controlNavigation&quot;:&quot;none&quot;,&quot;autoScaleSliderWidth&quot;:1024,&quot;autoScaleSliderHeight&quot;:683}'><\/div><\/div><\/div><\/div><div class=\"wpb_column vc_column_container\"><div class=\"vc_column-inner\"><h4 style=\"text-align: left\" class=\"vc_custom_heading vc_do_custom_heading us_custom_cda6f729\" >TURBINA TURGO<\/h4><div class=\"wpb_text_column\"><div class=\"wpb_wrapper\"><p>Combina las ventajas de las turbinas Pelton y Francis. Dise\u00f1ada para ca\u00eddas de agua entre 50 y 300 metros, con una muy buena eficiencia a carga parcial, alta tolerancia a los escombros flotantes y potencias de hasta 10 MW; es adecuada para sitios desafiantes y flujos de agua variable.<\/p>\n<\/div><\/div><\/div><\/div><\/div><\/div><\/div><\/div><div class=\"w-tabs-section\" id=\"icb2\"><button class=\"w-tabs-section-header\" aria-controls=\"content-icb2\" aria-expanded=\"false\"><h5 class=\"w-tabs-section-title\">TURBINA DE FLUJO CRUZADO<\/h5><div class=\"w-tabs-section-control\"><\/div><\/button><div  class=\"w-tabs-section-content\" id=\"content-icb2\"><div class=\"w-tabs-section-content-h i-cf\"><div class=\"g-cols wpb_row via_grid cols_2 laptops-cols_inherit tablets-cols_inherit mobiles-cols_1 valign_middle type_default stacking_default\" style=\"--columns-gap:3rem;\"><div class=\"wpb_column vc_column_container\"><div class=\"vc_column-inner\"><div class=\"w-slider style_none fit_cover nav_none count_3\"><div class=\"w-slider-h\"><div class=\"royalSlider\"><div class=\"rsContent\"><a class=\"rsImg\" data-rsw=\"1024\" data-rsh=\"768\" href=\"https:\/\/www.wkv-ag.com\/wp-content\/uploads\/2022\/07\/Zacapa_2-1024x768.jpg\"><span data-alt=\"\"><\/span><\/a><\/div><div class=\"rsContent\"><a class=\"rsImg\" data-rsw=\"1024\" data-rsh=\"768\" href=\"https:\/\/www.wkv-ag.com\/wp-content\/uploads\/2022\/07\/Bevertalsperre02-1-1024x768.jpg\"><span data-alt=\"\"><\/span><\/a><\/div><div class=\"rsContent\"><a class=\"rsImg\" data-rsw=\"1024\" data-rsh=\"768\" href=\"https:\/\/www.wkv-ag.com\/wp-content\/uploads\/2022\/07\/RIT-12-1024x768.jpg\"><span data-alt=\"\"><\/span><\/a><\/div><\/div><img decoding=\"async\" src=\"https:\/\/www.wkv-ag.com\/wp-content\/uploads\/2022\/07\/Zacapa_2-1024x768.jpg\" width=\"1024\" height=\"768\" alt loading=\"lazy\"><\/div><div class=\"w-slider-json\" onclick='return {&quot;autoScaleSlider&quot;:true,&quot;addActiveClass&quot;:true,&quot;loop&quot;:true,&quot;fadeInLoadedSlide&quot;:false,&quot;slidesSpacing&quot;:0,&quot;imageScalePadding&quot;:0,&quot;numImagesToPreload&quot;:2,&quot;arrowsNav&quot;:true,&quot;arrowsNavAutoHide&quot;:false,&quot;transitionType&quot;:&quot;move&quot;,&quot;transitionSpeed&quot;:250,&quot;block&quot;:{&quot;moveEffect&quot;:&quot;none&quot;,&quot;speed&quot;:300},&quot;thumbs&quot;:{&quot;fitInViewport&quot;:false,&quot;firstMargin&quot;:false,&quot;spacing&quot;:4},&quot;controlNavigation&quot;:&quot;none&quot;,&quot;autoScaleSliderWidth&quot;:1024,&quot;autoScaleSliderHeight&quot;:768}'><\/div><\/div><\/div><\/div><div class=\"wpb_column vc_column_container\"><div class=\"vc_column-inner\"><h4 style=\"text-align: left\" class=\"vc_custom_heading vc_do_custom_heading us_custom_cda6f729\" >TURBINA DE FLUJO CRUZADO<\/h4><div class=\"wpb_text_column\"><div class=\"wpb_wrapper\"><p class=\"translation-block\">Nuestra patentada soluci\u00f3n compacta para aplicaciones m\u00e1s peque\u00f1as. Ca\u00eddas de agua entre 5 y 150 metros, una curva de rendimiento plana y potencias de hasta alrededor 3 MW, garantiza altas ganancias por producci\u00f3n de energ\u00eda y un rango de potencias variable.<\/p>\n<\/div><\/div><\/div><\/div><\/div><\/div><\/div><\/div><div class=\"w-tabs-section\" id=\"q8dc\"><button class=\"w-tabs-section-header\" aria-controls=\"content-q8dc\" aria-expanded=\"false\"><h5 class=\"w-tabs-section-title\">TURBINA KAPLAN<\/h5><div class=\"w-tabs-section-control\"><\/div><\/button><div  class=\"w-tabs-section-content\" id=\"content-q8dc\"><div class=\"w-tabs-section-content-h i-cf\"><div class=\"g-cols wpb_row via_grid cols_2 laptops-cols_inherit tablets-cols_inherit mobiles-cols_1 valign_middle type_default stacking_default\" style=\"--columns-gap:3rem;\"><div class=\"wpb_column vc_column_container\"><div class=\"vc_column-inner\"><div class=\"w-slider style_none fit_cover nav_none count_4\"><div class=\"w-slider-h\"><div class=\"royalSlider\"><div class=\"rsContent\"><a class=\"rsImg\" data-rsw=\"1024\" data-rsh=\"768\" href=\"https:\/\/www.wkv-ag.com\/wp-content\/uploads\/2023\/01\/Kaplan1-1024x768.jpg\"><span data-alt=\"\"><\/span><\/a><\/div><div class=\"rsContent\"><a class=\"rsImg\" data-rsw=\"1024\" data-rsh=\"768\" href=\"https:\/\/www.wkv-ag.com\/wp-content\/uploads\/2023\/01\/Kaplan4-1024x768.jpg\"><span data-alt=\"\"><\/span><\/a><\/div><div class=\"rsContent\"><a class=\"rsImg\" data-rsw=\"1024\" data-rsh=\"768\" href=\"https:\/\/www.wkv-ag.com\/wp-content\/uploads\/2023\/01\/Kaplan3-1024x768.jpg\"><span data-alt=\"\"><\/span><\/a><\/div><div class=\"rsContent\"><a class=\"rsImg\" data-rsw=\"1024\" data-rsh=\"768\" href=\"https:\/\/www.wkv-ag.com\/wp-content\/uploads\/2023\/01\/Kaplan2-1024x768.jpg\"><span data-alt=\"\"><\/span><\/a><\/div><\/div><img decoding=\"async\" src=\"https:\/\/www.wkv-ag.com\/wp-content\/uploads\/2023\/01\/Kaplan1-1024x768.jpg\" width=\"1024\" height=\"768\" alt loading=\"lazy\"><\/div><div class=\"w-slider-json\" onclick='return {&quot;autoScaleSlider&quot;:true,&quot;addActiveClass&quot;:true,&quot;loop&quot;:true,&quot;fadeInLoadedSlide&quot;:false,&quot;slidesSpacing&quot;:0,&quot;imageScalePadding&quot;:0,&quot;numImagesToPreload&quot;:2,&quot;arrowsNav&quot;:true,&quot;arrowsNavAutoHide&quot;:false,&quot;transitionType&quot;:&quot;move&quot;,&quot;transitionSpeed&quot;:250,&quot;block&quot;:{&quot;moveEffect&quot;:&quot;none&quot;,&quot;speed&quot;:300},&quot;thumbs&quot;:{&quot;fitInViewport&quot;:false,&quot;firstMargin&quot;:false,&quot;spacing&quot;:4},&quot;controlNavigation&quot;:&quot;none&quot;,&quot;autoScaleSliderWidth&quot;:1024,&quot;autoScaleSliderHeight&quot;:768}'><\/div><\/div><\/div><\/div><div class=\"wpb_column vc_column_container\"><div class=\"vc_column-inner\"><h4 style=\"text-align: left\" class=\"vc_custom_heading vc_do_custom_heading us_custom_cda6f729\" >TURBINA KAPLAN<\/h4><div class=\"wpb_text_column\"><div class=\"wpb_wrapper\"><p>La soluci\u00f3n para la producci\u00f3n de alta energ\u00eda con flujos de agua muy variables a bajas ca\u00eddas de agua. Dise\u00f1ada para ca\u00eddas de agua desde 2,5 hasta aprox. 30 m y grandes flujos de agua. Logrando altas eficiencias incluso en cargas parciales con sistemas de regulaci\u00f3n simple o doble. WKV ofrece potencias de hasta 10 MW por unidad, otros a petici\u00f3n.<\/p>\n<\/div><\/div><\/div><\/div><\/div><\/div><\/div><\/div><\/div><\/div><\/div><\/div><\/div><\/div><\/section><section class=\"l-section wpb_row height_large color_alternate\"><div class=\"l-section-overlay\" style=\"background:var(--color-content-border)\"><\/div><div class=\"l-section-h i-cf\"><div class=\"g-cols vc_row via_grid cols_1 laptops-cols_inherit tablets-cols_inherit mobiles-cols_1 valign_top type_default stacking_default\"><div class=\"wpb_column vc_column_container\"><div class=\"vc_column-inner\"><h4 style=\"text-align: left\" class=\"vc_custom_heading vc_do_custom_heading us_custom_8b3d6790\" >OBTENER M\u00c1S INFORMACI\u00d3N Y OBTENER ASESORAMIENTO<\/h4><div class=\"w-separator size_small\"><\/div><div class=\"w-btn-wrapper align_left\"><a class=\"w-btn us-btn-style_17\" title=\"DESCARGA DE DOCUMENTOS\" target=\"_blank\" rel=\"nofollow\" href=\"https:\/\/www.wkv-ag.com\/es\/downloads\/\"><span class=\"w-btn-label\">Formulario de cotizaci\u00f3n turbinas<\/span><\/a><\/div><\/div><\/div><\/div><\/div><\/section>","protected":false},"excerpt":{"rendered":"TURBINENDie WKV Turbinen. Hocheffizient und zuverl\u00e4ssig. ERTRAG AB DER ERSTEN UMDREHUNGWas die Turbinentechnik von WKV so einzigartig macht, ist ihre Flexibilit\u00e4t. Wir k\u00f6nnen f\u00fcr nahezu jedes Gel\u00e4nde, f\u00fcr jede Wassermenge und fast jede Fallh\u00f6he die passende L\u00f6sung bauen und liefern. Auch besondere Anwendungen sind f\u00fcr uns oft Alltagsgesch\u00e4ft, ob Inself\u00e4higkeit mit Blackstart, erh\u00f6hte Tr\u00e4gheitsmomente mit...","protected":false},"author":1,"featured_media":0,"parent":0,"menu_order":0,"comment_status":"closed","ping_status":"closed","template":"","meta":{"_acf_changed":false,"inline_featured_image":false,"footnotes":""},"class_list":["post-8034","page","type-page","status-publish","hentry"],"acf":[],"_links":{"self":[{"href":"https:\/\/www.wkv-ag.com\/es\/wp-json\/wp\/v2\/pages\/8034","targetHints":{"allow":["GET"]}}],"collection":[{"href":"https:\/\/www.wkv-ag.com\/es\/wp-json\/wp\/v2\/pages"}],"about":[{"href":"https:\/\/www.wkv-ag.com\/es\/wp-json\/wp\/v2\/types\/page"}],"author":[{"embeddable":true,"href":"https:\/\/www.wkv-ag.com\/es\/wp-json\/wp\/v2\/users\/1"}],"replies":[{"embeddable":true,"href":"https:\/\/www.wkv-ag.com\/es\/wp-json\/wp\/v2\/comments?post=8034"}],"version-history":[{"count":73,"href":"https:\/\/www.wkv-ag.com\/es\/wp-json\/wp\/v2\/pages\/8034\/revisions"}],"predecessor-version":[{"id":10202,"href":"https:\/\/www.wkv-ag.com\/es\/wp-json\/wp\/v2\/pages\/8034\/revisions\/10202"}],"wp:attachment":[{"href":"https:\/\/www.wkv-ag.com\/es\/wp-json\/wp\/v2\/media?parent=8034"}],"curies":[{"name":"wp","href":"https:\/\/api.w.org\/{rel}","templated":true}]}}