{"id":2,"date":"2022-03-22T14:31:09","date_gmt":"2022-03-22T14:31:09","guid":{"rendered":"https:\/\/wkv.idnty.de\/?page_id=2"},"modified":"2022-09-20T08:49:58","modified_gmt":"2022-09-20T06:49:58","slug":"water-to-wire","status":"publish","type":"page","link":"https:\/\/www.wkv-ag.com\/es\/water-to-wire\/","title":{"rendered":"WATER-TO-WIRE"},"content":{"rendered":"<section class=\"l-section wpb_row height_auto width_full color_alternate\"><div class=\"l-section-h i-cf\"><div class=\"g-cols vc_row via_grid cols_2-3 laptops-cols_inherit tablets-cols_inherit mobiles-cols_1 valign_middle type_default reversed stacking_default\"><div class=\"wpb_column vc_column_container us_custom_37bacb63\"><div class=\"vc_column-inner\"><h1 style=\"font-size: 45px;text-align: left\" class=\"vc_custom_heading vc_do_custom_heading us_custom_201bf81d\" >WATER-TO-WIRE<\/h1><div class=\"wpb_text_column\"><div class=\"wpb_wrapper\"><p>Todo del mismo proveedor: Soluciones para hidroelectricidad \u00f3ptimamente coordinadas, completamente desarrolladas y manufacturadas en un solo lugar.<\/p>\n<\/div><\/div><\/div><\/div><div class=\"wpb_column vc_column_container us_custom_50ee943e has_bg_color\"><div class=\"vc_column-inner\"><\/div><\/div><\/div><\/div><\/section><section class=\"l-section wpb_row height_large\"><div class=\"l-section-h i-cf\"><div class=\"g-cols vc_row via_grid cols_2-1 laptops-cols_inherit tablets-cols_inherit mobiles-cols_1 valign_top type_default stacking_default\"><div class=\"wpb_column vc_column_container\"><div class=\"vc_column-inner\"><h2 style=\"text-align: left\" class=\"vc_custom_heading vc_do_custom_heading us_custom_cda6f729 translation-block\" >CENTRO DE GANANCIAS PROVENIENTE DE UN SOLO LUGAR<\/h2><div class=\"wpb_text_column\"><div class=\"wpb_wrapper\"><p>Usted solo provee la casa de m\u00e1quinas, nosotros nos encargamos de los trabajos internos. Water-to-Wire significa: Wasserkraft Volk AG dise\u00f1a, planifica, manufactura y produce bajo un mismo techo todo lo que usted necesita para transformar la fuerza del agua en electricidad limpia en el sitio que usted elija; para su uso propio o para alimentarla a la red de distribuci\u00f3n. Invertir en un futuro sostenible no puede ser m\u00e1s f\u00e1cil.<\/p>\n<\/div><\/div><\/div><\/div><div class=\"wpb_column vc_column_container\"><div class=\"vc_column-inner\"><\/div><\/div><\/div><\/div><\/section><section class=\"l-section wpb_row us_custom_4027751a height_large width_full\"><div class=\"l-section-overlay\" style=\"background:var(--color-header-middle-bg)\"><\/div><div class=\"l-section-h i-cf\"><div class=\"g-cols vc_row via_grid cols_1 laptops-cols_inherit tablets-cols_inherit mobiles-cols_1 valign_middle type_default stacking_default\"><div class=\"wpb_column vc_column_container\"><div class=\"vc_column-inner\"><h2 style=\"text-align: left\" class=\"vc_custom_heading vc_do_custom_heading us_custom_cda6f729\" >WATER-TO-WIRE<\/h2><div class=\"wpb_text_column\"><div class=\"wpb_wrapper\"><p style=\"text-align: center;\"><div id=\"mapplic-id8830\" data-mapdata=\"{&quot;mapwidth&quot;:&quot;1920&quot;,&quot;mapheight&quot;:&quot;1080&quot;,&quot;minheight&quot;:&quot;600&quot;,&quot;maxheight&quot;:&quot;1080&quot;,&quot;action&quot;:&quot;tooltip&quot;,&quot;moretext&quot;:&quot;MEHR&quot;,&quot;maxscale&quot;:&quot;2&quot;,&quot;basecolor&quot;:&quot;#144569&quot;,&quot;headingcolor&quot;:&quot;#144569&quot;,&quot;textcolor&quot;:&quot;#144569&quot;,&quot;accentcolor&quot;:&quot;#b48a0f&quot;,&quot;fullscreen&quot;:false,&quot;hovertip&quot;:true,&quot;hovertipdesc&quot;:false,&quot;smartip&quot;:false,&quot;deeplinking&quot;:true,&quot;linknewtab&quot;:false,&quot;minimap&quot;:false,&quot;animations&quot;:false,&quot;zoom&quot;:true,&quot;zoombuttons&quot;:true,&quot;clearbutton&quot;:true,&quot;zoomoutclose&quot;:true,&quot;closezoomout&quot;:true,&quot;mousewheel&quot;:false,&quot;mapfill&quot;:false,&quot;sidebar&quot;:false,&quot;search&quot;:false,&quot;searchdescription&quot;:false,&quot;alphabetic&quot;:false,&quot;thumbholder&quot;:false,&quot;sidebartoggle&quot;:false,&quot;filtersopened&quot;:false,&quot;highlight&quot;:false,&quot;customcss&quot;:&quot;&quot;,&quot;levels&quot;:[{&quot;id&quot;:&quot;water-to-wire&quot;,&quot;title&quot;:&quot;Water to Wire&quot;,&quot;map&quot;:&quot;\\\/\\\/www.wkv-ag.com\\\/wp-content\\\/uploads\\\/2022\\\/07\\\/Schaubild_Water_to_Wire.svg&quot;,&quot;minimap&quot;:&quot;&quot;}],&quot;styles&quot;:[],&quot;categories&quot;:[],&quot;locations&quot;:[{&quot;title&quot;:&quot;Generator&quot;,&quot;id&quot;:&quot;generator&quot;,&quot;description&quot;:&quot;&lt;p&gt;&lt;a href=\\&quot;https:\\\/\\\/www.wkv-ag.com\\\/generatoren\\\/\\&quot;&gt;MEHR ERFAHREN&lt;\\\/a&gt;&lt;\\\/p&gt;&lt;p&gt;&lt;img class=\\&quot;alignnone wp-image-8776 size-medium\\&quot; src=\\&quot;https:\\\/\\\/www.wkv-ag.com\\\/wp-content\\\/uploads\\\/2022\\\/07\\\/IMG_0484_2-300x225.jpg\\&quot; alt=\\&quot;\\&quot; width=\\&quot;300\\&quot; height=\\&quot;225\\&quot; \\\/&gt;&lt;\\\/p&gt;&quot;,&quot;pin&quot;:&quot;pin-pulse pin-label&quot;,&quot;label&quot;:&quot;https:\\\/\\\/www.wkv-ag.com\\\/wp-content\\\/uploads\\\/2022\\\/07\\\/wkv-pin-gold-gross.svg&quot;,&quot;action&quot;:&quot;default&quot;,&quot;x&quot;:&quot;0.4301&quot;,&quot;y&quot;:&quot;0.2358&quot;,&quot;level&quot;:&quot;water-to-wire&quot;},{&quot;title&quot;:&quot;Turbine&quot;,&quot;id&quot;:&quot;turbine&quot;,&quot;description&quot;:&quot;&lt;p&gt;&lt;a href=\\&quot;https:\\\/\\\/www.wkv-ag.com\\\/turbinen\\\/\\&quot;&gt;MEHR ERFAHREN&lt;\\\/a&gt;&lt;\\\/p&gt;&lt;p&gt;&lt;img class=\\&quot;alignnone wp-image-8823 size-medium\\&quot; src=\\&quot;https:\\\/\\\/www.wkv-ag.com\\\/wp-content\\\/uploads\\\/2022\\\/07\\\/DSCF1906-300x200.jpg\\&quot; alt=\\&quot;\\&quot; width=\\&quot;300\\&quot; height=\\&quot;200\\&quot; \\\/&gt;&lt;\\\/p&gt;&quot;,&quot;pin&quot;:&quot;pin-pulse pin-label&quot;,&quot;label&quot;:&quot;https:\\\/\\\/www.wkv-ag.com\\\/wp-content\\\/uploads\\\/2022\\\/07\\\/wkv-pin-gold-gross.svg&quot;,&quot;action&quot;:&quot;default&quot;,&quot;x&quot;:&quot;0.2975&quot;,&quot;y&quot;:&quot;0.1486&quot;,&quot;level&quot;:&quot;water-to-wire&quot;},{&quot;title&quot;:&quot;Schalttechnik&quot;,&quot;id&quot;:&quot;schalttechnik&quot;,&quot;description&quot;:&quot;&lt;p&gt;&lt;a href=\\&quot;https:\\\/\\\/www.wkv-ag.com\\\/schalttechnik\\\/\\&quot;&gt;MEHR ERFAHREN&lt;\\\/a&gt;&lt;\\\/p&gt;&lt;p&gt;&lt;img class=\\&quot;alignnone wp-image-8786 size-medium\\&quot; src=\\&quot;https:\\\/\\\/www.wkv-ag.com\\\/wp-content\\\/uploads\\\/2022\\\/07\\\/San-Bartolo-26-300x200.jpg\\&quot; alt=\\&quot;\\&quot; width=\\&quot;300\\&quot; height=\\&quot;200\\&quot; \\\/&gt;&lt;\\\/p&gt;&quot;,&quot;pin&quot;:&quot;pin-pulse pin-label&quot;,&quot;label&quot;:&quot;https:\\\/\\\/www.wkv-ag.com\\\/wp-content\\\/uploads\\\/2022\\\/07\\\/wkv-pin-gold-gross.svg&quot;,&quot;action&quot;:&quot;default&quot;,&quot;x&quot;:&quot;0.6729&quot;,&quot;y&quot;:&quot;0.2212&quot;,&quot;level&quot;:&quot;water-to-wire&quot;},{&quot;title&quot;:&quot;Steuerungen&quot;,&quot;id&quot;:&quot;steuerungen&quot;,&quot;description&quot;:&quot;&lt;p&gt;&lt;a href=\\&quot;https:\\\/\\\/www.wkv-ag.com\\\/steuerungen\\\/\\&quot;&gt;MEHR ERFAHREN&lt;\\\/a&gt;&lt;\\\/p&gt;&lt;p&gt;&lt;img class=\\&quot;alignnone size-medium wp-image-9097\\&quot; src=\\&quot;https:\\\/\\\/www.wkv-ag.com\\\/wp-content\\\/uploads\\\/2022\\\/07\\\/S_R-e1657705912489-300x212.jpg\\&quot; alt=\\&quot;\\&quot; width=\\&quot;300\\&quot; height=\\&quot;212\\&quot; \\\/&gt;&lt;\\\/p&gt;&quot;,&quot;pin&quot;:&quot;pin-pulse pin-label&quot;,&quot;label&quot;:&quot;https:\\\/\\\/www.wkv-ag.com\\\/wp-content\\\/uploads\\\/2022\\\/07\\\/wkv-pin-gold-gross.svg&quot;,&quot;action&quot;:&quot;default&quot;,&quot;x&quot;:&quot;0.4712&quot;,&quot;y&quot;:&quot;0.7102&quot;,&quot;level&quot;:&quot;water-to-wire&quot;}]}\"><\/div>\n<\/div><\/div><\/div><\/div><\/div><\/div><\/section><section class=\"l-section wpb_row height_large\"><div class=\"l-section-h i-cf\"><div class=\"g-cols vc_row via_grid cols_2 laptops-cols_inherit tablets-cols_inherit mobiles-cols_1 valign_middle type_default stacking_default\"><div class=\"wpb_column vc_column_container us_custom_7e20fa79 us_animate_this\"><div class=\"vc_column-inner\"><h2 style=\"text-align: left\" class=\"vc_custom_heading vc_do_custom_heading us_custom_cda6f729\" >TODO INCLUIDO PARA SU \u00c9XITO<\/h2><div class=\"wpb_text_column\"><div class=\"wpb_wrapper\"><p>Siendo el \u00fanico proveedor a nivel mundial, Wasserkraft Volk AG ofrece la complete planeaci\u00f3n y manufactura de los componentes principales de centrales hidroel\u00e9ctricas bajo un mismo techo y de un solo proveedor. Porque somos la \u00fanica empresa especialista en el mundo que no solo construye turbinas, pero tambi\u00e9n los altamente eficientes generadores s\u00edncronos junto con todos los controles necesarios.<\/p>\n<p>Completamente independiente, sin importar si usted quiere construir una peque\u00f1a central hidroel\u00e9ctrica en el rango de los kW o una grande en el rango de los MW: Usted solo tiene una persona de contacto para todas sus consultas t\u00e9cnicas. Y en WKV, eso con frecuencia significa: una sesi\u00f3n de consultor\u00eda con el jefe incluida!<\/p>\n<p>Nuestro alcance no termina con la puesta en marcha. Por supuesto, tambi\u00e9n le brindamos soporte para el funcionamiento seguro, fiable y econ\u00f3mico de su central hidroel\u00e9ctrica. No solo durante el per\u00edodo de garant\u00eda, pero a lo largo de las muchas d\u00e9cadas de vida \u00fatil productiva de la central hidroel\u00e9ctrica. Tenemos un archivo extenso que documenta completamente cada central hidroel\u00e9ctrica.<\/p>\n<\/div><\/div><\/div><\/div><div class=\"wpb_column vc_column_container us_custom_47474b22 us_animate_this\"><div class=\"vc_column-inner\"><div class=\"w-image align_none\"><div class=\"w-image-h\"><img decoding=\"async\" width=\"1024\" height=\"768\" src=\"https:\/\/www.wkv-ag.com\/wp-content\/uploads\/2022\/07\/Francis_horizontal-2-1024x768.jpg\" class=\"attachment-large size-large\" alt=\"\" loading=\"lazy\" srcset=\"https:\/\/www.wkv-ag.com\/wp-content\/uploads\/2022\/07\/Francis_horizontal-2-1024x768.jpg 1024w, https:\/\/www.wkv-ag.com\/wp-content\/uploads\/2022\/07\/Francis_horizontal-2-300x225.jpg 300w, https:\/\/www.wkv-ag.com\/wp-content\/uploads\/2022\/07\/Francis_horizontal-2-1536x1152.jpg 1536w, https:\/\/www.wkv-ag.com\/wp-content\/uploads\/2022\/07\/Francis_horizontal-2.jpg 2000w\" sizes=\"auto, (max-width: 1024px) 100vw, 1024px\" \/><\/div><\/div><\/div><\/div><\/div><\/div><\/section><section class=\"l-section wpb_row height_large color_alternate\"><div class=\"l-section-overlay\" style=\"background:var(--color-content-border)\"><\/div><div class=\"l-section-h i-cf\"><div class=\"g-cols vc_row via_grid cols_1 laptops-cols_inherit tablets-cols_inherit mobiles-cols_1 valign_top type_default stacking_default\"><div class=\"wpb_column vc_column_container\"><div class=\"vc_column-inner\"><h4 style=\"text-align: left\" class=\"vc_custom_heading vc_do_custom_heading us_custom_8b3d6790\" >OBTENER M\u00c1S INFORMACI\u00d3N Y OBTENER ASESORAMIENTO<\/h4><div class=\"w-separator size_small\"><\/div><div class=\"w-btn-wrapper align_left\"><a class=\"w-btn us-btn-style_17\" title=\"DESCARGA DE DOCUMENTOS\" target=\"_blank\" rel=\"nofollow\" href=\"https:\/\/www.wkv-ag.com\/es\/downloads\/\"><span class=\"w-btn-label\">Formulario de cotizaci\u00f3n para una central hidroel\u00e9ctrica<\/span><\/a><\/div><\/div><\/div><\/div><\/div><\/section>","protected":false},"excerpt":{"rendered":"WATER-TO-WIREAlles aus einer Hand: Optimal abgestimmte Hydropower-L\u00f6sungen, komplett an einem Standort entwickelt und gefertigt. PROFIT CENTER AUS EINER HANDSie stellen lediglich das Krafthaus, wir k\u00fcmmern uns um das gesamte Innenleben: Water-to-Wire bedeutet: Die Wasserkraft Volk AG konzipiert, plant, fertigt und erstellt aus einer Hand alles, was Sie brauchen, um am Standort Ihrer Wahl die Kraft...","protected":false},"author":1,"featured_media":0,"parent":0,"menu_order":0,"comment_status":"closed","ping_status":"open","template":"","meta":{"_acf_changed":false,"inline_featured_image":false,"footnotes":""},"class_list":["post-2","page","type-page","status-publish","hentry"],"acf":[],"_links":{"self":[{"href":"https:\/\/www.wkv-ag.com\/es\/wp-json\/wp\/v2\/pages\/2","targetHints":{"allow":["GET"]}}],"collection":[{"href":"https:\/\/www.wkv-ag.com\/es\/wp-json\/wp\/v2\/pages"}],"about":[{"href":"https:\/\/www.wkv-ag.com\/es\/wp-json\/wp\/v2\/types\/page"}],"author":[{"embeddable":true,"href":"https:\/\/www.wkv-ag.com\/es\/wp-json\/wp\/v2\/users\/1"}],"replies":[{"embeddable":true,"href":"https:\/\/www.wkv-ag.com\/es\/wp-json\/wp\/v2\/comments?post=2"}],"version-history":[{"count":40,"href":"https:\/\/www.wkv-ag.com\/es\/wp-json\/wp\/v2\/pages\/2\/revisions"}],"predecessor-version":[{"id":9938,"href":"https:\/\/www.wkv-ag.com\/es\/wp-json\/wp\/v2\/pages\/2\/revisions\/9938"}],"wp:attachment":[{"href":"https:\/\/www.wkv-ag.com\/es\/wp-json\/wp\/v2\/media?parent=2"}],"curies":[{"name":"wp","href":"https:\/\/api.w.org\/{rel}","templated":true}]}}