{"id":10388,"date":"2024-08-07T11:14:29","date_gmt":"2024-08-07T09:14:29","guid":{"rendered":"https:\/\/www.wkv-ag.com\/?page_id=10388"},"modified":"2026-05-05T09:24:52","modified_gmt":"2026-05-05T07:24:52","slug":"bewerbung","status":"publish","type":"page","link":"https:\/\/www.wkv-ag.com\/es\/bewerbung\/","title":{"rendered":"BEWERBUNG"},"content":{"rendered":"<section class=\"l-section wpb_row height_auto width_full color_primary\"><div class=\"l-section-h i-cf\"><div class=\"g-cols vc_row via_grid cols_2-3 laptops-cols_inherit tablets-cols_inherit mobiles-cols_1 valign_middle type_default reversed stacking_default\"><div class=\"wpb_column vc_column_container us_custom_37bacb63\"><div class=\"vc_column-inner\"><h1 style=\"font-size: 45px;text-align: left\" class=\"vc_custom_heading vc_do_custom_heading us_custom_7b0abf60\" >IHRE BEWERBUNG BEI WKV<\/h1><\/div><\/div><div class=\"wpb_column vc_column_container us_custom_aa23670a has_bg_color\"><div class=\"vc_column-inner\"><\/div><\/div><\/div><\/div><\/section><section class=\"l-section wpb_row height_medium\"><div class=\"l-section-h i-cf\"><div class=\"g-cols vc_row via_grid cols_1 laptops-cols_inherit tablets-cols_inherit mobiles-cols_1 valign_top type_default stacking_default\"><div class=\"wpb_column vc_column_container\"><div class=\"vc_column-inner\"><h3 style=\"text-align: left\" class=\"vc_custom_heading vc_do_custom_heading us_custom_cda6f729\" >BEWERBEN SIE SICH JETZT<\/h3><form class=\"w-form  us-field-style_1 layout_ver show_message_after_sending for_cform us_form_1\" action=\"https:\/\/www.wkv-ag.com\/es\/es\/wp-json\/wp\/v2\/pages\/10388\" method=\"post\" data-trp-original-action=\"https:\/\/www.wkv-ag.com\/es\/es\/wp-json\/wp\/v2\/pages\/10388\"><div class=\"w-form-h\"><div class=\"w-form-row for_text has_label required\">\r\n\t\t\t<div class=\"w-form-row-label\">\r\n\t\t\t<span>Nombre *<\/span>\r\n\t\t<\/div>\r\n\t\t<div class=\"w-form-row-field\">\r\n\t\t\t\t\t\t<input aria-label=\"Nombre *\" type=\"text\" name=\"us_form_1_text_1\" value placeholder data-required=\"true\" aria-required=\"true\"\/>\r\n\t\t\t<\/div>\r\n\t\t<div class=\"w-form-row-state\">Rellena este campo<\/div>\r\n<\/div>\r\n<div class=\"w-form-row for_text has_label required\">\r\n\t\t\t<div class=\"w-form-row-label\">\r\n\t\t\t<span>Apellido *<\/span>\r\n\t\t<\/div>\r\n\t\t<div class=\"w-form-row-field\">\r\n\t\t\t\t\t\t<input aria-label=\"Apellido *\" type=\"text\" name=\"us_form_1_text_2\" value placeholder data-required=\"true\" aria-required=\"true\"\/>\r\n\t\t\t<\/div>\r\n\t\t<div class=\"w-form-row-state\">Rellena este campo<\/div>\r\n<\/div>\r\n<div class=\"w-form-row for_text has_label required\">\r\n\t\t\t<div class=\"w-form-row-label\">\r\n\t\t\t<span>Telefono *<\/span>\r\n\t\t<\/div>\r\n\t\t<div class=\"w-form-row-field\">\r\n\t\t\t\t\t\t<input aria-label=\"Telefon\" type=\"text\" name=\"us_form_1_text_3\" value placeholder data-required=\"true\" aria-required=\"true\"\/>\r\n\t\t\t<\/div>\r\n\t\t<div class=\"w-form-row-state\">Rellena este campo<\/div>\r\n<\/div>\r\n<div class=\"w-form-row for_email has_label required\">\r\n\t\t\t<div class=\"w-form-row-label\">\r\n\t\t\t<span>Correo electr\u00f3nico:<\/span>\r\n\t\t<\/div>\r\n\t\t<div class=\"w-form-row-field\">\r\n\t\t\t\t\t\t<input aria-label=\"E-Mail\" type=\"email\" name=\"us_form_1_email_1\" value placeholder data-required=\"true\" aria-required=\"true\"\/>\r\n\t\t\t<\/div>\r\n\t\t<div class=\"w-form-row-state\">Por favor, introduce una direcci\u00f3n de correo electr\u00f3nico v\u00e1lida.<\/div>\r\n<\/div>\r\n<div class=\"w-form-row for_text has_label required\">\r\n\t\t\t<div class=\"w-form-row-label\">\r\n\t\t\t<span>Was f\u00fcr eine Ausbildung haben Sie? *<\/span>\r\n\t\t<\/div>\r\n\t\t<div class=\"w-form-row-field\">\r\n\t\t\t\t\t\t<input aria-label=\"Was f\u00fcr eine Ausbildung haben Sie?\" type=\"text\" name=\"us_form_1_text_4\" value placeholder data-required=\"true\" aria-required=\"true\"\/>\r\n\t\t\t<\/div>\r\n\t\t<div class=\"w-form-row-state\">Rellena este campo<\/div>\r\n<\/div>\r\n<div class=\"w-form-row for_select has_label\">\r\n\t\t\t<div class=\"w-form-row-label\">\r\n\t\t\t<span>Auf welchen Job m\u00f6chten Sie sich bewerben?<\/span>\r\n\t\t<\/div>\r\n\t\t<div class=\"w-form-row-field\">\r\n\t\t\t\t\t\t<select aria-label=\"Auf welchen Job m\u00f6chten Sie sich bewerben?\" name=\"us_form_1_select_1\">\r\n\t\t\t<option value=\"Assistenz* der Gesch\u00e4ftsleitung und des Vertriebs\">Assistenz* der Gesch\u00e4ftsleitung und des Vertriebs<\/option><option value=\"CNC-Dreher*\">CNC-Dreher*<\/option><option value=\"CNC-Fr\u00e4ser*\">CNC-Fr\u00e4ser*<\/option><option value=\"Elektrokonstrukteur* EPLAN\">Elektrokonstrukteur* EPLAN<\/option><option value=\"Initiativbewerbung Praktikum \/ Praxissemester \/ Bachelorarbeit \/ Masterarbeit im Sondermaschinenbau\">Initiativbewerbung Praktikum \/ Praxissemester \/ Bachelorarbeit \/ Masterarbeit im Sondermaschinenbau<\/option><option value=\"Instandhaltungstechniker*\">Instandhaltungstechniker*<\/option><option value=\"Koordinator* Qualit\u00e4tsmanagement\">Koordinator* Qualit\u00e4tsmanagement<\/option><option value=\"Leitung* Ausbildung\">Leitung* Ausbildung<\/option><option value=\"Leitung* der Serviceabteilung\">Leitung* der Serviceabteilung<\/option><option value=\"Leitung* Technisches B\u00fcro Turbinen\">Leitung* Technisches B\u00fcro Turbinen<\/option><option value=\"Schwei\u00dfer*\">Schwei\u00dfer*<\/option><option value=\"Techniker* oder Ingenieur* Maschinenbau im Bereich Inbetriebnahme\">Techniker* oder Ingenieur* Maschinenbau im Bereich Inbetriebnahme<\/option><option value=\"Technischer Zeichner* oder technischer Produktdesigner im Bereich technisches Produktdesign\">Technischer Zeichner* oder technischer Produktdesigner im Bereich technisches Produktdesign<\/option><option value=\"Vertriebsingenieur* Generatoren\">Vertriebsingenieur* Generatoren<\/option><option value=\"\"><\/option><option value=\"\"><\/option><option value=\"Ausbildung als Elektroniker* f\u00fcr Maschinen- und Antriebstechnik\">Ausbildung als Elektroniker* f\u00fcr Maschinen- und Antriebstechnik<\/option><option value=\"Ausbildung als Industriemechaniker*\">Ausbildung als Industriemechaniker*<\/option><option value=\"Ausbildung als Technischer Produktdesigner*\">Ausbildung als Technischer Produktdesigner*<\/option><option value=\"Ausbildung als Zerspanungsmechaniker*\">Ausbildung als Zerspanungsmechaniker*<\/option>\t\t<\/select>\r\n\t\t\t<\/div>\r\n\t\t<div class=\"w-form-row-state\">Selecciona una opci\u00f3n<\/div>\r\n<\/div>\r\n<input type=\"hidden\" name=\"action\" value=\"us_ajax_cform\" \/>\r\n<input type=\"hidden\" name=\"post_id\" value=\"0\" \/>\r\n<input type=\"hidden\" name=\"form_index\" value=\"1\" \/>\r\n<div class=\"w-form-row for_submit align_none\">\r\n\t<button class=\"w-btn  us-btn-style_15\" aria-label=\"Jetzt bewerben!\" type=\"submit\">\r\n\t\t<span class=\"g-preloader type_1\"><\/span>\r\n\t\t\t\t<span class=\"w-btn-label\">Jetzt bewerben!<\/span>\r\n\t\t\t<\/button>\r\n\t<\/div>\r\n<\/div><div class=\"w-form-message\"><\/div><div class=\"w-form-json hidden\" onclick='return {&quot;ajaxurl&quot;:&quot;https:\\\/\\\/www.wkv-ag.com\\\/wp-admin\\\/admin-ajax.php&quot;,&quot;messages&quot;:{&quot;err_empty&quot;:&quot;Rellena este campo&quot;,&quot;err_size&quot;:&quot;El tama\\u00f1o del archivo no puede exceder %s MB&quot;,&quot;err_extension&quot;:&quot;El tipo de archivo %s no est\\u00e1 permitido&quot;,&quot;err_recaptcha_keys&quot;:&quot;Las claves de reCAPTCHA son incorrectas&quot;}}'><\/div><input type=\"hidden\" name=\"trp-form-language\" value=\"es\"\/><\/form><div class=\"w-separator size_small\"><\/div><div class=\"wpb_text_column\"><div class=\"wpb_wrapper\"><p><span>* Charakter und F\u00e4higkeiten sind entscheidend, nicht das Geschlecht.<\/span><\/p>\n<\/div><\/div><\/div><\/div><\/div><\/div><\/section>","protected":false},"excerpt":{"rendered":"IHRE BEWERBUNG BEI WKVBEWERBEN SIE SICH JETZT Vorname * Rellena este campo Nachname * Rellena este campo Telefon * Rellena este campo E-Mail * Por favor, introduce una direcci\u00f3n de correo electr\u00f3nico v\u00e1lida. Was f\u00fcr eine Ausbildung haben Sie? * Rellena este campo Auf welchen Job m\u00f6chten Sie sich bewerben? Assistenz* der Gesch\u00e4ftsleitung und des...","protected":false},"author":3,"featured_media":0,"parent":0,"menu_order":0,"comment_status":"closed","ping_status":"closed","template":"","meta":{"_acf_changed":false,"inline_featured_image":false,"footnotes":""},"class_list":["post-10388","page","type-page","status-publish","hentry"],"acf":[],"_links":{"self":[{"href":"https:\/\/www.wkv-ag.com\/es\/wp-json\/wp\/v2\/pages\/10388","targetHints":{"allow":["GET"]}}],"collection":[{"href":"https:\/\/www.wkv-ag.com\/es\/wp-json\/wp\/v2\/pages"}],"about":[{"href":"https:\/\/www.wkv-ag.com\/es\/wp-json\/wp\/v2\/types\/page"}],"author":[{"embeddable":true,"href":"https:\/\/www.wkv-ag.com\/es\/wp-json\/wp\/v2\/users\/3"}],"replies":[{"embeddable":true,"href":"https:\/\/www.wkv-ag.com\/es\/wp-json\/wp\/v2\/comments?post=10388"}],"version-history":[{"count":39,"href":"https:\/\/www.wkv-ag.com\/es\/wp-json\/wp\/v2\/pages\/10388\/revisions"}],"predecessor-version":[{"id":10610,"href":"https:\/\/www.wkv-ag.com\/es\/wp-json\/wp\/v2\/pages\/10388\/revisions\/10610"}],"wp:attachment":[{"href":"https:\/\/www.wkv-ag.com\/es\/wp-json\/wp\/v2\/media?parent=10388"}],"curies":[{"name":"wp","href":"https:\/\/api.w.org\/{rel}","templated":true}]}}