{"id":9443,"date":"2022-07-25T11:12:48","date_gmt":"2022-07-25T09:12:48","guid":{"rendered":"https:\/\/wkv.idnty.de\/?page_id=9443"},"modified":"2022-10-20T14:33:07","modified_gmt":"2022-10-20T12:33:07","slug":"forschung-und-entwicklung","status":"publish","type":"page","link":"https:\/\/www.wkv-ag.com\/en\/forschung-und-entwicklung\/","title":{"rendered":"RESEARCH AND DEVELOPMENT"},"content":{"rendered":"<section class=\"l-section wpb_row height_auto width_full color_alternate\"><div class=\"l-section-h i-cf\"><div class=\"g-cols vc_row via_grid cols_2-3 laptops-cols_inherit tablets-cols_inherit mobiles-cols_1 valign_middle type_default reversed stacking_default\"><div class=\"wpb_column vc_column_container us_custom_37bacb63\"><div class=\"vc_column-inner\"><h1 style=\"font-size: 45px;text-align: left\" class=\"vc_custom_heading vc_do_custom_heading us_custom_201bf81d\" >RESEARCH AND DEVELOPMENT<\/h1><div class=\"wpb_text_column\"><div class=\"wpb_wrapper\"><p>Seit Jahren baut WKV sowohl projektspezifisch als auch projektunabh\u00e4ngig auf kontinuierliche Forschung und Entwicklung. Zusammen mit jahrzehntelagen Erfahrung bietet uns dies die notwendige Sicherheit, zuverl\u00e4ssig Spitzenwirkungsgrade garantieren zu k\u00f6nnen.<\/p>\n<\/div><\/div><\/div><\/div><div class=\"wpb_column vc_column_container us_custom_c5b37147 has_bg_color\"><div class=\"vc_column-inner\"><\/div><\/div><\/div><\/div><\/section><section class=\"l-section wpb_row height_large\"><div class=\"l-section-h i-cf\"><div class=\"g-cols vc_row via_grid cols_2-1 laptops-cols_inherit tablets-cols_inherit mobiles-cols_1 valign_bottom type_default stacking_default\"><div class=\"wpb_column vc_column_container\"><div class=\"vc_column-inner\"><h2 style=\"text-align: left\" class=\"vc_custom_heading vc_do_custom_heading us_custom_cda6f729\" >RESEARCH AND DEVELOPMENT<\/h2><div class=\"w-separator size_small\"><\/div><div class=\"wpb_text_column\"><div class=\"wpb_wrapper\"><p>Since WKV was founded, a large part of our profits has gone into research and development. As a result, we are today among the best in our field worldwide.<\/p>\n<p class=\"translation-block\">WKV turbines are continually improved and upgraded in our <strong>own research and development laboratory<\/strong> in Simonswald. A common factor for<strong> all our products<\/strong> is the first-class quality. In our laboratory, we demonstrate this regularly and by far have achieved the <strong>highest efficiencies<\/strong> and long service life.<\/p>\n<p class=\"translation-block\">Our lead in technology is preserved by these <strong>continued improvements<\/strong>. Also our electronic components are perpetually improved, considering practical experience.<\/p>\n<p class=\"translation-block\">All modifications at our controllers are, in order to simplify service and replacement work, <strong>performed backward compatible<\/strong>. This grants a proper parts service over the entire life-time of the power plant. Furthermore, we ensure that even old electronic controllers can be replaced by new equipment with far better or extended performance within minutes.<\/p>\n<\/div><\/div><\/div><\/div><div class=\"wpb_column vc_column_container us_custom_47474b22 us_animate_this\"><div class=\"vc_column-inner\"><div class=\"w-image align_none\"><div class=\"w-image-h\"><img decoding=\"async\" width=\"1032\" height=\"688\" src=\"https:\/\/www.wkv-ag.com\/wp-content\/uploads\/2022\/08\/Kompetenz-EN.jpg\" class=\"attachment-us_1536_1536 size-us_1536_1536\" alt=\"\" loading=\"lazy\" srcset=\"https:\/\/www.wkv-ag.com\/wp-content\/uploads\/2022\/08\/Kompetenz-EN.jpg 2063w, https:\/\/www.wkv-ag.com\/wp-content\/uploads\/2022\/08\/Kompetenz-EN-300x200.jpg 300w, https:\/\/www.wkv-ag.com\/wp-content\/uploads\/2022\/08\/Kompetenz-EN-1024x683.jpg 1024w, https:\/\/www.wkv-ag.com\/wp-content\/uploads\/2022\/08\/Kompetenz-EN-18x12.jpg 18w, https:\/\/www.wkv-ag.com\/wp-content\/uploads\/2022\/08\/Kompetenz-EN-1536x1024.jpg 1536w\" sizes=\"auto, (max-width: 1032px) 100vw, 1032px\" \/><\/div><\/div><\/div><\/div><\/div><\/div><\/section><section class=\"l-section wpb_row height_medium color_alternate\"><div class=\"l-section-h i-cf\"><div class=\"g-cols vc_row via_grid cols_2 laptops-cols_inherit tablets-cols_inherit mobiles-cols_1 valign_middle type_default stacking_default\"><div class=\"wpb_column vc_column_container us_custom_7e20fa79 us_animate_this\"><div class=\"vc_column-inner\"><h2 style=\"text-align: left\" class=\"vc_custom_heading vc_do_custom_heading us_custom_99260837\" >FRANCIS TURBINE<\/h2><div class=\"wpb_text_column\"><div class=\"wpb_wrapper\"><p>A wide operation range with high efficiencies and reliable dimensioning for an operation time of centuries. A WKV \u2013 Francisturbine has to fulfil a lot of requirements. Extended flow simulation, FEM \u2013 analysis of all main turbine components together with broad experience in model and prototypes guarantees the high technical level of a WKV \u2013 Francis turbine.<\/p>\n<\/div><\/div><\/div><\/div><div class=\"wpb_column vc_column_container us_custom_47474b22 us_animate_this\"><div class=\"vc_column-inner\"><div class=\"w-slider style_none fit_scaledown nav_none count_8\"><div class=\"w-slider-h\"><div class=\"royalSlider\"><div class=\"rsContent\"><a class=\"rsImg\" data-rsw=\"1024\" data-rsh=\"682\" href=\"https:\/\/www.wkv-ag.com\/wp-content\/uploads\/2022\/08\/WKV_TAN_Fertigung-066-1024x682.jpg\"><span data-alt=\"\"><\/span><\/a><\/div><div class=\"rsContent\"><a class=\"rsImg\" data-rsw=\"1024\" data-rsh=\"614\" href=\"https:\/\/www.wkv-ag.com\/wp-content\/uploads\/2022\/07\/Francis-scaled-e1658741790659-1024x614.jpg\"><span data-alt=\"\"><\/span><\/a><\/div><div class=\"rsContent\"><a class=\"rsImg\" data-rsw=\"1024\" data-rsh=\"551\" href=\"https:\/\/www.wkv-ag.com\/wp-content\/uploads\/2022\/08\/CFD_TanMy2_StreamlinesVelocity-1024x879_1-1024x551.jpg\"><span data-alt=\"\"><\/span><\/a><\/div><div class=\"rsContent\"><a class=\"rsImg\" data-rsw=\"1024\" data-rsh=\"554\" href=\"https:\/\/www.wkv-ag.com\/wp-content\/uploads\/2022\/08\/CFD_TanMy2_WallPressure-1024x886_1-1024x554.jpg\"><span data-alt=\"\"><\/span><\/a><\/div><div class=\"rsContent\"><a class=\"rsImg\" data-rsw=\"1024\" data-rsh=\"667\" href=\"https:\/\/www.wkv-ag.com\/wp-content\/uploads\/2022\/08\/FS_GEH_FEM-1024x667.jpg\"><span data-alt=\"\"><\/span><\/a><\/div><div class=\"rsContent\"><a class=\"rsImg\" data-rsw=\"1024\" data-rsh=\"768\" href=\"https:\/\/www.wkv-ag.com\/wp-content\/uploads\/2022\/08\/SAM_2381-1024x768.jpg\"><span data-alt=\"\"><\/span><\/a><\/div><div class=\"rsContent\"><a class=\"rsImg\" data-rsw=\"1024\" data-rsh=\"682\" href=\"https:\/\/www.wkv-ag.com\/wp-content\/uploads\/2022\/08\/EXP_Kenali_Versuch_02-1024x682.jpg\"><span data-alt=\"\"><\/span><\/a><\/div><div class=\"rsContent\"><a class=\"rsImg\" data-rsw=\"1024\" data-rsh=\"682\" href=\"https:\/\/www.wkv-ag.com\/wp-content\/uploads\/2022\/08\/DSC04915-1024x682.jpg\"><span data-alt=\"\"><\/span><\/a><\/div><\/div><img decoding=\"async\" src=\"https:\/\/www.wkv-ag.com\/wp-content\/uploads\/2022\/08\/WKV_TAN_Fertigung-066-1024x682.jpg\" width=\"1024\" height=\"682\" alt loading=\"lazy\"><\/div><div class=\"w-slider-json\" onclick='return {&quot;autoScaleSlider&quot;:true,&quot;addActiveClass&quot;:true,&quot;loop&quot;:true,&quot;fadeInLoadedSlide&quot;:false,&quot;slidesSpacing&quot;:0,&quot;imageScalePadding&quot;:0,&quot;numImagesToPreload&quot;:2,&quot;arrowsNav&quot;:true,&quot;arrowsNavAutoHide&quot;:false,&quot;transitionType&quot;:&quot;move&quot;,&quot;transitionSpeed&quot;:250,&quot;block&quot;:{&quot;moveEffect&quot;:&quot;none&quot;,&quot;speed&quot;:300},&quot;thumbs&quot;:{&quot;fitInViewport&quot;:false,&quot;firstMargin&quot;:false,&quot;spacing&quot;:4},&quot;controlNavigation&quot;:&quot;none&quot;,&quot;autoScaleSliderWidth&quot;:1024,&quot;autoScaleSliderHeight&quot;:682}'><\/div><\/div><\/div><\/div><\/div><\/div><\/section><section class=\"l-section wpb_row height_medium\"><div class=\"l-section-h i-cf\"><div class=\"g-cols vc_row via_grid cols_2-1 laptops-cols_inherit tablets-cols_inherit mobiles-cols_1 valign_middle type_default reversed stacking_default\"><div class=\"wpb_column vc_column_container\"><div class=\"vc_column-inner\"><h2 style=\"text-align: left\" class=\"vc_custom_heading vc_do_custom_heading us_custom_99260837\" >IMPULSE TURBINES<\/h2><div class=\"wpb_text_column\"><div class=\"wpb_wrapper\"><p>The highly transient flow, characteristic of Pelton and Turgo turbines, demands precision in development and construction of the single hydraulic components. Since years ago, WKV focuses on modern software tools to adapt the hydraulic components in the best possible way according to the specific project requirements. In the heart of the turbine, a full parametric CAD model of the runner guarantees the highest precision in construction, flow, and from the FEM analysis to the CNC machining.<\/p>\n<\/div><\/div><\/div><\/div><div class=\"wpb_column vc_column_container\"><div class=\"vc_column-inner\"><\/div><\/div><\/div><\/div><\/section><section class=\"l-section wpb_row height_medium\"><div class=\"l-section-h i-cf\"><div class=\"g-cols vc_row via_grid cols_2 laptops-cols_inherit tablets-cols_inherit mobiles-cols_1 valign_middle type_default reversed stacking_default\"><div class=\"wpb_column vc_column_container us_custom_7e20fa79 us_animate_this\"><div class=\"vc_column-inner\"><h3 style=\"text-align: left\" class=\"vc_custom_heading vc_do_custom_heading us_custom_cda6f729\" >PELTON TURBINE<\/h3><div class=\"w-slider style_none fit_cover nav_none count_6\"><div class=\"w-slider-h\"><div class=\"royalSlider\"><div class=\"rsContent\"><a class=\"rsImg\" data-rsw=\"1024\" data-rsh=\"682\" href=\"https:\/\/www.wkv-ag.com\/wp-content\/uploads\/2022\/07\/FuE_Pruefstand_Pelton_2-1024x682.jpg\"><span data-alt=\"\"><\/span><\/a><\/div><div class=\"rsContent\"><a class=\"rsImg\" data-rsw=\"1024\" data-rsh=\"791\" href=\"https:\/\/www.wkv-ag.com\/wp-content\/uploads\/2022\/08\/cad__02-1024x791.jpg\"><span data-alt=\"\"><\/span><\/a><\/div><div class=\"rsContent\"><a class=\"rsImg\" data-rsw=\"1024\" data-rsh=\"678\" href=\"https:\/\/www.wkv-ag.com\/wp-content\/uploads\/2022\/08\/FEM-1024x678.jpg\"><span data-alt=\"\"><\/span><\/a><\/div><div class=\"rsContent\"><a class=\"rsImg\" data-rsw=\"1024\" data-rsh=\"682\" href=\"https:\/\/www.wkv-ag.com\/wp-content\/uploads\/2022\/07\/FuE_Pruefstand_Pelton_3_-1024x682.jpg\"><span data-alt=\"\"><\/span><\/a><\/div><div class=\"rsContent\"><a class=\"rsImg\" data-rsw=\"773\" data-rsh=\"571\" href=\"https:\/\/www.wkv-ag.com\/wp-content\/uploads\/2022\/08\/Zeichnung.jpg\"><span data-alt=\"\"><\/span><\/a><\/div><div class=\"rsContent\"><a class=\"rsImg\" data-rsw=\"1024\" data-rsh=\"768\" href=\"https:\/\/www.wkv-ag.com\/wp-content\/uploads\/2022\/08\/FuE_CFD_Duese-1024x768.jpg\"><span data-alt=\"\"><\/span><\/a><\/div><\/div><img decoding=\"async\" src=\"https:\/\/www.wkv-ag.com\/wp-content\/uploads\/2022\/07\/FuE_Pruefstand_Pelton_2-1024x682.jpg\" width=\"1024\" height=\"682\" alt loading=\"lazy\"><\/div><div class=\"w-slider-json\" onclick='return {&quot;autoScaleSlider&quot;:true,&quot;addActiveClass&quot;:true,&quot;loop&quot;:true,&quot;fadeInLoadedSlide&quot;:false,&quot;slidesSpacing&quot;:0,&quot;imageScalePadding&quot;:0,&quot;numImagesToPreload&quot;:2,&quot;arrowsNav&quot;:true,&quot;arrowsNavAutoHide&quot;:false,&quot;transitionType&quot;:&quot;move&quot;,&quot;transitionSpeed&quot;:250,&quot;block&quot;:{&quot;moveEffect&quot;:&quot;none&quot;,&quot;speed&quot;:300},&quot;thumbs&quot;:{&quot;fitInViewport&quot;:false,&quot;firstMargin&quot;:false,&quot;spacing&quot;:4},&quot;controlNavigation&quot;:&quot;none&quot;,&quot;autoScaleSliderWidth&quot;:1024,&quot;autoScaleSliderHeight&quot;:682}'><\/div><\/div><\/div><\/div><div class=\"wpb_column vc_column_container us_custom_47474b22 us_animate_this\"><div class=\"vc_column-inner\"><h3 style=\"text-align: left\" class=\"vc_custom_heading vc_do_custom_heading us_custom_cda6f729\" >TURGO TURBINE<\/h3><div class=\"w-slider style_none fit_cover nav_none count_4\"><div class=\"w-slider-h\"><div class=\"royalSlider\"><div class=\"rsContent\"><a class=\"rsImg\" data-rsw=\"1024\" data-rsh=\"685\" href=\"https:\/\/www.wkv-ag.com\/wp-content\/uploads\/2022\/08\/tt_FEM-877x1024_neu-1024x685.jpg\"><span data-alt=\"\"><\/span><\/a><\/div><div class=\"rsContent\"><a class=\"rsImg\" data-rsw=\"1024\" data-rsh=\"682\" href=\"https:\/\/www.wkv-ag.com\/wp-content\/uploads\/2022\/08\/Versuchsstand_FuE_2017-127-1024x682.jpg\"><span data-alt=\"\"><\/span><\/a><\/div><div class=\"rsContent\"><a class=\"rsImg\" data-rsw=\"1024\" data-rsh=\"685\" href=\"https:\/\/www.wkv-ag.com\/wp-content\/uploads\/2022\/08\/tt_01-1024x791_neu-1024x685.jpg\"><span data-alt=\"\"><\/span><\/a><\/div><div class=\"rsContent\"><a class=\"rsImg\" data-rsw=\"1024\" data-rsh=\"768\" href=\"https:\/\/www.wkv-ag.com\/wp-content\/uploads\/2022\/08\/FuE_3_07_A-036-1024x768.jpg\"><span data-alt=\"\"><\/span><\/a><\/div><\/div><img decoding=\"async\" src=\"https:\/\/www.wkv-ag.com\/wp-content\/uploads\/2022\/08\/tt_FEM-877x1024_neu-1024x685.jpg\" width=\"1024\" height=\"685\" alt loading=\"lazy\"><\/div><div class=\"w-slider-json\" onclick='return {&quot;autoScaleSlider&quot;:true,&quot;addActiveClass&quot;:true,&quot;loop&quot;:true,&quot;fadeInLoadedSlide&quot;:false,&quot;slidesSpacing&quot;:0,&quot;imageScalePadding&quot;:0,&quot;numImagesToPreload&quot;:2,&quot;arrowsNav&quot;:true,&quot;arrowsNavAutoHide&quot;:false,&quot;transitionType&quot;:&quot;move&quot;,&quot;transitionSpeed&quot;:250,&quot;block&quot;:{&quot;moveEffect&quot;:&quot;none&quot;,&quot;speed&quot;:300},&quot;thumbs&quot;:{&quot;fitInViewport&quot;:false,&quot;firstMargin&quot;:false,&quot;spacing&quot;:4},&quot;controlNavigation&quot;:&quot;none&quot;,&quot;autoScaleSliderWidth&quot;:1024,&quot;autoScaleSliderHeight&quot;:685}'><\/div><\/div><\/div><\/div><\/div><\/div><\/section><section class=\"l-section wpb_row height_medium color_alternate\"><div class=\"l-section-h i-cf\"><div class=\"g-cols vc_row via_grid cols_2 laptops-cols_inherit tablets-cols_inherit mobiles-cols_1 valign_middle type_default stacking_default\"><div class=\"wpb_column vc_column_container us_custom_7e20fa79 us_animate_this\"><div class=\"vc_column-inner\"><h2 style=\"text-align: left\" class=\"vc_custom_heading vc_do_custom_heading us_custom_99260837\" >CROSSFLOW TURBINE<\/h2><div class=\"wpb_text_column\"><div class=\"wpb_wrapper\"><p>The compact solution for turbines up to 3 MW also benefits on the steps of innovation made in the last years. Transient flow simulation as well as FEM \u2013 analysis using unsteady - cyclic load approach, of course also tested and optimized in our laboratory.<\/p>\n<\/div><\/div><\/div><\/div><div class=\"wpb_column vc_column_container us_custom_47474b22 us_animate_this\"><div class=\"vc_column-inner\"><div class=\"w-slider style_none fit_scaledown nav_none count_2\"><div class=\"w-slider-h\"><div class=\"royalSlider\"><div class=\"rsContent\"><a class=\"rsImg\" data-rsw=\"1024\" data-rsh=\"721\" href=\"https:\/\/www.wkv-ag.com\/wp-content\/uploads\/2022\/08\/WKV_TD-Versuchsstand12617a-1024x721.jpg\"><span data-alt=\"\"><\/span><\/a><\/div><div class=\"rsContent\"><a class=\"rsImg\" data-rsw=\"1024\" data-rsh=\"735\" href=\"https:\/\/www.wkv-ag.com\/wp-content\/uploads\/2022\/08\/FEM-1-1024x735_neu-1024x735.jpg\"><span data-alt=\"\"><\/span><\/a><\/div><\/div><img decoding=\"async\" src=\"https:\/\/www.wkv-ag.com\/wp-content\/uploads\/2022\/08\/WKV_TD-Versuchsstand12617a-1024x721.jpg\" width=\"1024\" height=\"721\" alt loading=\"lazy\"><\/div><div class=\"w-slider-json\" onclick='return {&quot;autoScaleSlider&quot;:true,&quot;addActiveClass&quot;:true,&quot;loop&quot;:true,&quot;fadeInLoadedSlide&quot;:false,&quot;slidesSpacing&quot;:0,&quot;imageScalePadding&quot;:0,&quot;numImagesToPreload&quot;:2,&quot;arrowsNav&quot;:true,&quot;arrowsNavAutoHide&quot;:false,&quot;transitionType&quot;:&quot;move&quot;,&quot;transitionSpeed&quot;:250,&quot;block&quot;:{&quot;moveEffect&quot;:&quot;none&quot;,&quot;speed&quot;:300},&quot;thumbs&quot;:{&quot;fitInViewport&quot;:false,&quot;firstMargin&quot;:false,&quot;spacing&quot;:4},&quot;controlNavigation&quot;:&quot;none&quot;,&quot;autoScaleSliderWidth&quot;:1024,&quot;autoScaleSliderHeight&quot;:721}'><\/div><\/div><\/div><\/div><\/div><\/div><\/section>","protected":false},"excerpt":{"rendered":"FORSCHUNG UND ENTWICKLUNGSeit Jahren baut WKV sowohl projektspezifisch als auch projektunabh\u00e4ngig auf kontinuierliche Forschung und Entwicklung. Zusammen mit jahrzehntelagen Erfahrung bietet uns dies die notwendige Sicherheit, zuverl\u00e4ssig Spitzenwirkungsgrade garantieren zu k\u00f6nnen. FORSCHUNG UND ENTWICKLUNGSeit der Gr\u00fcndung der Firma WKV flie\u00dft ein gro\u00dfer Teil unserer Gewinne in Forschung und Entwicklung. Dadurch z\u00e4hlen wir heute weltweit zur...","protected":false},"author":1,"featured_media":0,"parent":0,"menu_order":0,"comment_status":"closed","ping_status":"closed","template":"","meta":{"_acf_changed":false,"inline_featured_image":false,"footnotes":""},"class_list":["post-9443","page","type-page","status-publish","hentry"],"acf":[],"_links":{"self":[{"href":"https:\/\/www.wkv-ag.com\/en\/wp-json\/wp\/v2\/pages\/9443","targetHints":{"allow":["GET"]}}],"collection":[{"href":"https:\/\/www.wkv-ag.com\/en\/wp-json\/wp\/v2\/pages"}],"about":[{"href":"https:\/\/www.wkv-ag.com\/en\/wp-json\/wp\/v2\/types\/page"}],"author":[{"embeddable":true,"href":"https:\/\/www.wkv-ag.com\/en\/wp-json\/wp\/v2\/users\/1"}],"replies":[{"embeddable":true,"href":"https:\/\/www.wkv-ag.com\/en\/wp-json\/wp\/v2\/comments?post=9443"}],"version-history":[{"count":52,"href":"https:\/\/www.wkv-ag.com\/en\/wp-json\/wp\/v2\/pages\/9443\/revisions"}],"predecessor-version":[{"id":10059,"href":"https:\/\/www.wkv-ag.com\/en\/wp-json\/wp\/v2\/pages\/9443\/revisions\/10059"}],"wp:attachment":[{"href":"https:\/\/www.wkv-ag.com\/en\/wp-json\/wp\/v2\/media?parent=9443"}],"curies":[{"name":"wp","href":"https:\/\/api.w.org\/{rel}","templated":true}]}}