{"id":9006,"date":"2022-07-12T15:09:57","date_gmt":"2022-07-12T13:09:57","guid":{"rendered":"https:\/\/wkv.idnty.de\/?page_id=9006"},"modified":"2023-12-08T12:36:58","modified_gmt":"2023-12-08T11:36:58","slug":"zubehoer","status":"publish","type":"page","link":"https:\/\/www.wkv-ag.com\/en\/zubehoer\/","title":{"rendered":"ACCESSORIES"},"content":{"rendered":"<section class=\"l-section wpb_row height_auto width_full color_alternate\"><div class=\"l-section-h i-cf\"><div class=\"g-cols vc_row via_grid cols_2-3 laptops-cols_inherit tablets-cols_inherit mobiles-cols_1 valign_middle type_default reversed stacking_default\"><div class=\"wpb_column vc_column_container us_custom_8a9093a3\"><div class=\"vc_column-inner\"><h1 style=\"font-size: 45px;text-align: left\" class=\"vc_custom_heading vc_do_custom_heading us_custom_201bf81d\" >ACCESSORIES<\/h1><div class=\"wpb_text_column\"><div class=\"wpb_wrapper\"><p>We supply much more than what you need for your power station.<\/p>\n<\/div><\/div><\/div><\/div><div class=\"wpb_column vc_column_container us_custom_12aebc88 has_bg_color\"><div class=\"vc_column-inner\"><\/div><\/div><\/div><\/div><\/section><section class=\"l-section wpb_row height_large\"><div class=\"l-section-h i-cf\"><div class=\"g-cols vc_row via_grid cols_2 laptops-cols_inherit tablets-cols_inherit mobiles-cols_1 valign_middle type_default stacking_default\"><div class=\"wpb_column vc_column_container us_custom_7e20fa79 us_animate_this\"><div class=\"vc_column-inner\"><h4 style=\"text-align: left\" class=\"vc_custom_heading vc_do_custom_heading us_custom_cda6f729\" >OVERHEAD CRANES FOR POWERHOUSE<\/h4><div class=\"wpb_text_column\"><div class=\"wpb_wrapper\"><p>For safe unloading and smooth assembly, WKV also supplies for you the powerhouse crane.<\/p>\n<\/div><\/div><\/div><\/div><div class=\"wpb_column vc_column_container us_custom_47474b22 us_animate_this\"><div class=\"vc_column-inner\"><div class=\"w-image has_ratio align_none\"><div class=\"w-image-h\"><div style=\"padding-bottom:56.25%\"><\/div><img decoding=\"async\" width=\"1024\" height=\"819\" src=\"https:\/\/www.wkv-ag.com\/wp-content\/uploads\/2022\/07\/Kran-1024x819.jpg\" class=\"attachment-large size-large\" alt=\"\" loading=\"lazy\" \/><\/div><\/div><\/div><\/div><\/div><\/div><\/section><section class=\"l-section wpb_row height_large color_primary\"><div class=\"l-section-h i-cf\"><div class=\"g-cols vc_row via_grid cols_2 laptops-cols_inherit tablets-cols_inherit mobiles-cols_1 valign_middle type_default reversed stacking_default\"><div class=\"wpb_column vc_column_container us_custom_7e20fa79 us_animate_this\"><div class=\"vc_column-inner\"><div class=\"w-image has_ratio align_none\"><div class=\"w-image-h\"><div style=\"padding-bottom:56.25%\"><\/div><img decoding=\"async\" width=\"580\" height=\"431\" src=\"https:\/\/www.wkv-ag.com\/wp-content\/uploads\/2022\/07\/Diesel.jpg\" class=\"attachment-large size-large\" alt=\"\" loading=\"lazy\" \/><\/div><\/div><\/div><\/div><div class=\"wpb_column vc_column_container us_custom_47474b22 us_animate_this\"><div class=\"vc_column-inner\"><h4 style=\"text-align: left\" class=\"vc_custom_heading vc_do_custom_heading us_custom_cda6f729\" >DIESEL GENERATORS FOR EMERGENCY POWER SUPPLY<\/h4><div class=\"wpb_text_column\"><div class=\"wpb_wrapper\"><p>Well prepared for possible power failures. With this emergency power supply, the powerhouse can be energised and the turbine can be restarted.<\/p>\n<\/div><\/div><\/div><\/div><\/div><\/div><\/section><section class=\"l-section wpb_row height_large\"><div class=\"l-section-h i-cf\"><div class=\"g-cols vc_row via_grid cols_2 laptops-cols_inherit tablets-cols_inherit mobiles-cols_1 valign_middle type_default stacking_default\"><div class=\"wpb_column vc_column_container us_custom_7e20fa79 us_animate_this\"><div class=\"vc_column-inner\"><h4 style=\"text-align: left\" class=\"vc_custom_heading vc_do_custom_heading us_custom_cda6f729\" >PENSTOCK SAFETY VALVE<\/h4><div class=\"wpb_text_column\"><div class=\"wpb_wrapper\"><p>Ruptures in penstocks are rare \u2013 but if this it were to happen, it may result in catastrophic consequences. Flooding and mudslides can be prevented with a penstock safety valve. If the flow velocity in the pipeline increases due to a pipe rupture, the valve at the penstock inlet will automatically close.<\/p>\n<\/div><\/div><\/div><\/div><div class=\"wpb_column vc_column_container us_custom_47474b22 us_animate_this\"><div class=\"vc_column-inner\"><div class=\"w-image has_ratio align_none\"><div class=\"w-image-h\"><div style=\"padding-bottom:56.25%\"><\/div><img decoding=\"async\" width=\"1024\" height=\"794\" src=\"https:\/\/www.wkv-ag.com\/wp-content\/uploads\/2022\/07\/Rohrbruchklappe6-1024x794.jpg\" class=\"attachment-large size-large\" alt=\"\" loading=\"lazy\" \/><\/div><\/div><\/div><\/div><\/div><\/div><\/section><section class=\"l-section wpb_row height_large color_alternate\"><div class=\"l-section-h i-cf\"><div class=\"g-cols vc_row via_grid cols_2 laptops-cols_inherit tablets-cols_inherit mobiles-cols_1 valign_middle type_default reversed stacking_default\"><div class=\"wpb_column vc_column_container us_custom_7e20fa79 us_animate_this\"><div class=\"vc_column-inner\"><div class=\"w-image has_ratio align_none\"><div class=\"w-image-h\"><div style=\"padding-bottom:56.25%\"><\/div><img decoding=\"async\" width=\"1024\" height=\"580\" src=\"https:\/\/www.wkv-ag.com\/wp-content\/uploads\/2022\/07\/Krafthaus-Bypass-1024x580.jpg\" class=\"attachment-large size-large\" alt=\"\" loading=\"lazy\" \/><\/div><\/div><\/div><\/div><div class=\"wpb_column vc_column_container us_custom_47474b22 us_animate_this\"><div class=\"vc_column-inner\"><h4 style=\"text-align: left\" class=\"vc_custom_heading vc_do_custom_heading us_custom_cda6f729\" >BYPASS VALVES RESPECTIVELY, SYSTEMS FOR POWER STATIONS<\/h4><div class=\"wpb_text_column\"><div class=\"wpb_wrapper\"><p>The outlet of one power station is often the inlet of the next. The bypass line begins in front of the powerhouse and ends in the tailwater channel. The bypass valve is opened (usually automatically) so that in the event of maintenance or malfunctions, the downstream power-stations can be supplied with water.<\/p>\n<\/div><\/div><\/div><\/div><\/div><\/div><\/section><section class=\"l-section wpb_row height_large\"><div class=\"l-section-h i-cf\"><div class=\"g-cols vc_row via_grid cols_2 laptops-cols_inherit tablets-cols_inherit mobiles-cols_1 valign_middle type_default stacking_default\"><div class=\"wpb_column vc_column_container us_custom_7e20fa79 us_animate_this\"><div class=\"vc_column-inner\"><h4 style=\"text-align: left\" class=\"vc_custom_heading vc_do_custom_heading us_custom_cda6f729\" >PIPING PARTS<\/h4><div class=\"wpb_text_column\"><div class=\"wpb_wrapper\"><p>The pipe branch in front of the powerhouse is subjected to considerable forces. We construct and supply you with individual pipelines for this complex section.<\/p>\n<\/div><\/div><\/div><\/div><div class=\"wpb_column vc_column_container us_custom_47474b22 us_animate_this\"><div class=\"vc_column-inner\"><div class=\"w-image has_ratio align_none\"><div class=\"w-image-h\"><div style=\"padding-bottom:56.25%\"><\/div><img decoding=\"async\" width=\"1024\" height=\"768\" src=\"https:\/\/www.wkv-ag.com\/wp-content\/uploads\/2022\/07\/Hosenrohr-beim-schweissen-1024x768.jpg\" class=\"attachment-large size-large\" alt=\"\" loading=\"lazy\" \/><\/div><\/div><\/div><\/div><\/div><\/div><\/section><section class=\"l-section wpb_row height_large color_alternate\"><div class=\"l-section-h i-cf\"><div class=\"g-cols vc_row via_grid cols_2 laptops-cols_inherit tablets-cols_inherit mobiles-cols_1 valign_middle type_default reversed stacking_default\"><div class=\"wpb_column vc_column_container us_custom_7e20fa79 us_animate_this\"><div class=\"vc_column-inner\"><div class=\"w-image has_ratio align_none\"><div class=\"w-image-h\"><div style=\"padding-bottom:56.25%\"><\/div><img decoding=\"async\" width=\"1024\" height=\"734\" src=\"https:\/\/www.wkv-ag.com\/wp-content\/uploads\/2022\/07\/Werkzeugbrett_ALLES-1024x734.jpg\" class=\"attachment-large size-large\" alt=\"\" loading=\"lazy\" \/><\/div><\/div><\/div><\/div><div class=\"wpb_column vc_column_container us_custom_47474b22 us_animate_this\"><div class=\"vc_column-inner\"><h4 style=\"text-align: left\" class=\"vc_custom_heading vc_do_custom_heading us_custom_cda6f729\" >TOOLS<\/h4><div class=\"wpb_text_column\"><div class=\"wpb_wrapper\"><p>Good tools are elementary for us - not only in the factory, but also on remote construction sites. For the assembly, we arrive with our special tools and leave them with you, for the electromechanical equipment \u2013 especially for your station.<\/p>\n<\/div><\/div><\/div><\/div><\/div><\/div><\/section><section class=\"l-section wpb_row height_large\"><div class=\"l-section-h i-cf\"><div class=\"g-cols vc_row via_grid cols_2-1 laptops-cols_inherit tablets-cols_inherit mobiles-cols_1 valign_top type_default stacking_default\"><div class=\"wpb_column vc_column_container\"><div class=\"vc_column-inner\"><h2 style=\"text-align: left\" class=\"vc_custom_heading vc_do_custom_heading us_custom_cda6f729\" >JAHNS-REGULATORS AND REGULATOR RETROFIT<\/h2><div class=\"wpb_text_column\"><div class=\"wpb_wrapper\"><div class=\"csc-textpic-text\">\n<p class=\"bodytext translation-block\">Dated models of J<b>AHNS speed controllers<\/b> are prepared for proper operation for coming decades. We use only <b>original documentation and original replacement parts.<\/b><\/p>\n<p class=\"bodytext translation-block\">The robust and durable performance of these speed controllers works completely without electric energy and is so far suitable for small power plants that shall be operated in islated mode. A refurbishment costs just a fractional amount of a new controller.<\/p>\n<p class=\"bodytext translation-block\">Of course, we will also deliver <b>brandnew original JAHNS<\/b> speed controllers if needed!<\/p>\n<p>You can also have older regulators from other manufacturers overhauled in our factory. If necessary, please contact us.<\/p>\n<\/div>\n<\/div><\/div><\/div><\/div><div class=\"wpb_column vc_column_container\"><div class=\"vc_column-inner\"><\/div><\/div><\/div><\/div><\/section><section class=\"l-section wpb_row height_large color_alternate\"><div class=\"l-section-overlay\" style=\"background:var(--color-content-border)\"><\/div><div class=\"l-section-h i-cf\"><div class=\"g-cols vc_row via_grid cols_1 laptops-cols_inherit tablets-cols_inherit mobiles-cols_1 valign_top type_default stacking_default\"><div class=\"wpb_column vc_column_container\"><div class=\"vc_column-inner\"><h4 style=\"text-align: left\" class=\"vc_custom_heading vc_do_custom_heading us_custom_8b3d6790\" >GET MORE INFORMATION AND COUNSELLING<\/h4><div class=\"w-separator size_small\"><\/div><div class=\"w-btn-wrapper align_left\"><a class=\"w-btn us-btn-style_17\" title=\"DOWNLOADS\" target=\"_blank\" rel=\"nofollow\" href=\"https:\/\/www.wkv-ag.com\/en\/downloads\/\"><span class=\"w-btn-label\">QUOTATION FORM ACCESSORIES<\/span><\/a><\/div><\/div><\/div><\/div><\/div><\/section>","protected":false},"excerpt":{"rendered":"ZUBEH\u00d6RWir liefern noch vieles mehr das Sie f\u00fcr Ihr Kraftwerk brauchen, von A wie Absperrorgan bis Z wie Zulaufrohr. BR\u00dcCKENKR\u00c4NE F\u00dcR KRAFTHAUSF\u00fcr ein sicheres Entladen und eine reibungslose Montage, liefert WKV Ihnen auch den Krafthauskran. DIESELAGGREGATE ZUR NOTSTROMVERSORGUNGF\u00fcr eventuelle Netzausf\u00e4lle bestens gewappnet: Mit dieser Notstromversorgung kann das Krafthaus versorgt und die Turbine neu gestartet werden....","protected":false},"author":1,"featured_media":0,"parent":0,"menu_order":0,"comment_status":"closed","ping_status":"closed","template":"","meta":{"_acf_changed":false,"inline_featured_image":false,"footnotes":""},"class_list":["post-9006","page","type-page","status-publish","hentry"],"acf":[],"_links":{"self":[{"href":"https:\/\/www.wkv-ag.com\/en\/wp-json\/wp\/v2\/pages\/9006","targetHints":{"allow":["GET"]}}],"collection":[{"href":"https:\/\/www.wkv-ag.com\/en\/wp-json\/wp\/v2\/pages"}],"about":[{"href":"https:\/\/www.wkv-ag.com\/en\/wp-json\/wp\/v2\/types\/page"}],"author":[{"embeddable":true,"href":"https:\/\/www.wkv-ag.com\/en\/wp-json\/wp\/v2\/users\/1"}],"replies":[{"embeddable":true,"href":"https:\/\/www.wkv-ag.com\/en\/wp-json\/wp\/v2\/comments?post=9006"}],"version-history":[{"count":31,"href":"https:\/\/www.wkv-ag.com\/en\/wp-json\/wp\/v2\/pages\/9006\/revisions"}],"predecessor-version":[{"id":10328,"href":"https:\/\/www.wkv-ag.com\/en\/wp-json\/wp\/v2\/pages\/9006\/revisions\/10328"}],"wp:attachment":[{"href":"https:\/\/www.wkv-ag.com\/en\/wp-json\/wp\/v2\/media?parent=9006"}],"curies":[{"name":"wp","href":"https:\/\/api.w.org\/{rel}","templated":true}]}}