{"id":8669,"date":"2022-07-01T10:19:12","date_gmt":"2022-07-01T08:19:12","guid":{"rendered":"https:\/\/wkv.idnty.de\/?page_id=8669"},"modified":"2023-01-09T10:47:47","modified_gmt":"2023-01-09T09:47:47","slug":"investor-relations","status":"publish","type":"page","link":"https:\/\/www.wkv-ag.com\/en\/investor-relations\/","title":{"rendered":"INVESTOR RELATIONS"},"content":{"rendered":"<section class=\"l-section wpb_row height_auto width_full color_alternate\"><div class=\"l-section-h i-cf\"><div class=\"g-cols vc_row via_grid cols_2-3 laptops-cols_inherit tablets-cols_inherit mobiles-cols_1 valign_middle type_default reversed stacking_default\"><div class=\"wpb_column vc_column_container us_custom_37bacb63\"><div class=\"vc_column-inner\"><h1 style=\"font-size: 45px;text-align: left\" class=\"vc_custom_heading vc_do_custom_heading us_custom_2a56bc38\" >INVESTOR RELATIONS<\/h1><div class=\"wpb_text_column\"><div class=\"wpb_wrapper\"><p>Welcome to the WKV family. Financially independent, flexible and profitable.<\/p>\n<\/div><\/div><\/div><\/div><div class=\"wpb_column vc_column_container us_custom_a11e0706 has_bg_color\"><div class=\"vc_column-inner\"><\/div><\/div><\/div><\/div><\/section><section class=\"l-section wpb_row height_large\"><div class=\"l-section-h i-cf\"><div class=\"g-cols vc_row via_grid cols_2-1 laptops-cols_inherit tablets-cols_inherit mobiles-cols_1 valign_top type_default stacking_default\"><div class=\"wpb_column vc_column_container\"><div class=\"vc_column-inner\"><h2 style=\"text-align: left\" class=\"vc_custom_heading vc_do_custom_heading us_custom_cda6f729 translation-block\" >INDEPENDENT AND OF STABLE VALUE<\/h2><div class=\"wpb_text_column\"><div class=\"wpb_wrapper\"><p>It goes without saying that investing in hydropower technology is a good thing. Also, that WKV is the first choice. Our company has been family-run since 1979, and will remain so. Wasserkraft Volk AG is financially independent and has up-to-date know-how along the entire value chain. Our high level of vertical integration allows us to quickly integrate trends and innovations into our solutions. And that also pays off in the long term for our investors.<\/p>\n<\/div><\/div><\/div><\/div><div class=\"wpb_column vc_column_container\"><div class=\"vc_column-inner\"><\/div><\/div><\/div><\/div><\/section><section class=\"l-section wpb_row height_large color_alternate\"><div class=\"l-section-h i-cf\"><div class=\"g-cols vc_row via_grid cols_2 laptops-cols_inherit tablets-cols_inherit mobiles-cols_1 valign_top type_default stacking_default\"><div class=\"wpb_column vc_column_container us_custom_7e20fa79 us_animate_this\"><div class=\"vc_column-inner\"><h2 style=\"text-align: left\" class=\"vc_custom_heading vc_do_custom_heading us_custom_cda6f729 translation-block\" >GREEN CHIP FOR YOUR PORTFOLIO<\/h2><div class=\"wpb_text_column\"><div class=\"wpb_wrapper\"><p>Green hydroelectric power is the oldest and best-used renewable energy source in the world. With a hydroelectric power station you are investing in a clean future for our planet because:<\/p>\n<ul>\n<li class=\"translation-block\">Hydropower already supplies electricity for more than 1 million people in Germany.<\/li>\n<li class=\"translation-block\">Hydropower is the only renewable energy that can be used as a baseload.<\/li>\n<li class=\"translation-block\">Hydropower compensates for fluctuations of other renewable energies.<\/li>\n<li class=\"translation-block\">Of all renewable energies, hydropower has the highest harvest factor (ratio of energy used to energy generated), which is up to 200 (photovoltaic approx. 3).<\/li>\n<li class=\"translation-block\">Hydroelectric power stations have the highest efficiency of over 90%.<\/li>\n<li class=\"translation-block\">Hydroelectric power stations have the longest lifespan of well over 80 years and therefore are, particularly resource-saving and sustainable.<\/li>\n<li class=\"translation-block\">Hydropower has the highest generation time, between 5,500 and 6,500 hours per year. A photovoltaic power station would have to deliver 5.5 to 6.5 times its power capacity to achieve the same annual work; a wind turbine would have to deliver 2.75 to 3.25 times its power capacity.<\/li>\n<li class=\"translation-block\">Hydroelectric power stations clean the waters with their rake cleaning systems. The collected debris is disposed of at the expense of the operator - an important contribution to environmental protection for everybody.<\/li>\n<\/ul>\n<\/div><\/div><\/div><\/div><div class=\"wpb_column vc_column_container us_custom_47474b22 us_animate_this\"><div class=\"vc_column-inner\"><div class=\"wpb_text_column\"><div class=\"wpb_wrapper\"><ul>\n<li class=\"translation-block\">Hydropower has had the highest acceptance among the populations for centuries.<\/li>\n<li class=\"translation-block\">Basins and dams are active flood protections.<\/li>\n<li class=\"translation-block\">Hydroelectric power stations raise the groundwater level in the dam area.<\/li>\n<li class=\"translation-block\">Hydropower enables many animal species to survive within the dam area, but also in river stretches with less water (breeding and young animal areas).<\/li>\n<li class=\"translation-block\">According to estimates, the expansion of small hydroelectric power stations in Germany could replace the output of two nuclear power stations. Example: The typical \"Black Forest Power Station\" with 40 kW generates between 220,000 kWh and 260,000 kWh - electricity for 55 to 65 households.<\/li>\n<\/ul>\n<\/div><\/div><div class=\"w-separator size_medium\"><\/div><div class=\"w-image has_ratio align_none\"><div class=\"w-image-h\"><div style=\"padding-bottom:56.25%\"><\/div><img decoding=\"async\" width=\"1024\" height=\"768\" src=\"https:\/\/www.wkv-ag.com\/wp-content\/uploads\/2022\/08\/P7100408-1024x768.jpg\" class=\"attachment-large size-large\" alt=\"\" loading=\"lazy\" \/><\/div><\/div><\/div><\/div><\/div><\/div><\/section><section class=\"l-section wpb_row height_large\"><div class=\"l-section-h i-cf\"><div class=\"g-cols vc_row via_grid cols_2 laptops-cols_inherit tablets-cols_inherit mobiles-cols_1 valign_middle type_default stacking_default\"><div class=\"wpb_column vc_column_container us_custom_7e20fa79 us_animate_this\"><div class=\"vc_column-inner\"><h2 style=\"text-align: left\" class=\"vc_custom_heading vc_do_custom_heading us_custom_cda6f729\" >RETURN INSTEAD OF RISK<\/h2><div class=\"wpb_text_column\"><div class=\"wpb_wrapper\"><p>The shares of Wasserkraft Volk AG are free float shares and are not traded on any stock exchange. As a result, they are hardly subject to the fluctuations of the global capital markets. The broad distribution of shareholders is also a protection against possible hostile takeovers.<\/p>\n<p>We use your investment in WKV shares directly to create qualified jobs in Germany and to expand renewable energies worldwide. You, as an investor, benefit from this, so do employees, the society and the environment. According to the statutes, Wasserkraft Volk AG distributes 5 percent of the profit generated to ecological and social projects every year.<\/p>\n<\/div><\/div><\/div><\/div><div class=\"wpb_column vc_column_container us_custom_47474b22 us_animate_this\"><div class=\"vc_column-inner\"><div class=\"w-image has_ratio align_none\"><div class=\"w-image-h\"><div style=\"padding-bottom:56.25%\"><\/div><img decoding=\"async\" width=\"1024\" height=\"683\" src=\"https:\/\/www.wkv-ag.com\/wp-content\/uploads\/2022\/08\/DSCF1567-1024x683.jpg\" class=\"attachment-large size-large\" alt=\"\" loading=\"lazy\" \/><\/div><\/div><\/div><\/div><\/div><\/div><\/section>","protected":false},"excerpt":{"rendered":"INVESTOR RELATIONSWillkommen in der WKV-Familie. Finanziell unabh\u00e4ngig, flexibel und profitabel. UNABH\u00c4NGIG UND WERTBEST\u00c4NDIGDass Investieren in Wasserkraft-Technologie eine gute Sache ist, liegt auf der Hand. Dass WKV dabei erste Wahl ist, auch: Unser Unternehmen ist seit 1979 familiengef\u00fchrt und bleibt es auch. Die Wasserkraft Volk AG ist finanziell unabh\u00e4ngig und verf\u00fcgt \u00fcber aktuelles Know-how entlang der...","protected":false},"author":1,"featured_media":0,"parent":0,"menu_order":0,"comment_status":"closed","ping_status":"closed","template":"","meta":{"_acf_changed":false,"inline_featured_image":false,"footnotes":""},"class_list":["post-8669","page","type-page","status-publish","hentry"],"acf":[],"_links":{"self":[{"href":"https:\/\/www.wkv-ag.com\/en\/wp-json\/wp\/v2\/pages\/8669","targetHints":{"allow":["GET"]}}],"collection":[{"href":"https:\/\/www.wkv-ag.com\/en\/wp-json\/wp\/v2\/pages"}],"about":[{"href":"https:\/\/www.wkv-ag.com\/en\/wp-json\/wp\/v2\/types\/page"}],"author":[{"embeddable":true,"href":"https:\/\/www.wkv-ag.com\/en\/wp-json\/wp\/v2\/users\/1"}],"replies":[{"embeddable":true,"href":"https:\/\/www.wkv-ag.com\/en\/wp-json\/wp\/v2\/comments?post=8669"}],"version-history":[{"count":34,"href":"https:\/\/www.wkv-ag.com\/en\/wp-json\/wp\/v2\/pages\/8669\/revisions"}],"predecessor-version":[{"id":10136,"href":"https:\/\/www.wkv-ag.com\/en\/wp-json\/wp\/v2\/pages\/8669\/revisions\/10136"}],"wp:attachment":[{"href":"https:\/\/www.wkv-ag.com\/en\/wp-json\/wp\/v2\/media?parent=8669"}],"curies":[{"name":"wp","href":"https:\/\/api.w.org\/{rel}","templated":true}]}}