{"id":8459,"date":"2022-06-29T13:04:08","date_gmt":"2022-06-29T11:04:08","guid":{"rendered":"https:\/\/wkv.idnty.de\/?page_id=8459"},"modified":"2022-08-01T09:01:49","modified_gmt":"2022-08-01T07:01:49","slug":"news","status":"publish","type":"page","link":"https:\/\/www.wkv-ag.com\/en\/news\/","title":{"rendered":"NEWS"},"content":{"rendered":"<section class=\"l-section wpb_row height_auto width_full color_primary\"><div class=\"l-section-h i-cf\"><div class=\"g-cols vc_row via_grid cols_3 laptops-cols_inherit tablets-cols_inherit mobiles-cols_1 valign_middle type_default reversed stacking_default\"><div class=\"wpb_column vc_column_container us_custom_8a9093a3\"><div class=\"vc_column-inner\"><\/div><\/div><div class=\"wpb_column vc_column_container\"><div class=\"vc_column-inner\"><h2 class=\"w-itext us_custom_cc00cac4 has_text_color type_typingChars align_center\" onclick='return {&quot;duration&quot;:100,&quot;delay&quot;:2000,&quot;disablePartAnimation&quot;:false,&quot;html_nbsp_char&quot;:true}'><span class=\"w-itext-part changesat_0 changesat_1 dynamic\" onclick='return [&quot;WKV\\u00a0News&quot;,&quot;News\\u00a0WKV&quot;,&quot;WKV\\u00a0News&quot;,&quot;News\\u00a0WKV&quot;]'><span>WKV&nbsp;News<\/span><i class=\"w-itext-cursor\"><\/i><\/span><\/h2><\/div><\/div><div class=\"wpb_column vc_column_container\"><div class=\"vc_column-inner\"><\/div><\/div><\/div><\/div><\/section><section class=\"l-section wpb_row height_large\"><div class=\"l-section-h i-cf\"><div class=\"g-cols vc_row via_grid cols_1 laptops-cols_inherit tablets-cols_inherit mobiles-cols_1 valign_top type_default stacking_default\"><div class=\"wpb_column vc_column_container\"><div class=\"vc_column-inner\"><div class=\"w-grid us_grid type_grid layout_blog_6 cols_3 preload_style_spinner ratio_4x3\" id=\"us_grid_1\" style=\"--columns:3;--gap:1.5rem;--item-ratio:0.75;\" data-filterable=\"true\"><style>@media (max-width:1024px){#us_grid_1{--columns:1!important}}@media (max-width:600px){#us_grid_1{--columns:1!important}}.layout_blog_6 .w-grid-item-h{}.layout_blog_6 .usg_post_image_1{transition-duration:0.3s;transform-origin:50% 50%;transform:scale(1) translate(0%,0%)}.layout_blog_6 .w-grid-item-h:focus-within .usg_post_image_1,.layout_blog_6 .w-grid-item-h:hover .usg_post_image_1{transform:scale(1.1) translate(0%,0%);opacity:1}.layout_blog_6 .usg_post_image_1{position:absolute!important;top:0!important;right:0!important;bottom:0!important;left:0!important}.layout_blog_6 .usg_post_title_1{font-size:1.4rem!important;color:inherit!important}.layout_blog_6 .usg_post_taxonomy_1{font-weight:700!important;text-transform:uppercase!important;margin-right:0.6rem!important}.layout_blog_6 .usg_vwrapper_1{color:var(--color-content-heading)!important;position:absolute!important;left:0!important;right:2rem!important;bottom:0!important;padding-top:0.8rem!important;padding-right:2rem!important;background:var(--color-content-bg)!important}.layout_blog_6 .usg_hwrapper_1{font-size:14px!important;line-height:20px!important;color:var(--color-content-faded)!important}@media (max-width:600px){.layout_blog_6 .usg_post_title_1{font-size:1.2rem!important}}<\/style><div class=\"w-grid-list\">\t<article class=\"w-grid-item size_1x1 post-10448 post type-post status-publish format-standard has-post-thumbnail hentry category-materials\" data-id=\"10448\">\r\n\t\t<div class=\"w-grid-item-h\">\r\n\t\t\t\t\t\t<div class=\"w-post-elm post_image usg_post_image_1 stretched\"><a href=\"https:\/\/www.wkv-ag.com\/en\/wasserkraft-volk-ag-erhaelt-erneut-qm-zertifikat-nach-iso-90012015-2\/\" aria-label=\"WASSERRAFT VOLK AG AGAIN RECEIVES QM CERTIFICATE ACCORDING TO ISO 9001:2015\"><img loading=\"lazy\" decoding=\"async\" width=\"1024\" height=\"573\" src=\"https:\/\/www.wkv-ag.com\/wp-content\/uploads\/2022\/08\/Showreel_Film-1024x573.jpg\" class=\"attachment-large size-large wp-post-image\" alt=\"\" srcset=\"https:\/\/www.wkv-ag.com\/wp-content\/uploads\/2022\/08\/Showreel_Film-1024x573.jpg 1024w, https:\/\/www.wkv-ag.com\/wp-content\/uploads\/2022\/08\/Showreel_Film-300x168.jpg 300w, https:\/\/www.wkv-ag.com\/wp-content\/uploads\/2022\/08\/Showreel_Film-18x10.jpg 18w, https:\/\/www.wkv-ag.com\/wp-content\/uploads\/2022\/08\/Showreel_Film-1536x860.jpg 1536w\" sizes=\"auto, (max-width: 1024px) 100vw, 1024px\" \/><\/a><\/div><div class=\"w-vwrapper usg_vwrapper_1 has_text_color align_none valign_top\"><div class=\"w-hwrapper usg_hwrapper_1 has_text_color align_none valign_top wrap\"><div class=\"w-post-elm post_taxonomy usg_post_taxonomy_1 style_simple\"><a class=\"term-5 term-materials\" href=\"https:\/\/www.wkv-ag.com\/en\/category\/materials\/\">MATERIALS<\/a><\/div><time class=\"w-post-elm post_date usg_post_date_1 entry-date published\" datetime=\"2025-01-09T16:15:01+01:00\" title=\"9 January 2025 at 16:15:01 Europe\/Berlin\">1 year ago<\/time><\/div><h2 class=\"w-post-elm post_title usg_post_title_1 has_text_color entry-title color_link_inherit\"><a href=\"https:\/\/www.wkv-ag.com\/en\/wasserkraft-volk-ag-erhaelt-erneut-qm-zertifikat-nach-iso-90012015-2\/\">WASSERRAFT VOLK AG AGAIN RECEIVES QM CERTIFICATE ACCORDING TO ISO 9001:2015<\/a><\/h2><\/div>\t\t<\/div>\r\n\t\t\t<\/article>\r\n\t<article class=\"w-grid-item size_1x1 post-10368 post type-post status-publish format-standard has-post-thumbnail hentry category-materials\" data-id=\"10368\">\r\n\t\t<div class=\"w-grid-item-h\">\r\n\t\t\t\t\t\t<div class=\"w-post-elm post_image usg_post_image_1 stretched\"><a href=\"https:\/\/www.wkv-ag.com\/en\/wkv-aktuell\/\" aria-label=\"WKV Aktuell\"><img loading=\"lazy\" decoding=\"async\" width=\"1024\" height=\"573\" src=\"https:\/\/www.wkv-ag.com\/wp-content\/uploads\/2022\/08\/Showreel_Film-1024x573.jpg\" class=\"attachment-large size-large wp-post-image\" alt=\"\" srcset=\"https:\/\/www.wkv-ag.com\/wp-content\/uploads\/2022\/08\/Showreel_Film-1024x573.jpg 1024w, https:\/\/www.wkv-ag.com\/wp-content\/uploads\/2022\/08\/Showreel_Film-300x168.jpg 300w, https:\/\/www.wkv-ag.com\/wp-content\/uploads\/2022\/08\/Showreel_Film-18x10.jpg 18w, https:\/\/www.wkv-ag.com\/wp-content\/uploads\/2022\/08\/Showreel_Film-1536x860.jpg 1536w\" sizes=\"auto, (max-width: 1024px) 100vw, 1024px\" \/><\/a><\/div><div class=\"w-vwrapper usg_vwrapper_1 has_text_color align_none valign_top\"><div class=\"w-hwrapper usg_hwrapper_1 has_text_color align_none valign_top wrap\"><div class=\"w-post-elm post_taxonomy usg_post_taxonomy_1 style_simple\"><a class=\"term-5 term-materials\" href=\"https:\/\/www.wkv-ag.com\/en\/category\/materials\/\">MATERIALS<\/a><\/div><time class=\"w-post-elm post_date usg_post_date_1 entry-date published\" datetime=\"2024-12-11T10:04:21+01:00\" title=\"11 December 2024 at 10:04:21 Europe\/Berlin\">1 year ago<\/time><\/div><h2 class=\"w-post-elm post_title usg_post_title_1 has_text_color entry-title color_link_inherit\"><a href=\"https:\/\/www.wkv-ag.com\/en\/wkv-aktuell\/\">WKV Aktuell<\/a><\/h2><\/div>\t\t<\/div>\r\n\t\t\t<\/article>\r\n\t<article class=\"w-grid-item size_1x1 post-2301 post type-post status-publish format-gallery has-post-thumbnail hentry category-materials post_format-post-format-gallery\" data-id=\"2301\">\r\n\t\t<div class=\"w-grid-item-h\">\r\n\t\t\t\t\t\t<div class=\"w-post-elm post_image usg_post_image_1 stretched\"><a href=\"https:\/\/www.wkv-ag.com\/en\/offizielle-eroeffnungszeremonie-vom-14-06-2022\/\" aria-label=\"OFFICIAL OPENING CEREMONY 06\/14\/2022 ON VIETNAMESE TELEVISION\"><img loading=\"lazy\" decoding=\"async\" width=\"1024\" height=\"566\" src=\"https:\/\/www.wkv-ag.com\/wp-content\/uploads\/2022\/07\/vietnamesisches-Fernsehen-1024x566.jpg\" class=\"attachment-large size-large wp-post-image\" alt=\"\" srcset=\"https:\/\/www.wkv-ag.com\/wp-content\/uploads\/2022\/07\/vietnamesisches-Fernsehen-1024x566.jpg 1024w, https:\/\/www.wkv-ag.com\/wp-content\/uploads\/2022\/07\/vietnamesisches-Fernsehen-300x166.jpg 300w, https:\/\/www.wkv-ag.com\/wp-content\/uploads\/2022\/07\/vietnamesisches-Fernsehen-1536x849.jpg 1536w\" sizes=\"auto, (max-width: 1024px) 100vw, 1024px\" \/><\/a><\/div><div class=\"w-vwrapper usg_vwrapper_1 has_text_color align_none valign_top\"><div class=\"w-hwrapper usg_hwrapper_1 has_text_color align_none valign_top wrap\"><div class=\"w-post-elm post_taxonomy usg_post_taxonomy_1 style_simple\"><a class=\"term-5 term-materials\" href=\"https:\/\/www.wkv-ag.com\/en\/category\/materials\/\">MATERIALS<\/a><\/div><time class=\"w-post-elm post_date usg_post_date_1 entry-date published\" datetime=\"2022-06-23T15:46:53+02:00\" title=\"23 June 2022 at 15:46:53 Europe\/Berlin\">4 years ago<\/time><\/div><h2 class=\"w-post-elm post_title usg_post_title_1 has_text_color entry-title color_link_inherit\"><a href=\"https:\/\/www.wkv-ag.com\/en\/offizielle-eroeffnungszeremonie-vom-14-06-2022\/\">OFFICIAL OPENING CEREMONY 06\/14\/2022 ON VIETNAMESE TELEVISION<\/a><\/h2><\/div>\t\t<\/div>\r\n\t\t\t<\/article>\r\n<\/div>\t<div class=\"w-grid-preloader\">\r\n\t\t<div class=\"g-preloader type_1\">\r\n\t\t\t<div><\/div>\r\n\t\t<\/div>\r\n\t<\/div>\r\n\t\t<div class=\"w-grid-json hidden\" onclick='return {&quot;action&quot;:&quot;us_ajax_grid&quot;,&quot;infinite_scroll&quot;:0,&quot;max_num_pages&quot;:2,&quot;pagination&quot;:&quot;none&quot;,&quot;template_vars&quot;:{&quot;columns&quot;:&quot;3&quot;,&quot;exclude_items&quot;:&quot;none&quot;,&quot;img_size&quot;:&quot;default&quot;,&quot;ignore_items_size&quot;:0,&quot;items_layout&quot;:&quot;blog_6&quot;,&quot;items_offset&quot;:&quot;1&quot;,&quot;load_animation&quot;:&quot;none&quot;,&quot;overriding_link&quot;:&quot;{\\&quot;url\\&quot;:\\&quot;\\&quot;}&quot;,&quot;post_id&quot;:0,&quot;query_args&quot;:{&quot;post_type&quot;:[&quot;post&quot;],&quot;post_status&quot;:[&quot;publish&quot;,&quot;acf-disabled&quot;],&quot;posts_per_page&quot;:&quot;3&quot;},&quot;orderby_query_args&quot;:{&quot;orderby&quot;:{&quot;date&quot;:&quot;DESC&quot;}},&quot;type&quot;:&quot;grid&quot;,&quot;us_grid_post_type&quot;:&quot;post&quot;,&quot;us_grid_ajax_index&quot;:1,&quot;us_grid_filter_query_string&quot;:null,&quot;us_grid_index&quot;:1,&quot;page_args&quot;:[]}}'><\/div>\r\n\t<\/div><\/div><\/div><\/div><\/div><\/section><section class=\"l-section wpb_row height_large\"><div class=\"l-section-h i-cf\"><div class=\"g-cols vc_row via_grid cols_1 laptops-cols_inherit tablets-cols_inherit mobiles-cols_1 valign_top type_default stacking_default\"><div class=\"wpb_column vc_column_container\"><div class=\"vc_column-inner\"><\/div><\/div><\/div><\/div><\/section>","protected":false},"excerpt":{"rendered":"Das zweite WKV Projekt in Vietnam \u201eNam Xi Lung\u201c ist im Oktober 2021 von WKV in Betrieb genommen worden. Hier ist die offizielle Er\u00f6ffnungszeremonie am 14.06.2022 im vietnamesischen Fernsehen zu sehen. WKV hat zwei vertikale Pelton-Turbinen (5-d\u00fcsig) inklusive wassergek\u00fchlter Generatoren geliefert, die eine elektrische Maximalleistung von jeweils 14,5 MW erzeugen. Ein Staudamm erm\u00f6glicht es den...","protected":false},"author":1,"featured_media":0,"parent":0,"menu_order":0,"comment_status":"closed","ping_status":"closed","template":"","meta":{"_acf_changed":false,"inline_featured_image":false,"footnotes":""},"class_list":["post-8459","page","type-page","status-publish","hentry"],"acf":[],"_links":{"self":[{"href":"https:\/\/www.wkv-ag.com\/en\/wp-json\/wp\/v2\/pages\/8459","targetHints":{"allow":["GET"]}}],"collection":[{"href":"https:\/\/www.wkv-ag.com\/en\/wp-json\/wp\/v2\/pages"}],"about":[{"href":"https:\/\/www.wkv-ag.com\/en\/wp-json\/wp\/v2\/types\/page"}],"author":[{"embeddable":true,"href":"https:\/\/www.wkv-ag.com\/en\/wp-json\/wp\/v2\/users\/1"}],"replies":[{"embeddable":true,"href":"https:\/\/www.wkv-ag.com\/en\/wp-json\/wp\/v2\/comments?post=8459"}],"version-history":[{"count":8,"href":"https:\/\/www.wkv-ag.com\/en\/wp-json\/wp\/v2\/pages\/8459\/revisions"}],"predecessor-version":[{"id":9520,"href":"https:\/\/www.wkv-ag.com\/en\/wp-json\/wp\/v2\/pages\/8459\/revisions\/9520"}],"wp:attachment":[{"href":"https:\/\/www.wkv-ag.com\/en\/wp-json\/wp\/v2\/media?parent=8459"}],"curies":[{"name":"wp","href":"https:\/\/api.w.org\/{rel}","templated":true}]}}