{"id":8186,"date":"2022-06-27T11:56:14","date_gmt":"2022-06-27T09:56:14","guid":{"rendered":"https:\/\/wkv.idnty.de\/?page_id=8186"},"modified":"2023-08-30T08:45:57","modified_gmt":"2023-08-30T06:45:57","slug":"support","status":"publish","type":"page","link":"https:\/\/www.wkv-ag.com\/en\/support\/","title":{"rendered":"SUPPORT"},"content":{"rendered":"<section class=\"l-section wpb_row height_auto width_full color_alternate\"><div class=\"l-section-h i-cf\"><div class=\"g-cols vc_row via_grid cols_2-3 laptops-cols_inherit tablets-cols_inherit mobiles-cols_1 valign_middle type_default reversed stacking_default\"><div class=\"wpb_column vc_column_container us_custom_0a0b27bf\"><div class=\"vc_column-inner\"><h1 style=\"font-size: 45px;text-align: left\" class=\"vc_custom_heading vc_do_custom_heading us_custom_1c0b4cdd\" >SUPPORT<\/h1><div class=\"wpb_text_column\"><div class=\"wpb_wrapper\"><p class=\"translation-block\">A hydroelectric power station is only profitable in the long term if operational readiness and performance are ensured over the entire lifespan of the station. Here, WKV scores with <b>First Class Support Worldwide.<\/b><\/p>\n<\/div><\/div><\/div><\/div><div class=\"wpb_column vc_column_container us_custom_62389aae has_bg_color\"><div class=\"vc_column-inner\"><\/div><\/div><\/div><\/div><\/section><section class=\"l-section wpb_row height_large parallax_ver\" id=\"second\"><div class=\"l-section-overlay\" style=\"background:rgba(255,255,255,0.75)\"><\/div><div class=\"l-section-h i-cf\"><div class=\"g-cols vc_row via_grid cols_2-1 laptops-cols_inherit tablets-cols_inherit mobiles-cols_1 valign_top type_default stacking_default\"><div class=\"wpb_column vc_column_container\"><div class=\"vc_column-inner\"><h2 style=\"text-align: left\" class=\"vc_custom_heading vc_do_custom_heading us_custom_cda6f729\" id=\"anker1\">ALWAYS HERE FOR YOU<\/h2><div class=\"wpb_text_column\"><div class=\"wpb_wrapper\"><p>As soon as your power station produces the first kilowatts of power, an experienced service team at Wasserkraft Volk AG takes over the support. Whether you have questions about optimal load control or technical problems, the solution is never farther away than the nearest telephone. Would you like 24\/7 support? Then our premium support is just the right option for you. Including practical WKV app with video chat, remote diagnosis, data transfer and more.<\/p>\n<\/div><\/div><div class=\"w-separator size_small\"><\/div><\/div><\/div><div class=\"wpb_column vc_column_container\"><div class=\"vc_column-inner\"><\/div><\/div><\/div><\/div><\/section><section class=\"l-section wpb_row height_auto color_alternate\"><div class=\"l-section-h i-cf\"><div class=\"g-cols vc_row via_grid cols_2-1 laptops-cols_inherit tablets-cols_inherit mobiles-cols_1 valign_middle type_default reversed stacking_default\"><div class=\"wpb_column vc_column_container\"><div class=\"vc_column-inner\"><div class=\"w-separator size_large\"><\/div><h2 style=\"text-align: left\" class=\"vc_custom_heading vc_do_custom_heading us_custom_cda6f729 translation-block\" >DISCOVER TRUE MULTI LEVEL SUPPORT<\/h2><div class=\"w-separator size_small\"><\/div><div class=\"wpb_text_column\"><div class=\"wpb_wrapper\"><p>You will be looked after by a dedicated engineering team that knows the specifications of your electromechanical equipment inside out. So that energy can always flow reliably.<\/p>\n<\/div><\/div><div class=\"w-separator size_small\"><\/div><\/div><\/div><div class=\"wpb_column vc_column_container\"><div class=\"vc_column-inner\"><\/div><\/div><\/div><\/div><\/section><section class=\"l-section wpb_row height_large color_alternate\"><div class=\"l-section-h i-cf\"><div class=\"g-cols vc_row via_grid cols_2 laptops-cols_inherit tablets-cols_inherit mobiles-cols_1 valign_top type_default stacking_default\"><div class=\"wpb_column vc_column_container us_custom_7e20fa79 us_animate_this\"><div class=\"vc_column-inner\"><div class=\"w-image has_ratio align_none\"><div class=\"w-image-h\"><div style=\"padding-bottom:56.25%\"><\/div><img decoding=\"async\" width=\"1024\" height=\"768\" src=\"https:\/\/www.wkv-ag.com\/wp-content\/uploads\/2022\/07\/IMG_4682-1024x768.jpg\" class=\"attachment-large size-large\" alt=\"\" loading=\"lazy\" \/><\/div><\/div><\/div><\/div><div class=\"wpb_column vc_column_container us_custom_47474b22 us_animate_this\"><div class=\"vc_column-inner\"><h2 style=\"text-align: left\" class=\"vc_custom_heading vc_do_custom_heading us_custom_cda6f729 translation-block\" >BASIC<br>\nSUPPORT<\/h2><div class=\"wpb_text_column\"><div class=\"wpb_wrapper\"><p>Even without a special service agreement, our support is by your side with advice and action to keep your power station in optimal condition:<\/p>\n<ul>\n<li class=\"translation-block\">WKV standard support <b>for all customers<\/b><\/li>\n<li>Available from Monday to Friday from 8:00 am to 4:00 pm CET\/CEST<\/li>\n<li>Email and phone support<\/li>\n<\/ul>\n<\/div><\/div><\/div><\/div><\/div><\/div><\/section><section class=\"l-section wpb_row height_large color_alternate\"><div class=\"l-section-h i-cf\"><div class=\"g-cols vc_row via_grid cols_2 laptops-cols_inherit tablets-cols_inherit mobiles-cols_1 valign_top type_default stacking_default\"><div class=\"wpb_column vc_column_container us_custom_7e20fa79 us_animate_this\"><div class=\"vc_column-inner\"><h2 style=\"text-align: left\" class=\"vc_custom_heading vc_do_custom_heading us_custom_cda6f729 translation-block\" >PREMIUM<br>\nSUPPORT<\/h2><div class=\"wpb_text_column\"><div class=\"wpb_wrapper\"><p>The extra service that pays off: Opt for competent help around the clock and thus for significantly reduced downtimes:<\/p>\n<ul>\n<li>The WKV service team is available for you 24\/7<\/li>\n<li>Priority processing of your request<\/li>\n<li>Online support with the WKVliveguard App<\/li>\n<li>Remote access to your system for quick troubleshooting<\/li>\n<li>If necessary, immediate departure for on-site work<\/li>\n<\/ul>\n<\/div><\/div><\/div><\/div><div class=\"wpb_column vc_column_container us_custom_47474b22 us_animate_this\"><div class=\"vc_column-inner\"><div class=\"w-image align_none\"><div class=\"w-image-h\"><img decoding=\"async\" width=\"800\" height=\"501\" src=\"https:\/\/www.wkv-ag.com\/wp-content\/uploads\/2023\/08\/2022-07-06_LOGO_WKV-Support-App_ohne_WKV-800x501.jpg\" class=\"attachment-us_800_800 size-us_800_800\" alt=\"\" loading=\"lazy\" srcset=\"https:\/\/www.wkv-ag.com\/wp-content\/uploads\/2023\/08\/2022-07-06_LOGO_WKV-Support-App_ohne_WKV-800x501.jpg 800w, https:\/\/www.wkv-ag.com\/wp-content\/uploads\/2023\/08\/2022-07-06_LOGO_WKV-Support-App_ohne_WKV-300x188.jpg 300w, https:\/\/www.wkv-ag.com\/wp-content\/uploads\/2023\/08\/2022-07-06_LOGO_WKV-Support-App_ohne_WKV-18x12.jpg 18w, https:\/\/www.wkv-ag.com\/wp-content\/uploads\/2023\/08\/2022-07-06_LOGO_WKV-Support-App_ohne_WKV-500x313.jpg 500w, https:\/\/www.wkv-ag.com\/wp-content\/uploads\/2023\/08\/2022-07-06_LOGO_WKV-Support-App_ohne_WKV-400x250.jpg 400w, https:\/\/www.wkv-ag.com\/wp-content\/uploads\/2023\/08\/2022-07-06_LOGO_WKV-Support-App_ohne_WKV-600x376.jpg 600w, https:\/\/www.wkv-ag.com\/wp-content\/uploads\/2023\/08\/2022-07-06_LOGO_WKV-Support-App_ohne_WKV-150x94.jpg 150w, https:\/\/www.wkv-ag.com\/wp-content\/uploads\/2023\/08\/2022-07-06_LOGO_WKV-Support-App_ohne_WKV-100x63.jpg 100w, https:\/\/www.wkv-ag.com\/wp-content\/uploads\/2023\/08\/2022-07-06_LOGO_WKV-Support-App_ohne_WKV-80x50.jpg 80w, https:\/\/www.wkv-ag.com\/wp-content\/uploads\/2023\/08\/2022-07-06_LOGO_WKV-Support-App_ohne_WKV-50x31.jpg 50w, https:\/\/www.wkv-ag.com\/wp-content\/uploads\/2023\/08\/2022-07-06_LOGO_WKV-Support-App_ohne_WKV.jpg 1024w\" sizes=\"auto, (max-width: 800px) 100vw, 800px\" \/><\/div><\/div><div class=\"w-separator size_medium\"><\/div><div class=\"w-image align_none\"><div class=\"w-image-h\"><img decoding=\"async\" width=\"2645\" height=\"384\" src=\"https:\/\/www.wkv-ag.com\/wp-content\/uploads\/2023\/08\/WKV_Liveguard_Logo_weiss_RGB.png\" class=\"attachment-full size-full\" alt=\"\" loading=\"lazy\" srcset=\"https:\/\/www.wkv-ag.com\/wp-content\/uploads\/2023\/08\/WKV_Liveguard_Logo_weiss_RGB.png 2645w, https:\/\/www.wkv-ag.com\/wp-content\/uploads\/2023\/08\/WKV_Liveguard_Logo_weiss_RGB-300x44.png 300w, https:\/\/www.wkv-ag.com\/wp-content\/uploads\/2023\/08\/WKV_Liveguard_Logo_weiss_RGB-1024x149.png 1024w, https:\/\/www.wkv-ag.com\/wp-content\/uploads\/2023\/08\/WKV_Liveguard_Logo_weiss_RGB-18x3.png 18w, https:\/\/www.wkv-ag.com\/wp-content\/uploads\/2023\/08\/WKV_Liveguard_Logo_weiss_RGB-1536x223.png 1536w, https:\/\/www.wkv-ag.com\/wp-content\/uploads\/2023\/08\/WKV_Liveguard_Logo_weiss_RGB-500x73.png 500w, https:\/\/www.wkv-ag.com\/wp-content\/uploads\/2023\/08\/WKV_Liveguard_Logo_weiss_RGB-400x58.png 400w, https:\/\/www.wkv-ag.com\/wp-content\/uploads\/2023\/08\/WKV_Liveguard_Logo_weiss_RGB-600x87.png 600w, https:\/\/www.wkv-ag.com\/wp-content\/uploads\/2023\/08\/WKV_Liveguard_Logo_weiss_RGB-800x116.png 800w, https:\/\/www.wkv-ag.com\/wp-content\/uploads\/2023\/08\/WKV_Liveguard_Logo_weiss_RGB-150x22.png 150w, https:\/\/www.wkv-ag.com\/wp-content\/uploads\/2023\/08\/WKV_Liveguard_Logo_weiss_RGB-100x15.png 100w, https:\/\/www.wkv-ag.com\/wp-content\/uploads\/2023\/08\/WKV_Liveguard_Logo_weiss_RGB-80x12.png 80w, https:\/\/www.wkv-ag.com\/wp-content\/uploads\/2023\/08\/WKV_Liveguard_Logo_weiss_RGB-50x7.png 50w\" sizes=\"auto, (max-width: 2645px) 100vw, 2645px\" \/><\/div><\/div><\/div><\/div><\/div><\/div><\/section><section class=\"l-section wpb_row height_large\" id=\"second\"><div class=\"l-section-h i-cf\"><div class=\"g-cols vc_row via_grid cols_1 laptops-cols_inherit tablets-cols_inherit mobiles-cols_1 valign_top type_default stacking_default\"><div class=\"wpb_column vc_column_container\"><div class=\"vc_column-inner\"><div class=\"w-image align_none\"><div class=\"w-image-h\"><img decoding=\"async\" width=\"800\" height=\"116\" src=\"https:\/\/www.wkv-ag.com\/wp-content\/uploads\/2023\/08\/WKV_Liveguard_Logo_blau_RGB-800x116.png\" class=\"attachment-us_800_800 size-us_800_800\" alt=\"\" loading=\"lazy\" srcset=\"https:\/\/www.wkv-ag.com\/wp-content\/uploads\/2023\/08\/WKV_Liveguard_Logo_blau_RGB-800x116.png 800w, https:\/\/www.wkv-ag.com\/wp-content\/uploads\/2023\/08\/WKV_Liveguard_Logo_blau_RGB-300x44.png 300w, https:\/\/www.wkv-ag.com\/wp-content\/uploads\/2023\/08\/WKV_Liveguard_Logo_blau_RGB-1024x149.png 1024w, https:\/\/www.wkv-ag.com\/wp-content\/uploads\/2023\/08\/WKV_Liveguard_Logo_blau_RGB-18x3.png 18w, https:\/\/www.wkv-ag.com\/wp-content\/uploads\/2023\/08\/WKV_Liveguard_Logo_blau_RGB-1536x223.png 1536w, https:\/\/www.wkv-ag.com\/wp-content\/uploads\/2023\/08\/WKV_Liveguard_Logo_blau_RGB-500x73.png 500w, https:\/\/www.wkv-ag.com\/wp-content\/uploads\/2023\/08\/WKV_Liveguard_Logo_blau_RGB-400x58.png 400w, https:\/\/www.wkv-ag.com\/wp-content\/uploads\/2023\/08\/WKV_Liveguard_Logo_blau_RGB-600x87.png 600w, https:\/\/www.wkv-ag.com\/wp-content\/uploads\/2023\/08\/WKV_Liveguard_Logo_blau_RGB-150x22.png 150w, https:\/\/www.wkv-ag.com\/wp-content\/uploads\/2023\/08\/WKV_Liveguard_Logo_blau_RGB-100x15.png 100w, https:\/\/www.wkv-ag.com\/wp-content\/uploads\/2023\/08\/WKV_Liveguard_Logo_blau_RGB-80x12.png 80w, https:\/\/www.wkv-ag.com\/wp-content\/uploads\/2023\/08\/WKV_Liveguard_Logo_blau_RGB-50x7.png 50w\" sizes=\"auto, (max-width: 800px) 100vw, 800px\" \/><\/div><\/div><div class=\"w-separator size_small\"><\/div><div class=\"wpb_text_column\"><div class=\"wpb_wrapper\"><p>Instructions manual, diagnostics tool and personal service employee in your pocket: The WKVliveguard App makes it easy to operate your power station safely and economically.<br \/>\nExclusively for customers with PREMIUM SUPPORT.<\/p>\n<\/div><\/div><div class=\"w-separator size_small\"><\/div><div class=\"g-cols wpb_row via_grid cols_2 laptops-cols_inherit tablets-cols_inherit mobiles-cols_1 valign_top type_default stacking_default\" style=\"--columns-gap:3rem;\"><div class=\"wpb_column vc_column_container us_custom_7e20fa79 us_animate_this\"><div class=\"vc_column-inner\"><div class=\"w-image align_none\"><div class=\"w-image-h\"><img decoding=\"async\" width=\"1024\" height=\"586\" src=\"https:\/\/www.wkv-ag.com\/wp-content\/uploads\/2022\/07\/WKV-Support_Bild1-1024x586.jpg\" class=\"attachment-large size-large\" alt=\"\" loading=\"lazy\" srcset=\"https:\/\/www.wkv-ag.com\/wp-content\/uploads\/2022\/07\/WKV-Support_Bild1-1024x586.jpg 1024w, https:\/\/www.wkv-ag.com\/wp-content\/uploads\/2022\/07\/WKV-Support_Bild1-300x172.jpg 300w, https:\/\/www.wkv-ag.com\/wp-content\/uploads\/2022\/07\/WKV-Support_Bild1-1536x879.jpg 1536w, https:\/\/www.wkv-ag.com\/wp-content\/uploads\/2022\/07\/WKV-Support_Bild1.jpg 1951w\" sizes=\"auto, (max-width: 1024px) 100vw, 1024px\" \/><\/div><\/div><\/div><\/div><div class=\"wpb_column vc_column_container\"><div class=\"vc_column-inner\"><div class=\"w-image us_custom_47474b22 us_animate_this align_none\"><div class=\"w-image-h\"><img decoding=\"async\" width=\"1024\" height=\"724\" src=\"https:\/\/www.wkv-ag.com\/wp-content\/uploads\/2022\/07\/WKV-Support_Bild2-1024x724.jpg\" class=\"attachment-large size-large\" alt=\"\" loading=\"lazy\" srcset=\"https:\/\/www.wkv-ag.com\/wp-content\/uploads\/2022\/07\/WKV-Support_Bild2-1024x724.jpg 1024w, https:\/\/www.wkv-ag.com\/wp-content\/uploads\/2022\/07\/WKV-Support_Bild2-300x212.jpg 300w, https:\/\/www.wkv-ag.com\/wp-content\/uploads\/2022\/07\/WKV-Support_Bild2-1536x1086.jpg 1536w, https:\/\/www.wkv-ag.com\/wp-content\/uploads\/2022\/07\/WKV-Support_Bild2.jpg 1933w\" sizes=\"auto, (max-width: 1024px) 100vw, 1024px\" \/><\/div><\/div><\/div><\/div><\/div><\/div><\/div><\/div><\/div><\/section><section class=\"l-section wpb_row height_large color_alternate\"><div class=\"l-section-h i-cf\"><div class=\"g-cols vc_row via_grid cols_2 laptops-cols_inherit tablets-cols_inherit mobiles-cols_1 valign_middle type_default stacking_default\" style=\"--columns-gap:5rem;\"><div class=\"wpb_column vc_column_container us_custom_7e20fa79 us_animate_this\"><div class=\"vc_column-inner\"><h2 style=\"text-align: left\" class=\"vc_custom_heading vc_do_custom_heading us_custom_cda6f729 translation-block\" >PRODUCT AND USER TRAINING<\/h2><div class=\"wpb_text_column\"><div class=\"wpb_wrapper\"><p>The WKV experts train the operating personnel during on-site commissioning and simulate practical operation in detail. After that, the local power-station personnel will be able to operate the station independently and carry out regular maintenance works. WKV hydroelectric power stations are monitored and controlled fully automatically. As a result, minor manual intervention is only occasionally required. In addition, the power station is designed for a long lifespan and low maintenance requirements. If you have any questions, the WKV instructions manual created individually for each power station or the WKV support team will assist you.<\/p>\n<\/div><\/div><\/div><\/div><div class=\"wpb_column vc_column_container us_custom_47474b22 us_animate_this\"><div class=\"vc_column-inner\"><div class=\"w-image has_ratio align_none\"><div class=\"w-image-h\"><div style=\"padding-bottom:56.25%\"><\/div><img decoding=\"async\" width=\"1024\" height=\"690\" src=\"https:\/\/www.wkv-ag.com\/wp-content\/uploads\/2022\/08\/367-1024x690.jpg\" class=\"attachment-large size-large\" alt=\"\" loading=\"lazy\" \/><\/div><\/div><\/div><\/div><\/div><\/div><\/section>","protected":false},"excerpt":{"rendered":"SUPPORTEin Wasserkraftwerk ist erst dann dauerhaft rentabel, wenn Betriebsbereitschaft und Leistung \u00fcber den gesamten Anlagenlebenszyklus gesichert sind. Hier punktet WKV mit First Class Support weltweit. JEDERZEIT F\u00dcR SIE DASobald Ihre Anlage die ersten Kilowatt Leistung produziert, \u00fcbernimmt das erfahrene Service-Team der Wasserkraft Volk AG die Betreuung. Ob Fragen zur optimalen Laststeuerung oder technische Probleme, die...","protected":false},"author":1,"featured_media":0,"parent":0,"menu_order":0,"comment_status":"closed","ping_status":"closed","template":"","meta":{"_acf_changed":false,"inline_featured_image":false,"footnotes":""},"class_list":["post-8186","page","type-page","status-publish","hentry"],"acf":[],"_links":{"self":[{"href":"https:\/\/www.wkv-ag.com\/en\/wp-json\/wp\/v2\/pages\/8186","targetHints":{"allow":["GET"]}}],"collection":[{"href":"https:\/\/www.wkv-ag.com\/en\/wp-json\/wp\/v2\/pages"}],"about":[{"href":"https:\/\/www.wkv-ag.com\/en\/wp-json\/wp\/v2\/types\/page"}],"author":[{"embeddable":true,"href":"https:\/\/www.wkv-ag.com\/en\/wp-json\/wp\/v2\/users\/1"}],"replies":[{"embeddable":true,"href":"https:\/\/www.wkv-ag.com\/en\/wp-json\/wp\/v2\/comments?post=8186"}],"version-history":[{"count":72,"href":"https:\/\/www.wkv-ag.com\/en\/wp-json\/wp\/v2\/pages\/8186\/revisions"}],"predecessor-version":[{"id":10138,"href":"https:\/\/www.wkv-ag.com\/en\/wp-json\/wp\/v2\/pages\/8186\/revisions\/10138"}],"wp:attachment":[{"href":"https:\/\/www.wkv-ag.com\/en\/wp-json\/wp\/v2\/media?parent=8186"}],"curies":[{"name":"wp","href":"https:\/\/api.w.org\/{rel}","templated":true}]}}