{"id":8089,"date":"2022-06-24T11:54:26","date_gmt":"2022-06-24T09:54:26","guid":{"rendered":"https:\/\/wkv.idnty.de\/?page_id=8089"},"modified":"2023-06-23T09:50:27","modified_gmt":"2023-06-23T07:50:27","slug":"generatoren","status":"publish","type":"page","link":"https:\/\/www.wkv-ag.com\/en\/generatoren\/","title":{"rendered":"GENERATORS"},"content":{"rendered":"<section class=\"l-section wpb_row height_auto width_full color_alternate\"><div class=\"l-section-h i-cf\"><div class=\"g-cols vc_row via_grid cols_2-3 laptops-cols_inherit tablets-cols_inherit mobiles-cols_1 valign_middle type_default reversed stacking_default\"><div class=\"wpb_column vc_column_container us_custom_37bacb63\"><div class=\"vc_column-inner\"><h1 style=\"font-size: 45px;text-align: left\" class=\"vc_custom_heading vc_do_custom_heading us_custom_201bf81d\" >GENERATORS<\/h1><div class=\"wpb_text_column\"><div class=\"wpb_wrapper\"><p>High-efficiency synchronous generators made by WKV. An indestructible design and excellent efficiency for reliable energy production.<\/p>\n<\/div><\/div><\/div><\/div><div class=\"wpb_column vc_column_container us_custom_dcbbefde has_bg_color\"><div class=\"vc_column-inner\"><\/div><\/div><\/div><\/div><\/section><section class=\"l-section wpb_row height_large with_img parallax_ver\"><div class=\"l-section-img\" role=\"img\" aria-label=\"Image\" data-img-width=\"7021\" data-img-height=\"4967\" style=\"background-image: url(https:\/\/www.wkv-ag.com\/wp-content\/uploads\/2022\/06\/G16V-GEN-00-000002-01.png);background-repeat: no-repeat;\"><\/div><div class=\"l-section-overlay\" style=\"background:rgba(255,255,255,0.75)\"><\/div><div class=\"l-section-h i-cf\"><div class=\"g-cols vc_row via_grid cols_2-1 laptops-cols_inherit tablets-cols_inherit mobiles-cols_1 valign_middle type_default stacking_default\"><div class=\"wpb_column vc_column_container\"><div class=\"vc_column-inner\"><h2 style=\"text-align: left\" class=\"vc_custom_heading vc_do_custom_heading us_custom_cda6f729\" >GENERATORS FOR GENERATIONS<\/h2><div class=\"wpb_text_column\"><div class=\"wpb_wrapper\"><p>The effectiveness of a generator is determined by the interaction between the main generator (internal pole machine) and the excitation generator (outer pole machine). That is the principle. The secret of our high-performance synchronous generators lies in every detail of our in-house developments. The entire construction is designed for durability and maximum resilience in continuous operation. This can be seen just by glancing at the massive components and the careful processing. So that our customers can obtain optimised electrical energy from every drop of water throughout many years.<\/p>\n<\/div><\/div><\/div><\/div><div class=\"wpb_column vc_column_container\"><div class=\"vc_column-inner\"><\/div><\/div><\/div><\/div><\/section><section class=\"l-section wpb_row height_medium color_alternate\"><div class=\"l-section-h i-cf\"><div class=\"g-cols vc_row via_grid cols_2 laptops-cols_inherit tablets-cols_inherit mobiles-cols_1 valign_top type_default stacking_default\"><div class=\"wpb_column vc_column_container\"><div class=\"vc_column-inner\"><h2 style=\"text-align: left\" class=\"vc_custom_heading vc_do_custom_heading us_custom_cda6f729\" >TECHNICAL BRIEF DESCRIPTION<\/h2><div style=\"text-align: left\" class=\"vc_custom_heading vc_do_custom_heading us_custom_cda6f729\" >Design according to EN 60034-1, VDE 0530-1, IEC 34-1. The rating chart is based on VDE rules.<\/div><div class=\"w-separator size_medium\"><\/div><div class=\"w-image align_none\"><div class=\"w-image-h\"><img decoding=\"async\" width=\"1024\" height=\"333\" src=\"https:\/\/www.wkv-ag.com\/wp-content\/uploads\/2022\/08\/Tabelle_2_EN.jpg\" class=\"attachment-large size-large\" alt=\"\" loading=\"lazy\" srcset=\"https:\/\/www.wkv-ag.com\/wp-content\/uploads\/2022\/08\/Tabelle_2_EN.jpg 945w, https:\/\/www.wkv-ag.com\/wp-content\/uploads\/2022\/08\/Tabelle_2_EN-300x97.jpg 300w, https:\/\/www.wkv-ag.com\/wp-content\/uploads\/2022\/08\/Tabelle_2_EN-18x6.jpg 18w\" sizes=\"auto, (max-width: 1024px) 100vw, 1024px\" \/><\/div><\/div><\/div><\/div><div class=\"wpb_column vc_column_container us_custom_47474b22 us_animate_this\"><div class=\"vc_column-inner\"><div class=\"w-slider style_none fit_cover nav_none count_3\"><div class=\"w-slider-h\"><div class=\"royalSlider\"><div class=\"rsContent\"><a class=\"rsImg\" data-rsw=\"1024\" data-rsh=\"682\" href=\"https:\/\/www.wkv-ag.com\/wp-content\/uploads\/2022\/07\/Bugaba-16-1024x682.jpg\"><span data-alt=\"\"><\/span><\/a><\/div><div class=\"rsContent\"><a class=\"rsImg\" data-rsw=\"1024\" data-rsh=\"766\" href=\"https:\/\/www.wkv-ag.com\/wp-content\/uploads\/2022\/07\/IMG_20210309_144248-1024x766.jpg\"><span data-alt=\"\"><\/span><\/a><\/div><div class=\"rsContent\"><a class=\"rsImg\" data-rsw=\"1024\" data-rsh=\"663\" href=\"https:\/\/www.wkv-ag.com\/wp-content\/uploads\/2022\/08\/WKV-Generator-1024x663.jpg\"><span data-alt=\"\"><\/span><\/a><\/div><\/div><img decoding=\"async\" src=\"https:\/\/www.wkv-ag.com\/wp-content\/uploads\/2022\/07\/Bugaba-16-1024x682.jpg\" width=\"1024\" height=\"682\" alt loading=\"lazy\"><\/div><div class=\"w-slider-json\" onclick='return {&quot;autoScaleSlider&quot;:true,&quot;addActiveClass&quot;:true,&quot;loop&quot;:true,&quot;fadeInLoadedSlide&quot;:false,&quot;slidesSpacing&quot;:0,&quot;imageScalePadding&quot;:0,&quot;numImagesToPreload&quot;:2,&quot;arrowsNav&quot;:true,&quot;arrowsNavAutoHide&quot;:false,&quot;transitionType&quot;:&quot;move&quot;,&quot;transitionSpeed&quot;:250,&quot;block&quot;:{&quot;moveEffect&quot;:&quot;none&quot;,&quot;speed&quot;:300},&quot;thumbs&quot;:{&quot;fitInViewport&quot;:false,&quot;firstMargin&quot;:false,&quot;spacing&quot;:4},&quot;controlNavigation&quot;:&quot;none&quot;,&quot;autoScaleSliderWidth&quot;:1024,&quot;autoScaleSliderHeight&quot;:682}'><\/div><\/div><\/div><\/div><\/div><\/div><\/section><section class=\"l-section wpb_row height_large\"><div class=\"l-section-h i-cf\"><div class=\"g-cols vc_row via_grid cols_2 laptops-cols_inherit tablets-cols_inherit mobiles-cols_1 valign_top type_default stacking_default\"><div class=\"wpb_column vc_column_container us_custom_7e20fa79 us_animate_this\"><div class=\"vc_column-inner\"><h5 style=\"text-align: left\" class=\"vc_custom_heading vc_do_custom_heading us_custom_cda6f729\" >Brushless Threephase High-Efficiency Synchronous Alternators - series HEG<\/h5><div class=\"w-image align_none\"><div class=\"w-image-h\"><img decoding=\"async\" width=\"1024\" height=\"796\" src=\"https:\/\/www.wkv-ag.com\/wp-content\/uploads\/2022\/08\/Tabelle_EN.jpg\" class=\"attachment-large size-large\" alt=\"\" loading=\"lazy\" srcset=\"https:\/\/www.wkv-ag.com\/wp-content\/uploads\/2022\/08\/Tabelle_EN.jpg 1548w, https:\/\/www.wkv-ag.com\/wp-content\/uploads\/2022\/08\/Tabelle_EN-300x233.jpg 300w, https:\/\/www.wkv-ag.com\/wp-content\/uploads\/2022\/08\/Tabelle_EN-1024x796.jpg 1024w, https:\/\/www.wkv-ag.com\/wp-content\/uploads\/2022\/08\/Tabelle_EN-15x12.jpg 15w, https:\/\/www.wkv-ag.com\/wp-content\/uploads\/2022\/08\/Tabelle_EN-1536x1195.jpg 1536w\" sizes=\"auto, (max-width: 1024px) 100vw, 1024px\" \/><\/div><\/div><\/div><\/div><div class=\"wpb_column vc_column_container us_custom_47474b22 us_animate_this\"><div class=\"vc_column-inner\"><div class=\"wpb_text_column\"><div class=\"wpb_wrapper\"><p><strong>Requests for alternative mechanical and electrical design, also multi-pole alternators for Kaplan drives are always welcome.<\/strong><\/p>\n<\/div><\/div><div class=\"w-separator size_small\"><\/div><div class=\"wpb_text_column\"><div class=\"wpb_wrapper\"><p><strong>Enclosure type<\/strong><\/p>\n<p class=\"translation-block\">EN 60034-5 \/ VDE 0530-5<br>\nStandard design is IP23. Application of air inlet\/dust filters as well as higher protection mode as IP43, IPR 44, IPR 54, IP44 and IP54 etc. are available on request.<\/p>\n<p>&nbsp;<\/p>\n<div class=\"csc-header csc-header-n6\">\n<p><strong>Cooling mode<\/strong><\/p>\n<p class=\"translation-block\">EN 60034-6 \/ VDE 0530-6<br>\nStandard design is IC01, direct air-ventilated. IC31 (cooling air channel connection), IC0161 (top-mounted air-to-air heat exchanger), IC8A1W7 (top-mounted water cooler) or any other solution can be offered on special request.<\/p>\n<\/div>\n<div class=\"csc-header csc-header-n7\">\n<p>&nbsp;<\/p>\n<p><strong>Design<\/strong><\/p>\n<div class=\"csc-textpic-text\">\n<p class=\"bodytext translation-block\">EN 60034-7 \/ VDE 0530-7<br>\nThe basic design modes are IM1001 (B3) and IM1101 (B20) for horizontal mounting and IM 3011 (V1) for vertical mounting.<\/p>\n<p class=\"bodytext translation-block\">Principally we confirm for WKV alternators: <b>Every requested design our customers need is possible!<\/b><\/p>\n<\/div>\n<\/div>\n<\/div><\/div><\/div><\/div><\/div><\/div><\/section><section class=\"l-section wpb_row height_large color_alternate\"><div class=\"l-section-h i-cf\"><div class=\"g-cols vc_row via_grid cols_2-1 laptops-cols_inherit tablets-cols_inherit mobiles-cols_1 valign_top type_default stacking_default\"><div class=\"wpb_column vc_column_container us_custom_7e20fa79 us_animate_this\"><div class=\"vc_column-inner\"><h2 style=\"text-align: left\" class=\"vc_custom_heading vc_do_custom_heading us_custom_cda6f729\" >OWN TEST FIELD<\/h2><div class=\"wpb_text_column\"><div class=\"wpb_wrapper\"><div class=\"csc-header csc-header-n2\">\n<h4>Testing and Quality Assurance<\/h4>\n<\/div>\n<p class=\"bodytext\">The WKV alternator test facilities in Gutach\/Germany with a total prime mover capacity of 1,200 kW, most-modern measurement technologies, a comfortable visitor\u2019s area with every conven\u00edence and a highly motivated team of assayers offers optimal conditions for both standard testing and sophisticated FATs.<\/p>\n<p class=\"bodytext translation-block\"><b> After manufacturing, every WKV alternator is taken to our most-modern test facilities.<\/b>  Our customers are provided with a comprehensive test report for every single alternator. Customers are always welcome to inspect the factory test procedure and to check all the complete measuring and test reports that have been compiled during the entire production process.<\/p>\n<p class=\"bodytext\">Last but not least: Enjoy the typical Black Forrest hospitality on a factory tour associated with the testing of \u201cyour\u201d machine!<\/p>\n<\/div><\/div><\/div><\/div><div class=\"wpb_column vc_column_container us_custom_47474b22 us_animate_this\"><div class=\"vc_column-inner\"><div class=\"w-separator size_large\"><\/div><div class=\"w-image align_none\"><div class=\"w-image-h\"><img decoding=\"async\" width=\"1024\" height=\"715\" src=\"https:\/\/www.wkv-ag.com\/wp-content\/uploads\/2022\/07\/WKV_5-14_516-1024x715.jpg\" class=\"attachment-large size-large\" alt=\"\" loading=\"lazy\" srcset=\"https:\/\/www.wkv-ag.com\/wp-content\/uploads\/2022\/07\/WKV_5-14_516-1024x715.jpg 1024w, https:\/\/www.wkv-ag.com\/wp-content\/uploads\/2022\/07\/WKV_5-14_516-300x209.jpg 300w, https:\/\/www.wkv-ag.com\/wp-content\/uploads\/2022\/07\/WKV_5-14_516-18x12.jpg 18w, https:\/\/www.wkv-ag.com\/wp-content\/uploads\/2022\/07\/WKV_5-14_516-1536x1072.jpg 1536w\" sizes=\"auto, (max-width: 1024px) 100vw, 1024px\" \/><\/div><\/div><\/div><\/div><\/div><\/div><\/section><section class=\"l-section wpb_row height_small color_alternate\"><div class=\"l-section-h i-cf\"><div class=\"g-cols vc_row via_grid cols_2-1 laptops-cols_inherit tablets-cols_inherit mobiles-cols_1 valign_top type_default stacking_default\"><div class=\"wpb_column vc_column_container\"><div class=\"vc_column-inner\"><h2 style=\"text-align: left\" class=\"vc_custom_heading vc_do_custom_heading us_custom_cda6f729\" >QUALITY IS THE NORM<\/h2><div class=\"wpb_text_column\"><div class=\"wpb_wrapper\"><p>Of course, our generators comply with all international standards such as IEC 34-1, EN 60034-1, VDE 0530, BS 4999, IEEE, NEMA MG1 et cetera. \nWe can also offer ship classifications such as ABS, BV, CCS, DNV, GL, LRS, MRS, RINa etc. We are glad to implement special designs and special projects on request.<\/p>\n<\/div><\/div><div class=\"w-separator size_large\"><\/div><\/div><\/div><div class=\"wpb_column vc_column_container\"><div class=\"vc_column-inner\"><\/div><\/div><\/div><\/div><\/section><section class=\"l-section wpb_row height_large\"><div class=\"l-section-h i-cf\"><div class=\"g-cols vc_row via_grid cols_1 laptops-cols_inherit tablets-cols_inherit mobiles-cols_1 valign_top type_default stacking_default\"><div class=\"wpb_column vc_column_container\"><div class=\"vc_column-inner\"><h2 style=\"text-align: left\" class=\"vc_custom_heading vc_do_custom_heading us_custom_cda6f729\" id=\"anker1\">EXCELLENCE MATTERS<\/h2><div class=\"wpb_text_column\"><div class=\"wpb_wrapper\"><p class=\"translation-block\">The initial conditions are the same for all manufacturers of generator technology. In the end, what matters is what you make out of the physics. <br>\nAt WKV AG, you benefit from numerous advantages:<\/p>\n<\/div><\/div><div class=\"w-separator size_medium\"><\/div><div class=\"g-cols wpb_row via_grid cols_3 laptops-cols_inherit tablets-cols_inherit mobiles-cols_1 valign_middle type_default stacking_default\" style=\"--columns-gap:1rem;\"><div class=\"wpb_column vc_column_container us_custom_df1455f3 has_text_color us_animate_this has_bg_color\"><div class=\"vc_column-inner\"><div class=\"wpb_text_column\"><div class=\"wpb_wrapper\"><h6 style=\"text-align: center;\">Highly qualified team of designers, engineers and technicians<\/h6>\n<\/div><\/div><\/div><\/div><div class=\"wpb_column vc_column_container us_custom_df1455f3 has_text_color us_animate_this has_bg_color\"><div class=\"vc_column-inner\"><div class=\"wpb_text_column\"><div class=\"wpb_wrapper\"><h6 style=\"text-align: center;\">Highest efficiencies, measured and guaranteed<\/h6>\n<\/div><\/div><\/div><\/div><div class=\"wpb_column vc_column_container us_custom_e673e4a8 has_text_color us_animate_this has_bg_color\"><div class=\"vc_column-inner\"><div class=\"wpb_text_column\"><div class=\"wpb_wrapper\"><h6 style=\"text-align: center;\">Flexibly adaptable to on-site requirements<\/h6>\n<\/div><\/div><\/div><\/div><div class=\"wpb_column vc_column_container us_custom_df1455f3 has_text_color us_animate_this has_bg_color\"><div class=\"vc_column-inner\"><div class=\"wpb_text_column\"><div class=\"wpb_wrapper\"><h6 style=\"text-align: center;\">Meticulous handwork and machine precision<\/h6>\n<\/div><\/div><\/div><\/div><div class=\"wpb_column vc_column_container us_custom_df1455f3 has_text_color us_animate_this has_bg_color\"><div class=\"vc_column-inner\"><div class=\"wpb_text_column\"><div class=\"wpb_wrapper\"><h6 style=\"text-align: center;\">Quality assurance through tests in our own test facility<\/h6>\n<\/div><\/div><\/div><\/div><div class=\"wpb_column vc_column_container us_custom_e673e4a8 has_text_color us_animate_this has_bg_color\"><div class=\"vc_column-inner\"><div class=\"wpb_text_column\"><div class=\"wpb_wrapper\"><h6 style=\"text-align: center;\">Highest material quality for a long lifespan<\/h6>\n<\/div><\/div><\/div><\/div><div class=\"wpb_column vc_column_container us_custom_df1455f3 has_text_color us_animate_this has_bg_color\"><div class=\"vc_column-inner\"><div class=\"wpb_text_column\"><div class=\"wpb_wrapper\"><h6 style=\"text-align: center;\">Conservative design for the best longevity \u2014 no borderline designed \"heaters\".<\/h6>\n<\/div><\/div><\/div><\/div><div class=\"wpb_column vc_column_container us_custom_df1455f3 has_text_color us_animate_this has_bg_color\"><div class=\"vc_column-inner\"><div class=\"wpb_text_column\"><div class=\"wpb_wrapper\"><h6 style=\"text-align: center;\">Engineering, manufacturing and implementation under one roof<\/h6>\n<\/div><\/div><\/div><\/div><div class=\"wpb_column vc_column_container us_custom_e673e4a8 has_text_color us_animate_this has_bg_color\"><div class=\"vc_column-inner\"><div class=\"wpb_text_column\"><div class=\"wpb_wrapper\"><h6 style=\"text-align: center;\">Optimised generators, magnetic and electrodynamic<\/h6>\n<\/div><\/div><\/div><\/div><\/div><\/div><\/div><\/div><\/div><\/section><section class=\"l-section wpb_row height_large color_alternate\"><div class=\"l-section-overlay\" style=\"background:var(--color-content-border)\"><\/div><div class=\"l-section-h i-cf\"><div class=\"g-cols vc_row via_grid cols_1 laptops-cols_inherit tablets-cols_inherit mobiles-cols_1 valign_top type_default stacking_default\"><div class=\"wpb_column vc_column_container\"><div class=\"vc_column-inner\"><h4 style=\"text-align: left\" class=\"vc_custom_heading vc_do_custom_heading us_custom_8b3d6790\" >GET MORE INFORMATION AND COUNSELLING<\/h4><div class=\"w-separator size_small\"><\/div><div class=\"w-btn-wrapper align_left\"><a class=\"w-btn us-btn-style_17\" title=\"DOWNLOADS\" target=\"_blank\" rel=\"nofollow\" href=\"https:\/\/www.wkv-ag.com\/en\/downloads\/\"><span class=\"w-btn-label\">Quotation form for generators<\/span><\/a><\/div><\/div><\/div><\/div><\/div><\/section>","protected":false},"excerpt":{"rendered":"GENERATORENHigh Efficiency Synchrongeneratoren made by WKV. Unverw\u00fcstliches Design und exzellente Wirkungsgrade f\u00fcr zuverl\u00e4ssige Energieausbeute. GENERATOREN F\u00dcR GENERATIONENDie Effektivit\u00e4t eines Generators wird bestimmt durch das Zusammenspiel von Hauptgenerator (Innenpolmaschine) und Erregergenerator (Au\u00dfenpolmaschine). Soweit das Prinzip. Das Geheimnis unserer Hochleistungs-Synchron-Generatoren steckt in jedem Detail unserer Eigenentwicklungen. Die gesamte Konstruktion ist auf Langlebigkeit und h\u00f6chste Belastbarkeit im Dauerbetrieb...","protected":false},"author":1,"featured_media":0,"parent":0,"menu_order":0,"comment_status":"closed","ping_status":"closed","template":"","meta":{"_acf_changed":false,"inline_featured_image":false,"footnotes":""},"class_list":["post-8089","page","type-page","status-publish","hentry"],"acf":[],"_links":{"self":[{"href":"https:\/\/www.wkv-ag.com\/en\/wp-json\/wp\/v2\/pages\/8089","targetHints":{"allow":["GET"]}}],"collection":[{"href":"https:\/\/www.wkv-ag.com\/en\/wp-json\/wp\/v2\/pages"}],"about":[{"href":"https:\/\/www.wkv-ag.com\/en\/wp-json\/wp\/v2\/types\/page"}],"author":[{"embeddable":true,"href":"https:\/\/www.wkv-ag.com\/en\/wp-json\/wp\/v2\/users\/1"}],"replies":[{"embeddable":true,"href":"https:\/\/www.wkv-ag.com\/en\/wp-json\/wp\/v2\/comments?post=8089"}],"version-history":[{"count":82,"href":"https:\/\/www.wkv-ag.com\/en\/wp-json\/wp\/v2\/pages\/8089\/revisions"}],"predecessor-version":[{"id":10200,"href":"https:\/\/www.wkv-ag.com\/en\/wp-json\/wp\/v2\/pages\/8089\/revisions\/10200"}],"wp:attachment":[{"href":"https:\/\/www.wkv-ag.com\/en\/wp-json\/wp\/v2\/media?parent=8089"}],"curies":[{"name":"wp","href":"https:\/\/api.w.org\/{rel}","templated":true}]}}