{"id":8034,"date":"2022-06-23T15:51:00","date_gmt":"2022-06-23T13:51:00","guid":{"rendered":"https:\/\/wkv.idnty.de\/?page_id=8034"},"modified":"2023-06-23T10:41:05","modified_gmt":"2023-06-23T08:41:05","slug":"turbinen","status":"publish","type":"page","link":"https:\/\/www.wkv-ag.com\/en\/turbinen\/","title":{"rendered":"TURBINES"},"content":{"rendered":"<section class=\"l-section wpb_row height_auto width_full color_alternate\"><div class=\"l-section-h i-cf\"><div class=\"g-cols vc_row via_grid cols_2-3 laptops-cols_inherit tablets-cols_inherit mobiles-cols_1 valign_middle type_default reversed stacking_default\"><div class=\"wpb_column vc_column_container us_custom_37bacb63\"><div class=\"vc_column-inner\"><h1 style=\"font-size: 45px;text-align: left\" class=\"vc_custom_heading vc_do_custom_heading us_custom_201bf81d\" >TURBINES<\/h1><div class=\"wpb_text_column\"><div class=\"wpb_wrapper\"><p>The WKV Turbines. Highly efficient and reliable.<\/p>\n<\/div><\/div><\/div><\/div><div class=\"wpb_column vc_column_container us_custom_3a769360 has_bg_color\"><div class=\"vc_column-inner\"><\/div><\/div><\/div><\/div><\/section><section class=\"l-section wpb_row height_large with_img parallax_ver\"><div class=\"l-section-img\" role=\"img\" aria-label=\"Image\" data-img-width=\"2560\" data-img-height=\"1158\" style=\"background-image: url(https:\/\/www.wkv-ag.com\/wp-content\/uploads\/2022\/06\/Turbine_HG_Zeichenfla\u0308che-1-scaled-e1656507536926.jpg);background-repeat: no-repeat;\"><\/div><div class=\"l-section-overlay\" style=\"background:rgba(255,255,255,0.70)\"><\/div><div class=\"l-section-h i-cf\"><div class=\"g-cols vc_row via_grid cols_2-1 laptops-cols_inherit tablets-cols_inherit mobiles-cols_1 valign_top type_default stacking_default\"><div class=\"wpb_column vc_column_container\"><div class=\"vc_column-inner\"><h2 style=\"text-align: left\" class=\"vc_custom_heading vc_do_custom_heading us_custom_cda6f729 translation-block\" >REVENUE FROM THE FIRST R.P.M.<\/h2><div class=\"w-separator size_small\"><\/div><div class=\"wpb_text_column\"><div class=\"wpb_wrapper\"><p>What makes turbine technology from WKV so unique is its flexibility. We can build and deliver the right solution for almost any terrain, for any amount of water and almost any water head. Special applications are also often part of our everyday business, whether it is island operation with black start, increased moments of inertia with flywheel and turbine-synchronous bypass valves, powerhouse bypass valves or transport concepts for taking heavy and robust technology to remote locations. Simply leave to us the solution to your challenge. So that you can generate reliable profits with superior technology.<\/p>\n<\/div><\/div><\/div><\/div><div class=\"wpb_column vc_column_container\"><div class=\"vc_column-inner\"><\/div><\/div><\/div><\/div><\/section><section class=\"l-section wpb_row height_large color_alternate\" id=\"second\"><div class=\"l-section-h i-cf\"><div class=\"g-cols vc_row via_grid cols_1 laptops-cols_inherit tablets-cols_inherit mobiles-cols_1 valign_top type_default stacking_default\"><div class=\"wpb_column vc_column_container\"><div class=\"vc_column-inner\"><div class=\"g-cols wpb_row via_grid cols_2 laptops-cols_inherit tablets-cols_inherit mobiles-cols_1 valign_top type_default stacking_default\" style=\"--columns-gap:3rem;\"><div class=\"wpb_column vc_column_container\"><div class=\"vc_column-inner\"><h2 style=\"text-align: left\" class=\"vc_custom_heading vc_do_custom_heading us_custom_cda6f729 translation-block\" >YOU HAVE THE WATER, WKV THE PROPER TURBINE<\/h2><div class=\"wpb_text_column\"><div class=\"wpb_wrapper\"><p>Technology is our strength and our passion. However, it is only a means to an end for a reliable generation of clean energy.<br \/>\nDepending on the requirements, we analyse, design and deliver the proper solution by selecting one of the five following turbine types:<\/p>\n<\/div><\/div><\/div><\/div><div class=\"wpb_column vc_column_container\"><div class=\"vc_column-inner\"><div class=\"w-image align_none\"><div class=\"w-image-h\"><img decoding=\"async\" width=\"1024\" height=\"744\" src=\"https:\/\/www.wkv-ag.com\/wp-content\/uploads\/2022\/12\/Turbinenportfolio-1024x744.png\" class=\"attachment-large size-large\" alt=\"\" loading=\"lazy\" srcset=\"https:\/\/www.wkv-ag.com\/wp-content\/uploads\/2022\/12\/Turbinenportfolio-1024x744.png 1024w, https:\/\/www.wkv-ag.com\/wp-content\/uploads\/2022\/12\/Turbinenportfolio-300x218.png 300w, https:\/\/www.wkv-ag.com\/wp-content\/uploads\/2022\/12\/Turbinenportfolio-18x12.png 18w, https:\/\/www.wkv-ag.com\/wp-content\/uploads\/2022\/12\/Turbinenportfolio-500x363.png 500w, https:\/\/www.wkv-ag.com\/wp-content\/uploads\/2022\/12\/Turbinenportfolio-400x290.png 400w, https:\/\/www.wkv-ag.com\/wp-content\/uploads\/2022\/12\/Turbinenportfolio-600x436.png 600w, https:\/\/www.wkv-ag.com\/wp-content\/uploads\/2022\/12\/Turbinenportfolio-800x581.png 800w, https:\/\/www.wkv-ag.com\/wp-content\/uploads\/2022\/12\/Turbinenportfolio.png 1026w\" sizes=\"auto, (max-width: 1024px) 100vw, 1024px\" \/><\/div><\/div><\/div><\/div><\/div><\/div><\/div><\/div><\/div><\/section><section class=\"l-section wpb_row height_large\"><div class=\"l-section-h i-cf\"><div class=\"g-cols vc_row via_grid cols_1 laptops-cols_inherit tablets-cols_inherit mobiles-cols_1 valign_top type_default stacking_default\"><div class=\"wpb_column vc_column_container\"><div class=\"vc_column-inner\"><div class=\"w-tabs layout_hor style_trendy switch_click has_scrolling\" style=\"--sections-title-size:1.2rem\"><div class=\"w-tabs-list items_5 align_justify\" style=\"font-family:var(--h1-font-family);text-transform:uppercase;\"><div class=\"w-tabs-list-h\"><button class=\"w-tabs-item active defined-active\" aria-controls=\"content-k1ec\" aria-expanded=\"true\"><span class=\"w-tabs-item-title\">PELTON TURBINE<\/span><\/button><button class=\"w-tabs-item\" aria-controls=\"content-h19c\" aria-expanded=\"false\"><span class=\"w-tabs-item-title\">FRANCIS TURBINE<\/span><\/button><button class=\"w-tabs-item\" aria-controls=\"content-rf3b\" aria-expanded=\"false\"><span class=\"w-tabs-item-title\">TURGO TURBINE<\/span><\/button><button class=\"w-tabs-item\" aria-controls=\"content-id5d\" aria-expanded=\"false\"><span class=\"w-tabs-item-title\">CROSSFLOW TURBINE<\/span><\/button><button class=\"w-tabs-item\" aria-controls=\"content-wc67\" aria-expanded=\"false\"><span class=\"w-tabs-item-title\">KAPLAN TURBINE<\/span><\/button><\/div><\/div><div class=\"w-tabs-sections titles-align_none icon_chevron cpos_right\"><div class=\"w-tabs-section active\" id=\"k1ec\"><button class=\"w-tabs-section-header active\" aria-controls=\"content-k1ec\" aria-expanded=\"true\"><h5 class=\"w-tabs-section-title\">PELTON TURBINE<\/h5><div class=\"w-tabs-section-control\"><\/div><\/button><div  class=\"w-tabs-section-content\" id=\"content-k1ec\"><div class=\"w-tabs-section-content-h i-cf\"><div class=\"g-cols wpb_row via_grid cols_2 laptops-cols_inherit tablets-cols_inherit mobiles-cols_1 valign_middle type_default stacking_default\" style=\"--columns-gap:3rem;\"><div class=\"wpb_column vc_column_container\"><div class=\"vc_column-inner\"><div class=\"w-slider style_none fit_cover nav_none count_4\"><div class=\"w-slider-h\"><div class=\"royalSlider\"><div class=\"rsContent\"><a class=\"rsImg\" data-rsw=\"1024\" data-rsh=\"768\" href=\"https:\/\/www.wkv-ag.com\/wp-content\/uploads\/2022\/07\/20211011_163509_2-1024x768.jpg\"><span data-alt=\"\"><\/span><\/a><\/div><div class=\"rsContent\"><a class=\"rsImg\" data-rsw=\"1024\" data-rsh=\"768\" href=\"https:\/\/www.wkv-ag.com\/wp-content\/uploads\/2022\/07\/IMG_0515-1024x768.jpg\"><span data-alt=\"\"><\/span><\/a><\/div><div class=\"rsContent\"><a class=\"rsImg\" data-rsw=\"1024\" data-rsh=\"682\" href=\"https:\/\/www.wkv-ag.com\/wp-content\/uploads\/2022\/07\/P8220965-1024x682.jpg\"><span data-alt=\"\"><\/span><\/a><\/div><div class=\"rsContent\"><a class=\"rsImg\" data-rsw=\"1024\" data-rsh=\"682\" href=\"https:\/\/www.wkv-ag.com\/wp-content\/uploads\/2022\/07\/unbenannt-1-von-1-1024x682.jpg\"><span data-alt=\"\"><\/span><\/a><\/div><\/div><img decoding=\"async\" src=\"https:\/\/www.wkv-ag.com\/wp-content\/uploads\/2022\/07\/20211011_163509_2-1024x768.jpg\" width=\"1024\" height=\"768\" alt loading=\"lazy\"><\/div><div class=\"w-slider-json\" onclick='return {&quot;autoScaleSlider&quot;:true,&quot;addActiveClass&quot;:true,&quot;loop&quot;:true,&quot;fadeInLoadedSlide&quot;:false,&quot;slidesSpacing&quot;:0,&quot;imageScalePadding&quot;:0,&quot;numImagesToPreload&quot;:2,&quot;arrowsNav&quot;:true,&quot;arrowsNavAutoHide&quot;:false,&quot;transitionType&quot;:&quot;move&quot;,&quot;transitionSpeed&quot;:250,&quot;block&quot;:{&quot;moveEffect&quot;:&quot;none&quot;,&quot;speed&quot;:300},&quot;thumbs&quot;:{&quot;fitInViewport&quot;:false,&quot;firstMargin&quot;:false,&quot;spacing&quot;:4},&quot;controlNavigation&quot;:&quot;none&quot;,&quot;autoScaleSliderWidth&quot;:1024,&quot;autoScaleSliderHeight&quot;:768}'><\/div><\/div><\/div><\/div><div class=\"wpb_column vc_column_container\"><div class=\"vc_column-inner\"><h4 style=\"text-align: left\" class=\"vc_custom_heading vc_do_custom_heading us_custom_cda6f729\" >PELTON TURBINE<\/h4><div class=\"wpb_text_column\"><div class=\"wpb_wrapper\"><p>The robust and almost indestructible solution with very good full-load and partial-load efficiencies for high heads and heavily fluctuating flow rates, even with water rich in floating debris. For water heads between 60 and 1,500 m with power outputs of up to around 35 MW per unit.<\/p>\n<\/div><\/div><\/div><\/div><\/div><\/div><\/div><\/div><div class=\"w-tabs-section\" id=\"h19c\"><button class=\"w-tabs-section-header\" aria-controls=\"content-h19c\" aria-expanded=\"false\"><h5 class=\"w-tabs-section-title\">FRANCIS TURBINE<\/h5><div class=\"w-tabs-section-control\"><\/div><\/button><div  class=\"w-tabs-section-content\" id=\"content-h19c\"><div class=\"w-tabs-section-content-h i-cf\"><div class=\"g-cols wpb_row via_grid cols_2 laptops-cols_inherit tablets-cols_inherit mobiles-cols_1 valign_middle type_default stacking_default\" style=\"--columns-gap:3rem;\"><div class=\"wpb_column vc_column_container\"><div class=\"vc_column-inner\"><div class=\"w-slider style_none fit_cover nav_none count_4\"><div class=\"w-slider-h\"><div class=\"royalSlider\"><div class=\"rsContent\"><a class=\"rsImg\" data-rsw=\"1024\" data-rsh=\"684\" href=\"https:\/\/www.wkv-ag.com\/wp-content\/uploads\/2022\/07\/DSC9943_2-1024x684.jpg\"><span data-alt=\"\"><\/span><\/a><\/div><div class=\"rsContent\"><a class=\"rsImg\" data-rsw=\"1024\" data-rsh=\"684\" href=\"https:\/\/www.wkv-ag.com\/wp-content\/uploads\/2022\/07\/DSC9973-1024x684.jpg\"><span data-alt=\"\"><\/span><\/a><\/div><div class=\"rsContent\"><a class=\"rsImg\" data-rsw=\"1024\" data-rsh=\"768\" href=\"https:\/\/www.wkv-ag.com\/wp-content\/uploads\/2022\/07\/Francis_horizontal-2-1024x768.jpg\"><span data-alt=\"\"><\/span><\/a><\/div><div class=\"rsContent\"><a class=\"rsImg\" data-rsw=\"1024\" data-rsh=\"576\" href=\"https:\/\/www.wkv-ag.com\/wp-content\/uploads\/2022\/07\/2019-06-07-15.13.36-1024x576.jpg\"><span data-alt=\"\"><\/span><\/a><\/div><\/div><img decoding=\"async\" src=\"https:\/\/www.wkv-ag.com\/wp-content\/uploads\/2022\/07\/DSC9943_2-1024x684.jpg\" width=\"1024\" height=\"684\" alt loading=\"lazy\"><\/div><div class=\"w-slider-json\" onclick='return {&quot;autoScaleSlider&quot;:true,&quot;addActiveClass&quot;:true,&quot;loop&quot;:true,&quot;fadeInLoadedSlide&quot;:false,&quot;slidesSpacing&quot;:0,&quot;imageScalePadding&quot;:0,&quot;numImagesToPreload&quot;:2,&quot;arrowsNav&quot;:true,&quot;arrowsNavAutoHide&quot;:false,&quot;transitionType&quot;:&quot;move&quot;,&quot;transitionSpeed&quot;:250,&quot;block&quot;:{&quot;moveEffect&quot;:&quot;none&quot;,&quot;speed&quot;:300},&quot;thumbs&quot;:{&quot;fitInViewport&quot;:false,&quot;firstMargin&quot;:false,&quot;spacing&quot;:4},&quot;controlNavigation&quot;:&quot;none&quot;,&quot;autoScaleSliderWidth&quot;:1024,&quot;autoScaleSliderHeight&quot;:684}'><\/div><\/div><\/div><\/div><div class=\"wpb_column vc_column_container\"><div class=\"vc_column-inner\"><h4 style=\"text-align: left\" class=\"vc_custom_heading vc_do_custom_heading us_custom_cda6f729\" >FRANCIS TURBINE<\/h4><div class=\"wpb_text_column\"><div class=\"wpb_wrapper\"><p>Operators can do almost nothing wrong when having this flexible turbine with the highest peak efficiency. Designed for water heads of up to approx. 300 m and power outputs of up to around 35 MW per unit.<\/p>\n<\/div><\/div><\/div><\/div><\/div><\/div><\/div><\/div><div class=\"w-tabs-section\" id=\"rf3b\"><button class=\"w-tabs-section-header\" aria-controls=\"content-rf3b\" aria-expanded=\"false\"><h5 class=\"w-tabs-section-title\">TURGO TURBINE<\/h5><div class=\"w-tabs-section-control\"><\/div><\/button><div  class=\"w-tabs-section-content\" id=\"content-rf3b\"><div class=\"w-tabs-section-content-h i-cf\"><div class=\"g-cols wpb_row via_grid cols_2 laptops-cols_inherit tablets-cols_inherit mobiles-cols_1 valign_middle type_default stacking_default\" style=\"--columns-gap:3rem;\"><div class=\"wpb_column vc_column_container\"><div class=\"vc_column-inner\"><div class=\"w-slider style_none fit_cover nav_none count_4\"><div class=\"w-slider-h\"><div class=\"royalSlider\"><div class=\"rsContent\"><a class=\"rsImg\" data-rsw=\"1024\" data-rsh=\"683\" href=\"https:\/\/www.wkv-ag.com\/wp-content\/uploads\/2022\/08\/BelihuhOya-2_2-1024x683.jpg\"><span data-alt=\"\"><\/span><\/a><\/div><div class=\"rsContent\"><a class=\"rsImg\" data-rsw=\"1024\" data-rsh=\"768\" href=\"https:\/\/www.wkv-ag.com\/wp-content\/uploads\/2022\/07\/4-3-2-Corazon.jpg\"><span data-alt=\"\"><\/span><\/a><\/div><div class=\"rsContent\"><a class=\"rsImg\" data-rsw=\"1024\" data-rsh=\"768\" href=\"https:\/\/www.wkv-ag.com\/wp-content\/uploads\/2022\/07\/P1120513-1024x768.jpg\"><span data-alt=\"\"><\/span><\/a><\/div><div class=\"rsContent\"><a class=\"rsImg\" data-rsw=\"1024\" data-rsh=\"746\" href=\"https:\/\/www.wkv-ag.com\/wp-content\/uploads\/2022\/07\/P3190040-1024x746.jpg\"><span data-alt=\"\"><\/span><\/a><\/div><\/div><img decoding=\"async\" src=\"https:\/\/www.wkv-ag.com\/wp-content\/uploads\/2022\/08\/BelihuhOya-2_2-1024x683.jpg\" width=\"1024\" height=\"683\" alt loading=\"lazy\"><\/div><div class=\"w-slider-json\" onclick='return {&quot;autoScaleSlider&quot;:true,&quot;addActiveClass&quot;:true,&quot;loop&quot;:true,&quot;fadeInLoadedSlide&quot;:false,&quot;slidesSpacing&quot;:0,&quot;imageScalePadding&quot;:0,&quot;numImagesToPreload&quot;:2,&quot;arrowsNav&quot;:true,&quot;arrowsNavAutoHide&quot;:false,&quot;transitionType&quot;:&quot;move&quot;,&quot;transitionSpeed&quot;:250,&quot;block&quot;:{&quot;moveEffect&quot;:&quot;none&quot;,&quot;speed&quot;:300},&quot;thumbs&quot;:{&quot;fitInViewport&quot;:false,&quot;firstMargin&quot;:false,&quot;spacing&quot;:4},&quot;controlNavigation&quot;:&quot;none&quot;,&quot;autoScaleSliderWidth&quot;:1024,&quot;autoScaleSliderHeight&quot;:683}'><\/div><\/div><\/div><\/div><div class=\"wpb_column vc_column_container\"><div class=\"vc_column-inner\"><h4 style=\"text-align: left\" class=\"vc_custom_heading vc_do_custom_heading us_custom_cda6f729\" >TURGO TURBINE<\/h4><div class=\"wpb_text_column\"><div class=\"wpb_wrapper\"><p>It combines the advantages of the Pelton and Francis turbines. Designed for water heads between 50 and 300 m, with very good partial-load efficiency, high floating-debris tolerance and power outputs of up to 10 MW; it is suitable for challenging sites with variable water flows.<\/p>\n<\/div><\/div><\/div><\/div><\/div><\/div><\/div><\/div><div class=\"w-tabs-section\" id=\"id5d\"><button class=\"w-tabs-section-header\" aria-controls=\"content-id5d\" aria-expanded=\"false\"><h5 class=\"w-tabs-section-title\">CROSSFLOW TURBINE<\/h5><div class=\"w-tabs-section-control\"><\/div><\/button><div  class=\"w-tabs-section-content\" id=\"content-id5d\"><div class=\"w-tabs-section-content-h i-cf\"><div class=\"g-cols wpb_row via_grid cols_2 laptops-cols_inherit tablets-cols_inherit mobiles-cols_1 valign_middle type_default stacking_default\" style=\"--columns-gap:3rem;\"><div class=\"wpb_column vc_column_container\"><div class=\"vc_column-inner\"><div class=\"w-slider style_none fit_cover nav_none count_3\"><div class=\"w-slider-h\"><div class=\"royalSlider\"><div class=\"rsContent\"><a class=\"rsImg\" data-rsw=\"1024\" data-rsh=\"768\" href=\"https:\/\/www.wkv-ag.com\/wp-content\/uploads\/2022\/07\/Zacapa_2-1024x768.jpg\"><span data-alt=\"\"><\/span><\/a><\/div><div class=\"rsContent\"><a class=\"rsImg\" data-rsw=\"1024\" data-rsh=\"768\" href=\"https:\/\/www.wkv-ag.com\/wp-content\/uploads\/2022\/07\/Bevertalsperre02-1-1024x768.jpg\"><span data-alt=\"\"><\/span><\/a><\/div><div class=\"rsContent\"><a class=\"rsImg\" data-rsw=\"1024\" data-rsh=\"768\" href=\"https:\/\/www.wkv-ag.com\/wp-content\/uploads\/2022\/07\/RIT-12-1024x768.jpg\"><span data-alt=\"\"><\/span><\/a><\/div><\/div><img decoding=\"async\" src=\"https:\/\/www.wkv-ag.com\/wp-content\/uploads\/2022\/07\/Zacapa_2-1024x768.jpg\" width=\"1024\" height=\"768\" alt loading=\"lazy\"><\/div><div class=\"w-slider-json\" onclick='return {&quot;autoScaleSlider&quot;:true,&quot;addActiveClass&quot;:true,&quot;loop&quot;:true,&quot;fadeInLoadedSlide&quot;:false,&quot;slidesSpacing&quot;:0,&quot;imageScalePadding&quot;:0,&quot;numImagesToPreload&quot;:2,&quot;arrowsNav&quot;:true,&quot;arrowsNavAutoHide&quot;:false,&quot;transitionType&quot;:&quot;move&quot;,&quot;transitionSpeed&quot;:250,&quot;block&quot;:{&quot;moveEffect&quot;:&quot;none&quot;,&quot;speed&quot;:300},&quot;thumbs&quot;:{&quot;fitInViewport&quot;:false,&quot;firstMargin&quot;:false,&quot;spacing&quot;:4},&quot;controlNavigation&quot;:&quot;none&quot;,&quot;autoScaleSliderWidth&quot;:1024,&quot;autoScaleSliderHeight&quot;:768}'><\/div><\/div><\/div><\/div><div class=\"wpb_column vc_column_container\"><div class=\"vc_column-inner\"><h4 style=\"text-align: left\" class=\"vc_custom_heading vc_do_custom_heading us_custom_cda6f729\" >CROSSFLOW TURBINE<\/h4><div class=\"wpb_text_column\"><div class=\"wpb_wrapper\"><p class=\"translation-block\">Our patented compact solution for smaller applications. Water heads between 5 and 150 m, a flat efficiency curve and power outputs of up to around 3 MW guarantee high energy profits in a wide output range.<\/p>\n<\/div><\/div><\/div><\/div><\/div><\/div><\/div><\/div><div class=\"w-tabs-section\" id=\"wc67\"><button class=\"w-tabs-section-header\" aria-controls=\"content-wc67\" aria-expanded=\"false\"><h5 class=\"w-tabs-section-title\">KAPLAN TURBINE<\/h5><div class=\"w-tabs-section-control\"><\/div><\/button><div  class=\"w-tabs-section-content\" id=\"content-wc67\"><div class=\"w-tabs-section-content-h i-cf\"><div class=\"g-cols wpb_row via_grid cols_2 laptops-cols_inherit tablets-cols_inherit mobiles-cols_1 valign_middle type_default stacking_default\" style=\"--columns-gap:3rem;\"><div class=\"wpb_column vc_column_container\"><div class=\"vc_column-inner\"><div class=\"w-slider style_none fit_cover nav_none count_4\"><div class=\"w-slider-h\"><div class=\"royalSlider\"><div class=\"rsContent\"><a class=\"rsImg\" data-rsw=\"1024\" data-rsh=\"768\" href=\"https:\/\/www.wkv-ag.com\/wp-content\/uploads\/2023\/01\/Kaplan1-1024x768.jpg\"><span data-alt=\"\"><\/span><\/a><\/div><div class=\"rsContent\"><a class=\"rsImg\" data-rsw=\"1024\" data-rsh=\"768\" href=\"https:\/\/www.wkv-ag.com\/wp-content\/uploads\/2023\/01\/Kaplan4-1024x768.jpg\"><span data-alt=\"\"><\/span><\/a><\/div><div class=\"rsContent\"><a class=\"rsImg\" data-rsw=\"1024\" data-rsh=\"768\" href=\"https:\/\/www.wkv-ag.com\/wp-content\/uploads\/2023\/01\/Kaplan3-1024x768.jpg\"><span data-alt=\"\"><\/span><\/a><\/div><div class=\"rsContent\"><a class=\"rsImg\" data-rsw=\"1024\" data-rsh=\"768\" href=\"https:\/\/www.wkv-ag.com\/wp-content\/uploads\/2023\/01\/Kaplan2-1024x768.jpg\"><span data-alt=\"\"><\/span><\/a><\/div><\/div><img decoding=\"async\" src=\"https:\/\/www.wkv-ag.com\/wp-content\/uploads\/2023\/01\/Kaplan1-1024x768.jpg\" width=\"1024\" height=\"768\" alt loading=\"lazy\"><\/div><div class=\"w-slider-json\" onclick='return {&quot;autoScaleSlider&quot;:true,&quot;addActiveClass&quot;:true,&quot;loop&quot;:true,&quot;fadeInLoadedSlide&quot;:false,&quot;slidesSpacing&quot;:0,&quot;imageScalePadding&quot;:0,&quot;numImagesToPreload&quot;:2,&quot;arrowsNav&quot;:true,&quot;arrowsNavAutoHide&quot;:false,&quot;transitionType&quot;:&quot;move&quot;,&quot;transitionSpeed&quot;:250,&quot;block&quot;:{&quot;moveEffect&quot;:&quot;none&quot;,&quot;speed&quot;:300},&quot;thumbs&quot;:{&quot;fitInViewport&quot;:false,&quot;firstMargin&quot;:false,&quot;spacing&quot;:4},&quot;controlNavigation&quot;:&quot;none&quot;,&quot;autoScaleSliderWidth&quot;:1024,&quot;autoScaleSliderHeight&quot;:768}'><\/div><\/div><\/div><\/div><div class=\"wpb_column vc_column_container\"><div class=\"vc_column-inner\"><h4 style=\"text-align: left\" class=\"vc_custom_heading vc_do_custom_heading us_custom_cda6f729\" >KAPLAN TURBINE<\/h4><div class=\"wpb_text_column\"><div class=\"wpb_wrapper\"><p>The solution for high energy production with heavily varying flow rates at low heads. Designed for water heads between 2,5 and approx. 30 m and large water flows. Achieving high efficiencies, even at partial loads with single- or double-regulated systems. WKV offers power outputs of up to 10 MW per unit, others on demand.<\/p>\n<\/div><\/div><\/div><\/div><\/div><\/div><\/div><\/div><\/div><\/div><\/div><\/div><\/div><\/div><\/section><section class=\"l-section wpb_row height_large color_alternate\"><div class=\"l-section-overlay\" style=\"background:var(--color-content-border)\"><\/div><div class=\"l-section-h i-cf\"><div class=\"g-cols vc_row via_grid cols_1 laptops-cols_inherit tablets-cols_inherit mobiles-cols_1 valign_top type_default stacking_default\"><div class=\"wpb_column vc_column_container\"><div class=\"vc_column-inner\"><h4 style=\"text-align: left\" class=\"vc_custom_heading vc_do_custom_heading us_custom_8b3d6790\" >GET MORE INFORMATION AND COUNSELLING<\/h4><div class=\"w-separator size_small\"><\/div><div class=\"w-btn-wrapper align_left\"><a class=\"w-btn us-btn-style_17\" title=\"DOWNLOADS\" target=\"_blank\" rel=\"nofollow\" href=\"https:\/\/www.wkv-ag.com\/en\/downloads\/\"><span class=\"w-btn-label\">Quotation form for turbines<\/span><\/a><\/div><\/div><\/div><\/div><\/div><\/section>","protected":false},"excerpt":{"rendered":"TURBINENDie WKV Turbinen. Hocheffizient und zuverl\u00e4ssig. ERTRAG AB DER ERSTEN UMDREHUNGWas die Turbinentechnik von WKV so einzigartig macht, ist ihre Flexibilit\u00e4t. Wir k\u00f6nnen f\u00fcr nahezu jedes Gel\u00e4nde, f\u00fcr jede Wassermenge und fast jede Fallh\u00f6he die passende L\u00f6sung bauen und liefern. Auch besondere Anwendungen sind f\u00fcr uns oft Alltagsgesch\u00e4ft, ob Inself\u00e4higkeit mit Blackstart, erh\u00f6hte Tr\u00e4gheitsmomente mit...","protected":false},"author":1,"featured_media":0,"parent":0,"menu_order":0,"comment_status":"closed","ping_status":"closed","template":"","meta":{"_acf_changed":false,"inline_featured_image":false,"footnotes":""},"class_list":["post-8034","page","type-page","status-publish","hentry"],"acf":[],"_links":{"self":[{"href":"https:\/\/www.wkv-ag.com\/en\/wp-json\/wp\/v2\/pages\/8034","targetHints":{"allow":["GET"]}}],"collection":[{"href":"https:\/\/www.wkv-ag.com\/en\/wp-json\/wp\/v2\/pages"}],"about":[{"href":"https:\/\/www.wkv-ag.com\/en\/wp-json\/wp\/v2\/types\/page"}],"author":[{"embeddable":true,"href":"https:\/\/www.wkv-ag.com\/en\/wp-json\/wp\/v2\/users\/1"}],"replies":[{"embeddable":true,"href":"https:\/\/www.wkv-ag.com\/en\/wp-json\/wp\/v2\/comments?post=8034"}],"version-history":[{"count":73,"href":"https:\/\/www.wkv-ag.com\/en\/wp-json\/wp\/v2\/pages\/8034\/revisions"}],"predecessor-version":[{"id":10202,"href":"https:\/\/www.wkv-ag.com\/en\/wp-json\/wp\/v2\/pages\/8034\/revisions\/10202"}],"wp:attachment":[{"href":"https:\/\/www.wkv-ag.com\/en\/wp-json\/wp\/v2\/media?parent=8034"}],"curies":[{"name":"wp","href":"https:\/\/api.w.org\/{rel}","templated":true}]}}