{"id":2504,"date":"2020-02-20T10:36:18","date_gmt":"2020-02-20T09:36:18","guid":{"rendered":"https:\/\/stal.qodeinteractive.com\/?page_id=2504"},"modified":"2023-06-23T10:58:20","modified_gmt":"2023-06-23T08:58:20","slug":"your-success","status":"publish","type":"page","link":"https:\/\/www.wkv-ag.com\/en\/your-success\/","title":{"rendered":"YOUR SUCCESS"},"content":{"rendered":"<section class=\"l-section wpb_row height_auto width_full color_alternate\"><div class=\"l-section-h i-cf\"><div class=\"g-cols vc_row via_grid cols_2-3 laptops-cols_inherit tablets-cols_inherit mobiles-cols_1 valign_middle type_default reversed stacking_default\"><div class=\"wpb_column vc_column_container us_custom_37bacb63\"><div class=\"vc_column-inner\"><h1 style=\"font-size: 45px;text-align: left\" class=\"vc_custom_heading vc_do_custom_heading us_custom_201bf81d\" >YOUR SUCCESS<\/h1><div class=\"wpb_text_column\"><div class=\"wpb_wrapper\"><p>Holistic competence for turnkey solutions: WKV AG makes green energy easy for investors and operators with unmatched profitability over the entire operating life.<\/p>\n<\/div><\/div><\/div><\/div><div class=\"wpb_column vc_column_container us_custom_01268baa has_bg_color\"><div class=\"vc_column-inner\"><\/div><\/div><\/div><\/div><\/section><section class=\"l-section wpb_row height_large\" id=\"second\"><div class=\"l-section-h i-cf\"><div class=\"g-cols vc_row via_grid cols_1 laptops-cols_inherit tablets-cols_inherit mobiles-cols_1 valign_top type_default stacking_default\"><div class=\"wpb_column vc_column_container\"><div class=\"vc_column-inner\"><div class=\"wpb_text_column\"><div class=\"wpb_wrapper\">\n<div class='wp-block-html5-player-video html5_video_players' data-nonce=\"5b7cc1e00e\" data-attributes=\"{&quot;source&quot;:&quot;https:\\\/\\\/www.wkv-ag.com\\\/wp-content\\\/uploads\\\/2022\\\/09\\\/WKV_Showreel_EN_web.mp4&quot;,&quot;poster&quot;:&quot;https:\\\/\\\/www.wkv-ag.com\\\/wp-content\\\/uploads\\\/2022\\\/08\\\/Showreel_Film_scaled.jpg&quot;,&quot;controls&quot;:{&quot;play-large&quot;:true,&quot;restart&quot;:false,&quot;rewind&quot;:true,&quot;play&quot;:true,&quot;fast-forward&quot;:true,&quot;progress&quot;:true,&quot;current-time&quot;:true,&quot;duration&quot;:true,&quot;mute&quot;:true,&quot;volume&quot;:true,&quot;pip&quot;:false,&quot;airplay&quot;:false,&quot;settings&quot;:false,&quot;download&quot;:false,&quot;fullscreen&quot;:true},&quot;repeat&quot;:true,&quot;provider&quot;:&quot;self-hosted&quot;,&quot;imported&quot;:false,&quot;options&quot;:{&quot;controls&quot;:[&quot;play-large&quot;,&quot;play&quot;,&quot;progress&quot;,&quot;current-time&quot;,&quot;mute&quot;,&quot;volume&quot;,&quot;captions&quot;,&quot;settings&quot;,&quot;airplay&quot;,&quot;fullscreen&quot;],&quot;settings&quot;:[&quot;captions&quot;,&quot;quality&quot;,&quot;speed&quot;,&quot;loop&quot;],&quot;loadSprite&quot;:true,&quot;autoplay&quot;:false,&quot;playsinline&quot;:true,&quot;seekTime&quot;:10,&quot;volume&quot;:1,&quot;muted&quot;:false,&quot;hideControls&quot;:true,&quot;resetOnEnd&quot;:false,&quot;tooltips&quot;:{&quot;controls&quot;:true,&quot;seek&quot;:true},&quot;captions&quot;:{&quot;active&quot;:true,&quot;language&quot;:&quot;auto&quot;,&quot;update&quot;:true},&quot;ratio&quot;:null,&quot;storage&quot;:{&quot;enabled&quot;:true,&quot;key&quot;:&quot;plyr&quot;},&quot;speed&quot;:{&quot;options&quot;:[0.5,0.75,1,1.25,1.5,1.75,2,4]},&quot;loop&quot;:{&quot;active&quot;:false},&quot;ads&quot;:{&quot;enabled&quot;:true,&quot;tagUrl&quot;:null},&quot;urls&quot;:{&quot;enabled&quot;:false,&quot;download&quot;:null},&quot;markers&quot;:{&quot;enabled&quot;:false,&quot;points&quot;:[]},&quot;preload&quot;:&quot;metadata&quot;},&quot;features&quot;:{&quot;popup&quot;:{&quot;enabled&quot;:false,&quot;selector&quot;:null,&quot;hasBtn&quot;:false,&quot;type&quot;:&quot;poster&quot;,&quot;btnText&quot;:&quot;Watch Video&quot;,&quot;align&quot;:&quot;center&quot;,&quot;btnStyle&quot;:{&quot;color&quot;:&quot;#fff&quot;,&quot;backgroundColor&quot;:&quot;#006BA1&quot;,&quot;fontSize&quot;:&quot;16px&quot;,&quot;padding&quot;:{&quot;top&quot;:&quot;10px&quot;,&quot;right&quot;:&quot;20px&quot;,&quot;bottom&quot;:&quot;10px&quot;,&quot;left&quot;:&quot;20px&quot;}}},&quot;overlay&quot;:{&quot;enabled&quot;:false,&quot;items&quot;:[{&quot;color&quot;:&quot;#fff&quot;,&quot;backgroundColor&quot;:&quot;#333&quot;,&quot;fontSize&quot;:&quot;16px&quot;,&quot;link&quot;:&quot;&quot;,&quot;logo&quot;:&quot;&quot;,&quot;text&quot;:&quot;Simple Text&quot;,&quot;position&quot;:&quot;top_right&quot;,&quot;type&quot;:&quot;text&quot;,&quot;opacity&quot;:1}]},&quot;endScreen&quot;:{&quot;enabled&quot;:false,&quot;text&quot;:&quot;Simple Text&quot;,&quot;btnText&quot;:&quot;Visit&quot;,&quot;btnLink&quot;:&quot;&quot;,&quot;btnStyle&quot;:[]},&quot;thumbInPause&quot;:{&quot;enabled&quot;:false,&quot;type&quot;:&quot;default&quot;},&quot;watermark&quot;:{&quot;enabled&quot;:false,&quot;type&quot;:&quot;email&quot;,&quot;text&quot;:&quot;&quot;,&quot;color&quot;:&quot;#f00&quot;},&quot;passwordProtected&quot;:{&quot;enabled&quot;:false,&quot;errorMessage&quot;:&quot;Password didn&#039;t matched&quot;,&quot;heading&quot;:&quot;Please Entire the password to access the video&quot;,&quot;button&quot;:{&quot;text&quot;:&quot;Access&quot;,&quot;color&quot;:&quot;#222&quot;,&quot;backgroundColor&quot;:&quot;#ffffffe3&quot;},&quot;password&quot;:null},&quot;sticky&quot;:{&quot;enabled&quot;:false,&quot;position&quot;:&quot;top_right&quot;},&quot;playWhenVisible&quot;:false,&quot;disablePause&quot;:false,&quot;hideYoutubeUI&quot;:false,&quot;startTime&quot;:null,&quot;hideLoadingPlaceholder&quot;:false},&quot;seo&quot;:{&quot;title&quot;:&quot;&quot;,&quot;description&quot;:&quot;&quot;,&quot;duration&quot;:&quot;&quot;},&quot;quality&quot;:[],&quot;subtitle&quot;:[{&quot;label&quot;:&quot;English\\\/en&quot;,&quot;caption_file&quot;:&quot;&quot;}],&quot;thumbInPause&quot;:false,&quot;hideYoutubeUI&quot;:false,&quot;autoplayWhenVisible&quot;:false,&quot;styles&quot;:{&quot;plyr_wrapper&quot;:{&quot;width&quot;:&quot;100%&quot;,&quot;borderRadius&quot;:&quot;0px&quot;,&quot;overflow&quot;:&quot;hidden&quot;},&quot;.plyr&quot;:{&quot;--plyr-color-main&quot;:&quot;#00b2ff&quot;}},&quot;CSS&quot;:&quot;&quot;,&quot;isCDURL&quot;:false,&quot;posterTime&quot;:20,&quot;chapters&quot;:[],&quot;brandColor&quot;:&quot;#00B3FF&quot;,&quot;width&quot;:{&quot;deprecated&quot;:true,&quot;number&quot;:100,&quot;unit&quot;:&quot;%&quot;},&quot;radius&quot;:{&quot;number&quot;:0,&quot;unit&quot;:&quot;px&quot;},&quot;autoplay&quot;:false,&quot;muted&quot;:false,&quot;sticky&quot;:false,&quot;stickyPosition&quot;:&quot;top-right&quot;,&quot;popup&quot;:false,&quot;popupType&quot;:&quot;poster&quot;,&quot;playsinline&quot;:false,&quot;popupBtnStyle&quot;:{&quot;color&quot;:&quot;#fff&quot;,&quot;backgroundColor&quot;:&quot;#006BA1&quot;,&quot;fontSize&quot;:&quot;16px&quot;,&quot;padding&quot;:{&quot;top&quot;:&quot;10px&quot;,&quot;right&quot;:&quot;20px&quot;,&quot;bottom&quot;:&quot;10px&quot;,&quot;left&quot;:&quot;20px&quot;},&quot;align&quot;:&quot;center&quot;},&quot;popupBtnText&quot;:&quot;Watch Video&quot;,&quot;disablePause&quot;:false,&quot;thumbStyle&quot;:&quot;default&quot;,&quot;resetOnEnd&quot;:false,&quot;autoHideControl&quot;:true,&quot;protected&quot;:false,&quot;protectedText&quot;:&quot;Please enter password to wath the video&quot;,&quot;seekTime&quot;:10,&quot;startTime&quot;:0,&quot;preload&quot;:&quot;metadata&quot;,&quot;overlay&quot;:false,&quot;overlayPosition&quot;:&quot;top_right&quot;,&quot;overlayBackground&quot;:&quot;#333&quot;,&quot;overlayOpacity&quot;:0.8,&quot;overlayTextColor&quot;:&quot;#ffffff&quot;,&quot;overlayFontSize&quot;:{&quot;number&quot;:20,&quot;unit&quot;:&quot;px&quot;},&quot;overlayTextHoverColor&quot;:&quot;#ffffff&quot;,&quot;endScreen&quot;:{&quot;enabled&quot;:false,&quot;text&quot;:&quot;Simple Text&quot;,&quot;btnText&quot;:&quot;Watch Again&quot;,&quot;btnLink&quot;:&quot;&quot;,&quot;btnStyle&quot;:[]},&quot;endscreen&quot;:false,&quot;endscreenText&quot;:&quot;Endscreen text&quot;,&quot;endscreenTextLink&quot;:&quot;#&quot;,&quot;streaming&quot;:false,&quot;streamingType&quot;:&quot;hls&quot;,&quot;speed&quot;:{&quot;1&quot;:true,&quot;2&quot;:true,&quot;3&quot;:true,&quot;0.5&quot;:true,&quot;0.75&quot;:true,&quot;1.25&quot;:true,&quot;1.5&quot;:true,&quot;1.75&quot;:true,&quot;2.5&quot;:true},&quot;captionEnabled&quot;:false,&quot;saveState&quot;:false,&quot;TrpContentRestriction&quot;:{&quot;restriction_type&quot;:&quot;exclude&quot;,&quot;selected_languages&quot;:[],&quot;panel_open&quot;:true}}\">\n    <div class=\"preload_poster\" style=\"overflow:hidden;aspect-ratio:;\">\n        <svg width=\"36px\" height=\"36px\" viewbox=\"0 0 15 15\" fill=\"none\" xmlns=\"http:\/\/www.w3.org\/2000\/svg\">\n            <path d=\"M4.79062 2.09314C4.63821 1.98427 4.43774 1.96972 4.27121 2.05542C4.10467 2.14112 4 2.31271 4 2.5V12.5C4 12.6873 4.10467 12.8589 4.27121 12.9446C4.43774 13.0303 4.63821 13.0157 4.79062 12.9069L11.7906 7.90687C11.922 7.81301 12 7.66148 12 7.5C12 7.33853 11.922 7.18699 11.7906 7.09314L4.79062 2.09314Z\" fill=\"#fff\" \/>\n        <\/svg>\n    <\/div>\n<\/div>\n\n\n<\/div><\/div><\/div><\/div><\/div><\/div><\/section><section class=\"l-section wpb_row height_medium\" id=\"second\"><div class=\"l-section-h i-cf\"><div class=\"g-cols vc_row via_grid cols_2-1 laptops-cols_inherit tablets-cols_inherit mobiles-cols_1 valign_top type_default stacking_default\"><div class=\"wpb_column vc_column_container\"><div class=\"vc_column-inner\"><h2 style=\"text-align: left\" class=\"vc_custom_heading vc_do_custom_heading us_custom_cda6f729 translation-block\" >SATISFACTION<br>THAT LASTS LONGER<\/h2><div class=\"wpb_text_column\"><div class=\"wpb_wrapper\"><p class=\"translation-block\">Where others require external support, we as Wasserkraft Volk AG act autonomously, reliably and independently. Our many years of experience in both technical development and the full-scale manufacture of hydroelectric power stations enable us to offer our customers and investors long-lasting and highly efficient solutions as an \"all-round carefree package\". From small private investments to complex and large-scale projects. Superficially, this probably does not make us the cheapest on the market. But very likely the ones with the most profitable overall package on the long run.<\/p>\n<\/div><\/div><\/div><\/div><div class=\"wpb_column vc_column_container\"><div class=\"vc_column-inner\"><\/div><\/div><\/div><\/div><\/section><section class=\"l-section wpb_row height_medium color_alternate\"><div class=\"l-section-h i-cf\"><div class=\"g-cols vc_row via_grid cols_2 laptops-cols_inherit tablets-cols_inherit mobiles-cols_1 valign_middle type_default reversed stacking_default\"><div class=\"wpb_column vc_column_container us_custom_7e20fa79 us_animate_this\"><div class=\"vc_column-inner\"><div class=\"w-image has_ratio align_none\"><div class=\"w-image-h\"><div style=\"padding-bottom:56.25%\"><\/div><img decoding=\"async\" width=\"1024\" height=\"682\" src=\"https:\/\/www.wkv-ag.com\/wp-content\/uploads\/2022\/07\/WKV_Schlosserei129-1024x682.jpg\" class=\"attachment-large size-large\" alt=\"\" loading=\"lazy\" \/><\/div><\/div><\/div><\/div><div class=\"wpb_column vc_column_container us_custom_47474b22 us_animate_this\"><div class=\"vc_column-inner\"><h2 style=\"text-align: left\" class=\"vc_custom_heading vc_do_custom_heading us_custom_99260837 translation-block\" id=\"anker1\">BEST<br>PERFORMANCE<\/h2><div class=\"wpb_text_column\"><div class=\"wpb_wrapper\"><p><strong>Outstanding technology for excellent energy revenue in any environment.<\/strong><\/p>\n<p>Because everything comes from a single source, all the technical components of your hydroelectric power station are perfectly matched. Consistent top quality from WKV, for you as the operator or investor; this means fast, uncomplicated commissioning and maximum power-station effectiveness from day one.<\/p>\n<\/div><\/div><\/div><\/div><\/div><\/div><\/section><section class=\"l-section wpb_row height_large color_alternate\"><div class=\"l-section-h i-cf\"><div class=\"g-cols vc_row via_grid cols_2 laptops-cols_inherit tablets-cols_inherit mobiles-cols_1 valign_middle type_default stacking_default\"><div class=\"wpb_column vc_column_container us_custom_7e20fa79 us_animate_this\"><div class=\"vc_column-inner\"><h2 style=\"text-align: left\" class=\"vc_custom_heading vc_do_custom_heading us_custom_99260837\" id=\"anker2\">LOW MAINTENANCE<\/h2><div class=\"wpb_text_column\"><div class=\"wpb_wrapper\"><p><strong>Durable design and robust workmanship meet world-class support.<\/strong><\/p>\n<p class=\"translation-block\">Our \"Made in Germany\" quality pays off while running under the toughest operating conditions. The processing of durable components and the individual adaptation to the local conditions as well as a service-friendly design reduce downtimes to a minimum. If service is required, the WKV app and our highly qualified support team will help. We are always there for you, wherever you are, as long as your station is in operation \u2013 for the rest of its life. Your children will thank you for your investment using WKV equipment.<\/p>\n<\/div><\/div><\/div><\/div><div class=\"wpb_column vc_column_container us_custom_47474b22 us_animate_this\"><div class=\"vc_column-inner\"><div class=\"w-image has_ratio align_none\"><div class=\"w-image-h\"><div style=\"padding-bottom:56.25%\"><\/div><img decoding=\"async\" width=\"1024\" height=\"682\" src=\"https:\/\/www.wkv-ag.com\/wp-content\/uploads\/2022\/07\/WKV_Werkstatt270-1024x682.jpg\" class=\"attachment-large size-large\" alt=\"\" loading=\"lazy\" \/><\/div><\/div><\/div><\/div><\/div><\/div><\/section><section class=\"l-section wpb_row height_large color_alternate\"><div class=\"l-section-h i-cf\"><div class=\"g-cols vc_row via_grid cols_2 laptops-cols_inherit tablets-cols_inherit mobiles-cols_1 valign_middle type_default reversed stacking_default\"><div class=\"wpb_column vc_column_container us_custom_7e20fa79 us_animate_this\"><div class=\"vc_column-inner\"><div class=\"w-image has_ratio align_none\"><div class=\"w-image-h\"><div style=\"padding-bottom:56.25%\"><\/div><img decoding=\"async\" width=\"1024\" height=\"527\" src=\"https:\/\/www.wkv-ag.com\/wp-content\/uploads\/2022\/07\/CZU\u0308-26-von-75-Pano-1024x527.jpg\" class=\"attachment-large size-large\" alt=\"\" loading=\"lazy\" \/><\/div><\/div><\/div><\/div><div class=\"wpb_column vc_column_container us_custom_47474b22 us_animate_this\"><div class=\"vc_column-inner\"><h2 style=\"text-align: left\" class=\"vc_custom_heading vc_do_custom_heading us_custom_99260837 translation-block\" id=\"anker3\">FAST AND<br>STABLE RETURNS<\/h2><div class=\"wpb_text_column\"><div class=\"wpb_wrapper\"><p><strong>When the water flows reliably, so do the earnings.<\/strong><\/p>\n<p>Investment in a WKV hydropower station means investment in the present and in the future. One that pays for itself faster and with much more reliability than supposedly cheaper solutions. And that is why it cuts a particularly good figure in your portfolio. You are literally investing in your children's future!<\/p>\n<\/div><\/div><\/div><\/div><\/div><\/div><\/section>","protected":false},"excerpt":{"rendered":"IHR ERFOLGGanzheitliche Kompetenz f\u00fcr schl\u00fcsselfertige L\u00f6sungen: Die WKV AG macht gr\u00fcne Energie f\u00fcr Investoren und Betreiber einfach und \u00fcber die gesamte Nutzungsdauer un\u00fcbertroffen rentabel. ZUFRIEDENHEIT, DIE L\u00c4NGER H\u00c4LTWo andere auf externe Unterst\u00fctzung zugreifen m\u00fcssen, agieren wir als Wasserkraft Volk AG eigenst\u00e4ndig, verl\u00e4sslich und unabh\u00e4ngig. Unsere langj\u00e4hrige Erfahrung sowohl in der technischen Entwicklung als auch der...","protected":false},"author":1,"featured_media":0,"parent":0,"menu_order":0,"comment_status":"closed","ping_status":"closed","template":"","meta":{"_acf_changed":false,"inline_featured_image":false,"footnotes":""},"class_list":["post-2504","page","type-page","status-publish","hentry"],"acf":[],"_links":{"self":[{"href":"https:\/\/www.wkv-ag.com\/en\/wp-json\/wp\/v2\/pages\/2504","targetHints":{"allow":["GET"]}}],"collection":[{"href":"https:\/\/www.wkv-ag.com\/en\/wp-json\/wp\/v2\/pages"}],"about":[{"href":"https:\/\/www.wkv-ag.com\/en\/wp-json\/wp\/v2\/types\/page"}],"author":[{"embeddable":true,"href":"https:\/\/www.wkv-ag.com\/en\/wp-json\/wp\/v2\/users\/1"}],"replies":[{"embeddable":true,"href":"https:\/\/www.wkv-ag.com\/en\/wp-json\/wp\/v2\/comments?post=2504"}],"version-history":[{"count":86,"href":"https:\/\/www.wkv-ag.com\/en\/wp-json\/wp\/v2\/pages\/2504\/revisions"}],"predecessor-version":[{"id":10205,"href":"https:\/\/www.wkv-ag.com\/en\/wp-json\/wp\/v2\/pages\/2504\/revisions\/10205"}],"wp:attachment":[{"href":"https:\/\/www.wkv-ag.com\/en\/wp-json\/wp\/v2\/media?parent=2504"}],"curies":[{"name":"wp","href":"https:\/\/api.w.org\/{rel}","templated":true}]}}